{"id":6012,"date":"2025-04-30T15:19:17","date_gmt":"2025-04-30T13:19:17","guid":{"rendered":"https:\/\/agora.xtec.cat\/ceipmdremei-alcover\/?page_id=6012"},"modified":"2025-05-13T14:59:51","modified_gmt":"2025-05-13T12:59:51","slug":"la-musica-que-escoltem","status":"publish","type":"page","link":"https:\/\/agora.xtec.cat\/ceipmdremei-alcover\/projectes-de-centre\/la-musica-que-escoltem\/","title":{"rendered":"Les m\u00fasiques que escoltem"},"content":{"rendered":"\n<div class=\"wp-block-columns is-layout-flex wp-container-core-columns-is-layout-1 wp-block-columns-is-layout-flex\">\n<div class=\"wp-block-column is-layout-flow wp-block-column-is-layout-flow\" style=\"flex-basis:33.33%\">\n<figure class=\"wp-block-image size-full is-resized\"><a href=\"https:\/\/agora.xtec.cat\/ceipmdremei-alcover\/wp-content\/uploads\/usu1073\/2025\/04\/musica.png\"><img loading=\"lazy\" decoding=\"async\" width=\"504\" height=\"378\" src=\"https:\/\/agora.xtec.cat\/ceipmdremei-alcover\/wp-content\/uploads\/usu1073\/2025\/04\/musica.png\" alt=\"\" class=\"wp-image-5915\" style=\"width:294px;height:auto\" srcset=\"https:\/\/agora.xtec.cat\/ceipmdremei-alcover\/wp-content\/uploads\/usu1073\/2025\/04\/musica.png 504w, https:\/\/agora.xtec.cat\/ceipmdremei-alcover\/wp-content\/uploads\/usu1073\/2025\/04\/musica-300x225.png 300w\" sizes=\"auto, (max-width: 504px) 100vw, 504px\" \/><\/a><\/figure>\n<\/div>\n\n\n\n<div class=\"wp-block-column is-layout-flow wp-block-column-is-layout-flow\" style=\"flex-basis:66.66%\">\n<p>El projecte &#8220;les m\u00fasiques que escoltem&#8221; consisteix en fer part\u00edceps a les fam\u00edlies de la m\u00fasica que escoltem a les entrades i les sortides a l&#8217;escola. L&#8217;alumnat, juntament amb la seva fam\u00edlia, han de fer arribar la tria a l&#8217;adre\u00e7a corresponent. Us animem a participar!<\/p>\n\n\n\n<p><\/p>\n<\/div>\n<\/div>\n\n\n\n<p class=\"has-ast-global-color-1-color has-text-color has-link-color wp-elements-4c896bae6ce74c7f68ab7869acb373e8\"><strong>M\u00daSIQUES DE MAIG<\/strong><\/p>\n\n\n\n<div class=\"wp-block-columns is-layout-flex wp-container-core-columns-is-layout-2 wp-block-columns-is-layout-flex\" style=\"margin-top:0;margin-bottom:0;padding-top:0;padding-right:0;padding-bottom:0;padding-left:0\">\n<div class=\"wp-block-column is-layout-flow wp-block-column-is-layout-flow\">\n<figure class=\"wp-block-image size-large\"><a href=\"https:\/\/agora.xtec.cat\/ceipmdremei-alcover\/wp-content\/uploads\/usu1073\/2025\/05\/Musiques-que-escoltem_maig-2025-9.png\"><img loading=\"lazy\" decoding=\"async\" width=\"724\" height=\"1024\" src=\"https:\/\/agora.xtec.cat\/ceipmdremei-alcover\/wp-content\/uploads\/usu1073\/2025\/05\/Musiques-que-escoltem_maig-2025-9-724x1024.png\" alt=\"\" class=\"wp-image-6067\" srcset=\"https:\/\/agora.xtec.cat\/ceipmdremei-alcover\/wp-content\/uploads\/usu1073\/2025\/05\/Musiques-que-escoltem_maig-2025-9-724x1024.png 724w, https:\/\/agora.xtec.cat\/ceipmdremei-alcover\/wp-content\/uploads\/usu1073\/2025\/05\/Musiques-que-escoltem_maig-2025-9-212x300.png 212w, https:\/\/agora.xtec.cat\/ceipmdremei-alcover\/wp-content\/uploads\/usu1073\/2025\/05\/Musiques-que-escoltem_maig-2025-9-768x1086.png 768w, https:\/\/agora.xtec.cat\/ceipmdremei-alcover\/wp-content\/uploads\/usu1073\/2025\/05\/Musiques-que-escoltem_maig-2025-9-1086x1536.png 1086w, https:\/\/agora.xtec.cat\/ceipmdremei-alcover\/wp-content\/uploads\/usu1073\/2025\/05\/Musiques-que-escoltem_maig-2025-9-1448x2048.png 1448w, https:\/\/agora.xtec.cat\/ceipmdremei-alcover\/wp-content\/uploads\/usu1073\/2025\/05\/Musiques-que-escoltem_maig-2025-9.png 1587w\" sizes=\"auto, (max-width: 724px) 100vw, 724px\" \/><\/a><\/figure>\n<\/div>\n\n\n\n<div class=\"wp-block-column is-layout-flow wp-block-column-is-layout-flow\">\n<figure class=\"wp-block-image size-large\"><a href=\"https:\/\/agora.xtec.cat\/ceipmdremei-alcover\/wp-content\/uploads\/usu1073\/2025\/05\/Musiques-que-escoltem_maig-2025-1-3.png\"><img loading=\"lazy\" decoding=\"async\" width=\"724\" height=\"1024\" src=\"https:\/\/agora.xtec.cat\/ceipmdremei-alcover\/wp-content\/uploads\/usu1073\/2025\/05\/Musiques-que-escoltem_maig-2025-1-3-724x1024.png\" alt=\"\" class=\"wp-image-6068\" srcset=\"https:\/\/agora.xtec.cat\/ceipmdremei-alcover\/wp-content\/uploads\/usu1073\/2025\/05\/Musiques-que-escoltem_maig-2025-1-3-724x1024.png 724w, https:\/\/agora.xtec.cat\/ceipmdremei-alcover\/wp-content\/uploads\/usu1073\/2025\/05\/Musiques-que-escoltem_maig-2025-1-3-212x300.png 212w, https:\/\/agora.xtec.cat\/ceipmdremei-alcover\/wp-content\/uploads\/usu1073\/2025\/05\/Musiques-que-escoltem_maig-2025-1-3-768x1086.png 768w, https:\/\/agora.xtec.cat\/ceipmdremei-alcover\/wp-content\/uploads\/usu1073\/2025\/05\/Musiques-que-escoltem_maig-2025-1-3-1086x1536.png 1086w, https:\/\/agora.xtec.cat\/ceipmdremei-alcover\/wp-content\/uploads\/usu1073\/2025\/05\/Musiques-que-escoltem_maig-2025-1-3-1448x2048.png 1448w, https:\/\/agora.xtec.cat\/ceipmdremei-alcover\/wp-content\/uploads\/usu1073\/2025\/05\/Musiques-que-escoltem_maig-2025-1-3.png 1587w\" sizes=\"auto, (max-width: 724px) 100vw, 724px\" \/><\/a><\/figure>\n<\/div>\n\n\n\n<div class=\"wp-block-column is-layout-flow wp-block-column-is-layout-flow\">\n<figure class=\"wp-block-image size-large\"><a href=\"https:\/\/agora.xtec.cat\/ceipmdremei-alcover\/wp-content\/uploads\/usu1073\/2025\/05\/Musiques-que-escoltem_maig-2025-2-3.png\"><img loading=\"lazy\" decoding=\"async\" width=\"724\" height=\"1024\" src=\"https:\/\/agora.xtec.cat\/ceipmdremei-alcover\/wp-content\/uploads\/usu1073\/2025\/05\/Musiques-que-escoltem_maig-2025-2-3-724x1024.png\" alt=\"\" class=\"wp-image-6069\" srcset=\"https:\/\/agora.xtec.cat\/ceipmdremei-alcover\/wp-content\/uploads\/usu1073\/2025\/05\/Musiques-que-escoltem_maig-2025-2-3-724x1024.png 724w, https:\/\/agora.xtec.cat\/ceipmdremei-alcover\/wp-content\/uploads\/usu1073\/2025\/05\/Musiques-que-escoltem_maig-2025-2-3-212x300.png 212w, https:\/\/agora.xtec.cat\/ceipmdremei-alcover\/wp-content\/uploads\/usu1073\/2025\/05\/Musiques-que-escoltem_maig-2025-2-3-768x1086.png 768w, https:\/\/agora.xtec.cat\/ceipmdremei-alcover\/wp-content\/uploads\/usu1073\/2025\/05\/Musiques-que-escoltem_maig-2025-2-3-1086x1536.png 1086w, https:\/\/agora.xtec.cat\/ceipmdremei-alcover\/wp-content\/uploads\/usu1073\/2025\/05\/Musiques-que-escoltem_maig-2025-2-3-1448x2048.png 1448w, https:\/\/agora.xtec.cat\/ceipmdremei-alcover\/wp-content\/uploads\/usu1073\/2025\/05\/Musiques-que-escoltem_maig-2025-2-3.png 1587w\" sizes=\"auto, (max-width: 724px) 100vw, 724px\" \/><\/a><\/figure>\n<\/div>\n\n\n\n<div class=\"wp-block-column is-layout-flow wp-block-column-is-layout-flow\">\n<figure class=\"wp-block-image size-large\"><a href=\"https:\/\/agora.xtec.cat\/ceipmdremei-alcover\/wp-content\/uploads\/usu1073\/2025\/05\/Musiques-que-escoltem_maig-2025-3-3.png\"><img loading=\"lazy\" decoding=\"async\" width=\"724\" height=\"1024\" src=\"https:\/\/agora.xtec.cat\/ceipmdremei-alcover\/wp-content\/uploads\/usu1073\/2025\/05\/Musiques-que-escoltem_maig-2025-3-3-724x1024.png\" alt=\"\" class=\"wp-image-6071\" srcset=\"https:\/\/agora.xtec.cat\/ceipmdremei-alcover\/wp-content\/uploads\/usu1073\/2025\/05\/Musiques-que-escoltem_maig-2025-3-3-724x1024.png 724w, https:\/\/agora.xtec.cat\/ceipmdremei-alcover\/wp-content\/uploads\/usu1073\/2025\/05\/Musiques-que-escoltem_maig-2025-3-3-212x300.png 212w, https:\/\/agora.xtec.cat\/ceipmdremei-alcover\/wp-content\/uploads\/usu1073\/2025\/05\/Musiques-que-escoltem_maig-2025-3-3-768x1086.png 768w, https:\/\/agora.xtec.cat\/ceipmdremei-alcover\/wp-content\/uploads\/usu1073\/2025\/05\/Musiques-que-escoltem_maig-2025-3-3-1086x1536.png 1086w, https:\/\/agora.xtec.cat\/ceipmdremei-alcover\/wp-content\/uploads\/usu1073\/2025\/05\/Musiques-que-escoltem_maig-2025-3-3-1448x2048.png 1448w, https:\/\/agora.xtec.cat\/ceipmdremei-alcover\/wp-content\/uploads\/usu1073\/2025\/05\/Musiques-que-escoltem_maig-2025-3-3.png 1587w\" sizes=\"auto, (max-width: 724px) 100vw, 724px\" \/><\/a><\/figure>\n<\/div>\n\n\n\n<div class=\"wp-block-column is-layout-flow wp-block-column-is-layout-flow\">\n<figure class=\"wp-block-image size-large\"><a href=\"https:\/\/agora.xtec.cat\/ceipmdremei-alcover\/wp-content\/uploads\/usu1073\/2025\/05\/Musiques-que-escoltem_maig-2025-4-3.png\"><img loading=\"lazy\" decoding=\"async\" width=\"724\" height=\"1024\" src=\"https:\/\/agora.xtec.cat\/ceipmdremei-alcover\/wp-content\/uploads\/usu1073\/2025\/05\/Musiques-que-escoltem_maig-2025-4-3-724x1024.png\" alt=\"\" class=\"wp-image-6072\" srcset=\"https:\/\/agora.xtec.cat\/ceipmdremei-alcover\/wp-content\/uploads\/usu1073\/2025\/05\/Musiques-que-escoltem_maig-2025-4-3-724x1024.png 724w, https:\/\/agora.xtec.cat\/ceipmdremei-alcover\/wp-content\/uploads\/usu1073\/2025\/05\/Musiques-que-escoltem_maig-2025-4-3-212x300.png 212w, https:\/\/agora.xtec.cat\/ceipmdremei-alcover\/wp-content\/uploads\/usu1073\/2025\/05\/Musiques-que-escoltem_maig-2025-4-3-768x1086.png 768w, https:\/\/agora.xtec.cat\/ceipmdremei-alcover\/wp-content\/uploads\/usu1073\/2025\/05\/Musiques-que-escoltem_maig-2025-4-3-1086x1536.png 1086w, https:\/\/agora.xtec.cat\/ceipmdremei-alcover\/wp-content\/uploads\/usu1073\/2025\/05\/Musiques-que-escoltem_maig-2025-4-3-1448x2048.png 1448w, https:\/\/agora.xtec.cat\/ceipmdremei-alcover\/wp-content\/uploads\/usu1073\/2025\/05\/Musiques-que-escoltem_maig-2025-4-3.png 1587w\" sizes=\"auto, (max-width: 724px) 100vw, 724px\" \/><\/a><\/figure>\n<\/div>\n\n\n\n<div class=\"wp-block-column is-layout-flow wp-block-column-is-layout-flow\">\n<figure class=\"wp-block-image size-large\"><a href=\"https:\/\/agora.xtec.cat\/ceipmdremei-alcover\/wp-content\/uploads\/usu1073\/2025\/05\/Musiques-que-escoltem_maig-2025-5-3.png\"><img loading=\"lazy\" decoding=\"async\" width=\"724\" height=\"1024\" src=\"https:\/\/agora.xtec.cat\/ceipmdremei-alcover\/wp-content\/uploads\/usu1073\/2025\/05\/Musiques-que-escoltem_maig-2025-5-3-724x1024.png\" alt=\"\" class=\"wp-image-6073\" srcset=\"https:\/\/agora.xtec.cat\/ceipmdremei-alcover\/wp-content\/uploads\/usu1073\/2025\/05\/Musiques-que-escoltem_maig-2025-5-3-724x1024.png 724w, https:\/\/agora.xtec.cat\/ceipmdremei-alcover\/wp-content\/uploads\/usu1073\/2025\/05\/Musiques-que-escoltem_maig-2025-5-3-212x300.png 212w, https:\/\/agora.xtec.cat\/ceipmdremei-alcover\/wp-content\/uploads\/usu1073\/2025\/05\/Musiques-que-escoltem_maig-2025-5-3-768x1086.png 768w, https:\/\/agora.xtec.cat\/ceipmdremei-alcover\/wp-content\/uploads\/usu1073\/2025\/05\/Musiques-que-escoltem_maig-2025-5-3-1086x1536.png 1086w, https:\/\/agora.xtec.cat\/ceipmdremei-alcover\/wp-content\/uploads\/usu1073\/2025\/05\/Musiques-que-escoltem_maig-2025-5-3-1448x2048.png 1448w, https:\/\/agora.xtec.cat\/ceipmdremei-alcover\/wp-content\/uploads\/usu1073\/2025\/05\/Musiques-que-escoltem_maig-2025-5-3.png 1587w\" sizes=\"auto, (max-width: 724px) 100vw, 724px\" \/><\/a><\/figure>\n<\/div>\n<\/div>\n","protected":false},"excerpt":{"rendered":"<p>El projecte &#8220;les m\u00fasiques que escoltem&#8221; consisteix en fer part\u00edceps a les fam\u00edlies de la m\u00fasica que escoltem a les entrades i les sortides a l&#8217;escola. L&#8217;alumnat, juntament amb la seva fam\u00edlia, han de fer arribar la tria a l&#8217;adre\u00e7a corresponent. Us animem a participar! M\u00daSIQUES DE MAIG<\/p>\n","protected":false},"author":1,"featured_media":0,"parent":4438,"menu_order":4,"comment_status":"closed","ping_status":"close","template":"","meta":{"_bbp_topic_count":0,"_bbp_reply_count":0,"_bbp_total_topic_count":0,"_bbp_total_reply_count":0,"_bbp_voice_count":0,"_bbp_anonymous_reply_count":0,"_bbp_topic_count_hidden":0,"_bbp_reply_count_hidden":0,"_bbp_forum_subforum_count":0,"site-sidebar-layout":"default","site-content-layout":"","ast-site-content-layout":"default","site-content-style":"default","site-sidebar-style":"default","ast-global-header-display":"","ast-banner-title-visibility":"","ast-main-header-display":"","ast-hfb-above-header-display":"","ast-hfb-below-header-display":"","ast-hfb-mobile-header-display":"","site-post-title":"","ast-breadcrumbs-content":"","ast-featured-img":"","footer-sml-layout":"","theme-transparent-header-meta":"","adv-header-id-meta":"","stick-header-meta":"","header-above-stick-meta":"","header-main-stick-meta":"","header-below-stick-meta":"","astra-migrate-meta-layouts":"set","ast-page-background-enabled":"default","ast-page-background-meta":{"desktop":{"background-color":"var(--ast-global-color-4)","background-image":"","background-repeat":"repeat","background-position":"center center","background-size":"auto","background-attachment":"scroll","background-type":"","background-media":"","overlay-type":"","overlay-color":"","overlay-opacity":"","overlay-gradient":""},"tablet":{"background-color":"","background-image":"","background-repeat":"repeat","background-position":"center center","background-size":"auto","background-attachment":"scroll","background-type":"","background-media":"","overlay-type":"","overlay-color":"","overlay-opacity":"","overlay-gradient":""},"mobile":{"background-color":"","background-image":"","background-repeat":"repeat","background-position":"center center","background-size":"auto","background-attachment":"scroll","background-type":"","background-media":"","overlay-type":"","overlay-color":"","overlay-opacity":"","overlay-gradient":""}},"ast-content-background-meta":{"desktop":{"background-color":"var(--ast-global-color-5)","background-image":"","background-repeat":"repeat","background-position":"center center","background-size":"auto","background-attachment":"scroll","background-type":"","background-media":"","overlay-type":"","overlay-color":"","overlay-opacity":"","overlay-gradient":""},"tablet":{"background-color":"var(--ast-global-color-5)","background-image":"","background-repeat":"repeat","background-position":"center center","background-size":"auto","background-attachment":"scroll","background-type":"","background-media":"","overlay-type":"","overlay-color":"","overlay-opacity":"","overlay-gradient":""},"mobile":{"background-color":"var(--ast-global-color-5)","background-image":"","background-repeat":"repeat","background-position":"center center","background-size":"auto","background-attachment":"scroll","background-type":"","background-media":"","overlay-type":"","overlay-color":"","overlay-opacity":"","overlay-gradient":""}},"footnotes":""},"class_list":["post-6012","page","type-page","status-publish","hentry"],"post_mailing_queue_ids":[],"_links":{"self":[{"href":"https:\/\/agora.xtec.cat\/ceipmdremei-alcover\/wp-json\/wp\/v2\/pages\/6012","targetHints":{"allow":["GET"]}}],"collection":[{"href":"https:\/\/agora.xtec.cat\/ceipmdremei-alcover\/wp-json\/wp\/v2\/pages"}],"about":[{"href":"https:\/\/agora.xtec.cat\/ceipmdremei-alcover\/wp-json\/wp\/v2\/types\/page"}],"author":[{"embeddable":true,"href":"https:\/\/agora.xtec.cat\/ceipmdremei-alcover\/wp-json\/wp\/v2\/users\/1"}],"replies":[{"embeddable":true,"href":"https:\/\/agora.xtec.cat\/ceipmdremei-alcover\/wp-json\/wp\/v2\/comments?post=6012"}],"version-history":[{"count":6,"href":"https:\/\/agora.xtec.cat\/ceipmdremei-alcover\/wp-json\/wp\/v2\/pages\/6012\/revisions"}],"predecessor-version":[{"id":6077,"href":"https:\/\/agora.xtec.cat\/ceipmdremei-alcover\/wp-json\/wp\/v2\/pages\/6012\/revisions\/6077"}],"up":[{"embeddable":true,"href":"https:\/\/agora.xtec.cat\/ceipmdremei-alcover\/wp-json\/wp\/v2\/pages\/4438"}],"wp:attachment":[{"href":"https:\/\/agora.xtec.cat\/ceipmdremei-alcover\/wp-json\/wp\/v2\/media?parent=6012"}],"curies":[{"name":"wp","href":"https:\/\/api.w.org\/{rel}","templated":true}]}}