{"id":5068,"date":"2022-03-02T09:24:25","date_gmt":"2022-03-02T08:24:25","guid":{"rendered":"https:\/\/agora.xtec.cat\/ceipmdremei-alcover\/?page_id=5068"},"modified":"2025-05-12T12:41:12","modified_gmt":"2025-05-12T10:41:12","slug":"pla-estrategic-digital-centre","status":"publish","type":"page","link":"https:\/\/agora.xtec.cat\/ceipmdremei-alcover\/lescola\/pla-estrategic-digital-centre\/","title":{"rendered":"Estrat\u00e8gia Digital de Centre"},"content":{"rendered":"<p dir=\"ltr\" style=\"text-align: left;\"><strong>Qu\u00e8 \u00e9s l&#8217;estrat\u00e8gia digital de centre?<\/strong> L\u2019EDC \u00e9s un document que recull les l\u00ednies d\u2019actuaci\u00f3 per aconseguir l\u2019assoliment de la\u00a0 compet\u00e8ncia digital per part de l\u2019alumnat, els docents i el centre, a m\u00e9s de formalitzar la governan\u00e7a de la tecnologia a l\u2019escola.<\/p>\n<p style=\"text-align: left;\">Per aconseguir aquesta compet\u00e8ncia digital, l\u2019EDC compr\u00e8n tots els \u00e0mbits del centre: organitzatius, metodol\u00f2gics, curriculars i comunicatius, els quals s\u2019han de veure necess\u00e0riament implicats i, si escau, transformats, des d\u2019una perspectiva d\u2019innovaci\u00f3 i de millora cont\u00ednua.<\/p>\n<p dir=\"ltr\" style=\"text-align: left;\">La comissi\u00f3 digital de l&#8217;escola, formada per un membre de l&#8217;equip directiu, la coordinadora digital i docents de diferents nivells i especialitats, actualment es troba immersa en l\u2019elaboraci\u00f3 de l\u2019Estrat\u00e8gia Digital de Centre (EDC).<\/p>\n<h5><span style=\"color: #008080;\">WEB EDC MdRemei (clica per accedir-hi)<\/span><\/h5>\n<h5><a href=\"https:\/\/sites.google.com\/xtec.cat\/edc-mdremei?usp=sharing\"><img loading=\"lazy\" decoding=\"async\" class=\"wp-image-5740 alignleft\" src=\"https:\/\/agora.xtec.cat\/ceipmdremei-alcover\/wp-content\/uploads\/usu1073\/2024\/05\/Blue-White-Futuristic-Technology-Facebook-Cover.png\" alt=\"\" width=\"506\" height=\"285\" srcset=\"https:\/\/agora.xtec.cat\/ceipmdremei-alcover\/wp-content\/uploads\/usu1073\/2024\/05\/Blue-White-Futuristic-Technology-Facebook-Cover.png 1640w, https:\/\/agora.xtec.cat\/ceipmdremei-alcover\/wp-content\/uploads\/usu1073\/2024\/05\/Blue-White-Futuristic-Technology-Facebook-Cover-300x169.png 300w, https:\/\/agora.xtec.cat\/ceipmdremei-alcover\/wp-content\/uploads\/usu1073\/2024\/05\/Blue-White-Futuristic-Technology-Facebook-Cover-1024x577.png 1024w, https:\/\/agora.xtec.cat\/ceipmdremei-alcover\/wp-content\/uploads\/usu1073\/2024\/05\/Blue-White-Futuristic-Technology-Facebook-Cover-768x433.png 768w, https:\/\/agora.xtec.cat\/ceipmdremei-alcover\/wp-content\/uploads\/usu1073\/2024\/05\/Blue-White-Futuristic-Technology-Facebook-Cover-1536x865.png 1536w\" sizes=\"auto, (max-width: 506px) 100vw, 506px\" \/><\/a><\/h5>\n<h5><\/h5>\n","protected":false},"excerpt":{"rendered":"<p>Qu\u00e8 \u00e9s l&#8217;estrat\u00e8gia digital de centre? L\u2019EDC \u00e9s un document que recull les l\u00ednies d\u2019actuaci\u00f3 per aconseguir l\u2019assoliment de la\u00a0 compet\u00e8ncia digital per part de l\u2019alumnat, els docents i el centre, a m\u00e9s de formalitzar la governan\u00e7a de la tecnologia a l\u2019escola. Per aconseguir aquesta compet\u00e8ncia digital, l\u2019EDC compr\u00e8n tots els \u00e0mbits del centre: organitzatius, [&hellip;]<\/p>\n","protected":false},"author":1,"featured_media":0,"parent":22,"menu_order":6,"comment_status":"closed","ping_status":"closed","template":"","meta":{"_bbp_topic_count":0,"_bbp_reply_count":0,"_bbp_total_topic_count":0,"_bbp_total_reply_count":0,"_bbp_voice_count":0,"_bbp_anonymous_reply_count":0,"_bbp_topic_count_hidden":0,"_bbp_reply_count_hidden":0,"_bbp_forum_subforum_count":0,"site-sidebar-layout":"default","site-content-layout":"","ast-site-content-layout":"default","site-content-style":"default","site-sidebar-style":"default","ast-global-header-display":"","ast-banner-title-visibility":"","ast-main-header-display":"","ast-hfb-above-header-display":"","ast-hfb-below-header-display":"","ast-hfb-mobile-header-display":"","site-post-title":"","ast-breadcrumbs-content":"","ast-featured-img":"","footer-sml-layout":"","theme-transparent-header-meta":"","adv-header-id-meta":"","stick-header-meta":"","header-above-stick-meta":"","header-main-stick-meta":"","header-below-stick-meta":"","astra-migrate-meta-layouts":"set","ast-page-background-enabled":"default","ast-page-background-meta":{"desktop":{"background-color":"var(--ast-global-color-4)","background-image":"","background-repeat":"repeat","background-position":"center center","background-size":"auto","background-attachment":"scroll","background-type":"","background-media":"","overlay-type":"","overlay-color":"","overlay-opacity":"","overlay-gradient":""},"tablet":{"background-color":"","background-image":"","background-repeat":"repeat","background-position":"center center","background-size":"auto","background-attachment":"scroll","background-type":"","background-media":"","overlay-type":"","overlay-color":"","overlay-opacity":"","overlay-gradient":""},"mobile":{"background-color":"","background-image":"","background-repeat":"repeat","background-position":"center center","background-size":"auto","background-attachment":"scroll","background-type":"","background-media":"","overlay-type":"","overlay-color":"","overlay-opacity":"","overlay-gradient":""}},"ast-content-background-meta":{"desktop":{"background-color":"var(--ast-global-color-5)","background-image":"","background-repeat":"repeat","background-position":"center center","background-size":"auto","background-attachment":"scroll","background-type":"","background-media":"","overlay-type":"","overlay-color":"","overlay-opacity":"","overlay-gradient":""},"tablet":{"background-color":"var(--ast-global-color-5)","background-image":"","background-repeat":"repeat","background-position":"center center","background-size":"auto","background-attachment":"scroll","background-type":"","background-media":"","overlay-type":"","overlay-color":"","overlay-opacity":"","overlay-gradient":""},"mobile":{"background-color":"var(--ast-global-color-5)","background-image":"","background-repeat":"repeat","background-position":"center center","background-size":"auto","background-attachment":"scroll","background-type":"","background-media":"","overlay-type":"","overlay-color":"","overlay-opacity":"","overlay-gradient":""}},"footnotes":""},"class_list":["post-5068","page","type-page","status-publish","hentry"],"post_mailing_queue_ids":[],"_links":{"self":[{"href":"https:\/\/agora.xtec.cat\/ceipmdremei-alcover\/wp-json\/wp\/v2\/pages\/5068","targetHints":{"allow":["GET"]}}],"collection":[{"href":"https:\/\/agora.xtec.cat\/ceipmdremei-alcover\/wp-json\/wp\/v2\/pages"}],"about":[{"href":"https:\/\/agora.xtec.cat\/ceipmdremei-alcover\/wp-json\/wp\/v2\/types\/page"}],"author":[{"embeddable":true,"href":"https:\/\/agora.xtec.cat\/ceipmdremei-alcover\/wp-json\/wp\/v2\/users\/1"}],"replies":[{"embeddable":true,"href":"https:\/\/agora.xtec.cat\/ceipmdremei-alcover\/wp-json\/wp\/v2\/comments?post=5068"}],"version-history":[{"count":6,"href":"https:\/\/agora.xtec.cat\/ceipmdremei-alcover\/wp-json\/wp\/v2\/pages\/5068\/revisions"}],"predecessor-version":[{"id":6058,"href":"https:\/\/agora.xtec.cat\/ceipmdremei-alcover\/wp-json\/wp\/v2\/pages\/5068\/revisions\/6058"}],"up":[{"embeddable":true,"href":"https:\/\/agora.xtec.cat\/ceipmdremei-alcover\/wp-json\/wp\/v2\/pages\/22"}],"wp:attachment":[{"href":"https:\/\/agora.xtec.cat\/ceipmdremei-alcover\/wp-json\/wp\/v2\/media?parent=5068"}],"curies":[{"name":"wp","href":"https:\/\/api.w.org\/{rel}","templated":true}]}}