{"id":4486,"date":"2019-08-21T10:35:19","date_gmt":"2019-08-21T08:35:19","guid":{"rendered":"http:\/\/agora.xtec.cat\/ceipmdremei-alcover\/?page_id=4486"},"modified":"2025-12-11T09:27:36","modified_gmt":"2025-12-11T08:27:36","slug":"abs-alcover","status":"publish","type":"page","link":"https:\/\/agora.xtec.cat\/ceipmdremei-alcover\/projectes-de-centre\/abs-alcover\/","title":{"rendered":"ABS-Alcover"},"content":{"rendered":"<p>L\u2019\u00c0rea B\u00e0sica de Salut d\u2019Alcover duu a terme uns tallers de salut adre\u00e7ats als alumnes de prim\u00e0ria. S\u2019elabora un projecte amb l\u2019ABS d\u2019Alcover per tal d\u2019establir uns projectes fixes al llarg de l\u2019escolaritzaci\u00f3 per tal que tots\/es els i les alumnes de l\u2019escola hi puguin gaudir d\u2019una xerrada-formaci\u00f3 per part d\u2019un professional del Centre de Salut. \u00c9s un projecte de car\u00e0cter obert a propostes durant el curs. Aquest curs els temes que es proposen a cada nivell s\u00f3n:<\/p>\n<p>1r: Al\u00b7l\u00e8rgies<\/p>\n<p>2n: Emocions negatives, h\u00e0bits d&#8217;higiene i alimentaci\u00f3.<\/p>\n<p>3r: Alimentaci\u00f3.<\/p>\n<p>4t: Higiene postural.<\/p>\n<p>5\u00e8: Taller RCP (primers auxilis).<\/p>\n<p>6\u00e8: Sexualitat\/afectivitat<\/p>\n<p>Tamb\u00e9 es fan les campanyes de vacunaci\u00f3, revisions m\u00e8diques a nouvinguts i revisions dentals als alumnes de prim\u00e0ria.<\/p>\n\n\n<figure class=\"wp-block-image size-full\"><a href=\"https:\/\/agora.xtec.cat\/ceipmdremei-alcover\/wp-content\/uploads\/usu1073\/2025\/12\/CAPalcoverlogo.png\"><img loading=\"lazy\" decoding=\"async\" width=\"150\" height=\"39\" src=\"https:\/\/agora.xtec.cat\/ceipmdremei-alcover\/wp-content\/uploads\/usu1073\/2025\/12\/CAPalcoverlogo.png\" alt=\"\" class=\"wp-image-6194\"\/><\/a><\/figure>\n","protected":false},"excerpt":{"rendered":"<p>L\u2019\u00c0rea B\u00e0sica de Salut d\u2019Alcover duu a terme uns tallers de salut adre\u00e7ats als alumnes de prim\u00e0ria. S\u2019elabora un projecte amb l\u2019ABS d\u2019Alcover per tal d\u2019establir uns projectes fixes al llarg de l\u2019escolaritzaci\u00f3 per tal que tots\/es els i les alumnes de l\u2019escola hi puguin gaudir d\u2019una xerrada-formaci\u00f3 per part d\u2019un professional del Centre de [&hellip;]<\/p>\n","protected":false},"author":1,"featured_media":0,"parent":4438,"menu_order":6,"comment_status":"closed","ping_status":"closed","template":"","meta":{"_bbp_topic_count":0,"_bbp_reply_count":0,"_bbp_total_topic_count":0,"_bbp_total_reply_count":0,"_bbp_voice_count":0,"_bbp_anonymous_reply_count":0,"_bbp_topic_count_hidden":0,"_bbp_reply_count_hidden":0,"_bbp_forum_subforum_count":0,"site-sidebar-layout":"default","site-content-layout":"","ast-site-content-layout":"default","site-content-style":"default","site-sidebar-style":"default","ast-global-header-display":"","ast-banner-title-visibility":"","ast-main-header-display":"","ast-hfb-above-header-display":"","ast-hfb-below-header-display":"","ast-hfb-mobile-header-display":"","site-post-title":"","ast-breadcrumbs-content":"","ast-featured-img":"","footer-sml-layout":"","theme-transparent-header-meta":"","adv-header-id-meta":"","stick-header-meta":"","header-above-stick-meta":"","header-main-stick-meta":"","header-below-stick-meta":"","astra-migrate-meta-layouts":"set","ast-page-background-enabled":"default","ast-page-background-meta":{"desktop":{"background-color":"var(--ast-global-color-4)","background-image":"","background-repeat":"repeat","background-position":"center center","background-size":"auto","background-attachment":"scroll","background-type":"","background-media":"","overlay-type":"","overlay-color":"","overlay-opacity":"","overlay-gradient":""},"tablet":{"background-color":"","background-image":"","background-repeat":"repeat","background-position":"center center","background-size":"auto","background-attachment":"scroll","background-type":"","background-media":"","overlay-type":"","overlay-color":"","overlay-opacity":"","overlay-gradient":""},"mobile":{"background-color":"","background-image":"","background-repeat":"repeat","background-position":"center center","background-size":"auto","background-attachment":"scroll","background-type":"","background-media":"","overlay-type":"","overlay-color":"","overlay-opacity":"","overlay-gradient":""}},"ast-content-background-meta":{"desktop":{"background-color":"var(--ast-global-color-5)","background-image":"","background-repeat":"repeat","background-position":"center center","background-size":"auto","background-attachment":"scroll","background-type":"","background-media":"","overlay-type":"","overlay-color":"","overlay-opacity":"","overlay-gradient":""},"tablet":{"background-color":"var(--ast-global-color-5)","background-image":"","background-repeat":"repeat","background-position":"center center","background-size":"auto","background-attachment":"scroll","background-type":"","background-media":"","overlay-type":"","overlay-color":"","overlay-opacity":"","overlay-gradient":""},"mobile":{"background-color":"var(--ast-global-color-5)","background-image":"","background-repeat":"repeat","background-position":"center center","background-size":"auto","background-attachment":"scroll","background-type":"","background-media":"","overlay-type":"","overlay-color":"","overlay-opacity":"","overlay-gradient":""}},"footnotes":""},"class_list":["post-4486","page","type-page","status-publish","hentry"],"post_mailing_queue_ids":[],"_links":{"self":[{"href":"https:\/\/agora.xtec.cat\/ceipmdremei-alcover\/wp-json\/wp\/v2\/pages\/4486","targetHints":{"allow":["GET"]}}],"collection":[{"href":"https:\/\/agora.xtec.cat\/ceipmdremei-alcover\/wp-json\/wp\/v2\/pages"}],"about":[{"href":"https:\/\/agora.xtec.cat\/ceipmdremei-alcover\/wp-json\/wp\/v2\/types\/page"}],"author":[{"embeddable":true,"href":"https:\/\/agora.xtec.cat\/ceipmdremei-alcover\/wp-json\/wp\/v2\/users\/1"}],"replies":[{"embeddable":true,"href":"https:\/\/agora.xtec.cat\/ceipmdremei-alcover\/wp-json\/wp\/v2\/comments?post=4486"}],"version-history":[{"count":4,"href":"https:\/\/agora.xtec.cat\/ceipmdremei-alcover\/wp-json\/wp\/v2\/pages\/4486\/revisions"}],"predecessor-version":[{"id":6195,"href":"https:\/\/agora.xtec.cat\/ceipmdremei-alcover\/wp-json\/wp\/v2\/pages\/4486\/revisions\/6195"}],"up":[{"embeddable":true,"href":"https:\/\/agora.xtec.cat\/ceipmdremei-alcover\/wp-json\/wp\/v2\/pages\/4438"}],"wp:attachment":[{"href":"https:\/\/agora.xtec.cat\/ceipmdremei-alcover\/wp-json\/wp\/v2\/media?parent=4486"}],"curies":[{"name":"wp","href":"https:\/\/api.w.org\/{rel}","templated":true}]}}