{"id":4432,"date":"2019-08-20T17:53:06","date_gmt":"2019-08-20T15:53:06","guid":{"rendered":"http:\/\/agora.xtec.cat\/ceipmdremei-alcover\/?page_id=4432"},"modified":"2026-03-11T11:13:53","modified_gmt":"2026-03-11T10:13:53","slug":"documents-de-centre","status":"publish","type":"page","link":"https:\/\/agora.xtec.cat\/ceipmdremei-alcover\/lescola\/documents-de-centre\/","title":{"rendered":"Documents de Centre"},"content":{"rendered":"\n<div class=\"wp-block-getwid-section alignfull alignfull getwid-margin-bottom-none getwid-section-content-custom-width\"><div class=\"wp-block-getwid-section__wrapper getwid-padding-top-large getwid-padding-bottom-large getwid-padding-left-medium getwid-padding-right-medium\" style=\"min-height:38vh\"><div class=\"wp-block-getwid-section__inner-wrapper\" style=\"max-width:1773px\"><div class=\"wp-block-getwid-section__background-holder\"><div class=\"wp-block-getwid-section__background has-background has-ast-global-color-1-background-color\"><\/div><div class=\"wp-block-getwid-section__foreground\" style=\"opacity:0.6;background-color:var(--ast-global-color-1)\"><\/div><\/div><div class=\"wp-block-getwid-section__content\"><div class=\"wp-block-getwid-section__inner-content\">\n<div class=\"wp-block-getwid-advanced-heading\" style=\"margin-bottom:10px;margin-top:10px\"><h2 class=\"wp-block-getwid-advanced-heading__content has-text-color\" style=\"text-align:center;color:#ffffff\">DOCUMENTACI\u00d3 DE CENTRE<\/h2><\/div>\n\n\n\n<div class=\"wp-block-columns has-4-columns is-layout-flex wp-container-core-columns-is-layout-1 wp-block-columns-is-layout-flex\">\n<div class=\"wp-block-column is-layout-flow wp-block-column-is-layout-flow\">\n<div class=\"wp-block-getwid-section has-inner-blocks-gap-small getwid-anim fadeIn getwid-section-content-custom-width\" data-wow-duration=\"800ms\" data-wow-delay=\"200ms\"><div class=\"wp-block-getwid-section__wrapper getwid-padding-top-large getwid-padding-bottom-large getwid-padding-left-small getwid-padding-right-small getwid-align-items-mobile-center getwid-justify-content-mobile-center\" style=\"min-height:200px\"><div class=\"wp-block-getwid-section__inner-wrapper\" style=\"max-width:700px\"><div class=\"wp-block-getwid-section__background-holder\"><div class=\"wp-block-getwid-section__background has-background\" style=\"background-color:#ffffff\"><\/div><div class=\"wp-block-getwid-section__foreground\"><\/div><\/div><div class=\"wp-block-getwid-section__content\"><div class=\"wp-block-getwid-section__inner-content\">\n<div data-wp-interactive=\"core\/file\" class=\"wp-block-file aligncenter has-ast-global-color-1-background-color has-background has-link-color wp-elements-09aacf57ab11bd655e1ac4d03ba42d3f\" style=\"border-style:none;border-width:0px;margin-top:0;margin-bottom:0;padding-top:0;padding-right:0;padding-bottom:0;padding-left:0\"><object data-wp-bind--hidden=\"!state.hasPdfPreview\" hidden class=\"wp-block-file__embed\" data=\"https:\/\/agora.xtec.cat\/ceipmdremei-alcover\/wp-content\/uploads\/usu1073\/2026\/03\/PEC-APROVAT-JUNY-2025.docx-2.pdf\" type=\"application\/pdf\" style=\"width:100%;height:230px\" aria-label=\"Incrustaci\u00f3 del fitxer &lt;strong&gt;PROJECTE EDUCATIU DE CENTRE&lt;\/strong&gt;.\"><\/object><a id=\"wp-block-file--media-e38bd3c5-a61b-4de6-955a-eb0c48b446c4\" href=\"https:\/\/agora.xtec.cat\/ceipmdremei-alcover\/wp-content\/uploads\/usu1073\/2026\/03\/PEC-APROVAT-JUNY-2025.docx-2.pdf\" target=\"_blank\" rel=\"noreferrer noopener\"><strong>PROJECTE EDUCATIU DE CENTRE<\/strong><\/a><a href=\"https:\/\/agora.xtec.cat\/ceipmdremei-alcover\/wp-content\/uploads\/usu1073\/2026\/03\/PEC-APROVAT-JUNY-2025.docx-2.pdf\" class=\"wp-block-file__button wp-element-button\" download aria-describedby=\"wp-block-file--media-e38bd3c5-a61b-4de6-955a-eb0c48b446c4\">Baixa<\/a><\/div>\n<\/div><\/div><\/div><\/div><\/div>\n<\/div>\n\n\n\n<div class=\"wp-block-column is-layout-flow wp-block-column-is-layout-flow\">\n<div class=\"wp-block-getwid-section has-inner-blocks-gap-small getwid-anim fadeIn getwid-section-content-custom-width\" data-wow-duration=\"800ms\" data-wow-delay=\"200ms\"><div class=\"wp-block-getwid-section__wrapper getwid-padding-top-large getwid-padding-bottom-large getwid-padding-left-small getwid-padding-right-small\" style=\"min-height:189px\"><div class=\"wp-block-getwid-section__inner-wrapper\" style=\"max-width:700px\"><div class=\"wp-block-getwid-section__background-holder\"><div class=\"wp-block-getwid-section__background has-background\" style=\"background-color:#ffffff\"><\/div><div class=\"wp-block-getwid-section__foreground\"><\/div><\/div><div class=\"wp-block-getwid-section__content\"><div class=\"wp-block-getwid-section__inner-content\">\n<div data-wp-interactive=\"core\/file\" class=\"wp-block-file has-ast-global-color-1-background-color has-background has-link-color wp-elements-8e964bbbd7ad7c2af3f12466204145e0\"><object data-wp-bind--hidden=\"!state.hasPdfPreview\" hidden class=\"wp-block-file__embed\" data=\"https:\/\/agora.xtec.cat\/ceipmdremei-alcover\/wp-content\/uploads\/usu1073\/2026\/03\/plmdremei.pdf\" type=\"application\/pdf\" style=\"width:100%;height:230px\" aria-label=\"Incrustaci\u00f3 del fitxer &lt;strong&gt;PROJECTE LING\u00dc\u00cdSTIC&lt;\/strong&gt;.\"><\/object><a id=\"wp-block-file--media-e9827095-eab1-4ab6-8a8b-fc2337b20527\" href=\"https:\/\/agora.xtec.cat\/ceipmdremei-alcover\/wp-content\/uploads\/usu1073\/2026\/03\/plmdremei.pdf\" target=\"_blank\" rel=\"noreferrer noopener\"><strong>PROJECTE LING\u00dc\u00cdSTIC<\/strong><\/a><a href=\"https:\/\/agora.xtec.cat\/ceipmdremei-alcover\/wp-content\/uploads\/usu1073\/2026\/03\/plmdremei.pdf\" class=\"wp-block-file__button wp-element-button\" download aria-describedby=\"wp-block-file--media-e9827095-eab1-4ab6-8a8b-fc2337b20527\">Baixa<\/a><\/div>\n<\/div><\/div><\/div><\/div><\/div>\n<\/div>\n<\/div>\n<\/div><\/div><\/div><\/div><\/div>\n\n\n\n<div class=\"wp-block-getwid-section alignfull alignfull getwid-section-content-custom-width\"><div class=\"wp-block-getwid-section__wrapper getwid-padding-top-large getwid-padding-bottom-large getwid-padding-left-medium getwid-padding-right-medium\" style=\"min-height:38vh\"><div class=\"wp-block-getwid-section__inner-wrapper\" style=\"max-width:1773px\"><div class=\"wp-block-getwid-section__background-holder\"><div class=\"wp-block-getwid-section__background has-background has-ast-global-color-1-background-color\"><\/div><div class=\"wp-block-getwid-section__foreground\" style=\"opacity:0.6;background-color:var(--ast-global-color-1)\"><\/div><\/div><div class=\"wp-block-getwid-section__content\"><div class=\"wp-block-getwid-section__inner-content\">\n<div class=\"wp-block-columns has-4-columns is-layout-flex wp-container-core-columns-is-layout-2 wp-block-columns-is-layout-flex\">\n<div class=\"wp-block-column is-layout-flow wp-block-column-is-layout-flow\">\n<div class=\"wp-block-getwid-section getwid-anim fadeIn\" data-wow-duration=\"800ms\" data-wow-delay=\"200ms\"><div class=\"wp-block-getwid-section__wrapper getwid-padding-top-large getwid-padding-bottom-large getwid-padding-left-small getwid-padding-right-small\"><div class=\"wp-block-getwid-section__inner-wrapper\"><div class=\"wp-block-getwid-section__background-holder\"><div class=\"wp-block-getwid-section__background has-background\" style=\"background-color:#ffffff\"><\/div><div class=\"wp-block-getwid-section__foreground\"><\/div><\/div><div class=\"wp-block-getwid-section__content\"><div class=\"wp-block-getwid-section__inner-content\">\n<div data-wp-interactive=\"core\/file\" class=\"wp-block-file has-ast-global-color-1-background-color has-background has-link-color wp-elements-7a9f6ffff3ee3b117d944b3a2ea7ca65\"><object data-wp-bind--hidden=\"!state.hasPdfPreview\" hidden class=\"wp-block-file__embed\" data=\"https:\/\/agora.xtec.cat\/ceipmdremei-alcover\/wp-content\/uploads\/usu1073\/2026\/03\/projecte_convivencia_mdremei.pdf\" type=\"application\/pdf\" style=\"width:100%;height:220px\" aria-label=\"Incrustaci\u00f3 del fitxer &lt;strong&gt;PROJECTE DE CONVIV\u00c8NCIA MdRemei&lt;\/strong&gt;.\"><\/object><a id=\"wp-block-file--media-9d7311fc-3c96-4a10-9927-4c5ebdb9ce0b\" href=\"https:\/\/agora.xtec.cat\/ceipmdremei-alcover\/wp-content\/uploads\/usu1073\/2026\/03\/projecte_convivencia_mdremei.pdf\" target=\"_blank\" rel=\"noreferrer noopener\"><strong>PROJECTE DE CONVIV\u00c8NCIA MdRemei<\/strong><\/a><a href=\"https:\/\/agora.xtec.cat\/ceipmdremei-alcover\/wp-content\/uploads\/usu1073\/2026\/03\/projecte_convivencia_mdremei.pdf\" class=\"wp-block-file__button wp-element-button\" download aria-describedby=\"wp-block-file--media-9d7311fc-3c96-4a10-9927-4c5ebdb9ce0b\">Baixa<\/a><\/div>\n<\/div><\/div><\/div><\/div><\/div>\n<\/div>\n\n\n\n<div class=\"wp-block-column is-layout-flow wp-block-column-is-layout-flow\">\n<div class=\"wp-block-getwid-section getwid-anim fadeIn\" data-wow-duration=\"800ms\" data-wow-delay=\"200ms\"><div class=\"wp-block-getwid-section__wrapper getwid-padding-top-large getwid-padding-bottom-large getwid-padding-left-small getwid-padding-right-small\"><div class=\"wp-block-getwid-section__inner-wrapper\"><div class=\"wp-block-getwid-section__background-holder\"><div class=\"wp-block-getwid-section__background has-background\" style=\"background-color:#ffffff\"><\/div><div class=\"wp-block-getwid-section__foreground\"><\/div><\/div><div class=\"wp-block-getwid-section__content\"><div class=\"wp-block-getwid-section__inner-content\">\n<div data-wp-interactive=\"core\/file\" class=\"wp-block-file has-ast-global-color-1-background-color has-background has-link-color wp-elements-d09e8c8639243f1dd3617457d4b222ad\"><object data-wp-bind--hidden=\"!state.hasPdfPreview\" hidden class=\"wp-block-file__embed\" data=\"https:\/\/agora.xtec.cat\/ceipmdremei-alcover\/wp-content\/uploads\/usu1073\/2026\/03\/carta-compromis.docx.pdf\" type=\"application\/pdf\" style=\"width:100%;height:220px\" aria-label=\"Incrustaci\u00f3 del fitxer &lt;strong&gt;CARTA COMPROM\u00cdS MdRemei&lt;\/strong&gt;.\"><\/object><a id=\"wp-block-file--media-a3be5046-4722-4d05-9507-a007b97a617a\" href=\"https:\/\/agora.xtec.cat\/ceipmdremei-alcover\/wp-content\/uploads\/usu1073\/2026\/03\/carta-compromis.docx.pdf\" target=\"_blank\" rel=\"noreferrer noopener\"><strong>CARTA COMPROM\u00cdS MdRemei<\/strong><\/a><a href=\"https:\/\/agora.xtec.cat\/ceipmdremei-alcover\/wp-content\/uploads\/usu1073\/2026\/03\/carta-compromis.docx.pdf\" class=\"wp-block-file__button wp-element-button\" download aria-describedby=\"wp-block-file--media-a3be5046-4722-4d05-9507-a007b97a617a\">Baixa<\/a><\/div>\n<\/div><\/div><\/div><\/div><\/div>\n<\/div>\n<\/div>\n<\/div><\/div><\/div><\/div><\/div>\n\n\n\n<div class=\"wp-block-getwid-section alignfull alignfull getwid-section-content-custom-width\"><div class=\"wp-block-getwid-section__wrapper getwid-padding-top-large getwid-padding-bottom-large getwid-padding-left-medium getwid-padding-right-medium\" style=\"min-height:32vh\"><div class=\"wp-block-getwid-section__inner-wrapper\" style=\"max-width:1709px\"><div class=\"wp-block-getwid-section__background-holder\"><div class=\"wp-block-getwid-section__background has-background has-ast-global-color-1-background-color\"><\/div><div class=\"wp-block-getwid-section__foreground\" style=\"opacity:0.6;background-color:var(--ast-global-color-1)\"><\/div><\/div><div class=\"wp-block-getwid-section__content\"><div class=\"wp-block-getwid-section__inner-content\">\n<div class=\"wp-block-columns has-4-columns is-layout-flex wp-container-core-columns-is-layout-3 wp-block-columns-is-layout-flex\">\n<div class=\"wp-block-column is-layout-flow wp-block-column-is-layout-flow\">\n<div class=\"wp-block-getwid-section getwid-anim fadeIn getwid-section-content-custom-width\" data-wow-duration=\"800ms\" data-wow-delay=\"200ms\"><div class=\"wp-block-getwid-section__wrapper getwid-padding-top-large getwid-padding-bottom-large getwid-padding-left-small getwid-padding-right-small\"><div class=\"wp-block-getwid-section__inner-wrapper\" style=\"max-width:1166px\"><div class=\"wp-block-getwid-section__background-holder\"><div class=\"wp-block-getwid-section__background has-background\" style=\"background-color:#ffffff\"><\/div><div class=\"wp-block-getwid-section__foreground\"><\/div><\/div><div class=\"wp-block-getwid-section__content\"><div class=\"wp-block-getwid-section__inner-content\">\n<div data-wp-interactive=\"core\/file\" class=\"wp-block-file has-ast-global-color-1-background-color has-background has-link-color wp-elements-5634fbd9da62bd6edbe6a6ba29a69474\"><object data-wp-bind--hidden=\"!state.hasPdfPreview\" hidden class=\"wp-block-file__embed\" data=\"https:\/\/agora.xtec.cat\/ceipmdremei-alcover\/wp-content\/uploads\/usu1073\/2026\/03\/nofc_mdremei.pdf\" type=\"application\/pdf\" style=\"width:100%;height:280px\" aria-label=\"Incrustaci\u00f3 del fitxer NOFC_MdRemei.\"><\/object><a id=\"wp-block-file--media-b5496c3b-26e7-4a24-a876-0ee90ea1ccf9\" href=\"https:\/\/agora.xtec.cat\/ceipmdremei-alcover\/wp-content\/uploads\/usu1073\/2026\/03\/nofc_mdremei.pdf\" target=\"_blank\" rel=\"noreferrer noopener\">NOFC_MdRemei<\/a><a href=\"https:\/\/agora.xtec.cat\/ceipmdremei-alcover\/wp-content\/uploads\/usu1073\/2026\/03\/nofc_mdremei.pdf\" class=\"wp-block-file__button wp-element-button\" download aria-describedby=\"wp-block-file--media-b5496c3b-26e7-4a24-a876-0ee90ea1ccf9\">Baixa<\/a><\/div>\n<\/div><\/div><\/div><\/div><\/div>\n<\/div>\n\n\n\n<div class=\"wp-block-column is-layout-flow wp-block-column-is-layout-flow\">\n<div class=\"wp-block-getwid-section getwid-anim fadeIn\" data-wow-duration=\"800ms\" data-wow-delay=\"200ms\"><div class=\"wp-block-getwid-section__wrapper getwid-padding-top-large getwid-padding-bottom-large getwid-padding-left-small getwid-padding-right-small\"><div class=\"wp-block-getwid-section__inner-wrapper\"><div class=\"wp-block-getwid-section__background-holder\"><div class=\"wp-block-getwid-section__background has-background\" style=\"background-color:#ffffff\"><\/div><div class=\"wp-block-getwid-section__foreground\"><\/div><\/div><div class=\"wp-block-getwid-section__content\"><div class=\"wp-block-getwid-section__inner-content\">\n<div data-wp-interactive=\"core\/file\" class=\"wp-block-file has-ast-global-color-1-background-color has-background has-link-color wp-elements-b0083f850763d992e7e569337976c21e\"><object data-wp-bind--hidden=\"!state.hasPdfPreview\" hidden class=\"wp-block-file__embed\" data=\"https:\/\/agora.xtec.cat\/ceipmdremei-alcover\/wp-content\/uploads\/usu1073\/2026\/03\/DISPOSICIO-ADDICIONAL-1a_MOBILS_gener2021.pdf\" type=\"application\/pdf\" style=\"width:100%;height:280px\" aria-label=\"Incrustaci\u00f3 del fitxer DISPOSICI\u00d3 ADDICIONAL 1a_NOFC-M\u00d2BILS.\"><\/object><a id=\"wp-block-file--media-219be65d-7941-4487-a087-bde800ce2230\" href=\"https:\/\/agora.xtec.cat\/ceipmdremei-alcover\/wp-content\/uploads\/usu1073\/2026\/03\/DISPOSICIO-ADDICIONAL-1a_MOBILS_gener2021.pdf\" target=\"_blank\" rel=\"noreferrer noopener\">DISPOSICI\u00d3 ADDICIONAL 1a_NOFC-M\u00d2BILS<\/a><a href=\"https:\/\/agora.xtec.cat\/ceipmdremei-alcover\/wp-content\/uploads\/usu1073\/2026\/03\/DISPOSICIO-ADDICIONAL-1a_MOBILS_gener2021.pdf\" class=\"wp-block-file__button wp-element-button\" download aria-describedby=\"wp-block-file--media-219be65d-7941-4487-a087-bde800ce2230\">Baixa<\/a><\/div>\n<\/div><\/div><\/div><\/div><\/div>\n<\/div>\n<\/div>\n<\/div><\/div><\/div><\/div><\/div>\n\n\n\n<div class=\"wp-block-getwid-section alignfull alignfull getwid-section-content-custom-width\"><div class=\"wp-block-getwid-section__wrapper getwid-padding-top-large getwid-padding-bottom-large getwid-padding-left-medium getwid-padding-right-medium\" style=\"min-height:32vh\"><div class=\"wp-block-getwid-section__inner-wrapper\" style=\"max-width:1709px\"><div class=\"wp-block-getwid-section__background-holder\"><div class=\"wp-block-getwid-section__background has-background has-ast-global-color-1-background-color\"><\/div><div class=\"wp-block-getwid-section__foreground\" style=\"opacity:0.6;background-color:var(--ast-global-color-1)\"><\/div><\/div><div class=\"wp-block-getwid-section__content\"><div class=\"wp-block-getwid-section__inner-content\">\n<div class=\"wp-block-columns has-4-columns is-layout-flex wp-container-core-columns-is-layout-4 wp-block-columns-is-layout-flex\">\n<div class=\"wp-block-column is-layout-flow wp-block-column-is-layout-flow\">\n<div class=\"wp-block-getwid-section getwid-anim fadeIn\" data-wow-duration=\"800ms\" data-wow-delay=\"200ms\"><div class=\"wp-block-getwid-section__wrapper getwid-padding-top-large getwid-padding-bottom-large getwid-padding-left-small getwid-padding-right-small\"><div class=\"wp-block-getwid-section__inner-wrapper\"><div class=\"wp-block-getwid-section__background-holder\"><div class=\"wp-block-getwid-section__background has-background\" style=\"background-color:#ffffff\"><\/div><div class=\"wp-block-getwid-section__foreground\"><\/div><\/div><div class=\"wp-block-getwid-section__content\"><div class=\"wp-block-getwid-section__inner-content\">\n<div data-wp-interactive=\"core\/file\" class=\"wp-block-file has-ast-global-color-1-background-color has-background has-link-color wp-elements-6d3160ffb34fbb3b370612ef38a5ec5a\"><object data-wp-bind--hidden=\"!state.hasPdfPreview\" hidden class=\"wp-block-file__embed\" data=\"https:\/\/agora.xtec.cat\/ceipmdremei-alcover\/wp-content\/uploads\/usu1073\/2026\/03\/disposicio-addicional-2a-NOFC.pdf\" type=\"application\/pdf\" style=\"width:100%;height:280px\" aria-label=\"Incrustaci\u00f3 del fitxer &lt;strong&gt;DISPOSICI\u00d3 ADDICIONAL 2a NOFC-MATERIAL&lt;\/strong&gt;.\"><\/object><a id=\"wp-block-file--media-e841172b-3a35-4ecc-8ddb-14b212e7eccb\" href=\"https:\/\/agora.xtec.cat\/ceipmdremei-alcover\/wp-content\/uploads\/usu1073\/2026\/03\/disposicio-addicional-2a-NOFC.pdf\" target=\"_blank\" rel=\"noreferrer noopener\"><strong>DISPOSICI\u00d3 ADDICIONAL 2a NOFC-MATERIAL<\/strong><\/a><a href=\"https:\/\/agora.xtec.cat\/ceipmdremei-alcover\/wp-content\/uploads\/usu1073\/2026\/03\/disposicio-addicional-2a-NOFC.pdf\" class=\"wp-block-file__button wp-element-button\" download aria-describedby=\"wp-block-file--media-e841172b-3a35-4ecc-8ddb-14b212e7eccb\">Baixa<\/a><\/div>\n<\/div><\/div><\/div><\/div><\/div>\n<\/div>\n\n\n\n<div class=\"wp-block-column is-layout-flow wp-block-column-is-layout-flow\">\n<div class=\"wp-block-getwid-section getwid-anim fadeIn\" data-wow-duration=\"800ms\" data-wow-delay=\"200ms\"><div class=\"wp-block-getwid-section__wrapper getwid-padding-top-large getwid-padding-bottom-large getwid-padding-left-small getwid-padding-right-small\"><div class=\"wp-block-getwid-section__inner-wrapper\"><div class=\"wp-block-getwid-section__background-holder\"><div class=\"wp-block-getwid-section__background has-background\" style=\"background-color:#ffffff\"><\/div><div class=\"wp-block-getwid-section__foreground\"><\/div><\/div><div class=\"wp-block-getwid-section__content\"><div class=\"wp-block-getwid-section__inner-content\">\n<div data-wp-interactive=\"core\/file\" class=\"wp-block-file\"><object data-wp-bind--hidden=\"!state.hasPdfPreview\" hidden class=\"wp-block-file__embed\" data=\"https:\/\/agora.xtec.cat\/ceipmdremei-alcover\/wp-content\/uploads\/usu1073\/2026\/03\/Disposicio-addicional-3a-NOFC-2.pdf\" type=\"application\/pdf\" style=\"width:100%;height:280px\" aria-label=\"Incrustaci\u00f3 del fitxer Disposicio\u0301 addicional 3a NOFC.\"><\/object><a id=\"wp-block-file--media-897985f2-33c3-4f23-ad2f-32eb776f7c09\" href=\"https:\/\/agora.xtec.cat\/ceipmdremei-alcover\/wp-content\/uploads\/usu1073\/2026\/03\/Disposicio-addicional-3a-NOFC-2.pdf\">Disposicio\u0301 addicional 3a NOFC<\/a><a href=\"https:\/\/agora.xtec.cat\/ceipmdremei-alcover\/wp-content\/uploads\/usu1073\/2026\/03\/Disposicio-addicional-3a-NOFC-2.pdf\" class=\"wp-block-file__button wp-element-button\" download aria-describedby=\"wp-block-file--media-897985f2-33c3-4f23-ad2f-32eb776f7c09\">Baixa<\/a><\/div>\n<\/div><\/div><\/div><\/div><\/div>\n<\/div>\n<\/div>\n<\/div><\/div><\/div><\/div><\/div>\n\n\n\n<p><\/p>\n","protected":false},"excerpt":{"rendered":"","protected":false},"author":1,"featured_media":0,"parent":22,"menu_order":4,"comment_status":"closed","ping_status":"closed","template":"","meta":{"_bbp_topic_count":0,"_bbp_reply_count":0,"_bbp_total_topic_count":0,"_bbp_total_reply_count":0,"_bbp_voice_count":0,"_bbp_anonymous_reply_count":0,"_bbp_topic_count_hidden":0,"_bbp_reply_count_hidden":0,"_bbp_forum_subforum_count":0,"site-sidebar-layout":"default","site-content-layout":"","ast-site-content-layout":"default","site-content-style":"default","site-sidebar-style":"default","ast-global-header-display":"","ast-banner-title-visibility":"","ast-main-header-display":"","ast-hfb-above-header-display":"","ast-hfb-below-header-display":"","ast-hfb-mobile-header-display":"","site-post-title":"","ast-breadcrumbs-content":"","ast-featured-img":"","footer-sml-layout":"","theme-transparent-header-meta":"","adv-header-id-meta":"","stick-header-meta":"","header-above-stick-meta":"","header-main-stick-meta":"","header-below-stick-meta":"","astra-migrate-meta-layouts":"set","ast-page-background-enabled":"default","ast-page-background-meta":{"desktop":{"background-color":"var(--ast-global-color-4)","background-image":"","background-repeat":"repeat","background-position":"center center","background-size":"auto","background-attachment":"scroll","background-type":"","background-media":"","overlay-type":"","overlay-color":"","overlay-opacity":"","overlay-gradient":""},"tablet":{"background-color":"","background-image":"","background-repeat":"repeat","background-position":"center center","background-size":"auto","background-attachment":"scroll","background-type":"","background-media":"","overlay-type":"","overlay-color":"","overlay-opacity":"","overlay-gradient":""},"mobile":{"background-color":"","background-image":"","background-repeat":"repeat","background-position":"center center","background-size":"auto","background-attachment":"scroll","background-type":"","background-media":"","overlay-type":"","overlay-color":"","overlay-opacity":"","overlay-gradient":""}},"ast-content-background-meta":{"desktop":{"background-color":"var(--ast-global-color-5)","background-image":"","background-repeat":"repeat","background-position":"center center","background-size":"auto","background-attachment":"scroll","background-type":"","background-media":"","overlay-type":"","overlay-color":"","overlay-opacity":"","overlay-gradient":""},"tablet":{"background-color":"var(--ast-global-color-5)","background-image":"","background-repeat":"repeat","background-position":"center center","background-size":"auto","background-attachment":"scroll","background-type":"","background-media":"","overlay-type":"","overlay-color":"","overlay-opacity":"","overlay-gradient":""},"mobile":{"background-color":"var(--ast-global-color-5)","background-image":"","background-repeat":"repeat","background-position":"center center","background-size":"auto","background-attachment":"scroll","background-type":"","background-media":"","overlay-type":"","overlay-color":"","overlay-opacity":"","overlay-gradient":""}},"footnotes":""},"class_list":["post-4432","page","type-page","status-publish","hentry"],"post_mailing_queue_ids":[],"_links":{"self":[{"href":"https:\/\/agora.xtec.cat\/ceipmdremei-alcover\/wp-json\/wp\/v2\/pages\/4432","targetHints":{"allow":["GET"]}}],"collection":[{"href":"https:\/\/agora.xtec.cat\/ceipmdremei-alcover\/wp-json\/wp\/v2\/pages"}],"about":[{"href":"https:\/\/agora.xtec.cat\/ceipmdremei-alcover\/wp-json\/wp\/v2\/types\/page"}],"author":[{"embeddable":true,"href":"https:\/\/agora.xtec.cat\/ceipmdremei-alcover\/wp-json\/wp\/v2\/users\/1"}],"replies":[{"embeddable":true,"href":"https:\/\/agora.xtec.cat\/ceipmdremei-alcover\/wp-json\/wp\/v2\/comments?post=4432"}],"version-history":[{"count":6,"href":"https:\/\/agora.xtec.cat\/ceipmdremei-alcover\/wp-json\/wp\/v2\/pages\/4432\/revisions"}],"predecessor-version":[{"id":6254,"href":"https:\/\/agora.xtec.cat\/ceipmdremei-alcover\/wp-json\/wp\/v2\/pages\/4432\/revisions\/6254"}],"up":[{"embeddable":true,"href":"https:\/\/agora.xtec.cat\/ceipmdremei-alcover\/wp-json\/wp\/v2\/pages\/22"}],"wp:attachment":[{"href":"https:\/\/agora.xtec.cat\/ceipmdremei-alcover\/wp-json\/wp\/v2\/media?parent=4432"}],"curies":[{"name":"wp","href":"https:\/\/api.w.org\/{rel}","templated":true}]}}