{"id":4425,"date":"2019-08-20T17:45:09","date_gmt":"2019-08-20T15:45:09","guid":{"rendered":"http:\/\/agora.xtec.cat\/ceipmdremei-alcover\/?page_id=4425"},"modified":"2024-02-21T19:23:28","modified_gmt":"2024-02-21T18:23:28","slug":"consell-dinfants","status":"publish","type":"page","link":"https:\/\/agora.xtec.cat\/ceipmdremei-alcover\/consell-escolar\/orgrans-de-govern-i-participacio\/consell-dinfants\/","title":{"rendered":"Consell d&#8217;Infants"},"content":{"rendered":"<p>El Consell d\u2019Infants de l\u2019escola Mare de D\u00e9u del Remei d\u2019Alcover \u00e9s un espai pensat perqu\u00e8 els nens i nenes puguin expressar les seves idees i proposar accions que ajudin a millorar la nostra escola.<\/p>\n<p>Est\u00e0 format per un\/a representant de cada nivell d&#8217;Educaci\u00f3 Prim\u00e0ria. Aquests\/es representants s\u00f3n triats\/des a l\u2019aula i es reuneixen al llarg del curs escolar per tractar temes relacionats amb el centre: pati, festes, projectes de l\u2019escola&#8230;<\/p>\n","protected":false},"excerpt":{"rendered":"<p>El Consell d\u2019Infants de l\u2019escola Mare de D\u00e9u del Remei d\u2019Alcover \u00e9s un espai pensat perqu\u00e8 els nens i nenes puguin expressar les seves idees i proposar accions que ajudin a millorar la nostra escola. Est\u00e0 format per un\/a representant de cada nivell d&#8217;Educaci\u00f3 Prim\u00e0ria. Aquests\/es representants s\u00f3n triats\/des a l\u2019aula i es reuneixen al [&hellip;]<\/p>\n","protected":false},"author":1,"featured_media":0,"parent":4429,"menu_order":3,"comment_status":"closed","ping_status":"closed","template":"page-templates\/side-menu.php","meta":{"_bbp_topic_count":0,"_bbp_reply_count":0,"_bbp_total_topic_count":0,"_bbp_total_reply_count":0,"_bbp_voice_count":0,"_bbp_anonymous_reply_count":0,"_bbp_topic_count_hidden":0,"_bbp_reply_count_hidden":0,"_bbp_forum_subforum_count":0,"site-sidebar-layout":"default","site-content-layout":"","ast-site-content-layout":"","site-content-style":"default","site-sidebar-style":"default","ast-global-header-display":"","ast-banner-title-visibility":"","ast-main-header-display":"","ast-hfb-above-header-display":"","ast-hfb-below-header-display":"","ast-hfb-mobile-header-display":"","site-post-title":"","ast-breadcrumbs-content":"","ast-featured-img":"","footer-sml-layout":"","theme-transparent-header-meta":"","adv-header-id-meta":"","stick-header-meta":"","header-above-stick-meta":"","header-main-stick-meta":"","header-below-stick-meta":"","astra-migrate-meta-layouts":"default","ast-page-background-enabled":"default","ast-page-background-meta":{"desktop":{"background-color":"var(--ast-global-color-4)","background-image":"","background-repeat":"repeat","background-position":"center center","background-size":"auto","background-attachment":"scroll","background-type":"","background-media":"","overlay-type":"","overlay-color":"","overlay-opacity":"","overlay-gradient":""},"tablet":{"background-color":"","background-image":"","background-repeat":"repeat","background-position":"center center","background-size":"auto","background-attachment":"scroll","background-type":"","background-media":"","overlay-type":"","overlay-color":"","overlay-opacity":"","overlay-gradient":""},"mobile":{"background-color":"","background-image":"","background-repeat":"repeat","background-position":"center center","background-size":"auto","background-attachment":"scroll","background-type":"","background-media":"","overlay-type":"","overlay-color":"","overlay-opacity":"","overlay-gradient":""}},"ast-content-background-meta":{"desktop":{"background-color":"var(--ast-global-color-5)","background-image":"","background-repeat":"repeat","background-position":"center center","background-size":"auto","background-attachment":"scroll","background-type":"","background-media":"","overlay-type":"","overlay-color":"","overlay-opacity":"","overlay-gradient":""},"tablet":{"background-color":"var(--ast-global-color-5)","background-image":"","background-repeat":"repeat","background-position":"center center","background-size":"auto","background-attachment":"scroll","background-type":"","background-media":"","overlay-type":"","overlay-color":"","overlay-opacity":"","overlay-gradient":""},"mobile":{"background-color":"var(--ast-global-color-5)","background-image":"","background-repeat":"repeat","background-position":"center center","background-size":"auto","background-attachment":"scroll","background-type":"","background-media":"","overlay-type":"","overlay-color":"","overlay-opacity":"","overlay-gradient":""}},"footnotes":""},"class_list":["post-4425","page","type-page","status-publish","hentry"],"post_mailing_queue_ids":[],"_links":{"self":[{"href":"https:\/\/agora.xtec.cat\/ceipmdremei-alcover\/wp-json\/wp\/v2\/pages\/4425","targetHints":{"allow":["GET"]}}],"collection":[{"href":"https:\/\/agora.xtec.cat\/ceipmdremei-alcover\/wp-json\/wp\/v2\/pages"}],"about":[{"href":"https:\/\/agora.xtec.cat\/ceipmdremei-alcover\/wp-json\/wp\/v2\/types\/page"}],"author":[{"embeddable":true,"href":"https:\/\/agora.xtec.cat\/ceipmdremei-alcover\/wp-json\/wp\/v2\/users\/1"}],"replies":[{"embeddable":true,"href":"https:\/\/agora.xtec.cat\/ceipmdremei-alcover\/wp-json\/wp\/v2\/comments?post=4425"}],"version-history":[{"count":4,"href":"https:\/\/agora.xtec.cat\/ceipmdremei-alcover\/wp-json\/wp\/v2\/pages\/4425\/revisions"}],"predecessor-version":[{"id":5567,"href":"https:\/\/agora.xtec.cat\/ceipmdremei-alcover\/wp-json\/wp\/v2\/pages\/4425\/revisions\/5567"}],"up":[{"embeddable":true,"href":"https:\/\/agora.xtec.cat\/ceipmdremei-alcover\/wp-json\/wp\/v2\/pages\/4429"}],"wp:attachment":[{"href":"https:\/\/agora.xtec.cat\/ceipmdremei-alcover\/wp-json\/wp\/v2\/media?parent=4425"}],"curies":[{"name":"wp","href":"https:\/\/api.w.org\/{rel}","templated":true}]}}