{"id":4423,"date":"2019-08-20T17:44:47","date_gmt":"2019-08-20T15:44:47","guid":{"rendered":"http:\/\/agora.xtec.cat\/ceipmdremei-alcover\/?page_id=4423"},"modified":"2025-02-07T15:31:24","modified_gmt":"2025-02-07T14:31:24","slug":"consell-de-direccio","status":"publish","type":"page","link":"https:\/\/agora.xtec.cat\/ceipmdremei-alcover\/consell-escolar\/orgrans-de-govern-i-participacio\/consell-de-direccio\/","title":{"rendered":"Consell de Direcci\u00f3"},"content":{"rendered":"<p>En aplicaci\u00f3 del projecte de direcci\u00f3, i per aprofundir en la pr\u00e0ctica del lideratge distribu\u00eft, el director o directora del centre pot constituir un consell de direcci\u00f3, amb les funcions i el r\u00e8gim de funcionament i de reunions que estableixin les normes d&#8217;organitzaci\u00f3 i funcionament del centre. (art37, decret 102\/2010 de 3 d&#8217;agost)<\/p>\n<p>El Consell Direcci\u00f3 estar\u00e0 format per les persones seg\u00fcents: Directora, cap d&#8217;estudis, secretari, coordinador\/es de cicle i coordinador\/a LIC.<\/p>\n<p>Les funcions del Consell de Direcci\u00f3 s\u00f3n:<\/p>\n<p><span style=\"color: #008080;\"><strong>Funcions de lideratge pedag\u00f2gics:<\/strong><\/span><\/p>\n<ul>\n<li>Col\u00b7laborar en l\u2019aplicaci\u00f3 de les activitats del centre i la programaci\u00f3 general anual.<\/li>\n<li>Col\u00b7laborar en la decisi\u00f3 dels aspectes pedag\u00f2gics del centres que la direcci\u00f3 consideri oportuns.<\/li>\n<\/ul>\n<p><span style=\"color: #008080;\"><strong>Funcions amb relaci\u00f3 a la comunitat escolar:<\/strong><\/span><\/p>\n<ul>\n<li>Garantir el compliment de les normes de conviv\u00e8ncia i col\u00b7laborar en la presa de decisions de les mesures disciplin\u00e0ries corresponents.<\/li>\n<\/ul>\n<p><span style=\"color: #008080;\"><strong>Funcions relatives a l&#8217;organitzaci\u00f3 i la gesti\u00f3 del centre:<\/strong><\/span><\/p>\n<ul>\n<li>Impulsar l&#8217;aprovaci\u00f3, difusi\u00f3 i aplicaci\u00f3 de les normes d&#8217;organitzaci\u00f3 i funcionament del centre.<\/li>\n<\/ul>\n","protected":false},"excerpt":{"rendered":"<p>En aplicaci\u00f3 del projecte de direcci\u00f3, i per aprofundir en la pr\u00e0ctica del lideratge distribu\u00eft, el director o directora del centre pot constituir un consell de direcci\u00f3, amb les funcions i el r\u00e8gim de funcionament i de reunions que estableixin les normes d&#8217;organitzaci\u00f3 i funcionament del centre. (art37, decret 102\/2010 de 3 d&#8217;agost) El Consell [&hellip;]<\/p>\n","protected":false},"author":1,"featured_media":0,"parent":4429,"menu_order":2,"comment_status":"closed","ping_status":"closed","template":"page-templates\/side-menu.php","meta":{"_bbp_topic_count":0,"_bbp_reply_count":0,"_bbp_total_topic_count":0,"_bbp_total_reply_count":0,"_bbp_voice_count":0,"_bbp_anonymous_reply_count":0,"_bbp_topic_count_hidden":0,"_bbp_reply_count_hidden":0,"_bbp_forum_subforum_count":0,"site-sidebar-layout":"default","site-content-layout":"","ast-site-content-layout":"","site-content-style":"default","site-sidebar-style":"default","ast-global-header-display":"","ast-banner-title-visibility":"","ast-main-header-display":"","ast-hfb-above-header-display":"","ast-hfb-below-header-display":"","ast-hfb-mobile-header-display":"","site-post-title":"","ast-breadcrumbs-content":"","ast-featured-img":"","footer-sml-layout":"","theme-transparent-header-meta":"","adv-header-id-meta":"","stick-header-meta":"","header-above-stick-meta":"","header-main-stick-meta":"","header-below-stick-meta":"","astra-migrate-meta-layouts":"default","ast-page-background-enabled":"default","ast-page-background-meta":{"desktop":{"background-color":"var(--ast-global-color-4)","background-image":"","background-repeat":"repeat","background-position":"center center","background-size":"auto","background-attachment":"scroll","background-type":"","background-media":"","overlay-type":"","overlay-color":"","overlay-opacity":"","overlay-gradient":""},"tablet":{"background-color":"","background-image":"","background-repeat":"repeat","background-position":"center center","background-size":"auto","background-attachment":"scroll","background-type":"","background-media":"","overlay-type":"","overlay-color":"","overlay-opacity":"","overlay-gradient":""},"mobile":{"background-color":"","background-image":"","background-repeat":"repeat","background-position":"center center","background-size":"auto","background-attachment":"scroll","background-type":"","background-media":"","overlay-type":"","overlay-color":"","overlay-opacity":"","overlay-gradient":""}},"ast-content-background-meta":{"desktop":{"background-color":"var(--ast-global-color-5)","background-image":"","background-repeat":"repeat","background-position":"center center","background-size":"auto","background-attachment":"scroll","background-type":"","background-media":"","overlay-type":"","overlay-color":"","overlay-opacity":"","overlay-gradient":""},"tablet":{"background-color":"var(--ast-global-color-5)","background-image":"","background-repeat":"repeat","background-position":"center center","background-size":"auto","background-attachment":"scroll","background-type":"","background-media":"","overlay-type":"","overlay-color":"","overlay-opacity":"","overlay-gradient":""},"mobile":{"background-color":"var(--ast-global-color-5)","background-image":"","background-repeat":"repeat","background-position":"center center","background-size":"auto","background-attachment":"scroll","background-type":"","background-media":"","overlay-type":"","overlay-color":"","overlay-opacity":"","overlay-gradient":""}},"footnotes":""},"class_list":["post-4423","page","type-page","status-publish","hentry"],"post_mailing_queue_ids":[],"_links":{"self":[{"href":"https:\/\/agora.xtec.cat\/ceipmdremei-alcover\/wp-json\/wp\/v2\/pages\/4423","targetHints":{"allow":["GET"]}}],"collection":[{"href":"https:\/\/agora.xtec.cat\/ceipmdremei-alcover\/wp-json\/wp\/v2\/pages"}],"about":[{"href":"https:\/\/agora.xtec.cat\/ceipmdremei-alcover\/wp-json\/wp\/v2\/types\/page"}],"author":[{"embeddable":true,"href":"https:\/\/agora.xtec.cat\/ceipmdremei-alcover\/wp-json\/wp\/v2\/users\/1"}],"replies":[{"embeddable":true,"href":"https:\/\/agora.xtec.cat\/ceipmdremei-alcover\/wp-json\/wp\/v2\/comments?post=4423"}],"version-history":[{"count":6,"href":"https:\/\/agora.xtec.cat\/ceipmdremei-alcover\/wp-json\/wp\/v2\/pages\/4423\/revisions"}],"predecessor-version":[{"id":5438,"href":"https:\/\/agora.xtec.cat\/ceipmdremei-alcover\/wp-json\/wp\/v2\/pages\/4423\/revisions\/5438"}],"up":[{"embeddable":true,"href":"https:\/\/agora.xtec.cat\/ceipmdremei-alcover\/wp-json\/wp\/v2\/pages\/4429"}],"wp:attachment":[{"href":"https:\/\/agora.xtec.cat\/ceipmdremei-alcover\/wp-json\/wp\/v2\/media?parent=4423"}],"curies":[{"name":"wp","href":"https:\/\/api.w.org\/{rel}","templated":true}]}}