{"id":4389,"date":"2019-08-20T17:28:44","date_gmt":"2019-08-20T15:28:44","guid":{"rendered":"http:\/\/agora.xtec.cat\/ceipmdremei-alcover\/?page_id=4389"},"modified":"2025-05-12T12:38:46","modified_gmt":"2025-05-12T10:38:46","slug":"oferta-educativa","status":"publish","type":"page","link":"https:\/\/agora.xtec.cat\/ceipmdremei-alcover\/lescola\/oferta-educativa\/","title":{"rendered":"Oferta Educativa"},"content":{"rendered":"<p style=\"text-align: justify;\">L\u2019escola <strong>Mare de D\u00e9u del Remei d&#8217;Alcover<\/strong> \u00e9s una escola p\u00fablica, la titularitat correspon a l\u2019administraci\u00f3 p\u00fablica del Departament d\u2019Ensenyament i compr\u00e8n l\u2019etapa educativa dels 3 als 12 anys.<\/p>\n<p style=\"text-align: justify;\">Dins d\u2019aquesta franja d\u2019edat l\u2019escola oferta dues o tres l\u00ednies (en funci\u00f3 del nivell educatiu) que comprenen les etapes d\u2019infantil i prim\u00e0ria.<\/p>\n<p style=\"text-align: justify;\"><span style=\"color: #008080;\"><strong>ETAPA D\u2019INFANTIL<\/strong><\/span><\/p>\n<p style=\"text-align: justify;\">L\u2019educaci\u00f3 infantil \u00e9s l\u2019etapa educativa que s\u2019imparteix als infants de 3 a 6 anys. S\u2019organitza en tres cursos: I3, I4 i I5.<\/p>\n<blockquote><p><em>L&#8217;educaci\u00f3 infantil \u00e9s una etapa educativa en la qual els infants han d&#8217;anar desenvolupant aquelles <\/em><em>compet\u00e8ncies que els far\u00e0 possible viure relacions afectives saludables amb un mateix i segures amb els altres; con\u00e8ixer i interpretar l&#8217;entorn, i anar adquirint estrat\u00e8gies d&#8217;aprenentatge i un grau d&#8217;autonomia per poder formar part d&#8217;una societat multicultural.<\/em><\/p>\n<p style=\"text-align: justify;\"><em>L&#8217;educaci\u00f3 infantil \u00e9s la primera etapa educativa i una de les m\u00e9s importants del sistema. Amb l&#8217;objectiu <\/em><em>d&#8217;avan\u00e7ar en la millora del nostre model educatiu, cal destacar que es fonamenta en un curr\u00edculum <\/em><em>competencial, amb propostes que permeten una mirada global i adequades a la realitat de cada infant i de cada context educatiu. Un curr\u00edculum que fa possible l&#8217;accessibilitat de tothom a l&#8217;educaci\u00f3, marcant el cam\u00ed cap a la inclusi\u00f3 efectiva, la igualtat d&#8217;oportunitats, l&#8217;equitat educativa, la plena participaci\u00f3 i l&#8217;\u00e8xit educatiu. El disseny universal per a l&#8217;aprenentatge i la personalitzaci\u00f3 de les propostes i del recorregut educatiu promou i refor\u00e7a el sentit dels aprenentatges escolars per a tots els infants, respectant i promovent cada una de les seves identitats.<\/em><br \/>\n<em>El curr\u00edculum d&#8217;aquesta etapa permet a l&#8217;equip educatiu del centre acordar un projecte educatiu amb <\/em><em>autonomia pedag\u00f2gica, flexible i ampli en coher\u00e8ncia amb el context i l&#8217;entorn.<\/em><br \/>\n<em>El curr\u00edculum ha d&#8217;ajudar els infants a desenvolupar les compet\u00e8ncies que els permetin identificar-se com a persones amb seguretat i benestar emocional; viure unes relacions afectives positives amb si mateixos i amb els altres; con\u00e8ixer i interpretar el seu entorn; adquirir habilitats de comunicaci\u00f3, expressi\u00f3 i comprensi\u00f3 per mitj\u00e0 de diferents llenguatges, i avan\u00e7ar en la seva autonomia personal.<\/em><br \/>\n<em>L&#8217;adquisici\u00f3 del llenguatge, el desenvolupament de la compet\u00e8ncia comunicativa i ling\u00fc\u00edstica, juntament amb les compet\u00e8ncies de tipus emocional i personal, permeten als infants manifestar fets i viv\u00e8ncies; explorar coneixements; expressar el que estan imaginant i comunicar idees i sentiments; construir pensament, i participar en intercanvis comunicatius diversos.<\/em><br \/>\n<em>Aix\u00ed mateix, aquest \u00e9s un curr\u00edculum que incorpora la coeducaci\u00f3, la perspectiva de g\u00e8nere i l&#8217;educaci\u00f3 <\/em><em>afectivosexual per afavorir el desenvolupament dels infants en un entorn sense estereotips amb una <\/em><em>perspectiva d&#8217;igualtat de tracte i no discriminaci\u00f3.<\/em><\/p>\n<\/blockquote>\n<p style=\"text-align: right;\"><span style=\"color: #333333;\"><em><a href=\"https:\/\/portaldogc.gencat.cat\/utilsEADOP\/PDF\/8851\/1955221.pdf\" target=\"_blank\" rel=\"noopener noreferrer\">Decret 21\/20023,<\/a> \u00a0de 7 de febrer, d&#8217;ordenaci\u00f3 dels ensenyaments de l&#8217;educaci\u00f3 infantil.<\/em><\/span><\/p>\n<p><span style=\"color: #008080;\"><strong>ETAPA DE PRIM\u00c0RIA<\/strong><\/span><\/p>\n<p style=\"text-align: justify;\">L\u2019educaci\u00f3 prim\u00e0ria \u00e9s l\u2019etapa educativa de car\u00e0cter obligatori que compr\u00e8n sis cursos:<\/p>\n<ul style=\"text-align: justify;\">\n<li style=\"list-style-type: none;\">\n<ul style=\"list-style-type: square;\">\n<li>Primer Cicle: 1r i 2n<\/li>\n<li>Segon Cicle: 3r i 4t<\/li>\n<li>Tercer Cicle: 5\u00e8 i 6\u00e8<\/li>\n<\/ul>\n<\/li>\n<\/ul>\n<blockquote>\n<p style=\"text-align: justify;\"><em><span style=\"color: #808080;\">&lt;&lt;La finalitat de l\u2019educaci\u00f3 prim\u00e0ria \u00e9s<\/span><span style=\"color: #808080;\">\u00a0<\/span>garantir la seva formaci\u00f3 integral (de l&#8217;alumne), aix\u00ed com el desenvolupament de la seva personalitat i la preparaci\u00f3 per a l&#8217;exercici ple dels drets humans i d&#8217;una ciutadania activa i democr\u00e0tica en la societat actual. Per aquest motiu, la formaci\u00f3 integral ha de centrar-se necess\u00e0riament en el desenvolupament i l&#8217;assoliment de les compet\u00e8ncies clau i l&#8217;adquisici\u00f3 dels diferents aprenentatges, per fer possible la prosperitat personal i col\u00b7lectiva i avan\u00e7ar cap a una societat m\u00e9s equitativa, m\u00e9s sostenible i amb m\u00e9s cohesi\u00f3 social.<\/em><\/p>\n<p style=\"text-align: justify;\"><em>M\u00e9s enll\u00e0 dels seus elements constitutius i de la concepci\u00f3 del curr\u00edculum des de l&#8217;ordenaci\u00f3 dels ensenyaments, no es pot obviar la necessitat de recon\u00e8ixer el curr\u00edculum com una potent eina de futur per al desenvolupament integral de totes les persones en els seus aspectes cognitius, emocionals, afectius i relacionals. El curr\u00edculum ha de fer possible el desplegament del projecte de vida personal i professional per a tothom a partir de l&#8217;\u00e8xit educatiu, comptant amb el suport, la implicaci\u00f3 i la participaci\u00f3 de les fam\u00edlies i ha de facilitar l&#8217;acc\u00e9s a processos formatius posteriors i a l&#8217;aprenentatge al llarg de la vida.<\/em><em style=\"font-family: inherit; font-size: 1em; color: #222222;\"><span style=\"color: #808080;\">&gt;&gt;<\/span><\/em><\/p>\n<\/blockquote>\n<p style=\"text-align: right;\"><span style=\"color: #333333;\"><a href=\"https:\/\/portaldogc.gencat.cat\/utilsEADOP\/PDF\/8762\/1928585.pdf\">Decret 175\/2022<\/a>, de 27 de setembre, pel qual s\u2019estableix l\u2019ordenaci\u00f3 <\/span><br \/>\n<span style=\"color: #333333;\">dels ensenyaments de l\u2019educaci\u00f3 prim\u00e0ria (DOGC n\u00fam. 8762, de 29.9.2022)<\/span><\/p>\n","protected":false},"excerpt":{"rendered":"<p>L\u2019escola Mare de D\u00e9u del Remei d&#8217;Alcover \u00e9s una escola p\u00fablica, la titularitat correspon a l\u2019administraci\u00f3 p\u00fablica del Departament d\u2019Ensenyament i compr\u00e8n l\u2019etapa educativa dels 3 als 12 anys. Dins d\u2019aquesta franja d\u2019edat l\u2019escola oferta dues o tres l\u00ednies (en funci\u00f3 del nivell educatiu) que comprenen les etapes d\u2019infantil i prim\u00e0ria. ETAPA D\u2019INFANTIL L\u2019educaci\u00f3 infantil [&hellip;]<\/p>\n","protected":false},"author":1,"featured_media":0,"parent":22,"menu_order":2,"comment_status":"closed","ping_status":"closed","template":"","meta":{"_bbp_topic_count":0,"_bbp_reply_count":0,"_bbp_total_topic_count":0,"_bbp_total_reply_count":0,"_bbp_voice_count":0,"_bbp_anonymous_reply_count":0,"_bbp_topic_count_hidden":0,"_bbp_reply_count_hidden":0,"_bbp_forum_subforum_count":0,"site-sidebar-layout":"default","site-content-layout":"","ast-site-content-layout":"default","site-content-style":"default","site-sidebar-style":"default","ast-global-header-display":"","ast-banner-title-visibility":"","ast-main-header-display":"","ast-hfb-above-header-display":"","ast-hfb-below-header-display":"","ast-hfb-mobile-header-display":"","site-post-title":"","ast-breadcrumbs-content":"","ast-featured-img":"","footer-sml-layout":"","theme-transparent-header-meta":"","adv-header-id-meta":"","stick-header-meta":"","header-above-stick-meta":"","header-main-stick-meta":"","header-below-stick-meta":"","astra-migrate-meta-layouts":"set","ast-page-background-enabled":"default","ast-page-background-meta":{"desktop":{"background-color":"var(--ast-global-color-4)","background-image":"","background-repeat":"repeat","background-position":"center center","background-size":"auto","background-attachment":"scroll","background-type":"","background-media":"","overlay-type":"","overlay-color":"","overlay-opacity":"","overlay-gradient":""},"tablet":{"background-color":"","background-image":"","background-repeat":"repeat","background-position":"center center","background-size":"auto","background-attachment":"scroll","background-type":"","background-media":"","overlay-type":"","overlay-color":"","overlay-opacity":"","overlay-gradient":""},"mobile":{"background-color":"","background-image":"","background-repeat":"repeat","background-position":"center center","background-size":"auto","background-attachment":"scroll","background-type":"","background-media":"","overlay-type":"","overlay-color":"","overlay-opacity":"","overlay-gradient":""}},"ast-content-background-meta":{"desktop":{"background-color":"var(--ast-global-color-5)","background-image":"","background-repeat":"repeat","background-position":"center center","background-size":"auto","background-attachment":"scroll","background-type":"","background-media":"","overlay-type":"","overlay-color":"","overlay-opacity":"","overlay-gradient":""},"tablet":{"background-color":"var(--ast-global-color-5)","background-image":"","background-repeat":"repeat","background-position":"center center","background-size":"auto","background-attachment":"scroll","background-type":"","background-media":"","overlay-type":"","overlay-color":"","overlay-opacity":"","overlay-gradient":""},"mobile":{"background-color":"var(--ast-global-color-5)","background-image":"","background-repeat":"repeat","background-position":"center center","background-size":"auto","background-attachment":"scroll","background-type":"","background-media":"","overlay-type":"","overlay-color":"","overlay-opacity":"","overlay-gradient":""}},"footnotes":""},"class_list":["post-4389","page","type-page","status-publish","hentry"],"post_mailing_queue_ids":[],"_links":{"self":[{"href":"https:\/\/agora.xtec.cat\/ceipmdremei-alcover\/wp-json\/wp\/v2\/pages\/4389","targetHints":{"allow":["GET"]}}],"collection":[{"href":"https:\/\/agora.xtec.cat\/ceipmdremei-alcover\/wp-json\/wp\/v2\/pages"}],"about":[{"href":"https:\/\/agora.xtec.cat\/ceipmdremei-alcover\/wp-json\/wp\/v2\/types\/page"}],"author":[{"embeddable":true,"href":"https:\/\/agora.xtec.cat\/ceipmdremei-alcover\/wp-json\/wp\/v2\/users\/1"}],"replies":[{"embeddable":true,"href":"https:\/\/agora.xtec.cat\/ceipmdremei-alcover\/wp-json\/wp\/v2\/comments?post=4389"}],"version-history":[{"count":5,"href":"https:\/\/agora.xtec.cat\/ceipmdremei-alcover\/wp-json\/wp\/v2\/pages\/4389\/revisions"}],"predecessor-version":[{"id":6055,"href":"https:\/\/agora.xtec.cat\/ceipmdremei-alcover\/wp-json\/wp\/v2\/pages\/4389\/revisions\/6055"}],"up":[{"embeddable":true,"href":"https:\/\/agora.xtec.cat\/ceipmdremei-alcover\/wp-json\/wp\/v2\/pages\/22"}],"wp:attachment":[{"href":"https:\/\/agora.xtec.cat\/ceipmdremei-alcover\/wp-json\/wp\/v2\/media?parent=4389"}],"curies":[{"name":"wp","href":"https:\/\/api.w.org\/{rel}","templated":true}]}}