{"id":4375,"date":"2019-07-02T10:48:51","date_gmt":"2019-07-02T08:48:51","guid":{"rendered":"http:\/\/agora.xtec.cat\/ceipmdremei-alcover\/?page_id=4375"},"modified":"2025-05-12T12:42:25","modified_gmt":"2025-05-12T10:42:25","slug":"padrins-de-lectura","status":"publish","type":"page","link":"https:\/\/agora.xtec.cat\/ceipmdremei-alcover\/projectes-de-centre\/padrins-de-lectura\/","title":{"rendered":"Padrins de Lectura"},"content":{"rendered":"<p>Els \u201cpadrins de lectura\u201d tenen una missi\u00f3 important: acompanyar als seus fillols i filloles en l\u2019aventura del llegir; introduir-los en el m\u00f3n m\u00e0gic dels llibres, de les hist\u00f2ries i de la fantasia, de les lletres i la imaginaci\u00f3. Creen uns lla\u00e7os afectius importants, i aix\u00f2 fa que l\u2019acte de llegir sigui recordat, tant per uns com per altres, com un moment agradable i c\u00e0lid.<\/p>\n<p>Els padrins i padrines s\u00f3n alumnes de 5\u00e8 i 6\u00e8 de Prim\u00e0ria i els \/les seus\/seves fillols\/es s\u00f3n l&#8217;alumnat de I4 i I5 respectivament. Depenent de l\u2019any, cada padr\u00ed\/na t\u00e9 un\/a fillol\/a, o dos.<\/p>\n<p>Les trobades es fan mensualment i utilitzem diferents espais: les aules, passadissos i, si fa bon temps, aprofiem qualsevol raconet exterior.<\/p>\n<p>Abans de la trobada, els\/les padrins\/es, escullen un parell de contes per explicar als seus fillols\/es, els prenen a casa, els llegeixen amb calma i de forma expressiva a diferents membres de la fam\u00edlia.<br \/>\nEn iniciar l\u2019activitat els\/les padrins\/es reben un fullet informatiu de la biblioteca, i un contracte que signaran padrins\/es i tutors: un contracte de comprom\u00eds, perqu\u00e8 aquesta activitat ho \u00e9s un comprom\u00eds, amb els\/les fillols\/es i amb la lectura.<br \/>\nEn finalitzar l\u2019activitat es far\u00e0 un acte de comiat, qu\u00e8 s\u2019acordar\u00e0 entre els tutors\/es dels padrins\/es i els<br \/>\nfillols\/es. Haur\u00e0 de ser un acte de reconeixement, intercanvi d\u2019impressions i emocions.<\/p>\n<p>L\u2019activitat t\u00e9 els objectius seg\u00fcents:<\/p>\n<p style=\"padding-left: 40px;\">\u25aa Millorar el proc\u00e9s lector i motivar l\u2019alumnat en el gust per la lectura.<br \/>\n\u25aa Treballar la lectura en veu alta, l\u2019entonaci\u00f3, l\u2019expressi\u00f3, la comprensi\u00f3 del text&#8230;<br \/>\n\u25aa Educar en la responsabilitat i el comprom\u00eds, establint una relaci\u00f3 de col\u00b7laboraci\u00f3 i ajuda m\u00fatua.<br \/>\n\u25aa Desenvolupar diferents estrat\u00e8gies de lectura.<\/p>\n","protected":false},"excerpt":{"rendered":"<p>Els \u201cpadrins de lectura\u201d tenen una missi\u00f3 important: acompanyar als seus fillols i filloles en l\u2019aventura del llegir; introduir-los en el m\u00f3n m\u00e0gic dels llibres, de les hist\u00f2ries i de la fantasia, de les lletres i la imaginaci\u00f3. Creen uns lla\u00e7os afectius importants, i aix\u00f2 fa que l\u2019acte de llegir sigui recordat, tant per uns [&hellip;]<\/p>\n","protected":false},"author":1,"featured_media":0,"parent":4438,"menu_order":2,"comment_status":"closed","ping_status":"closed","template":"","meta":{"_bbp_topic_count":0,"_bbp_reply_count":0,"_bbp_total_topic_count":0,"_bbp_total_reply_count":0,"_bbp_voice_count":0,"_bbp_anonymous_reply_count":0,"_bbp_topic_count_hidden":0,"_bbp_reply_count_hidden":0,"_bbp_forum_subforum_count":0,"site-sidebar-layout":"default","site-content-layout":"","ast-site-content-layout":"default","site-content-style":"default","site-sidebar-style":"default","ast-global-header-display":"","ast-banner-title-visibility":"","ast-main-header-display":"","ast-hfb-above-header-display":"","ast-hfb-below-header-display":"","ast-hfb-mobile-header-display":"","site-post-title":"","ast-breadcrumbs-content":"","ast-featured-img":"","footer-sml-layout":"","theme-transparent-header-meta":"","adv-header-id-meta":"","stick-header-meta":"","header-above-stick-meta":"","header-main-stick-meta":"","header-below-stick-meta":"","astra-migrate-meta-layouts":"set","ast-page-background-enabled":"default","ast-page-background-meta":{"desktop":{"background-color":"var(--ast-global-color-4)","background-image":"","background-repeat":"repeat","background-position":"center center","background-size":"auto","background-attachment":"scroll","background-type":"","background-media":"","overlay-type":"","overlay-color":"","overlay-opacity":"","overlay-gradient":""},"tablet":{"background-color":"","background-image":"","background-repeat":"repeat","background-position":"center center","background-size":"auto","background-attachment":"scroll","background-type":"","background-media":"","overlay-type":"","overlay-color":"","overlay-opacity":"","overlay-gradient":""},"mobile":{"background-color":"","background-image":"","background-repeat":"repeat","background-position":"center center","background-size":"auto","background-attachment":"scroll","background-type":"","background-media":"","overlay-type":"","overlay-color":"","overlay-opacity":"","overlay-gradient":""}},"ast-content-background-meta":{"desktop":{"background-color":"var(--ast-global-color-5)","background-image":"","background-repeat":"repeat","background-position":"center center","background-size":"auto","background-attachment":"scroll","background-type":"","background-media":"","overlay-type":"","overlay-color":"","overlay-opacity":"","overlay-gradient":""},"tablet":{"background-color":"var(--ast-global-color-5)","background-image":"","background-repeat":"repeat","background-position":"center center","background-size":"auto","background-attachment":"scroll","background-type":"","background-media":"","overlay-type":"","overlay-color":"","overlay-opacity":"","overlay-gradient":""},"mobile":{"background-color":"var(--ast-global-color-5)","background-image":"","background-repeat":"repeat","background-position":"center center","background-size":"auto","background-attachment":"scroll","background-type":"","background-media":"","overlay-type":"","overlay-color":"","overlay-opacity":"","overlay-gradient":""}},"footnotes":""},"class_list":["post-4375","page","type-page","status-publish","hentry"],"post_mailing_queue_ids":[],"_links":{"self":[{"href":"https:\/\/agora.xtec.cat\/ceipmdremei-alcover\/wp-json\/wp\/v2\/pages\/4375","targetHints":{"allow":["GET"]}}],"collection":[{"href":"https:\/\/agora.xtec.cat\/ceipmdremei-alcover\/wp-json\/wp\/v2\/pages"}],"about":[{"href":"https:\/\/agora.xtec.cat\/ceipmdremei-alcover\/wp-json\/wp\/v2\/types\/page"}],"author":[{"embeddable":true,"href":"https:\/\/agora.xtec.cat\/ceipmdremei-alcover\/wp-json\/wp\/v2\/users\/1"}],"replies":[{"embeddable":true,"href":"https:\/\/agora.xtec.cat\/ceipmdremei-alcover\/wp-json\/wp\/v2\/comments?post=4375"}],"version-history":[{"count":6,"href":"https:\/\/agora.xtec.cat\/ceipmdremei-alcover\/wp-json\/wp\/v2\/pages\/4375\/revisions"}],"predecessor-version":[{"id":6060,"href":"https:\/\/agora.xtec.cat\/ceipmdremei-alcover\/wp-json\/wp\/v2\/pages\/4375\/revisions\/6060"}],"up":[{"embeddable":true,"href":"https:\/\/agora.xtec.cat\/ceipmdremei-alcover\/wp-json\/wp\/v2\/pages\/4438"}],"wp:attachment":[{"href":"https:\/\/agora.xtec.cat\/ceipmdremei-alcover\/wp-json\/wp\/v2\/media?parent=4375"}],"curies":[{"name":"wp","href":"https:\/\/api.w.org\/{rel}","templated":true}]}}