{"id":2730,"date":"2017-08-21T22:54:22","date_gmt":"2017-08-21T20:54:22","guid":{"rendered":"http:\/\/agora.xtec.cat\/ceipmdremei-alcover\/?page_id=2730"},"modified":"2025-05-12T12:42:06","modified_gmt":"2025-05-12T10:42:06","slug":"mediacio","status":"publish","type":"page","link":"https:\/\/agora.xtec.cat\/ceipmdremei-alcover\/projectes-de-centre\/mediacio\/","title":{"rendered":"Mediaci\u00f3"},"content":{"rendered":"<p>La mediaci\u00f3 contribueix a regular la conviv\u00e8ncia en el centre desenvolupant actituds i habilitats relacionals positives, prevenint la viol\u00e8ncia, intervenint constructivament enfront dels conflictes i propiciant la reparaci\u00f3 responsable i la reconciliaci\u00f3 entre persones que passen molt de temps juntes. De retruc, la millora en el clima del centre incideix positivament en la resta d\u2019activitats educatives.<\/p>\n<table>\n<tbody>\n<tr>\n<td style=\"border-color: #ffffff;\">\n<h5><span style=\"color: #008080;\"><strong>Qu\u00e8 aporta la mediaci\u00f3 als alumnes?<\/strong><\/span><\/h5>\n<\/td>\n<td style=\"border-color: #ffffff;\"><a href=\"https:\/\/agora.xtec.cat\/ceipmdremei-alcover\/wp-content\/uploads\/usu1073\/2019\/08\/mediacio.gif\"><img loading=\"lazy\" decoding=\"async\" class=\"aligncenter size-full wp-image-4516\" src=\"https:\/\/agora.xtec.cat\/ceipmdremei-alcover\/wp-content\/uploads\/usu1073\/2019\/08\/mediacio.gif\" alt=\"\" width=\"150\" height=\"150\" \/><\/a><\/td>\n<\/tr>\n<\/tbody>\n<\/table>\n<ul>\n<li style=\"list-style-type: none;\">\n<ul style=\"list-style-type: disc;\">\n<li>La mediaci\u00f3 contribueix a la formaci\u00f3 integral dels alumnes.<\/li>\n<li>Ajuda a crear grup i caliu hum\u00e0 en un context d\u2019aula on tothom \u00e9s acceptat.<\/li>\n<li>Afavoreix la construcci\u00f3 d\u2019actituds, valors i normes de manera efectiva i pr\u00e0ctica: no es tracta de dir qu\u00e8 \u00e9s correcte o no, ja que les activitats s\u00f3n participatives i s\u2019utilitzen com a base per a la reflexi\u00f3 i acci\u00f3.<\/li>\n<li>S\u2019apr\u00e8n a defensar les pr\u00f2pies idees (assertivitat), a posar-se en el lloc dels altres (empatia), a tenir en compte els respectius interessos (col\u00b7laborar), a escoltar per comprendre (escolta activa), a pensar (reflexivament, creativament i cr\u00edticament) a implicar-se en la millora del propi entorn (participaci\u00f3 activa), a comprendre, expressar i regular els sentiments (educaci\u00f3 emocional), a defensar els drets de les persones (just\u00edcia social), &#8230;<\/li>\n<li>Les nenes i els nens desenvolupen habilitats per fer front per si mateixos als conflictes que, de manera natural, viuran al llarg de la seva vida.<\/li>\n<\/ul>\n<\/li>\n<\/ul>\n<h5><span style=\"color: #008080;\"><strong>Quines passes segueix la mediaci\u00f3?<\/strong><\/span><\/h5>\n<ol>\n<li style=\"list-style-type: none;\">\n<ol>\n<li>Les parts involucrades en el conflicte exposen el qu\u00e8 ha passat i qu\u00e8 necessiten.<\/li>\n<li>Les parts s\u2019escolten m\u00fatuament. Proposen solucions. S\u2019avaluen les propostes de soluci\u00f3.<\/li>\n<li>Les parts acorden solucions satisfact\u00f2ries i justes per a les dues bandes.<\/li>\n<\/ol>\n<\/li>\n<\/ol>\n","protected":false},"excerpt":{"rendered":"<p>La mediaci\u00f3 contribueix a regular la conviv\u00e8ncia en el centre desenvolupant actituds i habilitats relacionals positives, prevenint la viol\u00e8ncia, intervenint constructivament enfront dels conflictes i propiciant la reparaci\u00f3 responsable i la reconciliaci\u00f3 entre persones que passen molt de temps juntes. De retruc, la millora en el clima del centre incideix positivament en la resta d\u2019activitats [&hellip;]<\/p>\n","protected":false},"author":1,"featured_media":0,"parent":4438,"menu_order":1,"comment_status":"closed","ping_status":"closed","template":"","meta":{"_bbp_topic_count":0,"_bbp_reply_count":0,"_bbp_total_topic_count":0,"_bbp_total_reply_count":0,"_bbp_voice_count":0,"_bbp_anonymous_reply_count":0,"_bbp_topic_count_hidden":0,"_bbp_reply_count_hidden":0,"_bbp_forum_subforum_count":0,"site-sidebar-layout":"default","site-content-layout":"","ast-site-content-layout":"default","site-content-style":"default","site-sidebar-style":"default","ast-global-header-display":"","ast-banner-title-visibility":"","ast-main-header-display":"","ast-hfb-above-header-display":"","ast-hfb-below-header-display":"","ast-hfb-mobile-header-display":"","site-post-title":"","ast-breadcrumbs-content":"","ast-featured-img":"","footer-sml-layout":"","theme-transparent-header-meta":"","adv-header-id-meta":"","stick-header-meta":"","header-above-stick-meta":"","header-main-stick-meta":"","header-below-stick-meta":"","astra-migrate-meta-layouts":"set","ast-page-background-enabled":"default","ast-page-background-meta":{"desktop":{"background-color":"var(--ast-global-color-4)","background-image":"","background-repeat":"repeat","background-position":"center center","background-size":"auto","background-attachment":"scroll","background-type":"","background-media":"","overlay-type":"","overlay-color":"","overlay-opacity":"","overlay-gradient":""},"tablet":{"background-color":"","background-image":"","background-repeat":"repeat","background-position":"center center","background-size":"auto","background-attachment":"scroll","background-type":"","background-media":"","overlay-type":"","overlay-color":"","overlay-opacity":"","overlay-gradient":""},"mobile":{"background-color":"","background-image":"","background-repeat":"repeat","background-position":"center center","background-size":"auto","background-attachment":"scroll","background-type":"","background-media":"","overlay-type":"","overlay-color":"","overlay-opacity":"","overlay-gradient":""}},"ast-content-background-meta":{"desktop":{"background-color":"var(--ast-global-color-5)","background-image":"","background-repeat":"repeat","background-position":"center center","background-size":"auto","background-attachment":"scroll","background-type":"","background-media":"","overlay-type":"","overlay-color":"","overlay-opacity":"","overlay-gradient":""},"tablet":{"background-color":"var(--ast-global-color-5)","background-image":"","background-repeat":"repeat","background-position":"center center","background-size":"auto","background-attachment":"scroll","background-type":"","background-media":"","overlay-type":"","overlay-color":"","overlay-opacity":"","overlay-gradient":""},"mobile":{"background-color":"var(--ast-global-color-5)","background-image":"","background-repeat":"repeat","background-position":"center center","background-size":"auto","background-attachment":"scroll","background-type":"","background-media":"","overlay-type":"","overlay-color":"","overlay-opacity":"","overlay-gradient":""}},"footnotes":""},"class_list":["post-2730","page","type-page","status-publish","hentry"],"post_mailing_queue_ids":[],"_links":{"self":[{"href":"https:\/\/agora.xtec.cat\/ceipmdremei-alcover\/wp-json\/wp\/v2\/pages\/2730","targetHints":{"allow":["GET"]}}],"collection":[{"href":"https:\/\/agora.xtec.cat\/ceipmdremei-alcover\/wp-json\/wp\/v2\/pages"}],"about":[{"href":"https:\/\/agora.xtec.cat\/ceipmdremei-alcover\/wp-json\/wp\/v2\/types\/page"}],"author":[{"embeddable":true,"href":"https:\/\/agora.xtec.cat\/ceipmdremei-alcover\/wp-json\/wp\/v2\/users\/1"}],"replies":[{"embeddable":true,"href":"https:\/\/agora.xtec.cat\/ceipmdremei-alcover\/wp-json\/wp\/v2\/comments?post=2730"}],"version-history":[{"count":4,"href":"https:\/\/agora.xtec.cat\/ceipmdremei-alcover\/wp-json\/wp\/v2\/pages\/2730\/revisions"}],"predecessor-version":[{"id":6059,"href":"https:\/\/agora.xtec.cat\/ceipmdremei-alcover\/wp-json\/wp\/v2\/pages\/2730\/revisions\/6059"}],"up":[{"embeddable":true,"href":"https:\/\/agora.xtec.cat\/ceipmdremei-alcover\/wp-json\/wp\/v2\/pages\/4438"}],"wp:attachment":[{"href":"https:\/\/agora.xtec.cat\/ceipmdremei-alcover\/wp-json\/wp\/v2\/media?parent=2730"}],"curies":[{"name":"wp","href":"https:\/\/api.w.org\/{rel}","templated":true}]}}