{"id":22,"date":"2014-09-18T12:19:57","date_gmt":"2014-09-18T11:19:57","guid":{"rendered":"http:\/\/agora.xtec.cat\/ceipmdremei-alcover\/?page_id=22"},"modified":"2025-04-28T12:11:47","modified_gmt":"2025-04-28T10:11:47","slug":"lescola","status":"publish","type":"page","link":"https:\/\/agora.xtec.cat\/ceipmdremei-alcover\/lescola\/","title":{"rendered":"L&#8217;escola"},"content":{"rendered":"<p style=\"text-align: justify;\">L\u2019Escola Mare de D\u00e9u del Remei es troba situada al carrer <strong>Les Rodes n\u00ba 8 <\/strong>del municipi d\u2019<strong>Alcover<\/strong> a la comarca de l\u2019<strong>Alt Camp.<\/strong><\/p>\n<p style=\"text-align: justify;\">Acull alumnes de la pr\u00f2pia vila i dels municipis de Mont-ral i d\u2019El Mil\u00e0.<\/p>\n<p style=\"text-align: justify;\">La matr\u00edcula per aquest curs 2024\/2025 \u00e9s de 443 alumnes repartits entre 7 aules d\u2019Educaci\u00f3 Infantil i 14 aules d\u2019Educaci\u00f3 Prim\u00e0ria.<\/p>\n<p style=\"text-align: justify;\"><span style=\"font-weight: 400;\">El centre compta amb dues classes d\u2019educaci\u00f3 especial, dues de rob\u00f2tica, dos biblioteques, dues aules de m\u00fasica i dues biblioteques (una a Ed. Infantil i una a Ed.Prim\u00e0ria), una aula de psicomotricitat, aula d\u2019educaci\u00f3 art\u00edstica (pl\u00e0stica) i dues aules de suport; una per fer els mitjos grups d\u2019angl\u00e8s i una per TAC. Tamb\u00e9 comptem amb un pavell\u00f3 a disposici\u00f3 de l&#8217;escola en horari escolar i on es fan extraescolars i servei d\u2019acollida, menjador escolar, 3 aules obertes, una destinada a EAP i CREDA.<\/span><\/p>\n<p style=\"text-align: justify;\">La plantilla de mestres \u00e9s de 37 mestres entre direcci\u00f3, tutors\/es, especialistes i la mestra de religi\u00f3. Tamb\u00e9 comptem amb el suport de la psicopedagoga de l\u2019EAP i una treballadora social de l\u2019EAP. Altres professionals s\u00f3n el logopeda del CREDA, la T\u00e8cnica Especialista d\u2019Educaci\u00f3 Infantil i dues vetlladores.<\/p>\n<p style=\"text-align: justify;\">El model d\u2019escola, que es vol aconseguir, \u00e9s el d\u2019una escola que reuneixi les seg\u00fcents caracter\u00edstiques:<\/p>\n<ul>\n<li><strong>Plural<\/strong>: en idees, religions, \u00e8tnies&#8230;<\/li>\n<li><strong>Democr\u00e0tica:<\/strong>\u00a0en l\u2019activitat de tots els seus \u00f2rgans.<\/li>\n<li><strong>Integradora<\/strong>: buscant mitjans per a la integraci\u00f3 de tots els seus alumnes.<\/li>\n<li><strong>Participativa<\/strong>: en totes les activitats del poble, menys en les de tipus ideol\u00f2gic o pol\u00edtic.<\/li>\n<li><strong>Din\u00e0mica:<\/strong>\u00a0en el treball escolar i administratiu.<\/li>\n<li><strong>Avaluativa<\/strong>: en avaluaci\u00f3 cont\u00ednua del seu treball a fi i efecte de millorar-lo.<\/li>\n<li><strong>Renovadora<\/strong>: adaptant-se a les noves necessitats educatives.<\/li>\n<li style=\"text-align: justify;\">L\u2019objectiu final del centre \u00e9s aconseguir <strong>l\u2019educaci\u00f3 integral<\/strong> dels alumnes. En aquesta educaci\u00f3 hi ha d\u2019haver no nom\u00e9s els aprenentatges curriculars, sin\u00f3 tamb\u00e9 la potenciaci\u00f3 del control de les emocions, l\u2019autoestima, l\u2019autonomia, la toler\u00e0ncia, el respecte a les normes i tots aquells valors que ajudin a un bon desenvolupament de la personalitat de l\u2019alumne a fi i efecte d\u2019aconseguir formar una bona societat.<\/li>\n<\/ul>\n","protected":false},"excerpt":{"rendered":"<p>L\u2019Escola Mare de D\u00e9u del Remei es troba situada al carrer Les Rodes n\u00ba 8 del municipi d\u2019Alcover a la comarca de l\u2019Alt Camp. Acull alumnes de la pr\u00f2pia vila i dels municipis de Mont-ral i d\u2019El Mil\u00e0. La matr\u00edcula per aquest curs 2024\/2025 \u00e9s de 443 alumnes repartits entre 7 aules d\u2019Educaci\u00f3 Infantil i [&hellip;]<\/p>\n","protected":false},"author":1,"featured_media":0,"parent":0,"menu_order":0,"comment_status":"closed","ping_status":"closed","template":"","meta":{"_bbp_topic_count":0,"_bbp_reply_count":0,"_bbp_total_topic_count":0,"_bbp_total_reply_count":0,"_bbp_voice_count":0,"_bbp_anonymous_reply_count":0,"_bbp_topic_count_hidden":0,"_bbp_reply_count_hidden":0,"_bbp_forum_subforum_count":0,"site-sidebar-layout":"default","site-content-layout":"","ast-site-content-layout":"default","site-content-style":"default","site-sidebar-style":"default","ast-global-header-display":"","ast-banner-title-visibility":"","ast-main-header-display":"","ast-hfb-above-header-display":"","ast-hfb-below-header-display":"","ast-hfb-mobile-header-display":"","site-post-title":"","ast-breadcrumbs-content":"","ast-featured-img":"","footer-sml-layout":"","theme-transparent-header-meta":"","adv-header-id-meta":"","stick-header-meta":"","header-above-stick-meta":"","header-main-stick-meta":"","header-below-stick-meta":"","astra-migrate-meta-layouts":"set","ast-page-background-enabled":"default","ast-page-background-meta":{"desktop":{"background-color":"var(--ast-global-color-4)","background-image":"","background-repeat":"repeat","background-position":"center center","background-size":"auto","background-attachment":"scroll","background-type":"","background-media":"","overlay-type":"","overlay-color":"","overlay-opacity":"","overlay-gradient":""},"tablet":{"background-color":"","background-image":"","background-repeat":"repeat","background-position":"center center","background-size":"auto","background-attachment":"scroll","background-type":"","background-media":"","overlay-type":"","overlay-color":"","overlay-opacity":"","overlay-gradient":""},"mobile":{"background-color":"","background-image":"","background-repeat":"repeat","background-position":"center center","background-size":"auto","background-attachment":"scroll","background-type":"","background-media":"","overlay-type":"","overlay-color":"","overlay-opacity":"","overlay-gradient":""}},"ast-content-background-meta":{"desktop":{"background-color":"var(--ast-global-color-5)","background-image":"","background-repeat":"repeat","background-position":"center center","background-size":"auto","background-attachment":"scroll","background-type":"","background-media":"","overlay-type":"","overlay-color":"","overlay-opacity":"","overlay-gradient":""},"tablet":{"background-color":"var(--ast-global-color-5)","background-image":"","background-repeat":"repeat","background-position":"center center","background-size":"auto","background-attachment":"scroll","background-type":"","background-media":"","overlay-type":"","overlay-color":"","overlay-opacity":"","overlay-gradient":""},"mobile":{"background-color":"var(--ast-global-color-5)","background-image":"","background-repeat":"repeat","background-position":"center center","background-size":"auto","background-attachment":"scroll","background-type":"","background-media":"","overlay-type":"","overlay-color":"","overlay-opacity":"","overlay-gradient":""}},"footnotes":""},"class_list":["post-22","page","type-page","status-publish","hentry"],"post_mailing_queue_ids":[],"_links":{"self":[{"href":"https:\/\/agora.xtec.cat\/ceipmdremei-alcover\/wp-json\/wp\/v2\/pages\/22","targetHints":{"allow":["GET"]}}],"collection":[{"href":"https:\/\/agora.xtec.cat\/ceipmdremei-alcover\/wp-json\/wp\/v2\/pages"}],"about":[{"href":"https:\/\/agora.xtec.cat\/ceipmdremei-alcover\/wp-json\/wp\/v2\/types\/page"}],"author":[{"embeddable":true,"href":"https:\/\/agora.xtec.cat\/ceipmdremei-alcover\/wp-json\/wp\/v2\/users\/1"}],"replies":[{"embeddable":true,"href":"https:\/\/agora.xtec.cat\/ceipmdremei-alcover\/wp-json\/wp\/v2\/comments?post=22"}],"version-history":[{"count":5,"href":"https:\/\/agora.xtec.cat\/ceipmdremei-alcover\/wp-json\/wp\/v2\/pages\/22\/revisions"}],"predecessor-version":[{"id":6003,"href":"https:\/\/agora.xtec.cat\/ceipmdremei-alcover\/wp-json\/wp\/v2\/pages\/22\/revisions\/6003"}],"wp:attachment":[{"href":"https:\/\/agora.xtec.cat\/ceipmdremei-alcover\/wp-json\/wp\/v2\/media?parent=22"}],"curies":[{"name":"wp","href":"https:\/\/api.w.org\/{rel}","templated":true}]}}