{"id":80,"date":"2014-09-18T14:09:48","date_gmt":"2014-09-18T13:09:48","guid":{"rendered":"http:\/\/agora.xtec.cat\/ceipmdcandela-valls\/?page_id=80"},"modified":"2025-06-27T09:17:36","modified_gmt":"2025-06-27T07:17:36","slug":"ampa","status":"publish","type":"page","link":"https:\/\/agora.xtec.cat\/ceipmdcandela-valls\/serveis\/ampa\/","title":{"rendered":"AFA"},"content":{"rendered":"<p><a href=\"https:\/\/agora.xtec.cat\/ceipmdcandela-valls\/wp-content\/uploads\/usu705\/2024\/10\/compartir-1.jpg\"><img loading=\"lazy\" decoding=\"async\" class=\"aligncenter size-full wp-image-12503\" src=\"https:\/\/agora.xtec.cat\/ceipmdcandela-valls\/wp-content\/uploads\/usu705\/2024\/10\/compartir-1.jpg\" alt=\"\" width=\"564\" height=\"331\" srcset=\"https:\/\/agora.xtec.cat\/ceipmdcandela-valls\/wp-content\/uploads\/usu705\/2024\/10\/compartir-1.jpg 564w, https:\/\/agora.xtec.cat\/ceipmdcandela-valls\/wp-content\/uploads\/usu705\/2024\/10\/compartir-1-300x176.jpg 300w\" sizes=\"auto, (max-width: 564px) 100vw, 564px\" \/><\/a><\/p>\n<p style=\"text-align: justify;\"><span style=\"font-weight: 400;\"><strong>L\u2019AFA<\/strong> \u00e9s un espai que ens ofereix a totes les fam\u00edlies una oportunitat \u00fanica per participar en la vida del centre educatiu i en l\u2019educaci\u00f3 que reben els nostres fills i filles. El seu funcionament es basa en el di\u00e0leg i en la col\u00b7laboraci\u00f3.<\/span><\/p>\n<p style=\"text-align: justify;\"><span style=\"font-weight: 400;\">El suport de tots els pares i mares \u00e9s fonamental perqu\u00e8 l\u2019associaci\u00f3 sigui m\u00e9s s\u00f2lida i participativa. <\/span><\/p>\n<p style=\"text-align: justify;\"><b>En educaci\u00f3, si les fam\u00edlies s&#8217;impliquen, tothom hi guanya.<\/b><\/p>\n<p style=\"text-align: justify;\"><span style=\"font-weight: 400;\">Hem de participar i treballar plegats en l&#8217;educaci\u00f3 dels nostres fills\/es. Cada petita accio\u0301 que puguem fer te\u0301 una gran importa\u0300ncia. Recordeu, tots sumem!<\/span><\/p>\n<p style=\"text-align: justify;\"><span style=\"font-weight: 400;\">El nostre correu \u00e9s <a href=\"mailto:extraescolars@escolalacandela.cat\" target=\"_blank\" rel=\"noopener\">ampa@escolalacandela.cat<\/a><\/span><span style=\"font-weight: 400;\">\u00a0on podeu escriure&#8217;ns per a:<\/span><\/p>\n<p style=\"text-align: justify;\"><span style=\"font-weight: 400;\">&#8211; col\u00b7laborar o ser voluntaris en alguna activitat o festa<\/span><\/p>\n<p style=\"text-align: justify;\"><span style=\"font-weight: 400;\">&#8211; fer-nos arribar propostes i suggeriments<\/span><\/p>\n<p style=\"text-align: justify;\"><span style=\"font-weight: 400;\">&#8211; donar la vostra opini\u00f3 sobre activitats realitzades<\/span><\/p>\n<p style=\"text-align: justify;\"><span style=\"font-weight: 400;\">Esperem els vostres correus. Els vostres fills\/es us ho agrairan.<\/span><\/p>\n<p style=\"text-align: justify;\"><span style=\"font-weight: 400;\">I recordeu que tenim un pare\/mare delegat\/da de classe que ens informa i ens fa de portaveus a l&#8217;escola.<\/span><\/p>\n<p style=\"text-align: justify;\"><span style=\"font-weight: 400;\">Us desitgem un molt bon curs!<\/span><\/p>\n<p dir=\"ltr\">\u00a0<\/p>\n","protected":false},"excerpt":{"rendered":"<p><a href=\"https:\/\/agora.xtec.cat\/ceipmdcandela-valls\/wp-content\/uploads\/usu705\/2024\/10\/compartir-1.jpg\"><\/a><br \/>\nL\u2019AFA \u00e9s un espai que ens ofereix a totes les fam\u00edlies una oportunitat \u00fanica per participar en la vida del centre educatiu i en l\u2019educaci\u00f3 que reben els nostres fills i filles. El seu funcionament es basa en el di\u00e0leg i en la col\u00b7laboraci\u00f3.<br \/>\nEl&hellip;  <a href=\"https:\/\/agora.xtec.cat\/ceipmdcandela-valls\/serveis\/ampa\/\" title=\"Read AFA\">Llegeix m\u00e9s\u00bb<\/a><\/p>\n","protected":false},"author":1,"featured_media":0,"parent":66,"menu_order":40,"comment_status":"closed","ping_status":"closed","template":"page-templates\/side-menu.php","meta":{"_bbp_topic_count":0,"_bbp_reply_count":0,"_bbp_total_topic_count":0,"_bbp_total_reply_count":0,"_bbp_voice_count":0,"_bbp_anonymous_reply_count":0,"_bbp_topic_count_hidden":0,"_bbp_reply_count_hidden":0,"_bbp_forum_subforum_count":0,"footnotes":""},"class_list":["post-80","page","type-page","status-publish","hentry"],"post_mailing_queue_ids":[],"_links":{"self":[{"href":"https:\/\/agora.xtec.cat\/ceipmdcandela-valls\/wp-json\/wp\/v2\/pages\/80","targetHints":{"allow":["GET"]}}],"collection":[{"href":"https:\/\/agora.xtec.cat\/ceipmdcandela-valls\/wp-json\/wp\/v2\/pages"}],"about":[{"href":"https:\/\/agora.xtec.cat\/ceipmdcandela-valls\/wp-json\/wp\/v2\/types\/page"}],"author":[{"embeddable":true,"href":"https:\/\/agora.xtec.cat\/ceipmdcandela-valls\/wp-json\/wp\/v2\/users\/1"}],"replies":[{"embeddable":true,"href":"https:\/\/agora.xtec.cat\/ceipmdcandela-valls\/wp-json\/wp\/v2\/comments?post=80"}],"version-history":[{"count":7,"href":"https:\/\/agora.xtec.cat\/ceipmdcandela-valls\/wp-json\/wp\/v2\/pages\/80\/revisions"}],"predecessor-version":[{"id":13288,"href":"https:\/\/agora.xtec.cat\/ceipmdcandela-valls\/wp-json\/wp\/v2\/pages\/80\/revisions\/13288"}],"up":[{"embeddable":true,"href":"https:\/\/agora.xtec.cat\/ceipmdcandela-valls\/wp-json\/wp\/v2\/pages\/66"}],"wp:attachment":[{"href":"https:\/\/agora.xtec.cat\/ceipmdcandela-valls\/wp-json\/wp\/v2\/media?parent=80"}],"curies":[{"name":"wp","href":"https:\/\/api.w.org\/{rel}","templated":true}]}}