{"id":71,"date":"2014-09-18T12:44:56","date_gmt":"2014-09-18T11:44:56","guid":{"rendered":"http:\/\/agora.xtec.cat\/ceipmdcandela-valls\/?page_id=71"},"modified":"2026-04-08T12:06:11","modified_gmt":"2026-04-08T10:06:11","slug":"menjador-escolar-2","status":"publish","type":"page","link":"https:\/\/agora.xtec.cat\/ceipmdcandela-valls\/serveis\/menjador-escolar-2\/","title":{"rendered":"Menjador escolar"},"content":{"rendered":"<p>El servei de menjador est\u00e0 gestionat pel Consell Comarcal.<\/p>\n<p style=\"text-align: justify;\">Les fam\u00edlies que vulguin que els seus fills\/es es quedin al menjador, han d&#8217;omplir la fitxa d&#8217;inscripci\u00f3 abans de fer \u00fas del servei.<\/p>\n<p style=\"text-align: justify;\">Els pagaments es realitzaran mensualment mitjan\u00e7ant domiciliaci\u00f3 banc\u00e0ria o carta de pagament, mai en efectiu.<\/p>\n<p>L&#8217;alumnat que es queda espor\u00e0dicament ha d&#8217;avisar per tel\u00e8fon <span style=\"font-family: inherit; font-size: 1em;\">al <\/span><strong style=\"font-family: inherit; font-size: 1em;\">menjador <\/strong><span style=\"font-family: inherit; font-size: 1em;\">a les 8.30h per comunicar a l&#8217;encarregada de la seva assist\u00e8ncia.<\/span><\/p>\n<p>L&#8217;alumnat que no es queda, ha d\u2019avisar per tel\u00e8fon al menjador abans de les <strong>9.30h del mat\u00ed<\/strong>. Quan es torni a quedar, cal tornar a avisar.<\/p>\n<p style=\"font-family: 'Helvetica Neue', Helvetica, Helvetica, Arial, sans-serif; font-size: 16px;\"><a href=\"https:\/\/agora.xtec.cat\/ceipmdcandela-valls\/wp-content\/uploads\/usu705\/2021\/09\/NORMATIVA-MENJADOR-LA-CANDELA.pdf\" target=\"_blank\" rel=\"noopener noreferrer\">Aqu\u00ed<\/a> trobareu la normativa del menjador.<\/p>\n<p>Si voleu mirar el <strong>men\u00fa d&#8217;abril <\/strong><a href=\"https:\/\/agora.xtec.cat\/ceipmdcandela-valls\/wp-content\/uploads\/usu705\/2026\/04\/menu-basal-abril-2026_-la-candela.pdf\">aqu\u00ed. <\/a>Us deixem el <a href=\"https:\/\/agora.xtec.cat\/ceipmdcandela-valls\/wp-content\/uploads\/usu705\/2026\/04\/menu-derivades-abril-2026_-la-candela.pdf\">men\u00fa de derivades<\/a>. En el seg\u00fcent <a href=\"https:\/\/agora.xtec.cat\/ceipmdcandela-valls\/wp-content\/uploads\/usu705\/2025\/03\/ACTIVITATS.pdf\" target=\"_blank\" rel=\"noopener\">enlla\u00e7<\/a> podreu veure un recopilatori d\u2019imatges d\u2019activitats i funcionament del menjador.<\/p>\n<p style=\"text-align: justify;\">Si necessiteu m\u00e9s informaci\u00f3 sobre l&#8217;empresa que porta el menjador escolar clica\u00a0<a href=\"http:\/\/www.alimentart.com\/\" target=\"_blank\" rel=\"noopener noreferrer\">AQU\u00cd.<\/a><\/p>\n<p>Si necessiteu comunicar qualsevol incid\u00e8ncia al menjador, podeu trucar o enviar un watshap al tel\u00e8fon: <strong><span style=\"color: #ff6600;\">674709103 (Imma)<\/span><\/strong><\/p>\n<p style=\"text-align: justify;\"><strong>El PREU dels \u00e0pats del menjador \u00e9s de: 6\u201930 \u20ac si \u00e9s habitual (m\u00ednim 3 dies a la setmana) i 6&#8217;96 \u20ac si \u00e9s espor\u00e0dic\/a.<\/strong><\/p>\n","protected":false},"excerpt":{"rendered":"<p>El servei de menjador est\u00e0 gestionat pel Consell Comarcal.<br \/>\nLes fam\u00edlies que vulguin que els seus fills\/es es quedin al menjador, han d&#8217;omplir la fitxa d&#8217;inscripci\u00f3 abans de fer \u00fas del servei.<br \/>\nEls pagaments es realitzaran mensualment mitjan\u00e7ant domiciliaci\u00f3 banc\u00e0ria o carta de pagament, mai en efectiu.<br \/>\nL&#8217;alumnat&hellip;  <a href=\"https:\/\/agora.xtec.cat\/ceipmdcandela-valls\/serveis\/menjador-escolar-2\/\" title=\"Read Menjador escolar\">Llegeix m\u00e9s\u00bb<\/a><\/p>\n","protected":false},"author":1,"featured_media":0,"parent":66,"menu_order":10,"comment_status":"closed","ping_status":"closed","template":"page-templates\/side-menu.php","meta":{"_bbp_topic_count":0,"_bbp_reply_count":0,"_bbp_total_topic_count":0,"_bbp_total_reply_count":0,"_bbp_voice_count":0,"_bbp_anonymous_reply_count":0,"_bbp_topic_count_hidden":0,"_bbp_reply_count_hidden":0,"_bbp_forum_subforum_count":0,"footnotes":""},"class_list":["post-71","page","type-page","status-publish","hentry"],"post_mailing_queue_ids":[],"_links":{"self":[{"href":"https:\/\/agora.xtec.cat\/ceipmdcandela-valls\/wp-json\/wp\/v2\/pages\/71","targetHints":{"allow":["GET"]}}],"collection":[{"href":"https:\/\/agora.xtec.cat\/ceipmdcandela-valls\/wp-json\/wp\/v2\/pages"}],"about":[{"href":"https:\/\/agora.xtec.cat\/ceipmdcandela-valls\/wp-json\/wp\/v2\/types\/page"}],"author":[{"embeddable":true,"href":"https:\/\/agora.xtec.cat\/ceipmdcandela-valls\/wp-json\/wp\/v2\/users\/1"}],"replies":[{"embeddable":true,"href":"https:\/\/agora.xtec.cat\/ceipmdcandela-valls\/wp-json\/wp\/v2\/comments?post=71"}],"version-history":[{"count":7,"href":"https:\/\/agora.xtec.cat\/ceipmdcandela-valls\/wp-json\/wp\/v2\/pages\/71\/revisions"}],"predecessor-version":[{"id":13780,"href":"https:\/\/agora.xtec.cat\/ceipmdcandela-valls\/wp-json\/wp\/v2\/pages\/71\/revisions\/13780"}],"up":[{"embeddable":true,"href":"https:\/\/agora.xtec.cat\/ceipmdcandela-valls\/wp-json\/wp\/v2\/pages\/66"}],"wp:attachment":[{"href":"https:\/\/agora.xtec.cat\/ceipmdcandela-valls\/wp-json\/wp\/v2\/media?parent=71"}],"curies":[{"name":"wp","href":"https:\/\/api.w.org\/{rel}","templated":true}]}}