{"id":5543,"date":"2019-04-11T16:25:22","date_gmt":"2019-04-11T14:25:22","guid":{"rendered":"http:\/\/agora.xtec.cat\/ceipmdcandela-valls\/?page_id=5543"},"modified":"2019-04-11T16:25:22","modified_gmt":"2019-04-11T14:25:22","slug":"comunicacio-amb-les-families-tokkapp","status":"publish","type":"page","link":"https:\/\/agora.xtec.cat\/ceipmdcandela-valls\/curs-actual\/comunicacio-amb-les-families-tokkapp\/","title":{"rendered":"Comunicaci\u00f3 amb les fam\u00edlies: Tokkapp"},"content":{"rendered":"<p>A l&#8217;escola tenim el canal de comunicaci\u00f3, que ja utilitzen altres escoles i instituts de la nostra ciutat: <a href=\"https:\/\/www.tokappschool.com\/\" target=\"_blank\" rel=\"noopener\">tokapp<\/a><br \/>\nEn els documents que us adjuntem, explica com instal\u00b7lar l&#8217;aplicaci\u00f3 gratu\u00efta en els vostres tel\u00e8fons m\u00f2bils.<br \/>\nSi se us presenta alguna dificultat, podeu passar per l&#8217;escola per tal de resoldre-la.<\/p>\n<p><a href=\"https:\/\/www.tokappschool.com\/\"><img loading=\"lazy\" decoding=\"async\" class=\"aligncenter size-full wp-image-5544\" src=\"https:\/\/agora.xtec.cat\/ceipmdcandela-valls\/wp-content\/uploads\/usu705\/2019\/04\/tokapp.jpg\" alt=\"\" width=\"265\" height=\"256\" \/><\/a><\/p>\n<p>Aqu\u00ed trobareu els documents i la informaci\u00f3 corresponent. Clicant a les imatges se us obrir\u00e0 el document.<\/p>\n<p><a href=\"https:\/\/agora.xtec.cat\/ceipmdcandela-valls\/wp-content\/uploads\/usu705\/2019\/04\/autoritza.pdf\"><img loading=\"lazy\" decoding=\"async\" class=\"alignleft wp-image-5546 size-full\" src=\"https:\/\/agora.xtec.cat\/ceipmdcandela-valls\/wp-content\/uploads\/usu705\/2019\/04\/tokapp-1.jpg\" alt=\"\" width=\"264\" height=\"159\" \/><\/a><a href=\"https:\/\/agora.xtec.cat\/ceipmdcandela-valls\/wp-content\/uploads\/usu705\/2019\/04\/cartell.pdf\"><img loading=\"lazy\" decoding=\"async\" class=\"aligncenter  wp-image-5549\" src=\"https:\/\/agora.xtec.cat\/ceipmdcandela-valls\/wp-content\/uploads\/usu705\/2019\/04\/tokapp-3.jpg\" alt=\"\" width=\"245\" height=\"145\" \/><\/a><\/p>\n<p>&nbsp;<\/p>\n<p><a href=\"https:\/\/agora.xtec.cat\/ceipmdcandela-valls\/wp-content\/uploads\/usu705\/2019\/04\/circular_tokapp.pdf\"><img loading=\"lazy\" decoding=\"async\" class=\"aligncenter wp-image-5556 size-full\" src=\"https:\/\/agora.xtec.cat\/ceipmdcandela-valls\/wp-content\/uploads\/usu705\/2019\/04\/tokapp1.jpg\" alt=\"\" width=\"267\" height=\"153\" \/><\/a><\/p>\n","protected":false},"excerpt":{"rendered":"<p>A l&#8217;escola tenim el canal de comunicaci\u00f3, que ja utilitzen altres escoles i instituts de la nostra ciutat: <a href=\"https:\/\/www.tokappschool.com\/\" target=\"_blank\" rel=\"noopener\">tokapp<\/a><br \/>\nEn els documents que us adjuntem, explica com instal\u00b7lar l&#8217;aplicaci\u00f3 gratu\u00efta en els vostres tel\u00e8fons m\u00f2bils.<br \/>\nSi se us presenta alguna dificultat, podeu passar per&hellip;  <a href=\"https:\/\/agora.xtec.cat\/ceipmdcandela-valls\/curs-actual\/comunicacio-amb-les-families-tokkapp\/\" title=\"Read Comunicaci\u00f3 amb les fam\u00edlies: Tokkapp\">Llegeix m\u00e9s\u00bb<\/a><\/p>\n","protected":false},"author":1,"featured_media":0,"parent":195,"menu_order":0,"comment_status":"closed","ping_status":"closed","template":"","meta":{"_bbp_topic_count":0,"_bbp_reply_count":0,"_bbp_total_topic_count":0,"_bbp_total_reply_count":0,"_bbp_voice_count":0,"_bbp_anonymous_reply_count":0,"_bbp_topic_count_hidden":0,"_bbp_reply_count_hidden":0,"_bbp_forum_subforum_count":0,"footnotes":""},"class_list":["post-5543","page","type-page","status-publish","hentry"],"post_mailing_queue_ids":[],"_links":{"self":[{"href":"https:\/\/agora.xtec.cat\/ceipmdcandela-valls\/wp-json\/wp\/v2\/pages\/5543","targetHints":{"allow":["GET"]}}],"collection":[{"href":"https:\/\/agora.xtec.cat\/ceipmdcandela-valls\/wp-json\/wp\/v2\/pages"}],"about":[{"href":"https:\/\/agora.xtec.cat\/ceipmdcandela-valls\/wp-json\/wp\/v2\/types\/page"}],"author":[{"embeddable":true,"href":"https:\/\/agora.xtec.cat\/ceipmdcandela-valls\/wp-json\/wp\/v2\/users\/1"}],"replies":[{"embeddable":true,"href":"https:\/\/agora.xtec.cat\/ceipmdcandela-valls\/wp-json\/wp\/v2\/comments?post=5543"}],"version-history":[{"count":1,"href":"https:\/\/agora.xtec.cat\/ceipmdcandela-valls\/wp-json\/wp\/v2\/pages\/5543\/revisions"}],"predecessor-version":[{"id":5557,"href":"https:\/\/agora.xtec.cat\/ceipmdcandela-valls\/wp-json\/wp\/v2\/pages\/5543\/revisions\/5557"}],"up":[{"embeddable":true,"href":"https:\/\/agora.xtec.cat\/ceipmdcandela-valls\/wp-json\/wp\/v2\/pages\/195"}],"wp:attachment":[{"href":"https:\/\/agora.xtec.cat\/ceipmdcandela-valls\/wp-json\/wp\/v2\/media?parent=5543"}],"curies":[{"name":"wp","href":"https:\/\/api.w.org\/{rel}","templated":true}]}}