{"id":38,"date":"2014-09-18T12:34:08","date_gmt":"2014-09-18T11:34:08","guid":{"rendered":"http:\/\/agora.xtec.cat\/ceipmdcandela-valls\/?page_id=38"},"modified":"2025-10-07T13:23:30","modified_gmt":"2025-10-07T11:23:30","slug":"equip-huma","status":"publish","type":"page","link":"https:\/\/agora.xtec.cat\/ceipmdcandela-valls\/lescola\/equip-huma\/","title":{"rendered":"Equip hum\u00e0"},"content":{"rendered":"<p><strong>EQUIP DIRECTIU<br \/>\n<\/strong><\/p>\n<table>\n<tbody>\n<tr>\n<td width=\"175\"><strong>DIRECTOR<\/strong><\/td>\n<td width=\"378\">David Castillon<\/td>\n<\/tr>\n<tr>\n<td width=\"175\"><strong>CAP D\u2019ESTUDIS<\/strong><\/td>\n<td width=\"378\">Marta Sancho<\/td>\n<\/tr>\n<tr>\n<td width=\"175\"><strong>SECRET\u00c0RIA<\/strong><\/td>\n<td width=\"378\">Marina Bala\u00f1\u00e0<\/td>\n<\/tr>\n<\/tbody>\n<\/table>\n<p><strong>\u00a0PROFESSORAT<\/strong><\/p>\n<table style=\"height: 372px; width: 64.9368%;\">\n<tbody>\n<tr style=\"height: 31px;\">\n<td style=\"width: 109px; height: 31px;\">I3<\/td>\n<td style=\"width: 366px; height: 31px;\">Laia Campi (tutora) i S\u00edlvia Pi (TEI)<\/td>\n<\/tr>\n<tr style=\"height: 31px;\">\n<td style=\"width: 109px; height: 31px;\">I4<\/td>\n<td style=\"width: 366px; height: 31px;\">Judit Porcel (tutora) \/ Jeny Martin<\/td>\n<\/tr>\n<tr style=\"height: 31px;\">\n<td style=\"width: 109px; height: 31px;\">I5<\/td>\n<td style=\"width: 366px; height: 31px;\">J\u00e9ssica Llagostera (tutora) \/ Marina Bala\u00f1\u00e0 i Alba Mart\u00ednez<\/td>\n<\/tr>\n<tr style=\"height: 31px;\">\n<td style=\"width: 109px; height: 31px;\">TEI<\/td>\n<td style=\"width: 366px; height: 31px;\">S\u00edlvia Pi<\/td>\n<\/tr>\n<tr style=\"height: 31px;\">\n<td style=\"width: 109px; height: 31px;\">1r<\/td>\n<td style=\"width: 366px; height: 31px;\"><span style=\"font-weight: 400;\">Sheila Villalba (tutora) \/ Judith Landa<\/span><\/td>\n<\/tr>\n<tr style=\"height: 31px;\">\n<td style=\"width: 109px; height: 31px;\">2n<\/td>\n<td style=\"width: 366px; height: 31px;\">Betlem Sole (tutora) \/ Fernando Garc\u00eda i David Castillon<\/td>\n<\/tr>\n<tr style=\"height: 31px;\">\n<td style=\"width: 109px; height: 31px;\">3r<\/td>\n<td style=\"width: 366px; height: 31px;\"><span style=\"font-weight: 400;\">Marta Gallego (tutora) \/ Lola Mart\u00edn<\/span><\/td>\n<\/tr>\n<tr style=\"height: 31px;\">\n<td style=\"width: 109px; height: 31px;\">4t<\/td>\n<td style=\"width: 366px; height: 31px;\"><span style=\"font-weight: 400;\">Isabel Iranzo (tutora) \/ Teresa M.Sanahuja<\/span><\/td>\n<\/tr>\n<tr style=\"height: 31px;\">\n<td style=\"width: 109px; height: 31px;\">5\u00e8<\/td>\n<td style=\"width: 366px; height: 31px;\"><span style=\"font-weight: 400;\">H\u00e8lia Rius (tutora) \/ Marta Sancho<\/span><\/td>\n<\/tr>\n<tr style=\"height: 30px;\">\n<td style=\"width: 109px; height: 30px;\">6\u00e8<\/td>\n<td style=\"width: 366px; height: 30px;\"><span style=\"font-weight: 400;\">Assun Bala\u00f1\u00e0 (tutora) \/ Judith Landa<\/span><\/td>\n<\/tr>\n<tr style=\"height: 31px;\">\n<td style=\"width: 109px; height: 31px;\">Suport Mitjans<\/td>\n<td style=\"width: 366px; height: 31px;\">Marta Linares<\/td>\n<\/tr>\n<tr style=\"height: 32px;\">\n<td style=\"width: 109px; height: 32px;\">Suport Grans<\/td>\n<td style=\"width: 366px; height: 32px;\">\u00a0L\u00eddia Pons<\/td>\n<\/tr>\n<\/tbody>\n<\/table>\n<p><strong>\u00a0<\/strong><strong>MESTRES ESPECIALISTES<\/strong><\/p>\n<table style=\"height: 189px; width: 55.3534%;\">\n<tbody>\n<tr style=\"height: 32px;\">\n<td style=\"width: 218px; height: 32px;\">L\u00eddia Pons<\/td>\n<td style=\"width: 257px; height: 32px;\">Educaci\u00f3 F\u00edsica i Psicomotricitat<\/td>\n<\/tr>\n<tr style=\"height: 32px;\">\n<td style=\"width: 218px; height: 32px;\">Marta Linares<\/td>\n<td style=\"width: 257px; height: 32px;\">M\u00fasica i Art<\/td>\n<\/tr>\n<tr style=\"height: 31px;\">\n<td style=\"height: 31px; width: 218px;\">\n<p style=\"font-family: 'Helvetica Neue', Helvetica, Helvetica, Arial, sans-serif; font-size: 14px; background-color: #ffffff;\">Judit Porcel<\/p>\n<p>Lola Mart\u00edn<\/p>\n<p style=\"font-family: 'Helvetica Neue', Helvetica, Helvetica, Arial, sans-serif; font-size: 14px; background-color: #ffffff;\">Marta Gallego<\/p>\n<p>Teresa M. Sanahuja<\/p>\n<\/td>\n<td style=\"height: 31px; width: 257px;\"><span style=\"background-color: #ffffff;\">Angl\u00e8s<\/span><\/td>\n<\/tr>\n<tr style=\"height: 31px;\">\n<td style=\"height: 31px; width: 218px;\">Sheila Villalba<\/td>\n<td style=\"height: 31px; width: 257px;\">Pedagogia terap\u00e8utica<\/td>\n<\/tr>\n<tr style=\"height: 32px;\">\n<td style=\"width: 218px; height: 32px;\">Fernando Garc\u00eda<\/td>\n<td style=\"width: 257px; height: 32px;\">Religi\u00f3<\/td>\n<\/tr>\n<tr style=\"height: 31px;\">\n<td style=\"height: 31px; width: 218px;\">Aroa, Nerea, Margarita i Mar\u00eda Jos\u00e9<\/td>\n<td style=\"height: 31px; width: 257px;\">Vetlladores<\/td>\n<\/tr>\n<\/tbody>\n<\/table>\n<p><strong>\u00a0PAS<\/strong><\/p>\n<table>\n<tbody>\n<tr>\n<td width=\"250\">Quim Crespo<\/td>\n<td width=\"302\">Conserge<\/td>\n<\/tr>\n<tr>\n<td width=\"250\">L\u00eddia Rovira<\/td>\n<td width=\"302\">Auxiliar Administrativa<\/td>\n<\/tr>\n<\/tbody>\n<\/table>\n<p><strong>\u00a0EAP<\/strong><\/p>\n<table>\n<tbody>\n<tr>\n<td style=\"width: 218px;\">Cristina Salmer\u00f3n<\/td>\n<td style=\"width: 257px;\">Psic\u00f2loga EAP<\/td>\n<\/tr>\n<tr>\n<td style=\"width: 218px;\">\u00c0ngela Molina<\/td>\n<td style=\"width: 257px;\">Treballadora Social<\/td>\n<\/tr>\n<tr>\n<td style=\"width: 218px;\">N\u00faria Torn\u00e9<\/td>\n<td style=\"width: 257px;\">Logopeda<\/td>\n<\/tr>\n<\/tbody>\n<\/table>\n<p><strong>\u00a0PERSONAL NETEJA<\/strong><\/p>\n<table>\n<tbody>\n<tr>\n<td width=\"255\">Paqui i Manoli<\/td>\n<td width=\"302\">Personal neteja<\/td>\n<\/tr>\n<\/tbody>\n<\/table>\n<p><strong>\u00a0PERSONAL MENJADOR<\/strong><\/p>\n<table style=\"width: 76.135%; height: 170px;\">\n<tbody>\n<tr style=\"height: 32px;\">\n<td style=\"height: 32px; width: 270.521px;\">Rosa Ricote<\/td>\n<td style=\"height: 32px; width: 286.552px;\">Cuinera<\/td>\n<\/tr>\n<tr style=\"height: 32px;\">\n<td style=\"height: 32px; width: 270.521px;\">Inma Garcia<\/td>\n<td style=\"height: 32px; width: 286.552px;\">Responsable del menjador<\/td>\n<\/tr>\n<tr style=\"height: 32px;\">\n<td style=\"height: 32px; width: 270.521px;\">Jan, Chefi, M\u00f2nica, \u00edngrid i To\u00f1i<\/td>\n<td style=\"height: 32px; width: 286.552px;\">Monitoratge del menjador<\/td>\n<\/tr>\n<tr style=\"height: 32px;\">\n<td style=\"height: 32px; width: 270.521px;\">\u00a0<\/td>\n<td style=\"height: 32px; width: 286.552px;\">\u00a0<\/td>\n<\/tr>\n<tr style=\"height: 32px;\">\n<td style=\"height: 32px; width: 270.521px;\">\u00a0<\/td>\n<td style=\"height: 32px; width: 286.552px;\">\u00a0<\/td>\n<\/tr>\n<tr style=\"height: 10px;\">\n<td style=\"height: 10px; width: 270.521px;\">\u00a0<\/td>\n<td style=\"height: 10px; width: 286.552px;\">\u00a0<\/td>\n<\/tr>\n<\/tbody>\n<\/table>\n","protected":false},"excerpt":{"rendered":"<p>EQUIP DIRECTIU<\/p>\n<p>DIRECTOR<br \/>\nDavid Castillon<\/p>\n<p>CAP D\u2019ESTUDIS<br \/>\nMarta Sancho<\/p>\n<p>SECRET\u00c0RIA<br \/>\nMarina Bala\u00f1\u00e0<\/p>\n<p>\u00a0PROFESSORAT<\/p>\n<p>I3<br \/>\nLaia Campi (tutora) i S\u00edlvia Pi (TEI)<\/p>\n<p>I4<br \/>\nJudit Porcel (tutora) \/ Jeny Martin<\/p>\n<p>I5<br \/>\nJ\u00e9ssica Llagostera (tutora) \/ Marina Bala\u00f1\u00e0 i Alba Mart\u00ednez<\/p>\n<p>TEI<br \/>\nS\u00edlvia Pi<\/p>\n<p>1r<br \/>\nSheila Villalba (tutora) \/ Judith Landa<\/p>\n<p>2n<br \/>\nBetlem Sole (tutora) \/ Fernando Garc\u00eda i David Castillon<\/p>\n<p>3r<br \/>\nMarta Gallego (tutora) \/ Lola Mart\u00edn<\/p>\n<p>4t<br \/>\nIsabel Iranzo&hellip;  <a href=\"https:\/\/agora.xtec.cat\/ceipmdcandela-valls\/lescola\/equip-huma\/\" title=\"Read Equip hum\u00e0\">Llegeix m\u00e9s\u00bb<\/a><\/p>\n","protected":false},"author":1,"featured_media":0,"parent":22,"menu_order":5,"comment_status":"closed","ping_status":"closed","template":"page-templates\/side-menu.php","meta":{"_bbp_topic_count":0,"_bbp_reply_count":0,"_bbp_total_topic_count":0,"_bbp_total_reply_count":0,"_bbp_voice_count":0,"_bbp_anonymous_reply_count":0,"_bbp_topic_count_hidden":0,"_bbp_reply_count_hidden":0,"_bbp_forum_subforum_count":0,"footnotes":""},"class_list":["post-38","page","type-page","status-publish","hentry"],"post_mailing_queue_ids":[],"_links":{"self":[{"href":"https:\/\/agora.xtec.cat\/ceipmdcandela-valls\/wp-json\/wp\/v2\/pages\/38","targetHints":{"allow":["GET"]}}],"collection":[{"href":"https:\/\/agora.xtec.cat\/ceipmdcandela-valls\/wp-json\/wp\/v2\/pages"}],"about":[{"href":"https:\/\/agora.xtec.cat\/ceipmdcandela-valls\/wp-json\/wp\/v2\/types\/page"}],"author":[{"embeddable":true,"href":"https:\/\/agora.xtec.cat\/ceipmdcandela-valls\/wp-json\/wp\/v2\/users\/1"}],"replies":[{"embeddable":true,"href":"https:\/\/agora.xtec.cat\/ceipmdcandela-valls\/wp-json\/wp\/v2\/comments?post=38"}],"version-history":[{"count":6,"href":"https:\/\/agora.xtec.cat\/ceipmdcandela-valls\/wp-json\/wp\/v2\/pages\/38\/revisions"}],"predecessor-version":[{"id":13350,"href":"https:\/\/agora.xtec.cat\/ceipmdcandela-valls\/wp-json\/wp\/v2\/pages\/38\/revisions\/13350"}],"up":[{"embeddable":true,"href":"https:\/\/agora.xtec.cat\/ceipmdcandela-valls\/wp-json\/wp\/v2\/pages\/22"}],"wp:attachment":[{"href":"https:\/\/agora.xtec.cat\/ceipmdcandela-valls\/wp-json\/wp\/v2\/media?parent=38"}],"curies":[{"name":"wp","href":"https:\/\/api.w.org\/{rel}","templated":true}]}}