{"id":36,"date":"2014-09-18T12:33:11","date_gmt":"2014-09-18T11:33:11","guid":{"rendered":"http:\/\/agora.xtec.cat\/ceipmdcandela-valls\/?page_id=36"},"modified":"2023-07-17T13:14:14","modified_gmt":"2023-07-17T11:14:14","slug":"material-escolar","status":"publish","type":"page","link":"https:\/\/agora.xtec.cat\/ceipmdcandela-valls\/curs-actual\/material-escolar\/","title":{"rendered":"Material escolar"},"content":{"rendered":"<p style=\"text-align: justify;\">Descripci\u00f3 i enumeraci\u00f3 del material escolar que els alumnes i fam\u00edlies necessitaran per al nivell educatiu corresponent, \u00e9s recomanable diferenciar les diferents tipologies de material escolar necessari (llibres de text, lectures, dispositius digitals, material de taller, de dibuix\u2026).<\/p>\n<p><span style=\"color: #000000;\"><em><strong>COMUNITAT DELS PETITS:<\/strong><\/em><\/span><\/p>\n<p><a href=\"https:\/\/agora.xtec.cat\/ceipmdcandela-valls\/wp-content\/uploads\/usu705\/2023\/07\/Material-I3_I4_I5.pdf\" target=\"_blank\" rel=\"noopener noreferrer\">Materials I3<\/a><\/p>\n<p><a href=\"https:\/\/agora.xtec.cat\/ceipmdcandela-valls\/wp-content\/uploads\/usu705\/2023\/07\/I3_I4_I5_125E.pdf\" target=\"_blank\" rel=\"noopener noreferrer\">Full de pagament<\/a> d&#8217;I3 per al germ\u00e0 petit de l&#8217;escola.<\/p>\n<p><a href=\"https:\/\/agora.xtec.cat\/ceipmdcandela-valls\/wp-content\/uploads\/usu705\/2023\/07\/I3_I4_I5_150E.pdf\" target=\"_blank\" rel=\"noopener noreferrer\">Full de pagament<\/a> d&#8217;I3 per al germ\u00e0 gran de l&#8217;escola.<\/p>\n<p><a href=\"https:\/\/agora.xtec.cat\/ceipmdcandela-valls\/wp-content\/uploads\/usu705\/2023\/07\/Material-I3_I4_I5.pdf\" target=\"_blank\" rel=\"noopener noreferrer\">Materials I4<\/a><\/p>\n<p><a href=\"https:\/\/agora.xtec.cat\/ceipmdcandela-valls\/wp-content\/uploads\/usu705\/2023\/07\/I3_I4_I5_125E.pdf\" target=\"_blank\" rel=\"noopener noreferrer\">Full de pagament<\/a> d&#8217;I4 per al germ\u00e0 petit de l&#8217;escola<\/p>\n<p><a href=\"https:\/\/agora.xtec.cat\/ceipmdcandela-valls\/wp-content\/uploads\/usu705\/2023\/07\/I3_I4_I5_150E.pdf\" target=\"_blank\" rel=\"noopener noreferrer\">Full de pagament<\/a> d&#8217;I4 germ\u00e0 gran de l&#8217;escola<\/p>\n<p><a href=\"https:\/\/agora.xtec.cat\/ceipmdcandela-valls\/wp-content\/uploads\/usu705\/2023\/07\/Material-I3_I4_I5.pdf\" target=\"_blank\" rel=\"noopener noreferrer\">Materials I5<\/a><\/p>\n<p><a href=\"https:\/\/agora.xtec.cat\/ceipmdcandela-valls\/wp-content\/uploads\/usu705\/2023\/07\/I3_I4_I5_125E.pdf\">Full de pagament<\/a> d&#8217;I5 per al germ\u00e0 petit de l&#8217;escola<\/p>\n<p><a href=\"https:\/\/agora.xtec.cat\/ceipmdcandela-valls\/wp-content\/uploads\/usu705\/2023\/07\/I3_I4_I5_150E.pdf\" target=\"_blank\" rel=\"noopener noreferrer\">Full de pagament<\/a> d&#8217;I5 germ\u00e0 gran de l&#8217;escola<\/p>\n<p><em><strong>COMUNITAT DELS MITJANS:<\/strong><\/em><\/p>\n<p><a href=\"https:\/\/agora.xtec.cat\/ceipmdcandela-valls\/wp-content\/uploads\/usu705\/2023\/07\/LLISTAT-MATERIAL-1r.pdf\" target=\"_blank\" rel=\"attachment noopener wp-att-2654 noreferrer\">Materials 1r<\/a><\/p>\n<p><a href=\"https:\/\/agora.xtec.cat\/ceipmdcandela-valls\/wp-content\/uploads\/usu705\/2023\/07\/1r_2n_125E.pdf\" target=\"_blank\" rel=\"noopener noreferrer\">Full de pagament de 1r <\/a>per al germ\u00e0 petit de l&#8217;escola<\/p>\n<p><a href=\"https:\/\/agora.xtec.cat\/ceipmdcandela-valls\/wp-content\/uploads\/usu705\/2023\/07\/1r_2n_150E.pdf\" target=\"_blank\" rel=\"noopener noreferrer\">Full de pagament<\/a> de 1r germ\u00e0 gran de l&#8217;escola<\/p>\n<p><a href=\"https:\/\/agora.xtec.cat\/ceipmdcandela-valls\/wp-content\/uploads\/usu705\/2023\/07\/LLISTAT-MATERIAL-2n.pdf\" target=\"_blank\" rel=\"noopener noreferrer\">Materials 2n<\/a><\/p>\n<p><a href=\"https:\/\/agora.xtec.cat\/ceipmdcandela-valls\/wp-content\/uploads\/usu705\/2023\/07\/1r_2n_125E.pdf\" target=\"_blank\" rel=\"noopener noreferrer\">Full de pagament<\/a> de 2n per al germ\u00e0 petit de l&#8217;escola<\/p>\n<p><a href=\"https:\/\/agora.xtec.cat\/ceipmdcandela-valls\/wp-content\/uploads\/usu705\/2023\/07\/1r_2n_150E.pdf\" target=\"_blank\" rel=\"noopener noreferrer\">Full de pagament<\/a> de 2n germ\u00e0 gran de l&#8217;escola<\/p>\n<p><a href=\"https:\/\/agora.xtec.cat\/ceipmdcandela-valls\/wp-content\/uploads\/usu705\/2023\/07\/LLISTAT-MATERIAL-3r.pdf\" target=\"_blank\" rel=\"noopener noreferrer\">Materials 3r<\/a><\/p>\n<p><a href=\"https:\/\/agora.xtec.cat\/ceipmdcandela-valls\/wp-content\/uploads\/usu705\/2023\/07\/3r_125E.pdf\" target=\"_blank\" rel=\"noopener noreferrer\">Full de pagament<\/a> de 3r per al germ\u00e0 petit de l&#8217;escola<\/p>\n<p><a href=\"https:\/\/agora.xtec.cat\/ceipmdcandela-valls\/wp-content\/uploads\/usu705\/2023\/07\/3r_150E-.pdf\" target=\"_blank\" rel=\"noopener noreferrer\">Full de pagament<\/a> de 3r germ\u00e0 gran de l&#8217;escola<\/p>\n<p><em><strong>COMUNITAT DELS GRANS:<\/strong><\/em><\/p>\n<p><a href=\"https:\/\/agora.xtec.cat\/ceipmdcandela-valls\/wp-content\/uploads\/usu705\/2023\/07\/Llistat-material-4t.pdf\" target=\"_blank\" rel=\"noopener noreferrer\">Llistat material 4t<\/a><\/p>\n<p><a href=\"https:\/\/agora.xtec.cat\/ceipmdcandela-valls\/wp-content\/uploads\/usu705\/2023\/07\/Llistat-material-5e.pdf\" target=\"_blank\" rel=\"noopener noreferrer\">Llistat material 5\u00e8 <\/a><\/p>\n<p><a href=\"https:\/\/agora.xtec.cat\/ceipmdcandela-valls\/wp-content\/uploads\/usu705\/2023\/07\/Llistat-material-6e.pdf\" target=\"_blank\" rel=\"noopener noreferrer\">Llistat material 6\u00e8<\/a><\/p>\n<p><a href=\"https:\/\/agora.xtec.cat\/ceipmdcandela-valls\/wp-content\/uploads\/usu705\/2023\/07\/4T_5e_6e_125E.pdf\" target=\"_blank\" rel=\"noopener noreferrer\">Full de pagament<\/a> de 4t per al germ\u00e0 petit de l&#8217;escola<\/p>\n<p><a href=\"https:\/\/agora.xtec.cat\/ceipmdcandela-valls\/wp-content\/uploads\/usu705\/2023\/07\/4t_5e_6e_150E.pdf\" target=\"_blank\" rel=\"noopener noreferrer\">Full de pagament<\/a> de 4t germ\u00e0 gran de l&#8217;escola<\/p>\n<p><a href=\"https:\/\/agora.xtec.cat\/ceipmdcandela-valls\/wp-content\/uploads\/usu705\/2023\/07\/4T_5e_6e_125E.pdf\" target=\"_blank\" rel=\"noopener noreferrer\">Full de pagament<\/a> de 5\u00e8 per al germ\u00e0 petit de l&#8217;escola<\/p>\n<p><a href=\"https:\/\/agora.xtec.cat\/ceipmdcandela-valls\/wp-content\/uploads\/usu705\/2023\/07\/4t_5e_6e_150E.pdf\" target=\"_blank\" rel=\"noopener noreferrer\">Full de pagament<\/a> de 5\u00e8 germ\u00e0 gran de l&#8217;escola<\/p>\n<p><a href=\"https:\/\/agora.xtec.cat\/ceipmdcandela-valls\/wp-content\/uploads\/usu705\/2023\/07\/4t_5e_6e_150E.pdf\" target=\"_blank\" rel=\"noopener noreferrer\">Full de pagament<\/a> de 6\u00e8 germ\u00e0 gran de l&#8217;escola<\/p>\n<p style=\"text-align: justify;\">Si hi ha algun dubte de com fer els pagaments, podeu consultar el seg\u00fcent document on s&#8217;explica pas a pas.<\/p>\n<p><a href=\"https:\/\/agora.xtec.cat\/ceipmdcandela-valls\/wp-content\/uploads\/usu705\/2018\/10\/Guia-pas-a-pas-amb-els-caixer-de-Caixabank.doc\" target=\"_blank\" rel=\"noopener noreferrer\">Pas a pas pagaments<\/a><\/p>\n","protected":false},"excerpt":{"rendered":"<p>Descripci\u00f3 i enumeraci\u00f3 del material escolar que els alumnes i fam\u00edlies necessitaran per al nivell educatiu corresponent, \u00e9s recomanable diferenciar les diferents tipologies de material escolar necessari (llibres de text, lectures, dispositius digitals, material de taller, de dibuix\u2026).<br \/>\nCOMUNITAT DELS PETITS:<br \/>\n<a href=\"https:\/\/agora.xtec.cat\/ceipmdcandela-valls\/wp-content\/uploads\/usu705\/2023\/07\/Material-I3_I4_I5.pdf\" target=\"_blank\" rel=\"noopener noreferrer\">Materials I3<\/a><br \/>\n<a&hellip;  <a href=\"https:\/\/agora.xtec.cat\/ceipmdcandela-valls\/curs-actual\/material-escolar\/\" title=\"Read Material escolar\">Llegeix m\u00e9s\u00bb<\/a><\/p>\n","protected":false},"author":1,"featured_media":0,"parent":195,"menu_order":8,"comment_status":"closed","ping_status":"closed","template":"page-templates\/side-menu.php","meta":{"_bbp_topic_count":0,"_bbp_reply_count":0,"_bbp_total_topic_count":0,"_bbp_total_reply_count":0,"_bbp_voice_count":0,"_bbp_anonymous_reply_count":0,"_bbp_topic_count_hidden":0,"_bbp_reply_count_hidden":0,"_bbp_forum_subforum_count":0,"footnotes":""},"class_list":["post-36","page","type-page","status-publish","hentry"],"post_mailing_queue_ids":[],"_links":{"self":[{"href":"https:\/\/agora.xtec.cat\/ceipmdcandela-valls\/wp-json\/wp\/v2\/pages\/36","targetHints":{"allow":["GET"]}}],"collection":[{"href":"https:\/\/agora.xtec.cat\/ceipmdcandela-valls\/wp-json\/wp\/v2\/pages"}],"about":[{"href":"https:\/\/agora.xtec.cat\/ceipmdcandela-valls\/wp-json\/wp\/v2\/types\/page"}],"author":[{"embeddable":true,"href":"https:\/\/agora.xtec.cat\/ceipmdcandela-valls\/wp-json\/wp\/v2\/users\/1"}],"replies":[{"embeddable":true,"href":"https:\/\/agora.xtec.cat\/ceipmdcandela-valls\/wp-json\/wp\/v2\/comments?post=36"}],"version-history":[{"count":3,"href":"https:\/\/agora.xtec.cat\/ceipmdcandela-valls\/wp-json\/wp\/v2\/pages\/36\/revisions"}],"predecessor-version":[{"id":11426,"href":"https:\/\/agora.xtec.cat\/ceipmdcandela-valls\/wp-json\/wp\/v2\/pages\/36\/revisions\/11426"}],"up":[{"embeddable":true,"href":"https:\/\/agora.xtec.cat\/ceipmdcandela-valls\/wp-json\/wp\/v2\/pages\/195"}],"wp:attachment":[{"href":"https:\/\/agora.xtec.cat\/ceipmdcandela-valls\/wp-json\/wp\/v2\/media?parent=36"}],"curies":[{"name":"wp","href":"https:\/\/api.w.org\/{rel}","templated":true}]}}