{"id":28,"date":"2014-09-18T12:29:35","date_gmt":"2014-09-18T11:29:35","guid":{"rendered":"http:\/\/agora.xtec.cat\/ceipmdcandela-valls\/?page_id=28"},"modified":"2024-09-23T13:29:38","modified_gmt":"2024-09-23T11:29:38","slug":"consell-escolar","status":"publish","type":"page","link":"https:\/\/agora.xtec.cat\/ceipmdcandela-valls\/lescola\/consell-escolar\/","title":{"rendered":"Consell Escolar"},"content":{"rendered":"<p><strong>Composici\u00f3 Consell Escolar<\/strong><\/p>\n<p>L&#8217;actual Consell Escolar es va constituir el desembre de 2021.<br \/>\n\u00a0<\/p>\n<table>\n<tbody>\n<tr>\n<td width=\"180\">DIRECTOR<\/td>\n<td colspan=\"2\" width=\"213\">David Castillon\u00a0<\/td>\n<\/tr>\n<tr>\n<td width=\"180\">CAP D\u201fESTUDIS<\/td>\n<td colspan=\"2\" width=\"213\">Marta Sancho<\/td>\n<\/tr>\n<tr>\n<td width=\"180\">SECRET\u00c0RIA<\/td>\n<td colspan=\"2\" width=\"213\">Marina Bala\u00f1\u00e0<\/td>\n<\/tr>\n<tr>\n<td rowspan=\"3\" width=\"180\">REPRESENTANTS MESTRES<\/td>\n<td width=\"213\">Marta Gallego<\/td>\n<td width=\"224\">Isabel Iranzo<\/td>\n<\/tr>\n<tr>\n<td width=\"213\">Betlem Sol\u00e9<\/td>\n<td width=\"224\">Jenifer Mart\u00edn<\/td>\n<\/tr>\n<tr>\n<td width=\"213\">Marta Linares<\/td>\n<td width=\"224\">L\u00eddia Pons<\/td>\n<\/tr>\n<tr>\n<td rowspan=\"3\" width=\"180\">REPRESENTANTS DE PARES\/MARES<\/td>\n<td width=\"213\">Ionela Ramona Badea<\/td>\n<td width=\"224\">Hajar Hammachi<\/td>\n<\/tr>\n<tr>\n<td width=\"213\">Jordi Ferrer<\/td>\n<td width=\"224\">Filippo D&#8217;Angeli<\/td>\n<\/tr>\n<tr>\n<td width=\"213\">Ester Tous<\/td>\n<td width=\"224\">Jofre Llagostera<\/td>\n<\/tr>\n<tr>\n<td width=\"180\">REPRESENTANT PAS<\/td>\n<td colspan=\"2\" width=\"438\">S\u00edlvia Pi<\/td>\n<\/tr>\n<tr>\n<td width=\"180\">REPRE. AJUNTAMENT<\/td>\n<td colspan=\"2\" width=\"438\">Teresa Rull<\/td>\n<\/tr>\n<\/tbody>\n<\/table>\n<p>Les vacants produ\u00efdes del sector pares i mares seran cobertes pels candidats votats en les \u00faltimes eleccions, o si es el cas, per les noves eleccions.<\/p>\n<p>Les reunions del Consell Escolar es realitzaran el dimecres a les 4.45 h.<\/p>\n<p><strong>Funcions del consell escolar<\/strong><\/p>\n<ul>\n<li>Participar en l&#8217;aprovaci\u00f3 del projecte educatiu i les seves modificacions. El consell escolar ha de ser consultat pel director de manera preceptiva per valorar la proposta del projecte educatiu i manifestar el seu suport amb una majoria de les tres cinquenes parts dels membres.<\/li>\n<li>Participar en l&#8217;aprovaci\u00f3 de la programaci\u00f3 general anual, de les normes de funcionament i de la gesti\u00f3 econ\u00f2mica del centre. El consell escolar ha de ser consultat de manera preceptiva per valorar cada una de les propostes i manifestar el seu suport per majoria simple dels membres.<\/li>\n<li>Avaluar l&#8217;aplicaci\u00f3 del projecte educatiu i de les seves modificacions aix\u00ed com de la resta de documents de gesti\u00f3 del centre.<\/li>\n<li>Aprovar les propostes d&#8217;acords de coresponsabilitat, convenis i altres acords de col\u00b7laboraci\u00f3 del centre amb entitats i institucions.<\/li>\n<li>Intervenir en el procediment d&#8217;admissi\u00f3 d&#8217;alumnes.<\/li>\n<li>Participar en el procediment de selecci\u00f3 i en la proposta de cessament del director o directora.<\/li>\n<li>Intervenir en la resoluci\u00f3 dels conflictes i, si escau, revisar les sancions als alumnes.<\/li>\n<li>Aprovar les directrius per a la programaci\u00f3 d&#8217;activitats escolars complement\u00e0ries i d&#8217;activitats extraescolars, i avaluar-ne el desenvolupament.<\/li>\n<li>Participar en les an\u00e0lisis i les avaluacions del funcionament general del centre i con\u00e8ixer l&#8217;evoluci\u00f3 del rendiment escolar.<\/li>\n<li>Aprovar els criteris de col\u00b7laboraci\u00f3 amb altres centres i amb l&#8217;entorn.<\/li>\n<li>Qualsevol altre que li sigui atribu\u00efda per les normes legals o reglament\u00e0ries.<\/li>\n<\/ul>\n","protected":false},"excerpt":{"rendered":"<p>Composici\u00f3 Consell Escolar<br \/>\nL&#8217;actual Consell Escolar es va constituir el desembre de 2021.<br \/>\n\u00a0<\/p>\n<p>DIRECTOR<br \/>\nDavid Castillon\u00a0<\/p>\n<p>CAP D\u201fESTUDIS<br \/>\nMarta Sancho<\/p>\n<p>SECRET\u00c0RIA<br \/>\nMarina Bala\u00f1\u00e0<\/p>\n<p>REPRESENTANTS MESTRES<br \/>\nMarta Gallego<br \/>\nIsabel Iranzo<\/p>\n<p>Betlem Sol\u00e9<br \/>\nJenifer Mart\u00edn<\/p>\n<p>Marta Linares<br \/>\nL\u00eddia Pons<\/p>\n<p>REPRESENTANTS DE PARES\/MARES<br \/>\nIonela Ramona Badea<br \/>\nHajar Hammachi<\/p>\n<p>Jordi Ferrer<br \/>\nFilippo D&#8217;Angeli<\/p>\n<p>Ester Tous<br \/>\nJofre Llagostera<\/p>\n<p>REPRESENTANT PAS<br \/>\nS\u00edlvia Pi<\/p>\n<p>REPRE. AJUNTAMENT<br \/>\nTeresa Rull<\/p>\n<p>Les vacants produ\u00efdes del sector pares i mares seran cobertes&hellip;  <a href=\"https:\/\/agora.xtec.cat\/ceipmdcandela-valls\/lescola\/consell-escolar\/\" title=\"Read Consell Escolar\">Llegeix m\u00e9s\u00bb<\/a><\/p>\n","protected":false},"author":1,"featured_media":0,"parent":22,"menu_order":7,"comment_status":"closed","ping_status":"closed","template":"page-templates\/side-menu.php","meta":{"_bbp_topic_count":0,"_bbp_reply_count":0,"_bbp_total_topic_count":0,"_bbp_total_reply_count":0,"_bbp_voice_count":0,"_bbp_anonymous_reply_count":0,"_bbp_topic_count_hidden":0,"_bbp_reply_count_hidden":0,"_bbp_forum_subforum_count":0,"footnotes":""},"class_list":["post-28","page","type-page","status-publish","hentry"],"post_mailing_queue_ids":[],"_links":{"self":[{"href":"https:\/\/agora.xtec.cat\/ceipmdcandela-valls\/wp-json\/wp\/v2\/pages\/28","targetHints":{"allow":["GET"]}}],"collection":[{"href":"https:\/\/agora.xtec.cat\/ceipmdcandela-valls\/wp-json\/wp\/v2\/pages"}],"about":[{"href":"https:\/\/agora.xtec.cat\/ceipmdcandela-valls\/wp-json\/wp\/v2\/types\/page"}],"author":[{"embeddable":true,"href":"https:\/\/agora.xtec.cat\/ceipmdcandela-valls\/wp-json\/wp\/v2\/users\/1"}],"replies":[{"embeddable":true,"href":"https:\/\/agora.xtec.cat\/ceipmdcandela-valls\/wp-json\/wp\/v2\/comments?post=28"}],"version-history":[{"count":6,"href":"https:\/\/agora.xtec.cat\/ceipmdcandela-valls\/wp-json\/wp\/v2\/pages\/28\/revisions"}],"predecessor-version":[{"id":12450,"href":"https:\/\/agora.xtec.cat\/ceipmdcandela-valls\/wp-json\/wp\/v2\/pages\/28\/revisions\/12450"}],"up":[{"embeddable":true,"href":"https:\/\/agora.xtec.cat\/ceipmdcandela-valls\/wp-json\/wp\/v2\/pages\/22"}],"wp:attachment":[{"href":"https:\/\/agora.xtec.cat\/ceipmdcandela-valls\/wp-json\/wp\/v2\/media?parent=28"}],"curies":[{"name":"wp","href":"https:\/\/api.w.org\/{rel}","templated":true}]}}