{"id":268,"date":"2016-01-18T09:14:39","date_gmt":"2016-01-18T08:14:39","guid":{"rendered":"http:\/\/agora.xtec.cat\/ceipmdcandela-valls\/?page_id=268"},"modified":"2025-06-30T09:40:06","modified_gmt":"2025-06-30T07:40:06","slug":"festa-fi-de-curs","status":"publish","type":"page","link":"https:\/\/agora.xtec.cat\/ceipmdcandela-valls\/activitats-i-festes\/festa-fi-de-curs\/","title":{"rendered":"Festa fi de curs"},"content":{"rendered":"<p>Quina festa fi de curs m\u00e9s intensa i llu\u00efda que hem tingut, hem gaudit molt\u00edssim de totes les activitats que s&#8217;han organitzat. Ens els enlla\u00e7os que anirem trobant a continuaci\u00f3, podrem veure les fotografies dels actes.<\/p>\n<p><strong>Dijous 5<\/strong><\/p>\n<p>L&#8217;alumnat de la Comunitat de Grans vam anar al <a href=\"https:\/\/photos.app.goo.gl\/GjBJX8sHNzTpR4Lw8\" target=\"_blank\" rel=\"noopener\">Tibidabo<\/a>.<\/p>\n<p><strong>Divendres 13<\/strong><\/p>\n<p>Un dels moments m\u00e9s esperats i desitjats va ser el del sopar de fi de curs. Quin goig que feia el pati de l&#8217;escola amb tanta gent, la comunitat candelera \u00e9s molt TOP!!! Poder gaudir d&#8217;una vetllada amb tantes persones, fa que tot el que es fa a l&#8217;escola tingui un sentit especial i emocional.\u00a0<\/p>\n<p>Abans es va celebrar el<a href=\"https:\/\/photos.app.goo.gl\/Cii8KvGQTw7BVD4t6\" target=\"_blank\" rel=\"noopener\"> comiat a l&#8217;alumnat de 6\u00e8<\/a> on les fam\u00edlies, alumnat i professorat va gaudir d&#8217;una acte tan especial i emotiu.\u00a0En finalitzar el sopar, l&#8217;alumnat i alguna mestra volunt\u00e0ria es van quedar a dormir a l&#8217;escola. Pel mat\u00ed, les fam\u00edlies van obsequiar la despertada amb un sabor\u00f3s esmorzar.<\/p>\n<p><strong>Dilluns 16<\/strong><\/p>\n<p>La <a href=\"https:\/\/photos.app.goo.gl\/E8unTunrxepLHvPx6\" target=\"_blank\" rel=\"noopener\">gimcana a Mas Miquel<\/a> va ser un moment per retrobar-nos la Comunitat de Mitjans i Grans, podent realitzar una activitat conjunta, relacionant-se alumnat de diferents edats per aconseguir un objectiu com\u00fa.\u00a0\u00a0<\/p>\n<p><strong>Dimarts 17<\/strong><\/p>\n<p>L&#8217;alumnat de la Comunitat de Grans ens vam despla\u00e7ar fins a les instal\u00b7lacions del Vilar per realitzar unes <a href=\"https:\/\/photos.app.goo.gl\/9HhLmJ8MazLYtRgeA\" target=\"_blank\" rel=\"noopener\">lligues esportives<\/a> de futbol, b\u00e0squet i hoquei.\u00a0<\/p>\n<p><strong>Dimecres 18<\/strong><\/p>\n<p>L&#8217;escola es va transportar al Vilar per realitzar una jornada esportiva l\u00fadica, on les ganes de passar-s&#8217;ho molt b\u00e9 va ser l&#8217;aspecte predominant. Jocs esportius, d&#8217;habilitat, de cooperaci\u00f3,&#8230; un ventall ampli per gaudir fent esport.<\/p>\n<p><a href=\"https:\/\/photos.app.goo.gl\/JKR6bBGsoQddCUiS9\">Jornada Esportiva<\/a><\/p>\n<p><strong>Dijous 19<\/strong><\/p>\n<p>L&#8217;alumnat de 6\u00e8 va ser el protagonista de <a href=\"https:\/\/photos.app.goo.gl\/erDPxszzbrdFqpn98\" target=\"_blank\" rel=\"noopener\">Mestres per un dia<\/a>, una activitat organitzada i dirigida per ells\/es. L&#8217;alumnat de tota l&#8217;escola va realitzar els tallers preparats per l&#8217;ocasi\u00f3, n\u00b4hi havia d&#8217;esportius, manipulatius, amb prou varietat per no avorrir-se ni un moment.<\/p>\n<p><strong>Divendres 2o<\/strong><\/p>\n<p>\u00daltim dia de curs amb diferents actes preparats. Els partits de futbol i de b\u00e0squet entre l&#8217;alumnat de 6\u00e8 i el professorat van iniciar el dia, l&#8217;esportivitat i el bon rotllo va estar present en tot moment. Despr\u00e9s dels partits vam poder gaudir de la festa de l&#8217;escuma i el tradicional pica &#8211; pica a les aules per agafar forces i acomiadar l&#8217;alumnat de 6\u00e8. Quina gran diada!<\/p>\n","protected":false},"excerpt":{"rendered":"<p>Quina festa fi de curs m\u00e9s intensa i llu\u00efda que hem tingut, hem gaudit molt\u00edssim de totes les activitats que s&#8217;han organitzat. Ens els enlla\u00e7os que anirem trobant a continuaci\u00f3, podrem veure les fotografies dels actes.<br \/>\nDijous 5<br \/>\nL&#8217;alumnat de la Comunitat de Grans vam anar al&hellip;  <a href=\"https:\/\/agora.xtec.cat\/ceipmdcandela-valls\/activitats-i-festes\/festa-fi-de-curs\/\" title=\"Read Festa fi de curs\">Llegeix m\u00e9s\u00bb<\/a><\/p>\n","protected":false},"author":1,"featured_media":0,"parent":251,"menu_order":0,"comment_status":"closed","ping_status":"closed","template":"page-templates\/side-menu.php","meta":{"_bbp_topic_count":0,"_bbp_reply_count":0,"_bbp_total_topic_count":0,"_bbp_total_reply_count":0,"_bbp_voice_count":0,"_bbp_anonymous_reply_count":0,"_bbp_topic_count_hidden":0,"_bbp_reply_count_hidden":0,"_bbp_forum_subforum_count":0,"footnotes":""},"class_list":["post-268","page","type-page","status-publish","hentry"],"post_mailing_queue_ids":[],"_links":{"self":[{"href":"https:\/\/agora.xtec.cat\/ceipmdcandela-valls\/wp-json\/wp\/v2\/pages\/268","targetHints":{"allow":["GET"]}}],"collection":[{"href":"https:\/\/agora.xtec.cat\/ceipmdcandela-valls\/wp-json\/wp\/v2\/pages"}],"about":[{"href":"https:\/\/agora.xtec.cat\/ceipmdcandela-valls\/wp-json\/wp\/v2\/types\/page"}],"author":[{"embeddable":true,"href":"https:\/\/agora.xtec.cat\/ceipmdcandela-valls\/wp-json\/wp\/v2\/users\/1"}],"replies":[{"embeddable":true,"href":"https:\/\/agora.xtec.cat\/ceipmdcandela-valls\/wp-json\/wp\/v2\/comments?post=268"}],"version-history":[{"count":6,"href":"https:\/\/agora.xtec.cat\/ceipmdcandela-valls\/wp-json\/wp\/v2\/pages\/268\/revisions"}],"predecessor-version":[{"id":13295,"href":"https:\/\/agora.xtec.cat\/ceipmdcandela-valls\/wp-json\/wp\/v2\/pages\/268\/revisions\/13295"}],"up":[{"embeddable":true,"href":"https:\/\/agora.xtec.cat\/ceipmdcandela-valls\/wp-json\/wp\/v2\/pages\/251"}],"wp:attachment":[{"href":"https:\/\/agora.xtec.cat\/ceipmdcandela-valls\/wp-json\/wp\/v2\/media?parent=268"}],"curies":[{"name":"wp","href":"https:\/\/api.w.org\/{rel}","templated":true}]}}