{"id":262,"date":"2016-01-18T09:13:41","date_gmt":"2016-01-18T08:13:41","guid":{"rendered":"http:\/\/agora.xtec.cat\/ceipmdcandela-valls\/?page_id=262"},"modified":"2026-02-19T11:42:43","modified_gmt":"2026-02-19T10:42:43","slug":"carnaval","status":"publish","type":"page","link":"https:\/\/agora.xtec.cat\/ceipmdcandela-valls\/activitats-i-festes\/carnaval\/","title":{"rendered":"Carnaval"},"content":{"rendered":"<p style=\"text-align: justify;\">No patiu, perqu\u00e8 el Candestoltes ha arribat! La finestra del terrat ben oberta li hem deixat, perqu\u00e8 reina de la disbauxa i de les poca soltes <span style=\"font-family: inherit; font-size: 1em;\">com \u00e9s, no podia passar de llarg de la nostra escola on tant gaudeix!<\/span><\/p>\n<pre style=\"text-align: justify;\">Ben animat, emocionat i emmascarat,\r\n<img loading=\"lazy\" decoding=\"async\" class=\"size-full wp-image-8616 alignright\" src=\"https:\/\/agora.xtec.cat\/ceipmdcandela-valls\/wp-content\/uploads\/usu705\/2021\/02\/066dceca6086021ee24a2adc645a9146.gif\" alt=\"\" width=\"300\" height=\"321\" \/>\r\nen Candestoltes ens ha vingut a visitar!\r\n\r\nD'energia no n'hi ha faltat\r\n\r\ni per la pista energia amb tothom ha saltat.\r\n\r\nNo se'n descuida mai de venir\r\n\r\nper fer-nos a tothom gaudir!!!\r\n\r\nAmb molta alegria el discurs ha recitat\r\n\r\ni a tothom ben retratat ha deixat!!!\r\n\r\nAi, Candeler@s, que en sou de privilegiats!\r\n\r\nel Candestoltes, ja us ha calat, i festa grossa us ha preparat\r\n\r\namb les ordres ha aparegut i el xou ja ha comen\u00e7at!!!\r\n\r\nPrepareu per <strong>dilluns<\/strong> la roba de pares i de mares!\r\n<strong>Dimarts<\/strong>, un pentinat esbojarrat.\r\n<strong>Dimecres<\/strong>, un mitj\u00f3 de cada color.\r\n<strong>Dijous<\/strong>, el pijama de casa posat.\r\nI <strong>divendres<\/strong>... ARTISTES: EL CARRER \u00c9S VOSTRE!!! <strong>La disfressa d'artist\u00e0s o artistassa!\r\n<\/strong>\r\nQue comenci la rauxa, la festa i les ganes de ballar!\r\n\r\n\r\nAqu\u00ed us deixem els enlla\u00e7os als diferents \u00e0lbums de fotografies d'aquesta setmana tan animada.\r\n\r\n<a href=\"https:\/\/photos.app.goo.gl\/mbMSwbh72S3wG6WW7\">Arribada Candestoltes<\/a>\r\n<a href=\"https:\/\/photos.app.goo.gl\/hCXvTPDPLLJPRh857\">Fotos de la rua<\/a> \r\n<a href=\"https:\/\/photos.app.goo.gl\/rn7BFUSxFUckZ8wJ7\">Acomiadem en Candestoltes\r\n<\/a><\/pre>\n","protected":false},"excerpt":{"rendered":"<p>No patiu, perqu\u00e8 el Candestoltes ha arribat! La finestra del terrat ben oberta li hem deixat, perqu\u00e8 reina de la disbauxa i de les poca soltes com \u00e9s, no podia passar de llarg de la nostra escola on tant gaudeix!<br \/>\nBen animat, emocionat i emmascarat,<\/p>\n<p>en Candestoltes&hellip;  <a href=\"https:\/\/agora.xtec.cat\/ceipmdcandela-valls\/activitats-i-festes\/carnaval\/\" title=\"Read Carnaval\">Llegeix m\u00e9s\u00bb<\/a><\/p>\n","protected":false},"author":1,"featured_media":0,"parent":251,"menu_order":0,"comment_status":"closed","ping_status":"closed","template":"page-templates\/side-menu.php","meta":{"_bbp_topic_count":0,"_bbp_reply_count":0,"_bbp_total_topic_count":0,"_bbp_total_reply_count":0,"_bbp_voice_count":0,"_bbp_anonymous_reply_count":0,"_bbp_topic_count_hidden":0,"_bbp_reply_count_hidden":0,"_bbp_forum_subforum_count":0,"footnotes":""},"class_list":["post-262","page","type-page","status-publish","hentry"],"post_mailing_queue_ids":[],"_links":{"self":[{"href":"https:\/\/agora.xtec.cat\/ceipmdcandela-valls\/wp-json\/wp\/v2\/pages\/262","targetHints":{"allow":["GET"]}}],"collection":[{"href":"https:\/\/agora.xtec.cat\/ceipmdcandela-valls\/wp-json\/wp\/v2\/pages"}],"about":[{"href":"https:\/\/agora.xtec.cat\/ceipmdcandela-valls\/wp-json\/wp\/v2\/types\/page"}],"author":[{"embeddable":true,"href":"https:\/\/agora.xtec.cat\/ceipmdcandela-valls\/wp-json\/wp\/v2\/users\/1"}],"replies":[{"embeddable":true,"href":"https:\/\/agora.xtec.cat\/ceipmdcandela-valls\/wp-json\/wp\/v2\/comments?post=262"}],"version-history":[{"count":6,"href":"https:\/\/agora.xtec.cat\/ceipmdcandela-valls\/wp-json\/wp\/v2\/pages\/262\/revisions"}],"predecessor-version":[{"id":13672,"href":"https:\/\/agora.xtec.cat\/ceipmdcandela-valls\/wp-json\/wp\/v2\/pages\/262\/revisions\/13672"}],"up":[{"embeddable":true,"href":"https:\/\/agora.xtec.cat\/ceipmdcandela-valls\/wp-json\/wp\/v2\/pages\/251"}],"wp:attachment":[{"href":"https:\/\/agora.xtec.cat\/ceipmdcandela-valls\/wp-json\/wp\/v2\/media?parent=262"}],"curies":[{"name":"wp","href":"https:\/\/api.w.org\/{rel}","templated":true}]}}