{"id":258,"date":"2016-01-18T09:13:02","date_gmt":"2016-01-18T08:13:02","guid":{"rendered":"http:\/\/agora.xtec.cat\/ceipmdcandela-valls\/?page_id=258"},"modified":"2025-11-24T13:57:26","modified_gmt":"2025-11-24T12:57:26","slug":"santa-cecilia","status":"publish","type":"page","link":"https:\/\/agora.xtec.cat\/ceipmdcandela-valls\/activitats-i-festes\/santa-cecilia\/","title":{"rendered":"Santa Cec\u00edlia"},"content":{"rendered":"<p>Cada dia de la setmana del 17 al 21 de novembre a les 8.30 h vam celebrar <strong>Santa Cec\u00edlia<\/strong>, que \u00e9s la <strong>patrona de la m\u00fasica<\/strong> que es commemora el dia 22 d&#8217;aquest mes.\u00a0<\/p>\n<p>Quan les portes de l&#8217;escola s&#8217;obrien, un alumne o alumna de l&#8217;escola ens sorprenia tocant una instrument durant una estona. L&#8217;alumnat i les fam\u00edlies de l&#8217;escola gaudien d&#8217;un moment m\u00e0gic amb m\u00fasica en directe.\u00a0<\/p>\n<p>Dilluns va tocar la Judit amb la seva viola, el Lluc amb la flauta travessera i l&#8217;Aleix amb el saxo.<\/p>\n<p>Dimarts va actuar l&#8217;Aur\u00e8lia amb la flauta travessera.<\/p>\n<p>Dimecres va interpretar unes can\u00e7ons l&#8217;Arnau Boronat amb el teclat.<\/p>\n<p>Dijous l&#8217;Aniol Cucurull ens va fer gaudir amb el teclat.<\/p>\n<p>Divendres el Marc i la Laia Ferrer ens van emocionar amb el teclat.<\/p>\n<p>En el seg\u00fcent <a href=\"https:\/\/photos.app.goo.gl\/zKL7SMokrcfR4cVw9\">enlla\u00e7<\/a> podreu veure i gaudir de les actuacions.<\/p>\n<p><strong>Moltes gr\u00e0cies a totes les fam\u00edlies participants!<\/strong><\/p>\n","protected":false},"excerpt":{"rendered":"<p>Cada dia de la setmana del 17 al 21 de novembre a les 8.30 h vam celebrar Santa Cec\u00edlia, que \u00e9s la patrona de la m\u00fasica que es commemora el dia 22 d&#8217;aquest mes.\u00a0<br \/>\nQuan les portes de l&#8217;escola s&#8217;obrien, un alumne o alumna de l&#8217;escola&hellip;  <a href=\"https:\/\/agora.xtec.cat\/ceipmdcandela-valls\/activitats-i-festes\/santa-cecilia\/\" title=\"Read Santa Cec\u00edlia\">Llegeix m\u00e9s\u00bb<\/a><\/p>\n","protected":false},"author":1,"featured_media":0,"parent":251,"menu_order":0,"comment_status":"closed","ping_status":"closed","template":"page-templates\/side-menu.php","meta":{"_bbp_topic_count":0,"_bbp_reply_count":0,"_bbp_total_topic_count":0,"_bbp_total_reply_count":0,"_bbp_voice_count":0,"_bbp_anonymous_reply_count":0,"_bbp_topic_count_hidden":0,"_bbp_reply_count_hidden":0,"_bbp_forum_subforum_count":0,"footnotes":""},"class_list":["post-258","page","type-page","status-publish","hentry"],"post_mailing_queue_ids":[],"_links":{"self":[{"href":"https:\/\/agora.xtec.cat\/ceipmdcandela-valls\/wp-json\/wp\/v2\/pages\/258","targetHints":{"allow":["GET"]}}],"collection":[{"href":"https:\/\/agora.xtec.cat\/ceipmdcandela-valls\/wp-json\/wp\/v2\/pages"}],"about":[{"href":"https:\/\/agora.xtec.cat\/ceipmdcandela-valls\/wp-json\/wp\/v2\/types\/page"}],"author":[{"embeddable":true,"href":"https:\/\/agora.xtec.cat\/ceipmdcandela-valls\/wp-json\/wp\/v2\/users\/1"}],"replies":[{"embeddable":true,"href":"https:\/\/agora.xtec.cat\/ceipmdcandela-valls\/wp-json\/wp\/v2\/comments?post=258"}],"version-history":[{"count":7,"href":"https:\/\/agora.xtec.cat\/ceipmdcandela-valls\/wp-json\/wp\/v2\/pages\/258\/revisions"}],"predecessor-version":[{"id":13494,"href":"https:\/\/agora.xtec.cat\/ceipmdcandela-valls\/wp-json\/wp\/v2\/pages\/258\/revisions\/13494"}],"up":[{"embeddable":true,"href":"https:\/\/agora.xtec.cat\/ceipmdcandela-valls\/wp-json\/wp\/v2\/pages\/251"}],"wp:attachment":[{"href":"https:\/\/agora.xtec.cat\/ceipmdcandela-valls\/wp-json\/wp\/v2\/media?parent=258"}],"curies":[{"name":"wp","href":"https:\/\/api.w.org\/{rel}","templated":true}]}}