{"id":256,"date":"2016-01-18T09:12:21","date_gmt":"2016-01-18T08:12:21","guid":{"rendered":"http:\/\/agora.xtec.cat\/ceipmdcandela-valls\/?page_id=256"},"modified":"2025-11-24T13:49:04","modified_gmt":"2025-11-24T12:49:04","slug":"castanyada","status":"publish","type":"page","link":"https:\/\/agora.xtec.cat\/ceipmdcandela-valls\/activitats-i-festes\/castanyada\/","title":{"rendered":"Castanyada"},"content":{"rendered":"<h3 style=\"text-align: justify;\">Per tots Sants castanyes i panellets amb banyes!<\/h3>\n<p><strong>I a la Candela ja tenim el programa de la castanyada!<\/strong><\/p>\n<p style=\"text-align: justify;\">Arriba novembre, aix\u00f2 s\u00ed, sense gaire fresca i comencen a caure fulles i castanyes. <span style=\"font-family: inherit; font-size: 1em;\">Amb la tardor, els bolets i els panellets comencen a treure el nas i, nosaltres, celebrem Tots Sants, Halloween i altres tradicions.<\/span><\/p>\n<p style=\"text-align: justify;\">Un dels costums m\u00e9s caracter\u00edstics de la diada de Tots Sants \u00e9s la castanyada, on mengem un dels productes per excel\u00b7l\u00e8ncia de la tardor, la castanya, per\u00f2, tamb\u00e9, <span style=\"font-family: inherit; font-size: 1em;\">panellets, moniatos i altres fruits secs de l&#8217;\u00e8poca.\u00a0<\/span><\/p>\n<p>Com \u00e9s tradici\u00f3 a l&#8217;escola, aquella setmana fem panellets, arriba la castanyera i fem xerinola! Mireu, mireu tot el que vam fer!<\/p>\n<p>El dilluns i el dimarts, la Comunitat de Petits vam anar a <a href=\"https:\/\/photos.app.goo.gl\/Z2umBzUtJRGsjdKh7\" target=\"_blank\" rel=\"noopener\">comprar els ingredients<\/a> dels panellets per a tota l&#8217;escola.\u00a0<\/p>\n<p>El dijous al mat\u00ed, per classes, vam elaborar els tradicionals panellets. Mireu quins artistes!<\/p>\n<p><a href=\"https:\/\/photos.app.goo.gl\/nwdVsqQwfWJE8fTD9\" target=\"_blank\" rel=\"noopener\">Educaci\u00f3 Infantil<\/a>\u00a0<\/p>\n<p><a href=\"https:\/\/photos.app.goo.gl\/ooiboTRbJecYHN1i7\" target=\"_blank\" rel=\"noopener\">Comunitat de Mitjans<\/a><\/p>\n<p><a href=\"https:\/\/photos.app.goo.gl\/nwdVsqQwfWJE8fTD9\" target=\"_blank\" rel=\"noopener\">Comunitat de Grans<\/a><\/p>\n<p>A la tarda va venir la <a href=\"https:\/\/photos.app.goo.gl\/DbEoBQEbsByT6Hh5A\" target=\"_blank\" rel=\"noopener\">castanyera<\/a>. Quin goig que feia!<\/p>\n<p><span style=\"font-family: inherit; font-size: 1em;\">Divendres a la tarda sortim al pati a celebrar la festa de la Castanyada i l&#8217;alumnat de 6\u00e8 es vesteix de castanyers i castanyeres, acompanyant a la resta de l&#8217;escola al pati per ballar, cantar i menjar castanyes plegats!\u00a0<\/span><\/p>\n<p>Voleu veure totes les fotos? Doncs en\u00a0els seg\u00fcents enlla\u00e7os trobareu les fotografies d&#8217;aquests dies.<\/p>\n<p>PETITS: <a href=\"https:\/\/photos.app.goo.gl\/27qij1Z3wXtZDXxT6\" target=\"_blank\" rel=\"noopener\">Castanyada\u00a0<\/a><\/p>\n<p>MITJANS: <a href=\"https:\/\/photos.app.goo.gl\/M68qVZ612WvDd8H96\" target=\"_blank\" rel=\"noopener\">Castanyada<\/a><\/p>\n<p>GRANS: <a href=\"https:\/\/photos.app.goo.gl\/nwdVsqQwfWJE8fTD9\" target=\"_blank\" rel=\"noopener\">Castanyada\u00a0<\/a><\/p>\n<p>&nbsp;<\/p>\n","protected":false},"excerpt":{"rendered":"<p>Per tots Sants castanyes i panellets amb banyes!<br \/>\nI a la Candela ja tenim el programa de la castanyada!<br \/>\nArriba novembre, aix\u00f2 s\u00ed, sense gaire fresca i comencen a caure fulles i castanyes. Amb la tardor, els bolets i els panellets comencen a treure el nas i,&hellip;  <a href=\"https:\/\/agora.xtec.cat\/ceipmdcandela-valls\/activitats-i-festes\/castanyada\/\" title=\"Read Castanyada\">Llegeix m\u00e9s\u00bb<\/a><\/p>\n","protected":false},"author":1,"featured_media":0,"parent":251,"menu_order":0,"comment_status":"closed","ping_status":"closed","template":"page-templates\/side-menu.php","meta":{"_bbp_topic_count":0,"_bbp_reply_count":0,"_bbp_total_topic_count":0,"_bbp_total_reply_count":0,"_bbp_voice_count":0,"_bbp_anonymous_reply_count":0,"_bbp_topic_count_hidden":0,"_bbp_reply_count_hidden":0,"_bbp_forum_subforum_count":0,"footnotes":""},"class_list":["post-256","page","type-page","status-publish","hentry"],"post_mailing_queue_ids":[],"_links":{"self":[{"href":"https:\/\/agora.xtec.cat\/ceipmdcandela-valls\/wp-json\/wp\/v2\/pages\/256","targetHints":{"allow":["GET"]}}],"collection":[{"href":"https:\/\/agora.xtec.cat\/ceipmdcandela-valls\/wp-json\/wp\/v2\/pages"}],"about":[{"href":"https:\/\/agora.xtec.cat\/ceipmdcandela-valls\/wp-json\/wp\/v2\/types\/page"}],"author":[{"embeddable":true,"href":"https:\/\/agora.xtec.cat\/ceipmdcandela-valls\/wp-json\/wp\/v2\/users\/1"}],"replies":[{"embeddable":true,"href":"https:\/\/agora.xtec.cat\/ceipmdcandela-valls\/wp-json\/wp\/v2\/comments?post=256"}],"version-history":[{"count":9,"href":"https:\/\/agora.xtec.cat\/ceipmdcandela-valls\/wp-json\/wp\/v2\/pages\/256\/revisions"}],"predecessor-version":[{"id":13489,"href":"https:\/\/agora.xtec.cat\/ceipmdcandela-valls\/wp-json\/wp\/v2\/pages\/256\/revisions\/13489"}],"up":[{"embeddable":true,"href":"https:\/\/agora.xtec.cat\/ceipmdcandela-valls\/wp-json\/wp\/v2\/pages\/251"}],"wp:attachment":[{"href":"https:\/\/agora.xtec.cat\/ceipmdcandela-valls\/wp-json\/wp\/v2\/media?parent=256"}],"curies":[{"name":"wp","href":"https:\/\/api.w.org\/{rel}","templated":true}]}}