{"id":243,"date":"2016-01-18T09:04:16","date_gmt":"2016-01-18T08:04:16","guid":{"rendered":"http:\/\/agora.xtec.cat\/ceipmdcandela-valls\/?page_id=243"},"modified":"2024-03-04T13:42:59","modified_gmt":"2024-03-04T12:42:59","slug":"apadriment-lector","status":"publish","type":"page","link":"https:\/\/agora.xtec.cat\/ceipmdcandela-valls\/curs-actual\/apadriment-lector\/","title":{"rendered":"Apadriment lector"},"content":{"rendered":"<p style=\"text-align: justify;\">A l&#8217;escola duem a terme l&#8217;apadrinament lector amb tot l&#8217;alumnat de l&#8217;escola.<\/p>\n<p style=\"text-align: justify;\">L&#8217;apadrinament lector \u00e9s una activitat cooperativa que es realitza en parelles formades per l&#8217;alumnat des de cinqu\u00e8 que fan de padrins de lectura i l&#8217;alumnat de primer de prim\u00e0ria que fan de fillols, fins a tenir tots els cursos emparellats. El fet de ser padr\u00ed\/na de lectura representa que l&#8217;alumne\/a padr\u00ed\/na adquireix el comprom\u00eds principal de vetllar per l&#8217;aprenentatge lector del seu fillol\/a. L&#8217;ajuda a aprendre a llegir, alhora que mira d&#8217;encomanar-li el gust per la lectura tot engrescant-lo a llegir.<\/p>\n<p style=\"text-align: justify;\">Donat que es duu a terme dins la mateixa franja hor\u00e0ria per tot l&#8217;alumnat, els espais tamb\u00e9 s\u00f3n diversos i variats. Poden circular i cercar un lloc on estiguin c\u00f2modes per dur a terme l&#8217;activitat. Els mestres estem repartits per aquests espais, per si tenen qualsevol dubte i aix\u00ed pode<img loading=\"lazy\" decoding=\"async\" class=\"alignleft\" src=\"https:\/\/i0.wp.com\/www.xtec.cat\/alfresco\/d\/d\/workspace\/SpacesStore\/7c4faef4-888d-4df7-880b-b23a4710b749\/piramide_primaria_1118x792.png\" alt=\"Resultat d'imatges de apadrinament lector a l'escola\" width=\"362\" height=\"257\" \/>r-los acompanyar!<\/p>\n<p style=\"text-align: justify;\">Qu\u00e8 entenem per <strong>apadrinar<\/strong>? doncs, vol dir acompanyar, establir vincles, guiar i transmetre valors.<\/p>\n<p style=\"text-align: justify;\"><strong><span style=\"color: #ff00ff;\">Recordem\u00a0que l&#8217;aprenentatge entre iguals i l&#8217;aprenentatge de servei funciona, i aquesta activitat n&#8217;\u00e9s una mostra&#8230;<\/span><\/strong><\/p>\n<p style=\"text-align: justify;\">La primera sessi\u00f3, s&#8217;inicia amb el coneixement i tria del padr\u00ed\/fillol, es fan preguntes sobre qu\u00e8 els hi agrada, qu\u00e8 llegeixen, quan ho fan&#8230; Una mica per con\u00e8ixer-se millor!<\/p>\n<p style=\"text-align: justify;\">Ens podreu trobar fent l&#8217;activitat els divendres a la tarda \ud83d\ude09<\/p>\n<p style=\"text-align: justify;\">L&#8217;alumnat disposa d&#8217;un llibre que trien i que es troben a la biblioteca de l&#8217;escola.<\/p>\n<p style=\"text-align: justify;\">Els<strong> objectius<\/strong> d&#8217;aquesta activitat s\u00f3n:<\/p>\n<ul>\n<li><span lang=\"CA\">\u00a0<\/span><span lang=\"CA\">Llegir de forma expressiva, efica\u00e7 i millorar la comprensi\u00f3 lectora.<\/span><\/li>\n<li><span lang=\"CA\">D<\/span><span lang=\"CA\">esenvolupar l&#8217;h\u00e0bit lector.<\/span><\/li>\n<li><span lang=\"CA\">F<\/span><span lang=\"CA\">omentar l&#8217;\u00fas de la biblioteca del centre i de l&#8217;aula.<\/span><\/li>\n<li><span lang=\"CA\">P<\/span><span lang=\"CA\">articipar de forma activa en la din\u00e0mica del centre.<\/span><\/li>\n<li>Potenciar els aprenentatges per part de tots els participants (padrins i fillols )<\/li>\n<li>Crear contexts significatius d&#8217;aprenentatge (llegeixo perqu\u00e8 alg\u00fa m&#8217;entengui, llegeixo per alg\u00fa que li interessa escoltar-me).<\/li>\n<li>Establir lligams afectius entre padrins i fillols al voltant de la lectura.<\/li>\n<li>Generar una experi\u00e8ncia positiva i plaent de lectura.<\/li>\n<\/ul>\n<p>Les <strong>capacitats<\/strong> que es desenvolupen s\u00f3n:<\/p>\n<ul>\n<li>Comunicaci\u00f3 Ling\u00fc\u00edstica<\/li>\n<li>Aprendre a aprendre<\/li>\n<li>Autonomia i iniciativa personal<\/li>\n<li>Aprendre a conviure<\/li>\n<\/ul>\n<blockquote>\n<p><span style=\"color: #0000ff;\">&#8220;L&#8217;escola educa a trav\u00e9s dels missatges que transmet, per\u00f2 sobretot ho fa amb les pr\u00e0ctiques i les accions de tots els participants de la comunitat educativa&#8230;&#8221;<\/span><\/p>\n<\/blockquote>\n","protected":false},"excerpt":{"rendered":"<p>A l&#8217;escola duem a terme l&#8217;apadrinament lector amb tot l&#8217;alumnat de l&#8217;escola.<br \/>\nL&#8217;apadrinament lector \u00e9s una activitat cooperativa que es realitza en parelles formades per l&#8217;alumnat des de cinqu\u00e8 que fan de padrins de lectura i l&#8217;alumnat de primer de prim\u00e0ria que fan de fillols, fins&hellip;  <a href=\"https:\/\/agora.xtec.cat\/ceipmdcandela-valls\/curs-actual\/apadriment-lector\/\" title=\"Read Apadriment lector\">Llegeix m\u00e9s\u00bb<\/a><\/p>\n","protected":false},"author":1,"featured_media":0,"parent":195,"menu_order":0,"comment_status":"closed","ping_status":"closed","template":"","meta":{"_bbp_topic_count":0,"_bbp_reply_count":0,"_bbp_total_topic_count":0,"_bbp_total_reply_count":0,"_bbp_voice_count":0,"_bbp_anonymous_reply_count":0,"_bbp_topic_count_hidden":0,"_bbp_reply_count_hidden":0,"_bbp_forum_subforum_count":0,"footnotes":""},"class_list":["post-243","page","type-page","status-publish","hentry"],"post_mailing_queue_ids":[],"_links":{"self":[{"href":"https:\/\/agora.xtec.cat\/ceipmdcandela-valls\/wp-json\/wp\/v2\/pages\/243","targetHints":{"allow":["GET"]}}],"collection":[{"href":"https:\/\/agora.xtec.cat\/ceipmdcandela-valls\/wp-json\/wp\/v2\/pages"}],"about":[{"href":"https:\/\/agora.xtec.cat\/ceipmdcandela-valls\/wp-json\/wp\/v2\/types\/page"}],"author":[{"embeddable":true,"href":"https:\/\/agora.xtec.cat\/ceipmdcandela-valls\/wp-json\/wp\/v2\/users\/1"}],"replies":[{"embeddable":true,"href":"https:\/\/agora.xtec.cat\/ceipmdcandela-valls\/wp-json\/wp\/v2\/comments?post=243"}],"version-history":[{"count":5,"href":"https:\/\/agora.xtec.cat\/ceipmdcandela-valls\/wp-json\/wp\/v2\/pages\/243\/revisions"}],"predecessor-version":[{"id":12069,"href":"https:\/\/agora.xtec.cat\/ceipmdcandela-valls\/wp-json\/wp\/v2\/pages\/243\/revisions\/12069"}],"up":[{"embeddable":true,"href":"https:\/\/agora.xtec.cat\/ceipmdcandela-valls\/wp-json\/wp\/v2\/pages\/195"}],"wp:attachment":[{"href":"https:\/\/agora.xtec.cat\/ceipmdcandela-valls\/wp-json\/wp\/v2\/media?parent=243"}],"curies":[{"name":"wp","href":"https:\/\/api.w.org\/{rel}","templated":true}]}}