{"id":2383,"date":"2017-05-29T09:21:44","date_gmt":"2017-05-29T07:21:44","guid":{"rendered":"http:\/\/agora.xtec.cat\/ceipmdcandela-valls\/?page_id=2383"},"modified":"2023-06-02T11:30:05","modified_gmt":"2023-06-02T09:30:05","slug":"escoles-verdes","status":"publish","type":"page","link":"https:\/\/agora.xtec.cat\/ceipmdcandela-valls\/projecte-educatiu\/escoles-verdes\/","title":{"rendered":"Escoles Verdes"},"content":{"rendered":"<p>&nbsp;<\/p>\n<h3><strong><span style=\"color: #339966;\">PRIMER ESMORZAR SALUDABLE<\/span><\/strong><\/h3>\n<p>El divendres 25 de novembre, vam celebrar a l&#8217;escola el Primer Esmorzar Saludable. L&#8217;esmorzar consistia en pa, mandarines i nous, una combinaci\u00f3 per llepar-se&#8217;n els dits!<\/p>\n<p>Com sempre, van venir moltes fam\u00edlies a preparar-lo. La fam\u00edlia Candelera no falla mai! Primer, van anar a recollir els fruits secs i la fruita per les aules i aix\u00ed poder donar un\u00a0<span class=\"hiddenSpellError\">tomet<\/span>\u00a0per l&#8217;escola. Seguidament, van pelar les mandarines i tallar el pa al menjador de l&#8217;escola. Quan ja van tenir tot preparat van comen\u00e7ar a muntar les safates, tenim unes fam\u00edlies que s\u00f3n unes grans xefs!<\/p>\n<p>Finalment, totes les i els alumnes van baixar al pati i van esperar ser servits per aquests cambrers i cambreres.<\/p>\n<p>Va ser un mat\u00ed genial!<br \/>\n<a href=\"https:\/\/agora.xtec.cat\/ceipmdcandela-valls\/wp-content\/uploads\/usu705\/2022\/12\/1669397507398-min-1-scaled.jpg\"><img loading=\"lazy\" decoding=\"async\" class=\"wp-image-10691 alignright\" src=\"https:\/\/agora.xtec.cat\/ceipmdcandela-valls\/wp-content\/uploads\/usu705\/2022\/12\/1669397507398-min-1-1024x766.jpg\" alt=\"\" width=\"330\" height=\"247\" \/><\/a><br \/>\nVoleu veure com va anar? Mireu <a href=\"https:\/\/photos.app.goo.gl\/fcTD34bgzY9u7DDJ6\">aqu\u00ed.<\/a><\/p>\n<p>&nbsp;<\/p>\n<p>&nbsp;<\/p>\n<p>&nbsp;<\/p>\n<p>&nbsp;<\/p>\n<p>&nbsp;<\/p>\n<h3><span style=\"color: #99cc00;\">SEGON ESMORZAR SALUDABLE<\/span><\/h3>\n<p>Avui hem fet el segon esmorzar saludable i hem esmorzat <strong>MACED\u00d2NIA<\/strong>!<\/p>\n<p>Cada curs ha portat una fruita diferent, la Comunitat dels Petits han portat <strong>taronges<\/strong>, 1r i 2n han portat <strong>pl\u00e0tans<\/strong>, 34 i 4t <strong>kiwis<\/strong> i 5\u00e8 i 6\u00e8 <strong>peres<\/strong>. A m\u00e9s a m\u00e9s tamb\u00e9 teniem <strong>maduixes<\/strong>!!<\/p>\n<p>Han vingut molt\u00edssimes mares, pares, avis i \u00e0vies a ajudar-nos a preparar l&#8217;esmorzar. S&#8217;han organitzat a la cuina pelant i trossejant-ho tot! Tamb\u00e9 han fet suc amb les taronges i ho han barrejat en una olla enorme!<\/p>\n<p>Finalment, hem sortit tots i totes al pati i hem gaudit d&#8217;aquest esmorzar tan fant\u00e0stic que ens han preparat!<\/p>\n<p>Ens ha encantat gaudir d&#8217;aquest mat\u00ed en fam\u00edlia menjant maced\u00f2nia!<\/p>\n<p>Voleu <a href=\"https:\/\/photos.app.goo.gl\/MaBaaGUW7aJXSM1G7\">veure<\/a> quina pintassa que feia?<\/p>\n<h2>\u00a0<\/h2>\n<h2><span style=\"color: #339966;\">TERCER ESMORZAR SALUDABLE<\/span><\/h2>\n<p>Avui, divendres 2 de juny hem celebrat el <strong>3r i \u00faltim esmorzar saludable<\/strong> del curs!!<\/p>\n<p>Hem fet batut de pl\u00e0tan i maduixa amb pa i oli!<\/p>\n<p>Els nens i nenes d&#8217;i3. i4, i5, 1r i 2n han portat pl\u00e0tans i els de 3r, 4t, 5\u00e8 i 6\u00e8 maduixes. Les fam\u00edlies han vingut a l&#8217;escola i ens han ajudat a preparar aquest esmorzar tan bo.<\/p>\n<p>Pelant, netejant, trossejant i batent fruita, amb treball en equip el resultat ha estat espectacular!<\/p>\n<p>Despr\u00e9s, hem sortit tota l&#8217;escola al pati a gaudir d&#8217;aquest esmorzar refrescant en fam\u00edlia.<\/p>\n<p>Avui, especialment moltes gr\u00e0cies a totes les mares, pares, avis i \u00e0vies per la col\u00b7laboraci\u00f3, ha estat tot un \u00e8xit!<\/p>\n<p>Voleu <a href=\"https:\/\/photos.app.goo.gl\/fYiBE3xffRUKcwmZA\">veure<\/a> com ho hem fet?<\/p>\n<p>&nbsp;<\/p>\n<p>Comissi\u00f3 d&#8217;Escoles Verdes<\/p>\n<p>&nbsp;<\/p>\n<h3><span style=\"color: #808000;\">FRIDAYS FOR FUTURE<\/span><\/h3>\n<p>El passat 24 de mar\u00e7, la majoria de les escoles de Valls ens vam ajuntar per manifestar-nos contra el clima, nosaltres ho vam fer tots, des d&#8217;I3 fins a 6\u00e8.\u00a0 Vam sortir al carrer per cridar per aquesta emerg\u00e8ncia clim\u00e0tica que estem vivint.\u00a0<\/p>\n<p>A l&#8217;escola vam estar treballant fent uns cartells molt bonics, vam crear esl\u00f2gans per cridar i vam fer un manifest que vam llegir al pati.\u00a0<\/p>\n<p>Aqu\u00ed us deixem el manifest que vam llegir:<\/p>\n<div class=\"RY3tic\" data-latest-bg=\"https:\/\/lh3.googleusercontent.com\/DddXJ9KwGojcsI7p4mti5zgAqFTMVNmp3z0QSIOjRTc3s2M8iU1yU0EQS_xJhW4fiKBGek6CDscjaV8ijpmll4VUNp5Ynnf5PiW3Biv05MbqUUVkeDZ8H5KtTrmJmnYEnVjxx8AQQ_PQghVgrENZnqnDdJXZdaO0mjM42qBdJ-kvS_ufsQIsxfcXZM7arsuy2EfyzRqsN2VIA1jfIpWyWrenSq6QEAolhw2g2qF7HYnlc7MHd34VqHLrF9jtV5QrvFDgJtlVCqu3170nyqybm-VWsMZt-NZW0AhS_u4U0WaGgnswRR4uMylI7EcxxEw8yI9ppK7QQ0dRi66CVjULqzOKS-ZDjnI_AP3Kxu9j7W0dBnpKnabuxiAIJwcj9lPfWk1cxqzYWcW2CLkMGoM81wbZSDR-cfPGHz67soMbMBmIVn0hYhb8SJHmc-7GEf8D_D3kqH6mPnwr8VI4srbgS16a089qQHvo6TNsmTflg-RU0cuIQw642dcID0QhXeNJPvZA9nut9ADy5Pe3BGg8QtXliH2ut_w64lL-RFbo-7a9cKODw9Crj6hwBoTTXoTMbSk8XBk24wcKF5EhEy1T2yNclRO3POO41VzomHzP_zTetE4yQoh3jtLfjJvW9hka1wgKO96WLn4klqp25stwlHG8GPbuD0fu2fk1iSz_IxT9HAkyoZM_clBDOog1uG8pfpJxNmhHuqe4_-c9a4xEcv2GguIWXnSiWAoo5aZJH19a08hIVwqUm38YvmHckCCfufD_6of-gNTwp5MHJLI9UKQ-_2pEBIlsw2uhdHICjvloN6CeANnny9EXQxYOZ5b4Jau2w2kyyq6MPqmCftuYizhve3fotv9Ymtxfzj-snCyUum_zyRxiG1H3f56mpnGw3PDwqlW7TmxTd-Q9UV6y5a8hnvrOKcXPTEIpO6sXUXv8s_-C8cPQbk1u7cJ59gGCBGzPrkkCCaLv0OHvVUa6I0II9jlQfC8NoyR6cjPn962d0aytO2GelPIm9s31A4AcG9ZslSlgg-3fCxjmMMp-_-yj1cT_FEIwzP5704W-HSHUW4g=w214-h160-no?authuser=0\">\n<div class=\"KYCEmd\" aria-hidden=\"true\">\u00a0<\/div>\n<\/div>\n<p><em><span style=\"font-weight: 400;\">Des de l\u2019escola La Candela fem una crida a la ciutadania perqu\u00e8 com tots els infants del m\u00f3n tenim la preocupaci\u00f3 i el neguit de que el Canvi Clim\u00e0tic ja \u00e9s aqu\u00ed!!<\/span><\/em><\/p>\n<p><em><span style=\"font-weight: 400;\">\u00a0 Les persones som les culpables de la destrucci\u00f3 del nostre planeta, i els infants volem ajudar per canviar-ho. Necessitem l\u2019ajuda de tothom!!!!!<\/span><\/em><\/p>\n<p><em><span style=\"font-weight: 400;\">\u00a0\u00a0Les accions que hem de fer tots i totes les sabem, per\u00f2 alguna cosa est\u00e0 passant perqu\u00e8 el planeta agonitza. Sequeres extremes, cat\u00e0strofes naturals, muntanyes de brut\u00edcia\u2026<\/span><\/em><\/p>\n<p><em><span style=\"font-weight: 400;\">\u00a0\u00a0\u00a0\u00a0\u00a0Us recordem quines petites accions hem de seguir fent cada dia per veure si aconseguim aturar aquesta agonia.<\/span><\/em><\/p>\n<ol>\n<li style=\"font-weight: 400;\" aria-level=\"1\"><em><span style=\"font-weight: 400;\">Evitar llen\u00e7ar brossa a terra ,aix\u00ed no far\u00e0 falta recollir la dels altres.<\/span><\/em><\/li>\n<li style=\"font-weight: 400;\" aria-level=\"1\"><em><span style=\"font-weight: 400;\">Augmentar l\u2019\u00fas d\u2019energies renovables.<\/span><\/em><\/li>\n<li style=\"font-weight: 400;\" aria-level=\"1\"><em><span style=\"font-weight: 400;\">Evitar l\u2019\u00fas innecessari de pl\u00e0stic i paper d\u2019alumini.<\/span><\/em><\/li>\n<li style=\"font-weight: 400;\" aria-level=\"1\"><em><span style=\"font-weight: 400;\">Treballar per evitar la crema dels boscos. Sense vegetaci\u00f3,el planeta s\u2019est\u00e0 quedant-se sense oxigen.<\/span><\/em><\/li>\n<\/ol>\n<p><em><b>EL M\u00d3N\u2026 EL M\u00d3N EST\u00c0 MALALT. I\u00a0 QU\u00c8 HEM FER?? L\u2019HEM DE CUIDAR !!<\/b><\/em><\/p>\n<ol>\n<li style=\"font-weight: 400;\" aria-level=\"1\"><em><span style=\"font-weight: 400;\">No deixar de posar en pr\u00e0ctica les 3R:<\/span><\/em><\/li>\n<\/ol>\n<ul>\n<li style=\"font-weight: 400;\" aria-level=\"1\"><em><b>Reciclar: <\/b><span style=\"font-weight: 400;\">Hem de llen\u00e7ar a cada contenidor la deixalla corresponent. Sembla mentida que encara ho haguem de recordar!<\/span><\/em><\/li>\n<\/ul>\n<p><em><span style=\"font-weight: 400;\">\u00a0\u00a0\u00a0\u00a0\u00a0\u00a0\u00a0\u00a0\u00a0\u00a0\u00a0\u00a0\u00a0\u00a0\u00a0\u00a0\u00a0\u00a0Ho tenim molt clar per\u00f2 encara hi ha molta gent que ho continua barrejant. Hem de recuperar la campanya \u201cOn vas, env\u00e0s?\u201d<\/span><\/em><\/p>\n<ul>\n<li style=\"font-weight: 400;\" aria-level=\"1\"><em><b>Reduir:<\/b><span style=\"font-weight: 400;\"> Hem de reduir\u00a0 la producci\u00f3 de la quantitat de brossa, roba que no necessitem, objectes del dia a dia\u2026<\/span><\/em><\/li>\n<li style=\"font-weight: 400;\" aria-level=\"1\"><em><b>Reutilitzar: <\/b><span style=\"font-weight: 400;\">\u00c9s molt important fer servir els materials m\u00e9s d\u2019una vegada. Fem servir objectes de material m\u00e9s sostenible com cistells, ampolles de vidres,donar m\u00e9s d\u2019un \u00fas a un objecte, comprar objectes de segona m\u00e0\u2026<\/span><\/em><\/li>\n<\/ul>\n<p><em><b>SI VOLEU LA TERRA NETA, COL.LABOREU UNA MIQUETA!<\/b><\/em><\/p>\n<ol>\n<li style=\"font-weight: 400;\" aria-level=\"1\"><em><span style=\"font-weight: 400;\">Hem d\u2019aconseguir rebaixar la producci\u00f3 de di\u00f2xid de carboni. Haur\u00edem de reflexionar sobre la gran quantitat de cotxes que fem servir cada dia. Apostem per fer servir m\u00e9s el transport p\u00fablic, el patinet, bicicleta, monopat\u00ed o simplement, i molt bo per la salut, caminar. <\/span><b>Aix\u00ed que\u2026..pedala, camina, que el cotxe contamina !!!!<\/b><\/em><\/li>\n<\/ol>\n<p><em><span style=\"font-weight: 400;\">Per acabar amb la contaminaci\u00f3 no hi ha millor medicina que l\u2019educaci\u00f3 ambiental. Per aix\u00f2, el medicament per salvar la Terrra est\u00e0 a les nostres mans.\u00a0\u00a0<\/span><\/em><\/p>\n<p><em><b>LA TERRA, LA TERRA EST\u00c0 MALALTA. L\u2019HEM DE CUIDAR ENTRE TOTHOM!<\/b><\/em><\/p>\n<p><em><b>HEM D\u2019AJUDAR-LA, QUE PUGUI RESPIRAR !! ARA \u00c9S L\u2019HORA DE LLUITAR I LA TERRA RESCATAR!!<\/b><\/em><\/p>\n<p>Us deixem un recull de <a href=\"https:\/\/photos.app.goo.gl\/Pe1HvirKse33wJA99\">fotos<\/a> del moment.\u00a0<\/p>\n","protected":false},"excerpt":{"rendered":"<p>&nbsp;<br \/>\nPRIMER ESMORZAR SALUDABLE<br \/>\nEl divendres 25 de novembre, vam celebrar a l&#8217;escola el Primer Esmorzar Saludable. L&#8217;esmorzar consistia en pa, mandarines i nous, una combinaci\u00f3 per llepar-se&#8217;n els dits!<br \/>\nCom sempre, van venir moltes fam\u00edlies a preparar-lo. La fam\u00edlia Candelera no falla mai! Primer, van anar a&hellip;  <a href=\"https:\/\/agora.xtec.cat\/ceipmdcandela-valls\/projecte-educatiu\/escoles-verdes\/\" title=\"Read Escoles Verdes\">Llegeix m\u00e9s\u00bb<\/a><\/p>\n","protected":false},"author":1,"featured_media":0,"parent":64,"menu_order":5,"comment_status":"closed","ping_status":"closed","template":"page-templates\/side-menu.php","meta":{"_bbp_topic_count":0,"_bbp_reply_count":0,"_bbp_total_topic_count":0,"_bbp_total_reply_count":0,"_bbp_voice_count":0,"_bbp_anonymous_reply_count":0,"_bbp_topic_count_hidden":0,"_bbp_reply_count_hidden":0,"_bbp_forum_subforum_count":0,"footnotes":""},"class_list":["post-2383","page","type-page","status-publish","hentry"],"post_mailing_queue_ids":[],"_links":{"self":[{"href":"https:\/\/agora.xtec.cat\/ceipmdcandela-valls\/wp-json\/wp\/v2\/pages\/2383","targetHints":{"allow":["GET"]}}],"collection":[{"href":"https:\/\/agora.xtec.cat\/ceipmdcandela-valls\/wp-json\/wp\/v2\/pages"}],"about":[{"href":"https:\/\/agora.xtec.cat\/ceipmdcandela-valls\/wp-json\/wp\/v2\/types\/page"}],"author":[{"embeddable":true,"href":"https:\/\/agora.xtec.cat\/ceipmdcandela-valls\/wp-json\/wp\/v2\/users\/1"}],"replies":[{"embeddable":true,"href":"https:\/\/agora.xtec.cat\/ceipmdcandela-valls\/wp-json\/wp\/v2\/comments?post=2383"}],"version-history":[{"count":1,"href":"https:\/\/agora.xtec.cat\/ceipmdcandela-valls\/wp-json\/wp\/v2\/pages\/2383\/revisions"}],"predecessor-version":[{"id":8608,"href":"https:\/\/agora.xtec.cat\/ceipmdcandela-valls\/wp-json\/wp\/v2\/pages\/2383\/revisions\/8608"}],"up":[{"embeddable":true,"href":"https:\/\/agora.xtec.cat\/ceipmdcandela-valls\/wp-json\/wp\/v2\/pages\/64"}],"wp:attachment":[{"href":"https:\/\/agora.xtec.cat\/ceipmdcandela-valls\/wp-json\/wp\/v2\/media?parent=2383"}],"curies":[{"name":"wp","href":"https:\/\/api.w.org\/{rel}","templated":true}]}}