{"id":193,"date":"2016-01-13T13:49:43","date_gmt":"2016-01-13T12:49:43","guid":{"rendered":"http:\/\/agora.xtec.cat\/ceipmdcandela-valls\/?page_id=193"},"modified":"2025-03-27T17:12:30","modified_gmt":"2025-03-27T16:12:30","slug":"nofc","status":"publish","type":"page","link":"https:\/\/agora.xtec.cat\/ceipmdcandela-valls\/projecte-educatiu\/nofc\/","title":{"rendered":"NOFC"},"content":{"rendered":"<p>Les Normes d&#8217;Organitzaci\u00f3 i Funcionament de Centre (NOFC) estan en proc\u00e9s de revisi\u00f3. Aquests 2 documents, aprovats per Consell el dimecres 12 de mar\u00e7 del 2025 ens han de servir per mantenir el bon clima a l&#8217;aula i per resoldre els conflictes que sorgeixin.<\/p>\n<p>Les NOFC quan estiguin revisades, actualitzades i aprovades es compartiran amb la comunitat educativa.<\/p>\n<p><a href=\"https:\/\/agora.xtec.cat\/ceipmdcandela-valls\/wp-content\/uploads\/usu705\/2025\/03\/Especificacio-i-gradacio-de-les-conductes-perjudicials-2.pdf\" target=\"_blank\" rel=\"noopener\">Especificaci\u00f3 i gradaci\u00f3 de les conductes perjudicials<\/a><\/p>\n<p><a href=\"https:\/\/agora.xtec.cat\/ceipmdcandela-valls\/wp-content\/uploads\/usu705\/2025\/03\/Gestio-de-conflictes-2.pdf\" target=\"_blank\" rel=\"noopener\">Protocol per la gesti\u00f3 de conflictes<\/a><\/p>\n<p>&nbsp;<\/p>\n","protected":false},"excerpt":{"rendered":"<p>Les Normes d&#8217;Organitzaci\u00f3 i Funcionament de Centre (NOFC) estan en proc\u00e9s de revisi\u00f3. Aquests 2 documents, aprovats per Consell el dimecres 12 de mar\u00e7 del 2025 ens han de servir per mantenir el bon clima a l&#8217;aula i per resoldre els conflictes que sorgeixin.<br \/>\nLes NOFC&hellip;  <a href=\"https:\/\/agora.xtec.cat\/ceipmdcandela-valls\/projecte-educatiu\/nofc\/\" title=\"Read NOFC\">Llegeix m\u00e9s\u00bb<\/a><\/p>\n","protected":false},"author":1,"featured_media":0,"parent":64,"menu_order":13,"comment_status":"closed","ping_status":"closed","template":"page-templates\/side-menu.php","meta":{"_bbp_topic_count":0,"_bbp_reply_count":0,"_bbp_total_topic_count":0,"_bbp_total_reply_count":0,"_bbp_voice_count":0,"_bbp_anonymous_reply_count":0,"_bbp_topic_count_hidden":0,"_bbp_reply_count_hidden":0,"_bbp_forum_subforum_count":0,"footnotes":""},"class_list":["post-193","page","type-page","status-publish","hentry"],"post_mailing_queue_ids":[],"_links":{"self":[{"href":"https:\/\/agora.xtec.cat\/ceipmdcandela-valls\/wp-json\/wp\/v2\/pages\/193","targetHints":{"allow":["GET"]}}],"collection":[{"href":"https:\/\/agora.xtec.cat\/ceipmdcandela-valls\/wp-json\/wp\/v2\/pages"}],"about":[{"href":"https:\/\/agora.xtec.cat\/ceipmdcandela-valls\/wp-json\/wp\/v2\/types\/page"}],"author":[{"embeddable":true,"href":"https:\/\/agora.xtec.cat\/ceipmdcandela-valls\/wp-json\/wp\/v2\/users\/1"}],"replies":[{"embeddable":true,"href":"https:\/\/agora.xtec.cat\/ceipmdcandela-valls\/wp-json\/wp\/v2\/comments?post=193"}],"version-history":[{"count":6,"href":"https:\/\/agora.xtec.cat\/ceipmdcandela-valls\/wp-json\/wp\/v2\/pages\/193\/revisions"}],"predecessor-version":[{"id":13112,"href":"https:\/\/agora.xtec.cat\/ceipmdcandela-valls\/wp-json\/wp\/v2\/pages\/193\/revisions\/13112"}],"up":[{"embeddable":true,"href":"https:\/\/agora.xtec.cat\/ceipmdcandela-valls\/wp-json\/wp\/v2\/pages\/64"}],"wp:attachment":[{"href":"https:\/\/agora.xtec.cat\/ceipmdcandela-valls\/wp-json\/wp\/v2\/media?parent=193"}],"curies":[{"name":"wp","href":"https:\/\/api.w.org\/{rel}","templated":true}]}}