{"id":1815,"date":"2017-03-05T20:05:57","date_gmt":"2017-03-05T19:05:57","guid":{"rendered":"http:\/\/agora.xtec.cat\/ceipmdcandela-valls\/?page_id=1815"},"modified":"2025-10-07T14:01:25","modified_gmt":"2025-10-07T12:01:25","slug":"articles-per-llegir","status":"publish","type":"page","link":"https:\/\/agora.xtec.cat\/ceipmdcandela-valls\/curs-actual\/articles-per-llegir\/","title":{"rendered":"Articles per llegir&#8230;"},"content":{"rendered":"<p style=\"text-align: justify;\">En aquest apartat podreu trobar recomanacions per les fam\u00edlies procedents del Departament d&#8217;Educaci\u00f3 i altres fonts que ens semblen interessants per compartir.<\/p>\n<p style=\"text-align: justify;\">Aqu\u00ed us els deixem enlla\u00e7ats perqu\u00e8 els pugueu consultar.<\/p>\n<ul>\n<li><strong><a href=\"https:\/\/educacio.gencat.cat\/ca\/arees-actuacio\/families\/ajudem-fills\/\" target=\"_blank\" rel=\"noopener\">Acompanyament emocional i salut mental<\/a><\/strong><\/li>\n<li><strong><a href=\"https:\/\/educacio.gencat.cat\/ca\/departament\/proteccio-dades\/centres-educatius\/\" target=\"_blank\" rel=\"noopener\">La protecci\u00f3 de dades personals als centres educatius<\/a><\/strong><\/li>\n<li><strong><a href=\"https:\/\/educacio.gencat.cat\/ca\/arees-actuacio\/families\/benestar-digital\/\" target=\"_blank\" rel=\"noopener\">Benestar digital en fam\u00edlia<\/a><\/strong><\/li>\n<li><strong><a href=\"https:\/\/educacio.gencat.cat\/ca\/arees-actuacio\/families\/habits-saludables\/\" target=\"_blank\" rel=\"noopener\">Promovem h\u00e0bits saludables<\/a><\/strong><\/li>\n<\/ul>\n<p style=\"text-align: justify;\"><span style=\"font-family: inherit; font-size: 1em;\">El podeu llegir <\/span><a style=\"font-family: inherit; font-size: 1em;\" href=\"http:\/\/familiaiescola.gencat.cat\/ca\/recomanacions\/recomanacions\/descans\/\" target=\"_blank\" rel=\"noopener noreferrer\">aqu\u00ed<\/a><\/p>\n","protected":false},"excerpt":{"rendered":"<p>En aquest apartat podreu trobar recomanacions per les fam\u00edlies procedents del Departament d&#8217;Educaci\u00f3 i altres fonts que ens semblen interessants per compartir.<br \/>\nAqu\u00ed us els deixem enlla\u00e7ats perqu\u00e8 els pugueu consultar.<\/p>\n<ul>\n<li><a href=\"https:\/\/educacio.gencat.cat\/ca\/arees-actuacio\/families\/ajudem-fills\/\" target=\"_blank\" rel=\"noopener\">Acompanyament emocional i salut mental<\/a><\/li>\n<li><a href=\"https:\/\/educacio.gencat.cat\/ca\/departament\/proteccio-dades\/centres-educatius\/\" target=\"_blank\" rel=\"noopener\">La protecci\u00f3 de dades personals als&hellip;  <a href=\"https:\/\/agora.xtec.cat\/ceipmdcandela-valls\/curs-actual\/articles-per-llegir\/\" title=\"Read Articles per llegir&#8230;\">Llegeix m\u00e9s\u00bb<\/a><br \/>\n","protected":false},"author":1,"featured_media":0,"parent":195,"menu_order":0,"comment_status":"closed","ping_status":"closed","template":"","meta":{"_bbp_topic_count":0,"_bbp_reply_count":0,"_bbp_total_topic_count":0,"_bbp_total_reply_count":0,"_bbp_voice_count":0,"_bbp_anonymous_reply_count":0,"_bbp_topic_count_hidden":0,"_bbp_reply_count_hidden":0,"_bbp_forum_subforum_count":0,"footnotes":""},"class_list":["post-1815","page","type-page","status-publish","hentry"],"post_mailing_queue_ids":[],"_links":{"self":[{"href":"https:\/\/agora.xtec.cat\/ceipmdcandela-valls\/wp-json\/wp\/v2\/pages\/1815","targetHints":{"allow":["GET"]}}],"collection":[{"href":"https:\/\/agora.xtec.cat\/ceipmdcandela-valls\/wp-json\/wp\/v2\/pages"}],"about":[{"href":"https:\/\/agora.xtec.cat\/ceipmdcandela-valls\/wp-json\/wp\/v2\/types\/page"}],"author":[{"embeddable":true,"href":"https:\/\/agora.xtec.cat\/ceipmdcandela-valls\/wp-json\/wp\/v2\/users\/1"}],"replies":[{"embeddable":true,"href":"https:\/\/agora.xtec.cat\/ceipmdcandela-valls\/wp-json\/wp\/v2\/comments?post=1815"}],"version-history":[{"count":5,"href":"https:\/\/agora.xtec.cat\/ceipmdcandela-valls\/wp-json\/wp\/v2\/pages\/1815\/revisions"}],"predecessor-version":[{"id":13360,"href":"https:\/\/agora.xtec.cat\/ceipmdcandela-valls\/wp-json\/wp\/v2\/pages\/1815\/revisions\/13360"}],"up":[{"embeddable":true,"href":"https:\/\/agora.xtec.cat\/ceipmdcandela-valls\/wp-json\/wp\/v2\/pages\/195"}],"wp:attachment":[{"href":"https:\/\/agora.xtec.cat\/ceipmdcandela-valls\/wp-json\/wp\/v2\/media?parent=1815"}],"curies":[{"name":"wp","href":"https:\/\/api.w.org\/{rel}","templated":true}]}}