{"id":12500,"date":"2024-10-14T18:46:17","date_gmt":"2024-10-14T16:46:17","guid":{"rendered":"https:\/\/agora.xtec.cat\/ceipmdcandela-valls\/?page_id=12500"},"modified":"2025-06-27T09:22:21","modified_gmt":"2025-06-27T07:22:21","slug":"contacte","status":"publish","type":"page","link":"https:\/\/agora.xtec.cat\/ceipmdcandela-valls\/serveis\/ampa\/contacte\/","title":{"rendered":"Contacte"},"content":{"rendered":"<p style=\"text-align: justify;\">Per urg\u00e8ncies o necessitats heu de contactar indicant nom, curs, motiu de la consulta i tel\u00e8fon mitjan\u00e7ant:<\/p>\n<ul>\n<li dir=\"ltr\">\n<p dir=\"ltr\">Una nota a la b\u00fastia de l\u2019AFA (a l\u2019entrada)<\/p>\n<\/li>\n<li dir=\"ltr\">\n<p dir=\"ltr\">Un mail a <span style=\"font-weight: 400;\"><a href=\"mailto:extraescolars@escolalacandela.cat\" target=\"_blank\" rel=\"noopener\">ampa@escolalacandela.cat<\/a><\/span><span style=\"font-weight: 400;\">\u00a0<\/span><\/p>\n<\/li>\n<\/ul>\n<p dir=\"ltr\">I des de la junta de l\u2019AFA ens posarem en contacte amb vosaltres.<\/p>\n","protected":false},"excerpt":{"rendered":"<p>Per urg\u00e8ncies o necessitats heu de contactar indicant nom, curs, motiu de la consulta i tel\u00e8fon mitjan\u00e7ant:<\/p>\n<ul>\n<li dir=\"ltr\">\nUna nota a la b\u00fastia de l\u2019AFA (a l\u2019entrada)\n<\/li>\n<li dir=\"ltr\">\nUn mail a <a href=\"mailto:extraescolars@escolalacandela.cat\" target=\"_blank\" rel=\"noopener\">ampa@escolalacandela.cat<\/a>\u00a0\n<\/li>\n<\/ul>\n<p>I des de la junta de l\u2019AFA ens posarem en contacte amb vosaltres.<\/p>\n","protected":false},"author":40,"featured_media":0,"parent":80,"menu_order":10,"comment_status":"closed","ping_status":"closed","template":"page-templates\/side-menu.php","meta":{"_bbp_topic_count":0,"_bbp_reply_count":0,"_bbp_total_topic_count":0,"_bbp_total_reply_count":0,"_bbp_voice_count":0,"_bbp_anonymous_reply_count":0,"_bbp_topic_count_hidden":0,"_bbp_reply_count_hidden":0,"_bbp_forum_subforum_count":0,"footnotes":""},"class_list":["post-12500","page","type-page","status-publish","hentry"],"post_mailing_queue_ids":[],"_links":{"self":[{"href":"https:\/\/agora.xtec.cat\/ceipmdcandela-valls\/wp-json\/wp\/v2\/pages\/12500","targetHints":{"allow":["GET"]}}],"collection":[{"href":"https:\/\/agora.xtec.cat\/ceipmdcandela-valls\/wp-json\/wp\/v2\/pages"}],"about":[{"href":"https:\/\/agora.xtec.cat\/ceipmdcandela-valls\/wp-json\/wp\/v2\/types\/page"}],"author":[{"embeddable":true,"href":"https:\/\/agora.xtec.cat\/ceipmdcandela-valls\/wp-json\/wp\/v2\/users\/40"}],"replies":[{"embeddable":true,"href":"https:\/\/agora.xtec.cat\/ceipmdcandela-valls\/wp-json\/wp\/v2\/comments?post=12500"}],"version-history":[{"count":2,"href":"https:\/\/agora.xtec.cat\/ceipmdcandela-valls\/wp-json\/wp\/v2\/pages\/12500\/revisions"}],"predecessor-version":[{"id":13291,"href":"https:\/\/agora.xtec.cat\/ceipmdcandela-valls\/wp-json\/wp\/v2\/pages\/12500\/revisions\/13291"}],"up":[{"embeddable":true,"href":"https:\/\/agora.xtec.cat\/ceipmdcandela-valls\/wp-json\/wp\/v2\/pages\/80"}],"wp:attachment":[{"href":"https:\/\/agora.xtec.cat\/ceipmdcandela-valls\/wp-json\/wp\/v2\/media?parent=12500"}],"curies":[{"name":"wp","href":"https:\/\/api.w.org\/{rel}","templated":true}]}}