{"id":12489,"date":"2024-10-14T18:33:00","date_gmt":"2024-10-14T16:33:00","guid":{"rendered":"https:\/\/agora.xtec.cat\/ceipmdcandela-valls\/?page_id=12489"},"modified":"2025-06-27T09:18:20","modified_gmt":"2025-06-27T07:18:20","slug":"ampa-junta","status":"publish","type":"page","link":"https:\/\/agora.xtec.cat\/ceipmdcandela-valls\/serveis\/ampa\/ampa-junta\/","title":{"rendered":"La junta de l&#8217;AFA"},"content":{"rendered":"<p>La junta de l\u2019AFA de l\u2019escola La Candela de Valls, som un grup de pares i mares, que de manera volunt\u00e0ria, amb ganes i il\u00b7lusi\u00f3, ens organitzem, participem i ajudem de manera activa al funcionament i activitats de la nostra escola, juntament amb l\u2019equip de mestres, per oferir la millor experi\u00e8ncia educativa als nostres fills\/es.<\/p>\n<p><b>LA JUNTA EST\u00c0 FORMADA PER:<\/b><\/p>\n<p><u>President<\/u><\/p>\n<p>Joan Pujol Duarri<\/p>\n<p><u>Vice-presidenta<\/u><\/p>\n<p>Tania Gonz\u00e1lez Ros<\/p>\n<p><u>Secret\u00e0ria<\/u><\/p>\n<p>Miriam Granero Chicharro<\/p>\n<p><u>Tresorera<\/u><\/p>\n<p>Maria Salom\u00e9 Clua de Jorge<\/p>\n<p><u>Vocals<\/u><\/p>\n<p>Constan\u00e7a Llagostera Guasch<\/p>\n<p>Berta Pijoan Jov\u00e9<\/p>\n<p>M\u00f2nica Masip Navarro<\/p>\n<p>Hajar Hammachi<\/p>\n<p>Laura Subirats Mart\u00ednez<\/p>\n<p>M\u00edriam Par\u00eds Serra<\/p>\n<p>Alexandra Plana Rodr\u00edguez<\/p>\n<p>L\u00eddia Pons Rovira<\/p>\n<p>&nbsp;<\/p>\n<p><strong>COMISSIONS<\/strong><\/p>\n<p><u>Comissi\u00f3 de coordinaci\u00f3 i representaci\u00f3<\/u><\/p>\n<p>Maria Salom\u00e9 Clua de Jorge<\/p>\n<p>Miriam Granero Chicharro<\/p>\n<p>Joan Pujol Duarri<\/p>\n<p>Tania Gonz\u00e1lez Ros<\/p>\n<p><u>Comissi\u00f3 de tresoreria<\/u><\/p>\n<p>Maria Salom\u00e9 Clua de Jorge<\/p>\n<p>Montse Casellas<\/p>\n<p><u>Comissi\u00f3 d&#8217;extraescolars<\/u><\/p>\n<p>Constan\u00e7a Llagostera Guasch<\/p>\n<p>Berta Pijoan Jov\u00e9<\/p>\n<p>M\u00edriam Par\u00eds Serra<\/p>\n<p>Tania Gonz\u00e1lez Ros<\/p>\n<p><u>Comissi\u00f3 de comunicaci\u00f3<\/u><\/p>\n<p>Miquel de Haro Martinez<\/p>\n<p>Joan Pujol Duarri<\/p>\n","protected":false},"excerpt":{"rendered":"<p>La junta de l\u2019AFA de l\u2019escola La Candela de Valls, som un grup de pares i mares, que de manera volunt\u00e0ria, amb ganes i il\u00b7lusi\u00f3, ens organitzem, participem i ajudem de manera activa al funcionament i activitats de la nostra escola, juntament amb l\u2019equip de&hellip;  <a href=\"https:\/\/agora.xtec.cat\/ceipmdcandela-valls\/serveis\/ampa\/ampa-junta\/\" title=\"Read La junta de l&#8217;AFA\">Llegeix m\u00e9s\u00bb<\/a><\/p>\n","protected":false},"author":40,"featured_media":0,"parent":80,"menu_order":0,"comment_status":"closed","ping_status":"closed","template":"page-templates\/side-menu.php","meta":{"_bbp_topic_count":0,"_bbp_reply_count":0,"_bbp_total_topic_count":0,"_bbp_total_reply_count":0,"_bbp_voice_count":0,"_bbp_anonymous_reply_count":0,"_bbp_topic_count_hidden":0,"_bbp_reply_count_hidden":0,"_bbp_forum_subforum_count":0,"footnotes":""},"class_list":["post-12489","page","type-page","status-publish","hentry"],"post_mailing_queue_ids":[],"_links":{"self":[{"href":"https:\/\/agora.xtec.cat\/ceipmdcandela-valls\/wp-json\/wp\/v2\/pages\/12489","targetHints":{"allow":["GET"]}}],"collection":[{"href":"https:\/\/agora.xtec.cat\/ceipmdcandela-valls\/wp-json\/wp\/v2\/pages"}],"about":[{"href":"https:\/\/agora.xtec.cat\/ceipmdcandela-valls\/wp-json\/wp\/v2\/types\/page"}],"author":[{"embeddable":true,"href":"https:\/\/agora.xtec.cat\/ceipmdcandela-valls\/wp-json\/wp\/v2\/users\/40"}],"replies":[{"embeddable":true,"href":"https:\/\/agora.xtec.cat\/ceipmdcandela-valls\/wp-json\/wp\/v2\/comments?post=12489"}],"version-history":[{"count":6,"href":"https:\/\/agora.xtec.cat\/ceipmdcandela-valls\/wp-json\/wp\/v2\/pages\/12489\/revisions"}],"predecessor-version":[{"id":13289,"href":"https:\/\/agora.xtec.cat\/ceipmdcandela-valls\/wp-json\/wp\/v2\/pages\/12489\/revisions\/13289"}],"up":[{"embeddable":true,"href":"https:\/\/agora.xtec.cat\/ceipmdcandela-valls\/wp-json\/wp\/v2\/pages\/80"}],"wp:attachment":[{"href":"https:\/\/agora.xtec.cat\/ceipmdcandela-valls\/wp-json\/wp\/v2\/media?parent=12489"}],"curies":[{"name":"wp","href":"https:\/\/api.w.org\/{rel}","templated":true}]}}