{"id":11462,"date":"2023-09-25T19:10:53","date_gmt":"2023-09-25T17:10:53","guid":{"rendered":"https:\/\/agora.xtec.cat\/ceipmdcandela-valls\/?page_id=11462"},"modified":"2023-09-25T19:10:53","modified_gmt":"2023-09-25T17:10:53","slug":"bustia-virtual","status":"publish","type":"page","link":"https:\/\/agora.xtec.cat\/ceipmdcandela-valls\/bustia-virtual\/","title":{"rendered":"B\u00fastia virtual"},"content":{"rendered":"<p>Espai per donar la vostra opini\u00f3 de com funciona l&#8217;escola, mitjan\u00e7ant suggeriments, propostes de millora i el que creieu convenient per la millora constant i cont\u00ednua.<\/p>\n<p>Al seg\u00fcent correu podeu escriure&#8217;ns, anotarem i valorarem els vostres escrits.<\/p>\n<p><span style=\"color: #ff6600;\"><strong>bustiavirtual<span class=\"atwho-query\">@escolalacandela.cat<\/span><\/strong><\/span><\/p>\n","protected":false},"excerpt":{"rendered":"<p>Espai per donar la vostra opini\u00f3 de com funciona l&#8217;escola, mitjan\u00e7ant suggeriments, propostes de millora i el que creieu convenient per la millora constant i cont\u00ednua.<br \/>\nAl seg\u00fcent correu podeu escriure&#8217;ns, anotarem i valorarem els vostres escrits.<br \/>\nbustiavirtual@escolalacandela.cat<\/p>\n","protected":false},"author":1,"featured_media":0,"parent":0,"menu_order":0,"comment_status":"closed","ping_status":"closed","template":"page-templates\/side-menu.php","meta":{"_bbp_topic_count":0,"_bbp_reply_count":0,"_bbp_total_topic_count":0,"_bbp_total_reply_count":0,"_bbp_voice_count":0,"_bbp_anonymous_reply_count":0,"_bbp_topic_count_hidden":0,"_bbp_reply_count_hidden":0,"_bbp_forum_subforum_count":0,"footnotes":""},"class_list":["post-11462","page","type-page","status-publish","hentry"],"post_mailing_queue_ids":[],"_links":{"self":[{"href":"https:\/\/agora.xtec.cat\/ceipmdcandela-valls\/wp-json\/wp\/v2\/pages\/11462","targetHints":{"allow":["GET"]}}],"collection":[{"href":"https:\/\/agora.xtec.cat\/ceipmdcandela-valls\/wp-json\/wp\/v2\/pages"}],"about":[{"href":"https:\/\/agora.xtec.cat\/ceipmdcandela-valls\/wp-json\/wp\/v2\/types\/page"}],"author":[{"embeddable":true,"href":"https:\/\/agora.xtec.cat\/ceipmdcandela-valls\/wp-json\/wp\/v2\/users\/1"}],"replies":[{"embeddable":true,"href":"https:\/\/agora.xtec.cat\/ceipmdcandela-valls\/wp-json\/wp\/v2\/comments?post=11462"}],"version-history":[{"count":1,"href":"https:\/\/agora.xtec.cat\/ceipmdcandela-valls\/wp-json\/wp\/v2\/pages\/11462\/revisions"}],"predecessor-version":[{"id":11464,"href":"https:\/\/agora.xtec.cat\/ceipmdcandela-valls\/wp-json\/wp\/v2\/pages\/11462\/revisions\/11464"}],"wp:attachment":[{"href":"https:\/\/agora.xtec.cat\/ceipmdcandela-valls\/wp-json\/wp\/v2\/media?parent=11462"}],"curies":[{"name":"wp","href":"https:\/\/api.w.org\/{rel}","templated":true}]}}