{"id":6559,"date":"2022-04-04T20:54:56","date_gmt":"2022-04-04T18:54:56","guid":{"rendered":"https:\/\/agora.xtec.cat\/ceipmdangels\/?page_id=6559"},"modified":"2023-06-07T14:27:42","modified_gmt":"2023-06-07T12:27:42","slug":"competencia-digital-docent","status":"publish","type":"page","link":"https:\/\/agora.xtec.cat\/ceipmdangels\/estrategia-digital-de-centre\/cultura-digital-de-centre\/competencia-digital-docent\/","title":{"rendered":"ACOLLIDA DIGITAL FAM\u00cdLIES"},"content":{"rendered":"<p><strong><img loading=\"lazy\" decoding=\"async\" class=\"wp-image-7823  alignleft\" src=\"https:\/\/agora.xtec.cat\/ceipmdangels\/wp-content\/uploads\/usu320\/2023\/06\/families-120x300.jpg\" alt=\"\" width=\"446\" height=\"1115\" srcset=\"https:\/\/agora.xtec.cat\/ceipmdangels\/wp-content\/uploads\/usu320\/2023\/06\/families-120x300.jpg 120w, https:\/\/agora.xtec.cat\/ceipmdangels\/wp-content\/uploads\/usu320\/2023\/06\/families-410x1024.jpg 410w, https:\/\/agora.xtec.cat\/ceipmdangels\/wp-content\/uploads\/usu320\/2023\/06\/families-768x1920.jpg 768w, https:\/\/agora.xtec.cat\/ceipmdangels\/wp-content\/uploads\/usu320\/2023\/06\/families-614x1536.jpg 614w, https:\/\/agora.xtec.cat\/ceipmdangels\/wp-content\/uploads\/usu320\/2023\/06\/families.jpg 800w\" sizes=\"auto, (max-width: 446px) 100vw, 446px\" \/><\/strong><\/p>\n<p><strong style=\"font-family: inherit; font-size: 1em;\">WEB de l&#8217;escola<\/strong><\/p>\n<p style=\"text-align: justify;\">El centre disposa d\u2019un web amb la informaci\u00f3 p\u00fablica. S\u2019hi poden trobar informacions fixes de caire oficial com el PEC, NOFC,&#8230; i d&#8217;altres que es va modificant com les beques, matriculaci\u00f3, etc. segons el per\u00edode del curs escolar. Tamb\u00e9 hi trobareu publicada la informaci\u00f3 de l&#8217;AMPA i del menjador<img loading=\"lazy\" decoding=\"async\" class=\"alignright wp-image-9488\" src=\"https:\/\/projectes.xtec.cat\/edc-suport\/wp-content\/uploads\/usu2435\/2021\/12\/nodes-300x173.png\" sizes=\"auto, (max-width: 300px) 100vw, 300px\" srcset=\"https:\/\/projectes.xtec.cat\/edc-suport\/wp-content\/uploads\/usu2435\/2021\/12\/nodes-300x173.png 300w, https:\/\/projectes.xtec.cat\/edc-suport\/wp-content\/uploads\/usu2435\/2021\/12\/nodes.png 580w\" alt=\"\" width=\"218\" height=\"126\" \/> que es revisen peri\u00f2dicament.<\/p>\n<p style=\"text-align: justify;\"><span style=\"font-weight: 400;\">L&#8217;equip docent de l&#8217;escola \u00e9s l&#8217; encarregat de publicar els articles a la p\u00e0gina web de les diferents activitats que es van fent durant el curs.<\/span><\/p>\n<p style=\"text-align: justify;\">Aquest web est\u00e0 realitzat aprofitant el servei nodes que ofereix el Departament d\u2019Educaci\u00f3.<\/p>\n<ul>\n<li><strong>Instragram<\/strong><\/li>\n<\/ul>\n<p>\u00c9s la Xarxa Social que fa servir l&#8217;escola per compartir imatges i v\u00eddeos d&#8217;activitats puntuals que es realitzen al centre.<\/p>\n<p>Ens trobar\u00e0s com a\u00a0<a href=\"https:\/\/www.instagram.com\/escolaelsangels\/\" target=\"_blank\" rel=\"noopener\">@escolaelsangels<\/a><a href=\"https:\/\/agora.xtec.cat\/ceipmdangels\/portada\/segueix-nos\/attachment\/segueix-nos\/\" rel=\"attachment wp-att-6459\"><img loading=\"lazy\" decoding=\"async\" class=\"wp-image-6459 alignright\" src=\"https:\/\/agora.xtec.cat\/ceipmdangels\/wp-content\/uploads\/usu320\/2022\/03\/Segueix-nos-300x251.png\" alt=\"\" width=\"235\" height=\"198\" srcset=\"https:\/\/agora.xtec.cat\/ceipmdangels\/wp-content\/uploads\/usu320\/2022\/03\/Segueix-nos-300x251.png 300w, https:\/\/agora.xtec.cat\/ceipmdangels\/wp-content\/uploads\/usu320\/2022\/03\/Segueix-nos-768x644.png 768w, https:\/\/agora.xtec.cat\/ceipmdangels\/wp-content\/uploads\/usu320\/2022\/03\/Segueix-nos.png 940w\" sizes=\"auto, (max-width: 235px) 100vw, 235px\" \/><\/a><\/p>\n<p>&nbsp;<\/p>\n<p>&nbsp;<\/p>\n<p>&nbsp;<\/p>\n<p>&nbsp;<\/p>\n<p>&nbsp;<\/p>\n<ul>\n<li><b>Dinantia<\/b><\/li>\n<\/ul>\n<p>Dinantia \u00e9s la plataforma de comunicaci\u00f3 web i m\u00f2bil dirigida a escoles, professors, pares i alumnes que utilitza el nostre centre.<\/p>\n<p style=\"text-align: justify;\">Quan el centre envia un missatge, el rebr\u00e0s en forma de notificaci\u00f3 push (igual que reps un WhatsApp) en el tel\u00e8fon m\u00f2bil o tablet on tinguis instal\u00b7lada l&#8217; aplicaci\u00f3. <span style=\"font-family: inherit; font-size: 1em;\">Rebre i enviar missatges no et suposar\u00e0 ningun tipus de cost, i descarregar l&#8217;aplicaci\u00f3 \u00e9s gratu\u00eft.<\/span><\/p>\n<p class=\"animation fadeInRight animation-active\" style=\"text-align: justify;\">Dinantia permet enviar arxius adjunts juntam<a href=\"https:\/\/agora.xtec.cat\/ceipmdangels\/estrategia-digital-de-centre\/cultura-digital-de-centre\/competencia-digital-docent\/attachment\/baixa\/\" rel=\"attachment wp-att-6797\"><img loading=\"lazy\" decoding=\"async\" class=\" wp-image-6797 alignleft\" src=\"https:\/\/agora.xtec.cat\/ceipmdangels\/wp-content\/uploads\/usu320\/2022\/05\/baixa.jpg\" alt=\"\" width=\"291\" height=\"218\" srcset=\"https:\/\/agora.xtec.cat\/ceipmdangels\/wp-content\/uploads\/usu320\/2022\/05\/baixa.jpg 259w, https:\/\/agora.xtec.cat\/ceipmdangels\/wp-content\/uploads\/usu320\/2022\/05\/baixa-200x150.jpg 200w\" sizes=\"auto, (max-width: 291px) 100vw, 291px\" \/><\/a>ent amb els missatges. El teu centre et podr\u00e0 enviar informes, imatges, v\u00eddeos, documents, etc., que tu podr\u00e0s veure, imprimir, enviar o compartir. Tu tamb\u00e9 podr\u00e0s enviar missatges. Aix\u00f2 resulta \u00fatil a l&#8217;hora de justificar una abs\u00e8ncia, signar un document, etc.<\/p>\n<p class=\"animation fadeInLeft animation-active\" style=\"text-align: justify;\">L&#8217;escola et podr\u00e0 enviar missatges perqu\u00e8 puguis autoritzar sortides escolars i pagar-les, concertar reunions, confirmar i justificar les abs\u00e8ncies del teu fill, et podr\u00e0 fer enquestes d&#8217;opini\u00f3 an\u00f2nimes, etc.<\/p>\n<p class=\"animation fadeInLeft animation-active\" style=\"text-align: justify;\">A m\u00e9s, les autoritzacions signades des de Dinantia tenen validesa legal.<\/p>\n<h6 style=\"text-align: justify;\"><\/h6>\n<p style=\"text-align: justify;\"><strong>Desc\u00e0rrega gratu\u00efta de l&#8217;app<\/strong><\/p>\n<p class=\"animation fadeInRight animation-active\" style=\"text-align: justify;\">Descarregar l&#8217;aplicaci\u00f3 no suposa ningun cost, i la pots instal\u00b7lar a m\u00f2bil i tablet. Fins i tot pots instal\u00b7lar-la amb un \u00fanic compte en diversos dispositius.<\/p>\n<p class=\"centrado\" style=\"text-align: justify;\"><a href=\"https:\/\/play.google.com\/store\/apps\/details?id=com.dinantia.dinantia\" target=\"_blank\" rel=\"noopener\"><img decoding=\"async\" src=\"https:\/\/www.dinantia.com\/images\/disponible_android.png\" alt=\"Desc\u00e1rgate Dinantia para Android en Google Play\" \/><\/a><\/p>\n<p class=\"centrado\" style=\"text-align: justify;\"><a href=\"https:\/\/play.google.com\/store\/apps\/details?id=com.dinantia.dinantia\" target=\"_blank\" rel=\"noopener\">\u00a0<\/a><a href=\"https:\/\/itunes.apple.com\/es\/app\/dinantia\/id1057051981\" target=\"_blank\" rel=\"noopener\"><img decoding=\"async\" src=\"https:\/\/www.dinantia.com\/images\/app-store.jpg\" alt=\"Desc\u00e1rgate Dinantia para iPhone en la Apple Store\" \/><\/a><\/p>\n<p>&nbsp;<\/p>\n<ul>\n<li><b>Google Workspace<\/b><\/li>\n<\/ul>\n<p style=\"text-align: justify;\"><span style=\"font-weight: 400;\">L\u2019<\/span><b>Escola Els \u00c0ngels<\/b><span style=\"font-weight: 400;\">, per tal de poder garantir al m\u00e0xim la compet\u00e8ncia digital del nostre alumnat, disposa dels serveis gratu\u00efts de <\/span><b>Google Workspace<\/b><span style=\"font-weight: 400;\">, i aix\u00ed anar adequant les metodologies de treball a les noves tecnologies que ens ofereix el m\u00f3n digital.<\/span><\/p>\n<p style=\"text-align: justify;\"><span style=\"font-weight: 400;\">La nostra escola ha anat implementant per a tot l\u2019alumnat, aquesta plataforma com a eina de treball complementari per a diverses mat\u00e8ries, a trav\u00e9s d\u2019aquesta suite (drive, docs, presentacions, fulls de c\u00e0lcul, meet, youtube, &#8230;)<\/span><\/p>\n<p style=\"text-align: justify;\"><span style=\"font-weight: 400;\">Tamb\u00e9 \u00e9s l\u2019eina de comunicaci\u00f3 i treball en cas de con\ufb01nament.<\/span><\/p>\n<p style=\"text-align: justify;\"><span style=\"font-weight: 400;\">Una de les eines que ens ofereix GSuite \u00e9s <\/span><b>Google Classroom <\/b><span style=\"font-weight: 400;\">que, donada la situaci\u00f3 en la que ens trobem en l\u2019actualitat, ens obre una porta digital per connectar tota la comunitat educativa en un entorn \u00e0gil, motivador i molt entenedor.<\/span><\/p>\n<p style=\"text-align: justify;\"><span style=\"font-weight: 400;\">Per tal d\u2019assegurar que no es far\u00e0 cap \u00fas indegut d\u2019aquest servei, us adjuntem el<\/span> <b>Reglament d\u2019\u00fas general <\/b><span style=\"font-weight: 400;\">de Google Workspace, per tenir-lo ben present:<\/span><\/p>\n<ul style=\"text-align: justify;\">\n<li style=\"font-weight: 400;\" aria-level=\"1\"><span style=\"font-weight: 400;\">Les fam\u00edlies hauran de firmar una autoritzaci\u00f3 i acceptar les condicions d\u2019\u00fas del compte dels\/les alumnes.<\/span><\/li>\n<li style=\"font-weight: 400;\" aria-level=\"1\"><span style=\"font-weight: 400;\">\u00c9s responsabilitat de les fam\u00edlies vetllar pel bon \u00fas del compte.<\/span><\/li>\n<li style=\"font-weight: 400;\" aria-level=\"1\"><span style=\"font-weight: 400;\">Cap fam\u00edlia podr\u00e0 utilitzar el compte dels seus\/ves fills\/es en activitats alienes a l\u2019escola.<\/span><\/li>\n<\/ul>\n<p style=\"text-align: justify;\"><span style=\"font-weight: 400;\">Tots els alumnes hauran de tenir obligat\u00f2riament l&#8217;autoritzaci\u00f3 d&#8217;\u00fas dels serveis per part dels seus responsables legals. Aquesta t\u00e9 una validesa anual, i es renovar\u00e0 cada curs.\u00a0\u00a0<\/span><\/p>\n<p>&nbsp;<\/p>\n","protected":false},"excerpt":{"rendered":"<p>WEB de l&#8217;escola<br \/>\nEl centre disposa d\u2019un web amb la informaci\u00f3 p\u00fablica. S\u2019hi poden trobar informacions fixes de caire oficial com el PEC, NOFC,&#8230; i d&#8217;altres que es va modificant com les beques, matriculaci\u00f3, etc. segons el per\u00edode del curs escolar. Tamb\u00e9 hi trobareu publicada la&hellip;  <a href=\"https:\/\/agora.xtec.cat\/ceipmdangels\/estrategia-digital-de-centre\/cultura-digital-de-centre\/competencia-digital-docent\/\" title=\"Read ACOLLIDA DIGITAL FAM\u00cdLIES\">Llegeix m\u00e9s\u00bb<\/a><\/p>\n","protected":false},"author":1,"featured_media":0,"parent":6564,"menu_order":0,"comment_status":"closed","ping_status":"closed","template":"page-templates\/side-menu.php","meta":{"_bbp_topic_count":0,"_bbp_reply_count":0,"_bbp_total_topic_count":0,"_bbp_total_reply_count":0,"_bbp_voice_count":0,"_bbp_anonymous_reply_count":0,"_bbp_topic_count_hidden":0,"_bbp_reply_count_hidden":0,"_bbp_forum_subforum_count":0,"footnotes":""},"class_list":["post-6559","page","type-page","status-publish","hentry"],"post_mailing_queue_ids":[],"_links":{"self":[{"href":"https:\/\/agora.xtec.cat\/ceipmdangels\/wp-json\/wp\/v2\/pages\/6559","targetHints":{"allow":["GET"]}}],"collection":[{"href":"https:\/\/agora.xtec.cat\/ceipmdangels\/wp-json\/wp\/v2\/pages"}],"about":[{"href":"https:\/\/agora.xtec.cat\/ceipmdangels\/wp-json\/wp\/v2\/types\/page"}],"author":[{"embeddable":true,"href":"https:\/\/agora.xtec.cat\/ceipmdangels\/wp-json\/wp\/v2\/users\/1"}],"replies":[{"embeddable":true,"href":"https:\/\/agora.xtec.cat\/ceipmdangels\/wp-json\/wp\/v2\/comments?post=6559"}],"version-history":[{"count":2,"href":"https:\/\/agora.xtec.cat\/ceipmdangels\/wp-json\/wp\/v2\/pages\/6559\/revisions"}],"predecessor-version":[{"id":7828,"href":"https:\/\/agora.xtec.cat\/ceipmdangels\/wp-json\/wp\/v2\/pages\/6559\/revisions\/7828"}],"up":[{"embeddable":true,"href":"https:\/\/agora.xtec.cat\/ceipmdangels\/wp-json\/wp\/v2\/pages\/6564"}],"wp:attachment":[{"href":"https:\/\/agora.xtec.cat\/ceipmdangels\/wp-json\/wp\/v2\/media?parent=6559"}],"curies":[{"name":"wp","href":"https:\/\/api.w.org\/{rel}","templated":true}]}}