{"id":6533,"date":"2022-04-01T09:38:57","date_gmt":"2022-04-01T07:38:57","guid":{"rendered":"https:\/\/agora.xtec.cat\/ceipmdangels\/?page_id=6533"},"modified":"2026-04-23T15:36:47","modified_gmt":"2026-04-23T13:36:47","slug":"2-objectius-2","status":"publish","type":"page","link":"https:\/\/agora.xtec.cat\/ceipmdangels\/estrategia-digital-de-centre\/estrategia\/2-objectius-2\/","title":{"rendered":"2. OBJECTIUS"},"content":{"rendered":"<h5>A partir de la diagnosi que s\u2019ha realitzat, s\u2019han establert diferents objectius<\/h5>\n<ul>\n<li>Actualitzar els documents de cultura digital del centre<\/li>\n<li>Actualitzar la seq\u00fcenciaci\u00f3 de la Compet\u00e8ncia Digital de l&#8217;alumnat amb relacio a la darrera publicaci\u00f3 dels sabers de la Compet\u00e8ncia Digital.<\/li>\n<li>Desenvolupar la Competencia Digital docent amb relaci\u00f3 a les noves eines de tecnologia educativa.<\/li>\n<li>Dissenyar activitat podcast per cicle superior.<\/li>\n<\/ul>\n<p>Un cop definits els objectius, es definiran els indicadors i es temporalitzaran pel seu assoliment.<\/p>\n<p><iframe loading=\"lazy\" style=\"border: 2px solid #ccc; border-radius: 8px;\" src=\"https:\/\/docs.google.com\/spreadsheets\/d\/e\/2PACX-1vQUoPupLfL1eLqZW4LEnIPBsvU0j6vBVKHw39YJCEYP67bdqWzanZIchyDvA02LoziJHo_joGb0pHm4\/pubhtml?gid=1019012944&amp;single=true&amp;widget=true&amp;headers=false\" width=\"100%\" height=\"400\"><\/iframe><\/p>\n<p>Revisi\u00f3 2026<\/p>\n","protected":false},"excerpt":{"rendered":"<p>A partir de la diagnosi que s\u2019ha realitzat, s\u2019han establert diferents objectius<\/p>\n<ul>\n<li>Actualitzar els documents de cultura digital del centre<\/li>\n<li>Actualitzar la seq\u00fcenciaci\u00f3 de la Compet\u00e8ncia Digital de l&#8217;alumnat amb relacio a la darrera publicaci\u00f3 dels sabers de la Compet\u00e8ncia Digital.<\/li>\n<li>Desenvolupar la Competencia Digital docent amb relaci\u00f3&hellip;  <a href=\"https:\/\/agora.xtec.cat\/ceipmdangels\/estrategia-digital-de-centre\/estrategia\/2-objectius-2\/\" title=\"Read 2. OBJECTIUS\">Llegeix m\u00e9s\u00bb<\/a><br \/>\n","protected":false},"author":1,"featured_media":0,"parent":6509,"menu_order":1,"comment_status":"closed","ping_status":"closed","template":"page-templates\/side-menu.php","meta":{"_bbp_topic_count":0,"_bbp_reply_count":0,"_bbp_total_topic_count":0,"_bbp_total_reply_count":0,"_bbp_voice_count":0,"_bbp_anonymous_reply_count":0,"_bbp_topic_count_hidden":0,"_bbp_reply_count_hidden":0,"_bbp_forum_subforum_count":0,"footnotes":""},"class_list":["post-6533","page","type-page","status-publish","hentry"],"post_mailing_queue_ids":[],"_links":{"self":[{"href":"https:\/\/agora.xtec.cat\/ceipmdangels\/wp-json\/wp\/v2\/pages\/6533","targetHints":{"allow":["GET"]}}],"collection":[{"href":"https:\/\/agora.xtec.cat\/ceipmdangels\/wp-json\/wp\/v2\/pages"}],"about":[{"href":"https:\/\/agora.xtec.cat\/ceipmdangels\/wp-json\/wp\/v2\/types\/page"}],"author":[{"embeddable":true,"href":"https:\/\/agora.xtec.cat\/ceipmdangels\/wp-json\/wp\/v2\/users\/1"}],"replies":[{"embeddable":true,"href":"https:\/\/agora.xtec.cat\/ceipmdangels\/wp-json\/wp\/v2\/comments?post=6533"}],"version-history":[{"count":5,"href":"https:\/\/agora.xtec.cat\/ceipmdangels\/wp-json\/wp\/v2\/pages\/6533\/revisions"}],"predecessor-version":[{"id":10026,"href":"https:\/\/agora.xtec.cat\/ceipmdangels\/wp-json\/wp\/v2\/pages\/6533\/revisions\/10026"}],"up":[{"embeddable":true,"href":"https:\/\/agora.xtec.cat\/ceipmdangels\/wp-json\/wp\/v2\/pages\/6509"}],"wp:attachment":[{"href":"https:\/\/agora.xtec.cat\/ceipmdangels\/wp-json\/wp\/v2\/media?parent=6533"}],"curies":[{"name":"wp","href":"https:\/\/api.w.org\/{rel}","templated":true}]}}