{"id":53,"date":"2014-05-16T14:41:58","date_gmt":"2014-05-16T12:41:58","guid":{"rendered":"http:\/\/www.escolaelsangels.cat\/?page_id=53"},"modified":"2019-01-21T16:08:52","modified_gmt":"2019-01-21T15:08:52","slug":"delegats-de-pares","status":"publish","type":"page","link":"https:\/\/agora.xtec.cat\/ceipmdangels\/que-volem\/delegats-de-pares\/","title":{"rendered":"Delegats de pares"},"content":{"rendered":"<p>Cada classe t\u00e9 dos delegats, aquests es trien a comen\u00e7ament de curs a la reuni\u00f3 de pares i es mantenen durant el curs escolar. <\/p>\n<p>FUNCIONS DELS PARES\/MARES DELEGATS\/DES:<\/p>\n<p>&#8211;\tParticipaci\u00f3 amb l\u2019organitzaci\u00f3 de les festes tradicionals i d\u2019altres activitats complement\u00e0ries realitzades a l\u2019escola.<br \/>\n&#8211;\tComunicaci\u00f3 amb l\u2019escola (ent\u00e8s com transmissor d\u2019informaci\u00f3 cap a la resta de fam\u00edlies de la classe).<br \/>\n&#8211;\tGesti\u00f3 del correu electr\u00f2nic de la classe. Aquest compte el coneix la resta de fam\u00edlies de l\u2019escola.<br \/>\n&#8211;\tPossibilitat d\u2019acompanyar a les sortides (si el mestre ho creu oport\u00fa i sota el criteri del mestre responsable de la sortida) per\u00f2 MAI amb la classe del propi fill. <\/p>\n","protected":false},"excerpt":{"rendered":"<p>Cada classe t\u00e9 dos delegats, aquests es trien a comen\u00e7ament de curs a la reuni\u00f3 de pares i es mantenen durant el curs escolar.<br \/>\nFUNCIONS DELS PARES\/MARES DELEGATS\/DES:<br \/>\n&#8211;\tParticipaci\u00f3 amb l\u2019organitzaci\u00f3 de les festes tradicionals i d\u2019altres activitats complement\u00e0ries realitzades a l\u2019escola.<br \/>\n&#8211;\tComunicaci\u00f3 amb l\u2019escola (ent\u00e8s com&hellip;  <a href=\"https:\/\/agora.xtec.cat\/ceipmdangels\/que-volem\/delegats-de-pares\/\" title=\"Read Delegats de pares\">Llegeix m\u00e9s\u00bb<\/a><\/p>\n","protected":false},"author":1,"featured_media":0,"parent":14,"menu_order":2,"comment_status":"closed","ping_status":"closed","template":"page-templates\/side-menu.php","meta":{"_bbp_topic_count":0,"_bbp_reply_count":0,"_bbp_total_topic_count":0,"_bbp_total_reply_count":0,"_bbp_voice_count":0,"_bbp_anonymous_reply_count":0,"_bbp_topic_count_hidden":0,"_bbp_reply_count_hidden":0,"_bbp_forum_subforum_count":0,"footnotes":""},"class_list":["post-53","page","type-page","status-publish","hentry"],"post_mailing_queue_ids":[],"_links":{"self":[{"href":"https:\/\/agora.xtec.cat\/ceipmdangels\/wp-json\/wp\/v2\/pages\/53","targetHints":{"allow":["GET"]}}],"collection":[{"href":"https:\/\/agora.xtec.cat\/ceipmdangels\/wp-json\/wp\/v2\/pages"}],"about":[{"href":"https:\/\/agora.xtec.cat\/ceipmdangels\/wp-json\/wp\/v2\/types\/page"}],"author":[{"embeddable":true,"href":"https:\/\/agora.xtec.cat\/ceipmdangels\/wp-json\/wp\/v2\/users\/1"}],"replies":[{"embeddable":true,"href":"https:\/\/agora.xtec.cat\/ceipmdangels\/wp-json\/wp\/v2\/comments?post=53"}],"version-history":[{"count":1,"href":"https:\/\/agora.xtec.cat\/ceipmdangels\/wp-json\/wp\/v2\/pages\/53\/revisions"}],"predecessor-version":[{"id":2160,"href":"https:\/\/agora.xtec.cat\/ceipmdangels\/wp-json\/wp\/v2\/pages\/53\/revisions\/2160"}],"up":[{"embeddable":true,"href":"https:\/\/agora.xtec.cat\/ceipmdangels\/wp-json\/wp\/v2\/pages\/14"}],"wp:attachment":[{"href":"https:\/\/agora.xtec.cat\/ceipmdangels\/wp-json\/wp\/v2\/media?parent=53"}],"curies":[{"name":"wp","href":"https:\/\/api.w.org\/{rel}","templated":true}]}}