{"id":24,"date":"2014-09-18T12:23:15","date_gmt":"2014-09-18T10:23:15","guid":{"rendered":"http:\/\/agora.xtec.cat\/ceipmatildeordunya\/?page_id=24"},"modified":"2025-02-06T14:58:42","modified_gmt":"2025-02-06T13:58:42","slug":"on-som","status":"publish","type":"page","link":"https:\/\/agora.xtec.cat\/ceipmatildeordunya\/lescola\/on-som\/","title":{"rendered":"On som"},"content":{"rendered":"\n<p><strong>Escola Matilde Ordu\u00f1a<\/strong><br>Caquis, 10<br>08950 Esplugues de Llobregat<\/p>\n\n\n\n<p>Tel\u00e8fon: 93 371 05 63<br>M\u00f2bil: 638 62 08 63<br>a8017116<span class=\"atwho-query\">@xtec.cat<\/span><\/p>\n\n\n\n<p><iframe loading=\"lazy\" style=\"border: 0;\" src=\"https:\/\/www.google.com\/maps\/embed?pb=!1m18!1m12!1m3!1d8716.165447029765!2d2.097769348260171!3d41.37621716735562!2m3!1f0!2f0!3f0!3m2!1i1024!2i768!4f13.1!3m3!1m2!1s0x12a499043a032f85%3A0x8b4b1e8d00e05062!2sCarrer%20dels%20Caquis%2C%2010%2C%2008950%20Esplugues%20de%20Llobregat%2C%20Barcelona!5e0!3m2!1sca!2ses!4v1635106056747!5m2!1sca!2ses\" width=\"600\" height=\"450\" allowfullscreen=\"allowfullscreen\"><\/iframe><\/p>\n\n\n\n<p><strong>Com arribar-hi:<\/strong><\/p>\n\n\n\n<p><strong>Metro:<\/strong> Parada Can Vidalet; L5 (L\u00ednia blava)<br><strong>Tram:<\/strong> Parada Ca n&#8217;Oliveres; T1, T2 i T3<br><strong>Bus:<\/strong> Parada Laure\u00e0 Mir\u00f3 &#8211; Mol\u00ed; 157 i N14 (AMB) i L50, L62 i EP1 (Soler i Sauret)<\/p>\n","protected":false},"excerpt":{"rendered":"<p>Escola Matilde Ordu\u00f1aCaquis, 1008950 Esplugues de Llobregat Tel\u00e8fon: 93 371 05 63M\u00f2bil: 638 62 08 63a8017116@xtec.cat Com arribar-hi: Metro: Parada [&hellip;]<\/p>\n","protected":false},"author":1,"featured_media":0,"parent":22,"menu_order":10,"comment_status":"closed","ping_status":"closed","template":"","meta":{"_bbp_topic_count":0,"_bbp_reply_count":0,"_bbp_total_topic_count":0,"_bbp_total_reply_count":0,"_bbp_voice_count":0,"_bbp_anonymous_reply_count":0,"_bbp_topic_count_hidden":0,"_bbp_reply_count_hidden":0,"_bbp_forum_subforum_count":0,"site-sidebar-layout":"left-sidebar","site-content-layout":"","ast-site-content-layout":"default","site-content-style":"default","site-sidebar-style":"default","ast-global-header-display":"","ast-banner-title-visibility":"","ast-main-header-display":"","ast-hfb-above-header-display":"","ast-hfb-below-header-display":"","ast-hfb-mobile-header-display":"","site-post-title":"","ast-breadcrumbs-content":"","ast-featured-img":"","footer-sml-layout":"","theme-transparent-header-meta":"","adv-header-id-meta":"","stick-header-meta":"","header-above-stick-meta":"","header-main-stick-meta":"","header-below-stick-meta":"","astra-migrate-meta-layouts":"set","ast-page-background-enabled":"default","ast-page-background-meta":{"desktop":{"background-color":"var(--ast-global-color-4)","background-image":"","background-repeat":"repeat","background-position":"center center","background-size":"auto","background-attachment":"scroll","background-type":"","background-media":"","overlay-type":"","overlay-color":"","overlay-opacity":"","overlay-gradient":""},"tablet":{"background-color":"","background-image":"","background-repeat":"repeat","background-position":"center center","background-size":"auto","background-attachment":"scroll","background-type":"","background-media":"","overlay-type":"","overlay-color":"","overlay-opacity":"","overlay-gradient":""},"mobile":{"background-color":"","background-image":"","background-repeat":"repeat","background-position":"center center","background-size":"auto","background-attachment":"scroll","background-type":"","background-media":"","overlay-type":"","overlay-color":"","overlay-opacity":"","overlay-gradient":""}},"ast-content-background-meta":{"desktop":{"background-color":"var(--ast-global-color-5)","background-image":"","background-repeat":"repeat","background-position":"center center","background-size":"auto","background-attachment":"scroll","background-type":"","background-media":"","overlay-type":"","overlay-color":"","overlay-opacity":"","overlay-gradient":""},"tablet":{"background-color":"var(--ast-global-color-5)","background-image":"","background-repeat":"repeat","background-position":"center center","background-size":"auto","background-attachment":"scroll","background-type":"","background-media":"","overlay-type":"","overlay-color":"","overlay-opacity":"","overlay-gradient":""},"mobile":{"background-color":"var(--ast-global-color-5)","background-image":"","background-repeat":"repeat","background-position":"center center","background-size":"auto","background-attachment":"scroll","background-type":"","background-media":"","overlay-type":"","overlay-color":"","overlay-opacity":"","overlay-gradient":""}},"footnotes":""},"class_list":["post-24","page","type-page","status-publish","hentry"],"post_mailing_queue_ids":[],"_links":{"self":[{"href":"https:\/\/agora.xtec.cat\/ceipmatildeordunya\/wp-json\/wp\/v2\/pages\/24","targetHints":{"allow":["GET"]}}],"collection":[{"href":"https:\/\/agora.xtec.cat\/ceipmatildeordunya\/wp-json\/wp\/v2\/pages"}],"about":[{"href":"https:\/\/agora.xtec.cat\/ceipmatildeordunya\/wp-json\/wp\/v2\/types\/page"}],"author":[{"embeddable":true,"href":"https:\/\/agora.xtec.cat\/ceipmatildeordunya\/wp-json\/wp\/v2\/users\/1"}],"replies":[{"embeddable":true,"href":"https:\/\/agora.xtec.cat\/ceipmatildeordunya\/wp-json\/wp\/v2\/comments?post=24"}],"version-history":[{"count":5,"href":"https:\/\/agora.xtec.cat\/ceipmatildeordunya\/wp-json\/wp\/v2\/pages\/24\/revisions"}],"predecessor-version":[{"id":1196,"href":"https:\/\/agora.xtec.cat\/ceipmatildeordunya\/wp-json\/wp\/v2\/pages\/24\/revisions\/1196"}],"up":[{"embeddable":true,"href":"https:\/\/agora.xtec.cat\/ceipmatildeordunya\/wp-json\/wp\/v2\/pages\/22"}],"wp:attachment":[{"href":"https:\/\/agora.xtec.cat\/ceipmatildeordunya\/wp-json\/wp\/v2\/media?parent=24"}],"curies":[{"name":"wp","href":"https:\/\/api.w.org\/{rel}","templated":true}]}}