{"id":7822,"date":"2026-02-02T12:08:16","date_gmt":"2026-02-02T11:08:16","guid":{"rendered":"https:\/\/agora.xtec.cat\/ceipmasclara\/?page_id=7822"},"modified":"2026-02-09T12:31:28","modified_gmt":"2026-02-09T11:31:28","slug":"contacte","status":"publish","type":"page","link":"https:\/\/agora.xtec.cat\/ceipmasclara\/lescola\/contacte\/","title":{"rendered":"Contacte"},"content":{"rendered":"<p style=\"text-align: center;\"><strong>On som?<\/strong><\/p>\n<p><strong>Escola Mas Clar\u00e0<\/strong><br \/>\nCarrer\u00a0Mas Clar\u00e0, 23-31<br \/>\n17100 La Bisbal d&#8217;Empord\u00e0<\/p>\n<p><iframe loading=\"lazy\" style=\"border: 0;\" src=\"https:\/\/www.google.com\/maps\/embed?pb=!1m18!1m12!1m3!1d2966.593459711986!2d3.038094214946984!3d41.96606646788455!2m3!1f0!2f0!3f0!3m2!1i1024!2i768!4f13.1!3m3!1m2!1s0x12baf9366bd28ce5%3A0x49c67d7966ef89b3!2sCEIP%20Mas%20Clar%C3%A0!5e0!3m2!1ses!2ses!4v1568892273540!5m2!1ses!2ses\" width=\"600\" height=\"450\" frameborder=\"0\" allowfullscreen=\"allowfullscreen\"><\/iframe><\/p>\n<p style=\"text-align: center;\"><strong>Adreces electr\u00f2niques<\/strong><\/p>\n<ul>\n<li><b>DIRECCI\u00d3<\/b>\n<ul>\n<li><strong>Externs &#8211;<\/strong> b7005248@xtec.cat<\/li>\n<li><strong>Interns- <\/strong>direccio@masclara.cat<\/li>\n<\/ul>\n<\/li>\n<\/ul>\n<ul>\n<li><b>\u00a0EDUCACI\u00d3 INFANTIL<\/b>\n<ul>\n<li><strong>I3A: M\u00f2nica Corretger &#8211;<\/strong> 2022A<span class=\"\">@masclara.ca<\/span>t<\/li>\n<li><strong><span style=\"font-size: 16px; font-style: normal;\">I3B: <\/span><\/strong><strong style=\"font-size: 16px; font-style: normal;\">Mei Pag\u00e8s &#8211; <\/strong>2022B@masclara.cat<\/li>\n<li><strong>I4: Carme Gaspar &#8211; <\/strong>2021@masclara.cat<\/li>\n<li><strong>I5A:<\/strong> <strong>Olga Camps- <\/strong>2020A@masclara.cat<\/li>\n<li><strong>I5B: Vanesa Fontanet &#8211; <\/strong>2020B@masclara.cat<\/li>\n<\/ul>\n<\/li>\n<\/ul>\n<ul>\n<li><strong>CICLE INICIAL<\/strong>\n<ul>\n<li><strong>1rA: Imma Palah\u00ed &#8211; <\/strong>2019A@masclara.cat<\/li>\n<li><strong>1rB: N\u00faria Salam\u00f3 &#8211; <\/strong>2019B@masclara.cat<\/li>\n<li><strong>2n: Maria Palomino &#8211; <\/strong>2018@masclara.cat<\/li>\n<\/ul>\n<\/li>\n<\/ul>\n<ul>\n<li><strong>CICLE MITJ\u00c0<\/strong>\n<ul>\n<li><strong>3rA: Ariadna Cordones &#8211; <\/strong>2017A@masclara.cat<\/li>\n<li><strong><span style=\"font-size: 16px; font-style: normal;\">3rB: <\/span>Gl\u00f2ria Massaguer &#8211; <\/strong>2017B@masclara.cat<\/li>\n<li><strong>4t: Gl\u00f2ria Sicars &#8211; <\/strong>2016@masclara.cat<\/li>\n<\/ul>\n<\/li>\n<\/ul>\n<ul>\n<li><strong>CICLE SUPERIOR<\/strong>\n<ul>\n<li>5\u00e8A: <strong>Laia G\u00f3mez &#8211; <\/strong>2015A@masclara.cat<\/li>\n<li>5\u00e8B: <strong>Gemma Ferran &#8211; <\/strong>2015B@masclara.cat<\/li>\n<li>6\u00e8A: <strong>Consol Font &#8211;<\/strong> 2014A@masclara.cat<\/li>\n<li>6\u00e8B: <strong>S\u00f2nia Bussot &#8211; <\/strong>2014B@masclara.cat<\/li>\n<\/ul>\n<\/li>\n<\/ul>\n<ul>\n<li><strong>ESPECIALISTES<\/strong>\n<ul>\n<li><strong><span style=\"font-size: 16px; font-style: normal;\">Angl\u00e8s i suports EI:\u00a0<\/span>Susanna Brugu\u00e9<\/strong><\/li>\n<li><strong><span style=\"font-size: 16px; font-style: normal;\">Angl\u00e8s CI:\u00a0<\/span>Anna Trull &#8211; <\/strong>angles_1@masclara.cat<\/li>\n<li><strong><span style=\"font-size: 16px; font-style: normal;\">Angl\u00e8s CM i suports:\u00a0<\/span>Manel Rodr\u00edguez\u00a0<\/strong><strong>&#8211; <\/strong>angles_1@masclara.cat<\/li>\n<li><span style=\"font-size: 16px; font-style: normal; font-weight: 400;\"><strong>Angl\u00e8s CS:<\/strong> <\/span><strong style=\"font-size: 16px; font-style: normal;\">Sergi Fern\u00e1ndez &#8211; <\/strong>angles_2<span class=\"\" style=\"font-size: 16px; font-style: normal; font-weight: 400;\">@masclara<\/span><span style=\"font-size: 16px; font-style: normal; font-weight: 400;\">.cat<\/span><\/li>\n<li><strong><span style=\"font-size: 16px; font-style: normal;\">Educaci\u00f3 f\u00edsica:\u00a0<\/span>Gemma Mart\u00ednez &#8211;\u00a0<\/strong>ed_fisica@masclara.cat<\/li>\n<li><strong><span style=\"font-size: 16px; font-style: normal;\">M\u00fasica 3r, 4t i 5\u00e8: <\/span>Montse Vinyes &#8211; <\/strong>musica@masclara.cat<\/li>\n<li><strong><span style=\"font-size: 16px; font-style: normal;\">M\u00fasica 1r, 2n i 6\u00e8: <\/span><\/strong><strong style=\"font-size: 16px; font-style: normal;\">Eloy Rodr\u00edguez\u00a0<\/strong><strong style=\"font-size: 16px; font-style: normal;\">&#8211; <\/strong>musica@masclara.cat<\/li>\n<li><span style=\"font-size: 16px; font-style: normal; font-weight: 400;\"><strong>Ed. Especial EI i CI:<\/strong>\u00a0<\/span><strong style=\"font-size: 16px; font-style: normal;\">Raquel Bisbe &#8211; <\/strong>ed_especial_1@masclara.cat<\/li>\n<li><strong><span style=\"font-size: 16px; font-style: normal;\">Ed. Especial CM i CS: <\/span><\/strong><strong style=\"font-size: 16px; font-style: normal;\">Rosa M\u00aa Tauler &#8211;\u00a0<\/strong>ed_especial_2@masclara.cat<\/li>\n<li><strong><span style=\"font-size: 16px; font-style: normal;\">Religi\u00f3: <\/span><\/strong><strong style=\"font-size: 16px; font-style: normal;\">Francesc Padrosa &#8211;\u00a0<\/strong>religio@masclara.cat<\/li>\n<li><strong><span style=\"font-size: 16px; font-style: normal;\">Aula d\u2019Acollida: <\/span><\/strong><strong style=\"font-size: 16px; font-style: normal;\">Roser Solano<\/strong><\/li>\n<li><strong>Suport EI i CI: Mireia Pons<\/strong><\/li>\n<li><strong>TIS: Susana Juzgado<\/strong><\/li>\n<li><strong>TEI:<\/strong> <strong>Laura Martos<\/strong><\/li>\n<\/ul>\n<\/li>\n<\/ul>\n","protected":false},"excerpt":{"rendered":"<p>On som? Escola Mas Clar\u00e0 Carrer\u00a0Mas Clar\u00e0, 23-31 17100 La Bisbal d&#8217;Empord\u00e0 Adreces electr\u00f2niques DIRECCI\u00d3 Externs &#8211; b7005248@xtec.cat Interns- direccio@masclara.cat \u00a0EDUCACI\u00d3 INFANTIL I3A: M\u00f2nica Corretger &#8211; 2022A@masclara.cat I3B: Mei Pag\u00e8s &#8211; 2022B@masclara.cat I4: Carme Gaspar &#8211; 2021@masclara.cat I5A: Olga Camps- 2020A@masclara.cat I5B: Vanesa Fontanet &#8211; 2020B@masclara.cat CICLE INICIAL 1rA: Imma Palah\u00ed &#8211; 2019A@masclara.cat 1rB: N\u00faria [&hellip;]<\/p>\n","protected":false},"author":1,"featured_media":0,"parent":22,"menu_order":10,"comment_status":"closed","ping_status":"closed","template":"","meta":{"_bbp_topic_count":0,"_bbp_reply_count":0,"_bbp_total_topic_count":0,"_bbp_total_reply_count":0,"_bbp_voice_count":0,"_bbp_anonymous_reply_count":0,"_bbp_topic_count_hidden":0,"_bbp_reply_count_hidden":0,"_bbp_forum_subforum_count":0,"site-sidebar-layout":"default","site-content-layout":"","ast-site-content-layout":"default","site-content-style":"default","site-sidebar-style":"default","ast-global-header-display":"","ast-banner-title-visibility":"","ast-main-header-display":"","ast-hfb-above-header-display":"","ast-hfb-below-header-display":"","ast-hfb-mobile-header-display":"","site-post-title":"","ast-breadcrumbs-content":"","ast-featured-img":"","footer-sml-layout":"","theme-transparent-header-meta":"default","adv-header-id-meta":"","stick-header-meta":"","header-above-stick-meta":"","header-main-stick-meta":"","header-below-stick-meta":"","astra-migrate-meta-layouts":"set","ast-page-background-enabled":"default","ast-page-background-meta":{"desktop":{"background-color":"var(--ast-global-color-4)","background-image":"","background-repeat":"repeat","background-position":"center center","background-size":"auto","background-attachment":"scroll","background-type":"","background-media":"","overlay-type":"","overlay-color":"","overlay-opacity":"","overlay-gradient":""},"tablet":{"background-color":"","background-image":"","background-repeat":"repeat","background-position":"center center","background-size":"auto","background-attachment":"scroll","background-type":"","background-media":"","overlay-type":"","overlay-color":"","overlay-opacity":"","overlay-gradient":""},"mobile":{"background-color":"","background-image":"","background-repeat":"repeat","background-position":"center center","background-size":"auto","background-attachment":"scroll","background-type":"","background-media":"","overlay-type":"","overlay-color":"","overlay-opacity":"","overlay-gradient":""}},"ast-content-background-meta":{"desktop":{"background-color":"var(--ast-global-color-5)","background-image":"","background-repeat":"repeat","background-position":"center center","background-size":"auto","background-attachment":"scroll","background-type":"","background-media":"","overlay-type":"","overlay-color":"","overlay-opacity":"","overlay-gradient":""},"tablet":{"background-color":"var(--ast-global-color-5)","background-image":"","background-repeat":"repeat","background-position":"center center","background-size":"auto","background-attachment":"scroll","background-type":"","background-media":"","overlay-type":"","overlay-color":"","overlay-opacity":"","overlay-gradient":""},"mobile":{"background-color":"var(--ast-global-color-5)","background-image":"","background-repeat":"repeat","background-position":"center center","background-size":"auto","background-attachment":"scroll","background-type":"","background-media":"","overlay-type":"","overlay-color":"","overlay-opacity":"","overlay-gradient":""}},"footnotes":""},"class_list":["post-7822","page","type-page","status-publish","hentry"],"post_mailing_queue_ids":[],"_links":{"self":[{"href":"https:\/\/agora.xtec.cat\/ceipmasclara\/wp-json\/wp\/v2\/pages\/7822","targetHints":{"allow":["GET"]}}],"collection":[{"href":"https:\/\/agora.xtec.cat\/ceipmasclara\/wp-json\/wp\/v2\/pages"}],"about":[{"href":"https:\/\/agora.xtec.cat\/ceipmasclara\/wp-json\/wp\/v2\/types\/page"}],"author":[{"embeddable":true,"href":"https:\/\/agora.xtec.cat\/ceipmasclara\/wp-json\/wp\/v2\/users\/1"}],"replies":[{"embeddable":true,"href":"https:\/\/agora.xtec.cat\/ceipmasclara\/wp-json\/wp\/v2\/comments?post=7822"}],"version-history":[{"count":6,"href":"https:\/\/agora.xtec.cat\/ceipmasclara\/wp-json\/wp\/v2\/pages\/7822\/revisions"}],"predecessor-version":[{"id":7999,"href":"https:\/\/agora.xtec.cat\/ceipmasclara\/wp-json\/wp\/v2\/pages\/7822\/revisions\/7999"}],"up":[{"embeddable":true,"href":"https:\/\/agora.xtec.cat\/ceipmasclara\/wp-json\/wp\/v2\/pages\/22"}],"wp:attachment":[{"href":"https:\/\/agora.xtec.cat\/ceipmasclara\/wp-json\/wp\/v2\/media?parent=7822"}],"curies":[{"name":"wp","href":"https:\/\/api.w.org\/{rel}","templated":true}]}}