{"id":7209,"date":"2024-10-09T21:16:07","date_gmt":"2024-10-09T19:16:07","guid":{"rendered":"https:\/\/agora.xtec.cat\/ceipmasclara\/?page_id=7209"},"modified":"2026-02-02T13:12:54","modified_gmt":"2026-02-02T12:12:54","slug":"araart","status":"publish","type":"page","link":"https:\/\/agora.xtec.cat\/ceipmasclara\/projectes\/araart\/","title":{"rendered":"Notes d&#8217;Art"},"content":{"rendered":"<p style=\"text-align: justify;\">Aquest curs 25-26 continuem amb el nostre projecte d&#8217;escola \u201cNotes d\u2019art\u201d. Amb aquest projecte es volen potenciar les arts a l&#8217;escola. De quines maneres ho farem? Entre d&#8217;altres coses a trav\u00e9s d&#8217;uns tallers que tenim establerts dins l&#8217;horari tots els alumnes, des d&#8217;infantil fins Cicle Superior on es treballaran cinc disciplines art\u00edstiques. Aquestes disciplines son: teatre, dansa, m\u00fasica, pintura i activitats pl\u00e0stiques amb volum.<\/p>\n<p>Els mestres de l&#8217;escola hem posat veu a la can\u00e7\u00f3 del projecte &#8220;Notes d&#8217;art&#8221; per donar la benvinguda a l&#8217;alumnat aquest curs 2025-2026, que \u00e9s la can\u00e7\u00f3 que heu sentit les dues primeres setmanes d&#8217;escola. La m\u00fasica que hem utilitzat \u00e9s de la can\u00e7\u00f3 &#8220;Qualsevol nit pot sortir el sol&#8221; de Jaume Sisa, per\u00f2 hem agafat la base instrumental de la versi\u00f3 de la D\u00e0maris Gelabert.<\/p>\n<p><img loading=\"lazy\" decoding=\"async\" class=\"aligncenter size-full wp-image-7687\" src=\"https:\/\/agora.xtec.cat\/ceipmasclara\/wp-content\/uploads\/usu1453\/2025\/09\/Notes-dart.jpg\" alt=\"\" width=\"942\" height=\"1324\" srcset=\"https:\/\/agora.xtec.cat\/ceipmasclara\/wp-content\/uploads\/usu1453\/2025\/09\/Notes-dart.jpg 942w, https:\/\/agora.xtec.cat\/ceipmasclara\/wp-content\/uploads\/usu1453\/2025\/09\/Notes-dart-213x300.jpg 213w, https:\/\/agora.xtec.cat\/ceipmasclara\/wp-content\/uploads\/usu1453\/2025\/09\/Notes-dart-729x1024.jpg 729w, https:\/\/agora.xtec.cat\/ceipmasclara\/wp-content\/uploads\/usu1453\/2025\/09\/Notes-dart-768x1079.jpg 768w\" sizes=\"auto, (max-width: 942px) 100vw, 942px\" \/><\/p>\n<p>Altres activitats incloses en el projecte seran:<\/p>\n<ul>\n<li>El fil musical de l\u2019escola es procurar\u00e0 que sigui participatiu amb tota la comunitat educativa.<\/li>\n<li>Els alumnes d&#8217;educaci\u00f3 infantil continuaran amb la seva cantada de Nadales al Mundial.<\/li>\n<li>Els alumnes de 2n continuaran fent la representaci\u00f3 dels Pastorets.<\/li>\n<li>Els alumnes de 3r aprendran a ballar sardanes amb un ballador professional i participaran a la trobada de corals i a la trobada de danses.<\/li>\n<li>L&#8217;alumnat de 4t i 5\u00e8 continuaran fent sessions de pr\u00e0ctica instrumental amb els tibles impresos en 3D amb la col\u00b7laboraci\u00f3 de l&#8217;escola de m\u00fasica Conrad Sal\u00f3 de la Bisbal.<\/li>\n<li>L&#8217;alumnat de 4t continuar\u00e0 prepararant una cantata ideada conjuntament entre el professorat i l&#8217;alumnat.<\/li>\n<li>L&#8217;alumnat de CM far\u00e0 una sortida a Barcelona per veure &#8220;La petita flauta m\u00e0gica&#8221; al Liceu.<\/li>\n<li>L&#8217;alumnat de 5\u00e8 tamb\u00e9 far\u00e0 una sortida a Barcelona per veure &#8220;Big Bang Beethoven&#8221; al Palau de la m\u00fasica.<\/li>\n<li>L&#8217;alumnat de 5\u00e8 participar\u00e0 al projecte de l&#8217;auditori de Barcelona &#8220;Cant\u00e0nia&#8221; que conclourem amb un concert a l&#8217;Espai Ter.<\/li>\n<li>L&#8217;alumnat de 6\u00e8 continuar\u00e0 preparant una obra de teatre al final de curs ideada conjuntament entre el professorat i l&#8217;alumnat.<\/li>\n<li>M\u00e9s activitats en proc\u00e9s\u2026<\/li>\n<\/ul>\n<p>&nbsp;<\/p>\n","protected":false},"excerpt":{"rendered":"<p>Aquest curs 25-26 continuem amb el nostre projecte d&#8217;escola \u201cNotes d\u2019art\u201d. Amb aquest projecte es volen potenciar les arts a l&#8217;escola. De quines maneres ho farem? Entre d&#8217;altres coses a trav\u00e9s d&#8217;uns tallers que tenim establerts dins l&#8217;horari tots els alumnes, des d&#8217;infantil fins Cicle Superior on es treballaran cinc disciplines art\u00edstiques. Aquestes disciplines son: [&hellip;]<\/p>\n","protected":false},"author":1,"featured_media":0,"parent":5063,"menu_order":0,"comment_status":"closed","ping_status":"closed","template":"","meta":{"_bbp_topic_count":0,"_bbp_reply_count":0,"_bbp_total_topic_count":0,"_bbp_total_reply_count":0,"_bbp_voice_count":0,"_bbp_anonymous_reply_count":0,"_bbp_topic_count_hidden":0,"_bbp_reply_count_hidden":0,"_bbp_forum_subforum_count":0,"site-sidebar-layout":"default","site-content-layout":"","ast-site-content-layout":"","site-content-style":"default","site-sidebar-style":"default","ast-global-header-display":"","ast-banner-title-visibility":"","ast-main-header-display":"","ast-hfb-above-header-display":"","ast-hfb-below-header-display":"","ast-hfb-mobile-header-display":"","site-post-title":"","ast-breadcrumbs-content":"","ast-featured-img":"","footer-sml-layout":"","theme-transparent-header-meta":"","adv-header-id-meta":"","stick-header-meta":"","header-above-stick-meta":"","header-main-stick-meta":"","header-below-stick-meta":"","astra-migrate-meta-layouts":"default","ast-page-background-enabled":"default","ast-page-background-meta":{"desktop":{"background-color":"var(--ast-global-color-4)","background-image":"","background-repeat":"repeat","background-position":"center center","background-size":"auto","background-attachment":"scroll","background-type":"","background-media":"","overlay-type":"","overlay-color":"","overlay-opacity":"","overlay-gradient":""},"tablet":{"background-color":"","background-image":"","background-repeat":"repeat","background-position":"center center","background-size":"auto","background-attachment":"scroll","background-type":"","background-media":"","overlay-type":"","overlay-color":"","overlay-opacity":"","overlay-gradient":""},"mobile":{"background-color":"","background-image":"","background-repeat":"repeat","background-position":"center center","background-size":"auto","background-attachment":"scroll","background-type":"","background-media":"","overlay-type":"","overlay-color":"","overlay-opacity":"","overlay-gradient":""}},"ast-content-background-meta":{"desktop":{"background-color":"var(--ast-global-color-5)","background-image":"","background-repeat":"repeat","background-position":"center center","background-size":"auto","background-attachment":"scroll","background-type":"","background-media":"","overlay-type":"","overlay-color":"","overlay-opacity":"","overlay-gradient":""},"tablet":{"background-color":"var(--ast-global-color-5)","background-image":"","background-repeat":"repeat","background-position":"center center","background-size":"auto","background-attachment":"scroll","background-type":"","background-media":"","overlay-type":"","overlay-color":"","overlay-opacity":"","overlay-gradient":""},"mobile":{"background-color":"var(--ast-global-color-5)","background-image":"","background-repeat":"repeat","background-position":"center center","background-size":"auto","background-attachment":"scroll","background-type":"","background-media":"","overlay-type":"","overlay-color":"","overlay-opacity":"","overlay-gradient":""}},"footnotes":""},"class_list":["post-7209","page","type-page","status-publish","hentry"],"post_mailing_queue_ids":[],"_links":{"self":[{"href":"https:\/\/agora.xtec.cat\/ceipmasclara\/wp-json\/wp\/v2\/pages\/7209","targetHints":{"allow":["GET"]}}],"collection":[{"href":"https:\/\/agora.xtec.cat\/ceipmasclara\/wp-json\/wp\/v2\/pages"}],"about":[{"href":"https:\/\/agora.xtec.cat\/ceipmasclara\/wp-json\/wp\/v2\/types\/page"}],"author":[{"embeddable":true,"href":"https:\/\/agora.xtec.cat\/ceipmasclara\/wp-json\/wp\/v2\/users\/1"}],"replies":[{"embeddable":true,"href":"https:\/\/agora.xtec.cat\/ceipmasclara\/wp-json\/wp\/v2\/comments?post=7209"}],"version-history":[{"count":5,"href":"https:\/\/agora.xtec.cat\/ceipmasclara\/wp-json\/wp\/v2\/pages\/7209\/revisions"}],"predecessor-version":[{"id":7693,"href":"https:\/\/agora.xtec.cat\/ceipmasclara\/wp-json\/wp\/v2\/pages\/7209\/revisions\/7693"}],"up":[{"embeddable":true,"href":"https:\/\/agora.xtec.cat\/ceipmasclara\/wp-json\/wp\/v2\/pages\/5063"}],"wp:attachment":[{"href":"https:\/\/agora.xtec.cat\/ceipmasclara\/wp-json\/wp\/v2\/media?parent=7209"}],"curies":[{"name":"wp","href":"https:\/\/api.w.org\/{rel}","templated":true}]}}