{"id":4158,"date":"2020-11-20T09:18:20","date_gmt":"2020-11-20T08:18:20","guid":{"rendered":"http:\/\/agora.xtec.cat\/ceipmasclara\/?page_id=4158"},"modified":"2026-02-09T12:18:15","modified_gmt":"2026-02-09T11:18:15","slug":"guia-i-horaris-de-la-biblioteca","status":"publish","type":"page","link":"https:\/\/agora.xtec.cat\/ceipmasclara\/projectes\/biblioteca\/guia-i-horaris-de-la-biblioteca\/","title":{"rendered":"Guia i horaris de la biblioteca"},"content":{"rendered":"<p>La Biblioteca est\u00e0 oberta a les hores del pati de dimarts i divendres de 11:00h a 11:30h. Cada cicle hi pot assistir un dia determinat:<\/p>\n<p>Cada alumne pot agafar un llibre de pr\u00e9stec que no pot treure de l&#8217;escola. Aquest llibre el pot tenir 15 dies i passats aquests pot demanar una pr\u00f2rroga d&#8217;una setmana m\u00e9s. Els alumnes de 6\u00e8 ens ajuden a realitzar el pr\u00e9stec i entre tots aconseguir GAUDIR DE LA LECTURA. <a href=\"https:\/\/agora.xtec.cat\/ceipmasclara\/wp-content\/uploads\/usu1453\/2020\/02\/IMG_20200203_112536.jpg\"><img loading=\"lazy\" decoding=\"async\" class=\"alignnone size-large wp-image-3630\" src=\"https:\/\/agora.xtec.cat\/ceipmasclara\/wp-content\/uploads\/usu1453\/2020\/02\/IMG_20200203_112536-768x1024.jpg\" alt=\"\" width=\"768\" height=\"1024\" srcset=\"https:\/\/agora.xtec.cat\/ceipmasclara\/wp-content\/uploads\/usu1453\/2020\/02\/IMG_20200203_112536-768x1024.jpg 768w, https:\/\/agora.xtec.cat\/ceipmasclara\/wp-content\/uploads\/usu1453\/2020\/02\/IMG_20200203_112536-225x300.jpg 225w\" sizes=\"auto, (max-width: 768px) 100vw, 768px\" \/><\/a><\/p>\n","protected":false},"excerpt":{"rendered":"<p>La Biblioteca est\u00e0 oberta a les hores del pati de dimarts i divendres de 11:00h a 11:30h. Cada cicle hi pot assistir un dia determinat: Cada alumne pot agafar un llibre de pr\u00e9stec que no pot treure de l&#8217;escola. Aquest llibre el pot tenir 15 dies i passats aquests pot demanar una pr\u00f2rroga d&#8217;una setmana [&hellip;]<\/p>\n","protected":false},"author":12,"featured_media":0,"parent":3623,"menu_order":10,"comment_status":"closed","ping_status":"closed","template":"","meta":{"_bbp_topic_count":0,"_bbp_reply_count":0,"_bbp_total_topic_count":0,"_bbp_total_reply_count":0,"_bbp_voice_count":0,"_bbp_anonymous_reply_count":0,"_bbp_topic_count_hidden":0,"_bbp_reply_count_hidden":0,"_bbp_forum_subforum_count":0,"site-sidebar-layout":"default","site-content-layout":"","ast-site-content-layout":"default","site-content-style":"default","site-sidebar-style":"default","ast-global-header-display":"","ast-banner-title-visibility":"","ast-main-header-display":"","ast-hfb-above-header-display":"","ast-hfb-below-header-display":"","ast-hfb-mobile-header-display":"","site-post-title":"","ast-breadcrumbs-content":"","ast-featured-img":"","footer-sml-layout":"","theme-transparent-header-meta":"","adv-header-id-meta":"","stick-header-meta":"","header-above-stick-meta":"","header-main-stick-meta":"","header-below-stick-meta":"","astra-migrate-meta-layouts":"set","ast-page-background-enabled":"default","ast-page-background-meta":{"desktop":{"background-color":"var(--ast-global-color-4)","background-image":"","background-repeat":"repeat","background-position":"center center","background-size":"auto","background-attachment":"scroll","background-type":"","background-media":"","overlay-type":"","overlay-color":"","overlay-opacity":"","overlay-gradient":""},"tablet":{"background-color":"","background-image":"","background-repeat":"repeat","background-position":"center center","background-size":"auto","background-attachment":"scroll","background-type":"","background-media":"","overlay-type":"","overlay-color":"","overlay-opacity":"","overlay-gradient":""},"mobile":{"background-color":"","background-image":"","background-repeat":"repeat","background-position":"center center","background-size":"auto","background-attachment":"scroll","background-type":"","background-media":"","overlay-type":"","overlay-color":"","overlay-opacity":"","overlay-gradient":""}},"ast-content-background-meta":{"desktop":{"background-color":"var(--ast-global-color-5)","background-image":"","background-repeat":"repeat","background-position":"center center","background-size":"auto","background-attachment":"scroll","background-type":"","background-media":"","overlay-type":"","overlay-color":"","overlay-opacity":"","overlay-gradient":""},"tablet":{"background-color":"var(--ast-global-color-5)","background-image":"","background-repeat":"repeat","background-position":"center center","background-size":"auto","background-attachment":"scroll","background-type":"","background-media":"","overlay-type":"","overlay-color":"","overlay-opacity":"","overlay-gradient":""},"mobile":{"background-color":"var(--ast-global-color-5)","background-image":"","background-repeat":"repeat","background-position":"center center","background-size":"auto","background-attachment":"scroll","background-type":"","background-media":"","overlay-type":"","overlay-color":"","overlay-opacity":"","overlay-gradient":""}},"footnotes":""},"class_list":["post-4158","page","type-page","status-publish","hentry"],"post_mailing_queue_ids":[],"_links":{"self":[{"href":"https:\/\/agora.xtec.cat\/ceipmasclara\/wp-json\/wp\/v2\/pages\/4158","targetHints":{"allow":["GET"]}}],"collection":[{"href":"https:\/\/agora.xtec.cat\/ceipmasclara\/wp-json\/wp\/v2\/pages"}],"about":[{"href":"https:\/\/agora.xtec.cat\/ceipmasclara\/wp-json\/wp\/v2\/types\/page"}],"author":[{"embeddable":true,"href":"https:\/\/agora.xtec.cat\/ceipmasclara\/wp-json\/wp\/v2\/users\/12"}],"replies":[{"embeddable":true,"href":"https:\/\/agora.xtec.cat\/ceipmasclara\/wp-json\/wp\/v2\/comments?post=4158"}],"version-history":[{"count":4,"href":"https:\/\/agora.xtec.cat\/ceipmasclara\/wp-json\/wp\/v2\/pages\/4158\/revisions"}],"predecessor-version":[{"id":7908,"href":"https:\/\/agora.xtec.cat\/ceipmasclara\/wp-json\/wp\/v2\/pages\/4158\/revisions\/7908"}],"up":[{"embeddable":true,"href":"https:\/\/agora.xtec.cat\/ceipmasclara\/wp-json\/wp\/v2\/pages\/3623"}],"wp:attachment":[{"href":"https:\/\/agora.xtec.cat\/ceipmasclara\/wp-json\/wp\/v2\/media?parent=4158"}],"curies":[{"name":"wp","href":"https:\/\/api.w.org\/{rel}","templated":true}]}}