{"id":4155,"date":"2020-11-20T09:18:20","date_gmt":"2020-11-20T08:18:20","guid":{"rendered":"http:\/\/agora.xtec.cat\/ceipmasclara\/?page_id=4155"},"modified":"2026-02-09T12:18:20","modified_gmt":"2026-02-09T11:18:20","slug":"historia-de-la-biblioteca","status":"publish","type":"page","link":"https:\/\/agora.xtec.cat\/ceipmasclara\/projectes\/biblioteca\/historia-de-la-biblioteca\/","title":{"rendered":"Hist\u00f2ria de la biblioteca"},"content":{"rendered":"<p><span style=\"font-weight: 400;\">El curs 2017\/2018 la comissi\u00f3 de llengua, juntament amb l&#8217;AMPA, es proposa renovar la Biblioteca de l&#8217;escola que feia anys que estava adormida. <\/span><span style=\"font-weight: 400;\">Durant el curs 2018\/2019 es comen\u00e7a a tirar endavant per tal de tenir-la acabada i poder-la engegar el curs 2019\/2020. Despr\u00e9s de molt d&#8217;esfor\u00e7, entusiasme i motivaci\u00f3 la Biblioteca comen\u00e7a a funcionar.\u00a0<\/span><\/p>\n<p>A la Biblioteca e<span style=\"font-weight: 400;\">s portaran a terme diferents activitats per treballar el PLC (Pla Lector de Centre), ja que \u00e9s una eina per fomentar el Gust per la lectura i l&#8217;H\u00e0bit lector.\u00a0<\/span><\/p>\n<p><span style=\"font-weight: 400;\">Utilitzarem la Biblioteca com un recurs per facilitar i ampliar els coneixements relacionats amb tots els \u00e0mbits, tenint com a objectiu la <em>Recerca, tractament i \u00fas de la informaci\u00f3<\/em> per adquirir coneixements i aprenentatges.\u00a0<\/span><\/p>\n<p><span style=\"font-weight: 400;\">Finalment ser\u00e0 un espai de trobada amb el m\u00f3n del llibre (xerrades d\u2019autors, lectures en grup, etc.).<\/span><\/p>\n","protected":false},"excerpt":{"rendered":"<p>El curs 2017\/2018 la comissi\u00f3 de llengua, juntament amb l&#8217;AMPA, es proposa renovar la Biblioteca de l&#8217;escola que feia anys que estava adormida. Durant el curs 2018\/2019 es comen\u00e7a a tirar endavant per tal de tenir-la acabada i poder-la engegar el curs 2019\/2020. Despr\u00e9s de molt d&#8217;esfor\u00e7, entusiasme i motivaci\u00f3 la Biblioteca comen\u00e7a a funcionar.\u00a0 [&hellip;]<\/p>\n","protected":false},"author":12,"featured_media":0,"parent":3623,"menu_order":20,"comment_status":"closed","ping_status":"closed","template":"","meta":{"_bbp_topic_count":0,"_bbp_reply_count":0,"_bbp_total_topic_count":0,"_bbp_total_reply_count":0,"_bbp_voice_count":0,"_bbp_anonymous_reply_count":0,"_bbp_topic_count_hidden":0,"_bbp_reply_count_hidden":0,"_bbp_forum_subforum_count":0,"site-sidebar-layout":"default","site-content-layout":"","ast-site-content-layout":"","site-content-style":"default","site-sidebar-style":"default","ast-global-header-display":"","ast-banner-title-visibility":"","ast-main-header-display":"","ast-hfb-above-header-display":"","ast-hfb-below-header-display":"","ast-hfb-mobile-header-display":"","site-post-title":"","ast-breadcrumbs-content":"","ast-featured-img":"","footer-sml-layout":"","theme-transparent-header-meta":"","adv-header-id-meta":"","stick-header-meta":"","header-above-stick-meta":"","header-main-stick-meta":"","header-below-stick-meta":"","astra-migrate-meta-layouts":"default","ast-page-background-enabled":"default","ast-page-background-meta":{"desktop":{"background-color":"var(--ast-global-color-4)","background-image":"","background-repeat":"repeat","background-position":"center center","background-size":"auto","background-attachment":"scroll","background-type":"","background-media":"","overlay-type":"","overlay-color":"","overlay-opacity":"","overlay-gradient":""},"tablet":{"background-color":"","background-image":"","background-repeat":"repeat","background-position":"center center","background-size":"auto","background-attachment":"scroll","background-type":"","background-media":"","overlay-type":"","overlay-color":"","overlay-opacity":"","overlay-gradient":""},"mobile":{"background-color":"","background-image":"","background-repeat":"repeat","background-position":"center center","background-size":"auto","background-attachment":"scroll","background-type":"","background-media":"","overlay-type":"","overlay-color":"","overlay-opacity":"","overlay-gradient":""}},"ast-content-background-meta":{"desktop":{"background-color":"var(--ast-global-color-5)","background-image":"","background-repeat":"repeat","background-position":"center center","background-size":"auto","background-attachment":"scroll","background-type":"","background-media":"","overlay-type":"","overlay-color":"","overlay-opacity":"","overlay-gradient":""},"tablet":{"background-color":"var(--ast-global-color-5)","background-image":"","background-repeat":"repeat","background-position":"center center","background-size":"auto","background-attachment":"scroll","background-type":"","background-media":"","overlay-type":"","overlay-color":"","overlay-opacity":"","overlay-gradient":""},"mobile":{"background-color":"var(--ast-global-color-5)","background-image":"","background-repeat":"repeat","background-position":"center center","background-size":"auto","background-attachment":"scroll","background-type":"","background-media":"","overlay-type":"","overlay-color":"","overlay-opacity":"","overlay-gradient":""}},"footnotes":""},"class_list":["post-4155","page","type-page","status-publish","hentry"],"post_mailing_queue_ids":[],"_links":{"self":[{"href":"https:\/\/agora.xtec.cat\/ceipmasclara\/wp-json\/wp\/v2\/pages\/4155","targetHints":{"allow":["GET"]}}],"collection":[{"href":"https:\/\/agora.xtec.cat\/ceipmasclara\/wp-json\/wp\/v2\/pages"}],"about":[{"href":"https:\/\/agora.xtec.cat\/ceipmasclara\/wp-json\/wp\/v2\/types\/page"}],"author":[{"embeddable":true,"href":"https:\/\/agora.xtec.cat\/ceipmasclara\/wp-json\/wp\/v2\/users\/12"}],"replies":[{"embeddable":true,"href":"https:\/\/agora.xtec.cat\/ceipmasclara\/wp-json\/wp\/v2\/comments?post=4155"}],"version-history":[{"count":3,"href":"https:\/\/agora.xtec.cat\/ceipmasclara\/wp-json\/wp\/v2\/pages\/4155\/revisions"}],"predecessor-version":[{"id":4364,"href":"https:\/\/agora.xtec.cat\/ceipmasclara\/wp-json\/wp\/v2\/pages\/4155\/revisions\/4364"}],"up":[{"embeddable":true,"href":"https:\/\/agora.xtec.cat\/ceipmasclara\/wp-json\/wp\/v2\/pages\/3623"}],"wp:attachment":[{"href":"https:\/\/agora.xtec.cat\/ceipmasclara\/wp-json\/wp\/v2\/media?parent=4155"}],"curies":[{"name":"wp","href":"https:\/\/api.w.org\/{rel}","templated":true}]}}