{"id":3619,"date":"2020-02-07T09:18:48","date_gmt":"2020-02-07T08:18:48","guid":{"rendered":"http:\/\/agora.xtec.cat\/ceipmasclara\/?page_id=3619"},"modified":"2026-02-09T12:14:26","modified_gmt":"2026-02-09T11:14:26","slug":"cantania","status":"publish","type":"page","link":"https:\/\/agora.xtec.cat\/ceipmasclara\/projectes\/araart\/cantania\/","title":{"rendered":"Cant\u00e0nia 5\u00e8"},"content":{"rendered":"<p><span style=\"font-weight: 400;\">Cant\u00e0nia \u00e9s una activitat participativa en la que s\u2019inscriuen escolars de cicle mitj\u00e0 i superior de prim\u00e0ria de Catalunya organitzada a trav\u00e9s del servei educatiu de l\u2019Auditori de Barcelona. Cada any s\u2019estrena una obra encarregada especialment per a aquesta activitat. Els enc\u00e0rrecs, fins a dia d\u2019avui, s\u2019han fet a compositors i escriptors catalans de reconegut prestigi perqu\u00e8 cre\u00efn l\u2019obra atenent les caracter\u00edstiques d\u2019aquesta activitat concreta:<\/span><\/p>\n<p><span style=\"font-weight: 400;\">&#8211; Gran cor de nens i nenes a l\u2019escenari\u00a0<\/span><\/p>\n<p><span style=\"font-weight: 400;\">&#8211; Treball b\u00e0sicament de cada escola a una veu per\u00f2 el resultat del conjunt \u00e9s a quatre veus, el compositors creen les quatre veus.<\/span><\/p>\n<p><span style=\"font-weight: 400;\">&#8211; 10 m\u00fasics professionals d\u2019alt nivell acompanyen en directe el dia del concert.<\/span><\/p>\n<p><span style=\"font-weight: 400;\">&#8211; Duraci\u00f3 aproximada de la cantada 45 minuts\u00a0<\/span><\/p>\n<p><span style=\"font-weight: 400;\">Cant\u00e0nia \u00e9s una activitat amb diferents fases d\u2019actuaci\u00f3:\u00a0\u00a0<\/span><\/p>\n<p><span style=\"font-weight: 400;\">1\u00aa) Sessions de formaci\u00f3 amb el professorat\u00a0\u00a0<\/span><\/p>\n<p><span style=\"font-weight: 400;\">2\u00aa) Treball del professorat a l&#8217;aula amb els alumnes<\/span><\/p>\n<p><span style=\"font-weight: 400;\">3\u00aa) Concerts finals interpretats pels alumnes inscrits\u00a0\u00a0<\/span><\/p>\n<p style=\"font-family: 'Helvetica Neue', Helvetica, Helvetica, Arial, sans-serif; font-size: 16px;\"><img decoding=\"async\" src=\"https:\/\/www.espaiter.cat\/img\/image\/fotos\/1u2a9082.webp?w=870&amp;h=580&amp;zc=1&amp;aoe=1&amp;q=80&amp;f=webp\" alt=\"Cant\u00e0nia\" \/><\/p>\n<p><span style=\"font-weight: 400;\">Durant tot el curs escolar es treballa tant des de l\u2019organitzaci\u00f3 com des de l\u2019escola. L\u2019objectiu \u00e9s organitzar un acte pels alumnes que, per les caracter\u00edstiques globals pensades exclusivament per a ells, per la qualitat i per la implicaci\u00f3 personal i col\u00b7lectiva en l\u2019acte, es converteixi en una viv\u00e8ncia musical inoblidable per a tots.\u00a0<\/span><\/p>\n<p><span style=\"font-weight: 400;\">Aquest curs 25-26 els alumnes de 5\u00e8 participen en aquest projecte amb la cantata \u201cL&#8217;\u00faltim rellotge\u201d.\u00a0 La composici\u00f3 \u00e9s de Jordi Cornudella i la dramat\u00fargia \u00e9s de la Tina Vall\u00e8s. Els alumnes faran el concert el diumenge 31 de maig a l\u2019<\/span><a href=\"https:\/\/www.espaiter.cat\/\"><span style=\"font-weight: 400;\">Espai Ter de Torroella de Montgr\u00ed<\/span><\/a><span style=\"font-weight: 400;\">.<\/span><\/p>\n<p><span style=\"font-weight: 400;\">Per saber m\u00e9s coses cliqueu en aquest enlla\u00e7: <a href=\"https:\/\/view.genially.com\/68b60298b7265eb52800b781\/learning-experience-didactic-unit-mas-clara-cantania-2026\">L&#8217;\u00daLTIM RELLOTGE<\/a>&#8220;<\/span><\/p>\n<p>Tamb\u00e9 podeu entrar a la p\u00e0gina de <a href=\"https:\/\/www.auditori.cat\/ca\/esdeveniment\/escolar-cantania-lultim-rellotge\/\">l&#8217;AUDITORI DE BARCELONA<\/a>.<\/p>\n<p>Descobriu el projecte amb aquest v\u00eddeo:<\/p>\n<div class=\"ast-oembed-container \" style=\"height: 100%;\"><iframe loading=\"lazy\" title=\"Cant\u00e0nia, descobreix el projecte\" width=\"500\" height=\"281\" src=\"https:\/\/www.youtube.com\/embed\/Th8x2zymfJM?feature=oembed\" frameborder=\"0\" allow=\"accelerometer; autoplay; clipboard-write; encrypted-media; gyroscope; picture-in-picture; web-share\" referrerpolicy=\"strict-origin-when-cross-origin\" allowfullscreen><\/iframe><\/div>\n","protected":false},"excerpt":{"rendered":"<p>Cant\u00e0nia \u00e9s una activitat participativa en la que s\u2019inscriuen escolars de cicle mitj\u00e0 i superior de prim\u00e0ria de Catalunya organitzada a trav\u00e9s del servei educatiu de l\u2019Auditori de Barcelona. Cada any s\u2019estrena una obra encarregada especialment per a aquesta activitat. Els enc\u00e0rrecs, fins a dia d\u2019avui, s\u2019han fet a compositors i escriptors catalans de reconegut [&hellip;]<\/p>\n","protected":false},"author":1,"featured_media":0,"parent":7209,"menu_order":30,"comment_status":"closed","ping_status":"closed","template":"","meta":{"_bbp_topic_count":0,"_bbp_reply_count":0,"_bbp_total_topic_count":0,"_bbp_total_reply_count":0,"_bbp_voice_count":0,"_bbp_anonymous_reply_count":0,"_bbp_topic_count_hidden":0,"_bbp_reply_count_hidden":0,"_bbp_forum_subforum_count":0,"site-sidebar-layout":"default","site-content-layout":"","ast-site-content-layout":"default","site-content-style":"default","site-sidebar-style":"default","ast-global-header-display":"","ast-banner-title-visibility":"","ast-main-header-display":"","ast-hfb-above-header-display":"","ast-hfb-below-header-display":"","ast-hfb-mobile-header-display":"","site-post-title":"","ast-breadcrumbs-content":"","ast-featured-img":"","footer-sml-layout":"","theme-transparent-header-meta":"","adv-header-id-meta":"","stick-header-meta":"","header-above-stick-meta":"","header-main-stick-meta":"","header-below-stick-meta":"","astra-migrate-meta-layouts":"set","ast-page-background-enabled":"default","ast-page-background-meta":{"desktop":{"background-color":"var(--ast-global-color-4)","background-image":"","background-repeat":"repeat","background-position":"center center","background-size":"auto","background-attachment":"scroll","background-type":"","background-media":"","overlay-type":"","overlay-color":"","overlay-opacity":"","overlay-gradient":""},"tablet":{"background-color":"","background-image":"","background-repeat":"repeat","background-position":"center center","background-size":"auto","background-attachment":"scroll","background-type":"","background-media":"","overlay-type":"","overlay-color":"","overlay-opacity":"","overlay-gradient":""},"mobile":{"background-color":"","background-image":"","background-repeat":"repeat","background-position":"center center","background-size":"auto","background-attachment":"scroll","background-type":"","background-media":"","overlay-type":"","overlay-color":"","overlay-opacity":"","overlay-gradient":""}},"ast-content-background-meta":{"desktop":{"background-color":"var(--ast-global-color-5)","background-image":"","background-repeat":"repeat","background-position":"center center","background-size":"auto","background-attachment":"scroll","background-type":"","background-media":"","overlay-type":"","overlay-color":"","overlay-opacity":"","overlay-gradient":""},"tablet":{"background-color":"var(--ast-global-color-5)","background-image":"","background-repeat":"repeat","background-position":"center center","background-size":"auto","background-attachment":"scroll","background-type":"","background-media":"","overlay-type":"","overlay-color":"","overlay-opacity":"","overlay-gradient":""},"mobile":{"background-color":"var(--ast-global-color-5)","background-image":"","background-repeat":"repeat","background-position":"center center","background-size":"auto","background-attachment":"scroll","background-type":"","background-media":"","overlay-type":"","overlay-color":"","overlay-opacity":"","overlay-gradient":""}},"footnotes":""},"class_list":["post-3619","page","type-page","status-publish","hentry"],"post_mailing_queue_ids":[],"_links":{"self":[{"href":"https:\/\/agora.xtec.cat\/ceipmasclara\/wp-json\/wp\/v2\/pages\/3619","targetHints":{"allow":["GET"]}}],"collection":[{"href":"https:\/\/agora.xtec.cat\/ceipmasclara\/wp-json\/wp\/v2\/pages"}],"about":[{"href":"https:\/\/agora.xtec.cat\/ceipmasclara\/wp-json\/wp\/v2\/types\/page"}],"author":[{"embeddable":true,"href":"https:\/\/agora.xtec.cat\/ceipmasclara\/wp-json\/wp\/v2\/users\/1"}],"replies":[{"embeddable":true,"href":"https:\/\/agora.xtec.cat\/ceipmasclara\/wp-json\/wp\/v2\/comments?post=3619"}],"version-history":[{"count":6,"href":"https:\/\/agora.xtec.cat\/ceipmasclara\/wp-json\/wp\/v2\/pages\/3619\/revisions"}],"predecessor-version":[{"id":7994,"href":"https:\/\/agora.xtec.cat\/ceipmasclara\/wp-json\/wp\/v2\/pages\/3619\/revisions\/7994"}],"up":[{"embeddable":true,"href":"https:\/\/agora.xtec.cat\/ceipmasclara\/wp-json\/wp\/v2\/pages\/7209"}],"wp:attachment":[{"href":"https:\/\/agora.xtec.cat\/ceipmasclara\/wp-json\/wp\/v2\/media?parent=3619"}],"curies":[{"name":"wp","href":"https:\/\/api.w.org\/{rel}","templated":true}]}}