{"id":28,"date":"2014-09-18T12:29:35","date_gmt":"2014-09-18T10:29:35","guid":{"rendered":"http:\/\/agora.xtec.cat\/ceipmasclara\/?page_id=28"},"modified":"2026-02-09T12:24:21","modified_gmt":"2026-02-09T11:24:21","slug":"breuhistoria","status":"publish","type":"page","link":"https:\/\/agora.xtec.cat\/ceipmasclara\/lescola\/breuhistoria\/","title":{"rendered":"Breu hist\u00f2ria"},"content":{"rendered":"<p>L&#8217;escola Mas Clar\u00e0 comen\u00e7ava la seva activitat l&#8217;any 1988, amb dues aules a parvulari P4 i P5 (ara Educaci\u00f3 Infantil) i vuit cursos d&#8217;EGB (ara Educaci\u00f3 Prim\u00e0ria). En aquell moment la plantilla era d&#8217;11 mestres i acollia uns 280 alumnes de la perif\u00e8ria del col\u00b7legi. L&#8217;alumnat era pr\u00e0cticament tot nascut a La Bisbal i amb una caracter\u00edstica rellevant: els seus pares i mares o b\u00e9 eren catalans d&#8217;origen o b\u00e9 provenien del sud d&#8217;Espanya, per\u00f2 amb el desig de quedar-se a viure a Catalunya. La majoria de les fam\u00edlies havien adquirit la vivenda en la zona d&#8217;influ\u00e8ncia de l&#8217;escola, una casa unifamiliar o b\u00e9 un dels pocs pisos que hi havia a la zona.<br \/>\nEl catal\u00e0 va poder ser la llengua vehicular en la doc\u00e8ncia, per\u00f2 tamb\u00e9 era la llengua del pati i la de les comunicacions amb les fam\u00edlies. El Mas Clar\u00e0 va poder ser escola catalana, de fet, des del seu origen.<br \/>\nLes places escolars es van ocupar totes des del primer dia i el fet que ja en la seva inauguraci\u00f3 quedessin alumnes sense pla\u00e7a va fer pensar que possiblement l&#8217;escola havia quedat petita.<br \/>\nAmb la implantaci\u00f3 de la LOGSE, el setembre de 1994, s&#8217;ampliava l&#8217;oferta per als nens de P3 i per a ubicar-lo calia sacrificar la biblioteca. L&#8217;abril del 2001 s&#8217;autoritzava un desdoblament puntual de P3, aquest segon grup es va poder ubicar sacrificant l&#8217;aula taller.<br \/>\nEl creixement demogr\u00e0fic de la primera d\u00e8cada del 2000 a La Bisbal, motivat per la coincid\u00e8ncia de l&#8217;augment dels naixements aut\u00f2ctons sumats a la immigraci\u00f3 continuada, va comportar que el nombre de sol\u00b7licituds no es poguessin atendre.<br \/>\nLa primavera de 2004 es va aprovar el desdoblament a dues l\u00ednies, amb el comprom\u00eds d&#8217;ampliar les instal\u00b7lacions escolars en un temps breu, en dues fases. El setembre de 2004 el nou grup de P3 va habilitar-se al pavell\u00f3 poliesportiu. Un any m\u00e9s tard es van iniciar les obres de la primera fase i es va habilitar un m\u00f2dul prefabricat per encabir els dos P3. Va ser al 2008 que es va poder ubicar tota l&#8217;Educaci\u00f3 Infantil a l&#8217;edifici de nova construcci\u00f3.<br \/>\nEl curs 2012-2013, finalment, estaven desdoblats tots els nivells.<\/p>\n","protected":false},"excerpt":{"rendered":"<p>L&#8217;escola Mas Clar\u00e0 comen\u00e7ava la seva activitat l&#8217;any 1988, amb dues aules a parvulari P4 i P5 (ara Educaci\u00f3 Infantil) i vuit cursos d&#8217;EGB (ara Educaci\u00f3 Prim\u00e0ria). En aquell moment la plantilla era d&#8217;11 mestres i acollia uns 280 alumnes de la perif\u00e8ria del col\u00b7legi. L&#8217;alumnat era pr\u00e0cticament tot nascut a La Bisbal i amb [&hellip;]<\/p>\n","protected":false},"author":1,"featured_media":0,"parent":22,"menu_order":30,"comment_status":"closed","ping_status":"closed","template":"","meta":{"_bbp_topic_count":0,"_bbp_reply_count":0,"_bbp_total_topic_count":0,"_bbp_total_reply_count":0,"_bbp_voice_count":0,"_bbp_anonymous_reply_count":0,"_bbp_topic_count_hidden":0,"_bbp_reply_count_hidden":0,"_bbp_forum_subforum_count":0,"site-sidebar-layout":"default","site-content-layout":"","ast-site-content-layout":"","site-content-style":"default","site-sidebar-style":"default","ast-global-header-display":"","ast-banner-title-visibility":"","ast-main-header-display":"","ast-hfb-above-header-display":"","ast-hfb-below-header-display":"","ast-hfb-mobile-header-display":"","site-post-title":"","ast-breadcrumbs-content":"","ast-featured-img":"","footer-sml-layout":"","theme-transparent-header-meta":"","adv-header-id-meta":"","stick-header-meta":"","header-above-stick-meta":"","header-main-stick-meta":"","header-below-stick-meta":"","astra-migrate-meta-layouts":"default","ast-page-background-enabled":"default","ast-page-background-meta":{"desktop":{"background-color":"var(--ast-global-color-4)","background-image":"","background-repeat":"repeat","background-position":"center center","background-size":"auto","background-attachment":"scroll","background-type":"","background-media":"","overlay-type":"","overlay-color":"","overlay-opacity":"","overlay-gradient":""},"tablet":{"background-color":"","background-image":"","background-repeat":"repeat","background-position":"center center","background-size":"auto","background-attachment":"scroll","background-type":"","background-media":"","overlay-type":"","overlay-color":"","overlay-opacity":"","overlay-gradient":""},"mobile":{"background-color":"","background-image":"","background-repeat":"repeat","background-position":"center center","background-size":"auto","background-attachment":"scroll","background-type":"","background-media":"","overlay-type":"","overlay-color":"","overlay-opacity":"","overlay-gradient":""}},"ast-content-background-meta":{"desktop":{"background-color":"var(--ast-global-color-5)","background-image":"","background-repeat":"repeat","background-position":"center center","background-size":"auto","background-attachment":"scroll","background-type":"","background-media":"","overlay-type":"","overlay-color":"","overlay-opacity":"","overlay-gradient":""},"tablet":{"background-color":"var(--ast-global-color-5)","background-image":"","background-repeat":"repeat","background-position":"center center","background-size":"auto","background-attachment":"scroll","background-type":"","background-media":"","overlay-type":"","overlay-color":"","overlay-opacity":"","overlay-gradient":""},"mobile":{"background-color":"var(--ast-global-color-5)","background-image":"","background-repeat":"repeat","background-position":"center center","background-size":"auto","background-attachment":"scroll","background-type":"","background-media":"","overlay-type":"","overlay-color":"","overlay-opacity":"","overlay-gradient":""}},"footnotes":""},"class_list":["post-28","page","type-page","status-publish","hentry"],"post_mailing_queue_ids":[],"_links":{"self":[{"href":"https:\/\/agora.xtec.cat\/ceipmasclara\/wp-json\/wp\/v2\/pages\/28","targetHints":{"allow":["GET"]}}],"collection":[{"href":"https:\/\/agora.xtec.cat\/ceipmasclara\/wp-json\/wp\/v2\/pages"}],"about":[{"href":"https:\/\/agora.xtec.cat\/ceipmasclara\/wp-json\/wp\/v2\/types\/page"}],"author":[{"embeddable":true,"href":"https:\/\/agora.xtec.cat\/ceipmasclara\/wp-json\/wp\/v2\/users\/1"}],"replies":[{"embeddable":true,"href":"https:\/\/agora.xtec.cat\/ceipmasclara\/wp-json\/wp\/v2\/comments?post=28"}],"version-history":[{"count":3,"href":"https:\/\/agora.xtec.cat\/ceipmasclara\/wp-json\/wp\/v2\/pages\/28\/revisions"}],"predecessor-version":[{"id":1161,"href":"https:\/\/agora.xtec.cat\/ceipmasclara\/wp-json\/wp\/v2\/pages\/28\/revisions\/1161"}],"up":[{"embeddable":true,"href":"https:\/\/agora.xtec.cat\/ceipmasclara\/wp-json\/wp\/v2\/pages\/22"}],"wp:attachment":[{"href":"https:\/\/agora.xtec.cat\/ceipmasclara\/wp-json\/wp\/v2\/media?parent=28"}],"curies":[{"name":"wp","href":"https:\/\/api.w.org\/{rel}","templated":true}]}}