{"id":814,"date":"2018-07-22T18:22:57","date_gmt":"2018-07-22T16:22:57","guid":{"rendered":"http:\/\/agora.xtec.cat\/ceipmaricel\/?page_id=814"},"modified":"2022-07-16T15:59:01","modified_gmt":"2022-07-16T13:59:01","slug":"som-solidaris-2","status":"publish","type":"page","link":"https:\/\/agora.xtec.cat\/ceipmaricel\/som-solidaris-2\/","title":{"rendered":"Som solidaris!"},"content":{"rendered":"<p>La nostra escola ha anat participant al llarg dels darrers cursos en diversos projectes solidaris amb la col\u00b7laboraci\u00f3 de l\u2019<a href=\"http:\/\/agora.xtec.cat\/ceipmaricel\/serveis\/\">AFA<\/a>.<\/p>\n<ul>\n<li><em>La Marat\u00f3<\/em>\u00a0de TV3, projecte ja consolidat al centre, on tota l\u2019escola s&#8217;implica realitzant diverses activitats.\u00a0 Tot l&#8217;alumnat del centre participa en la gravaci\u00f3 d\u2019un CD. Els resultats han estat exitosos any rere any.<img loading=\"lazy\" decoding=\"async\" class=\"aligncenter wp-image-822\" src=\"http:\/\/agora.xtec.cat\/ceipmaricel\/wp-content\/uploads\/usu1871\/2018\/07\/xmarato-1.jpg.pagespeed.ic_.iT50nuY-_n.jpg\" alt=\"\" width=\"289\" height=\"168\" srcset=\"https:\/\/agora.xtec.cat\/ceipmaricel\/wp-content\/uploads\/usu1871\/2018\/07\/xmarato-1.jpg.pagespeed.ic_.iT50nuY-_n.jpg 673w, https:\/\/agora.xtec.cat\/ceipmaricel\/wp-content\/uploads\/usu1871\/2018\/07\/xmarato-1.jpg.pagespeed.ic_.iT50nuY-_n-300x175.jpg 300w\" sizes=\"auto, (max-width: 289px) 100vw, 289px\" \/><\/li>\n<li><em>Polseres Candela<\/em>, on els propis infants han confeccionat les polseres per poder vendre-les i obtenir beneficis per als donatius.<\/li>\n<\/ul>\n<p><img loading=\"lazy\" decoding=\"async\" class=\"wp-image-825 aligncenter\" src=\"http:\/\/agora.xtec.cat\/ceipmaricel\/wp-content\/uploads\/usu1871\/2018\/07\/CANDELA-283x300-1.jpg\" alt=\"\" width=\"148\" height=\"157\" \/><\/p>\n<p>&nbsp;<\/p>\n<ul>\n<li><em>Gosseres i protectores<\/em> d\u2019animals del municipi, aportant menjar, mantes&#8230;<a href=\"http:\/\/agora.xtec.cat\/ceipmaricel\/wp-content\/uploads\/usu1871\/2018\/08\/large_j1mguutpl0-1.jpeg\"><img loading=\"lazy\" decoding=\"async\" class=\"alignnone size-full wp-image-897 aligncenter\" src=\"http:\/\/agora.xtec.cat\/ceipmaricel\/wp-content\/uploads\/usu1871\/2018\/08\/large_j1mguutpl0-1.jpeg\" alt=\"\" width=\"294\" height=\"196\" \/><\/a><\/li>\n<\/ul>\n<p>&nbsp;<\/p>\n<ul>\n<li><em>Aldeas Infantiles<\/em>, confeccionant xapes solid\u00e0ries per part dels infants de Prim\u00e0ria<a href=\"http:\/\/agora.xtec.cat\/ceipmaricel\/wp-content\/uploads\/usu1871\/2018\/08\/aldeas_infantiles.jpg\"><img loading=\"lazy\" decoding=\"async\" class=\"wp-image-900 aligncenter\" src=\"http:\/\/agora.xtec.cat\/ceipmaricel\/wp-content\/uploads\/usu1871\/2018\/08\/aldeas_infantiles-1024x417.jpg\" alt=\"\" width=\"295\" height=\"120\" srcset=\"https:\/\/agora.xtec.cat\/ceipmaricel\/wp-content\/uploads\/usu1871\/2018\/08\/aldeas_infantiles-1024x417.jpg 1024w, https:\/\/agora.xtec.cat\/ceipmaricel\/wp-content\/uploads\/usu1871\/2018\/08\/aldeas_infantiles-300x122.jpg 300w, https:\/\/agora.xtec.cat\/ceipmaricel\/wp-content\/uploads\/usu1871\/2018\/08\/aldeas_infantiles-768x313.jpg 768w\" sizes=\"auto, (max-width: 295px) 100vw, 295px\" \/><\/a><\/li>\n<\/ul>\n<p>&nbsp;<\/p>\n<ul>\n<li><em>Shurikan Blau<\/em>, elaboraci\u00f3 d&#8217;estrelles solid\u00e0ries contra el c\u00e0ncer infantil (Sant Joan de D\u00e9u).<img decoding=\"async\" class=\"aligncenter\" src=\"https:\/\/static.wixstatic.com\/media\/7d64a6_cbb527ee18564d4bbca2ced96a186bae~mv2.png\/v1\/fill\/w_299,h_104,al_c,q_80,usm_0.66_1.00_0.01\/7d64a6_cbb527ee18564d4bbca2ced96a186bae~mv2.webp\" alt=\"shurikan blau\" \/><\/li>\n<\/ul>\n<p>&nbsp;<\/p>\n<ul>\n<li><em>Banc de sang i Teixits<\/em>.<a href=\"http:\/\/agora.xtec.cat\/ceipmaricel\/som-solidaris-2\/attachment\/banc-de-sang\/\" rel=\"attachment wp-att-1388\"><img loading=\"lazy\" decoding=\"async\" class=\"wp-image-1388 aligncenter\" src=\"https:\/\/agora.xtec.cat\/ceipmaricel\/wp-content\/uploads\/usu1871\/2019\/09\/banc-de-sang.png\" alt=\"\" width=\"358\" height=\"101\" srcset=\"https:\/\/agora.xtec.cat\/ceipmaricel\/wp-content\/uploads\/usu1871\/2019\/09\/banc-de-sang.png 422w, https:\/\/agora.xtec.cat\/ceipmaricel\/wp-content\/uploads\/usu1871\/2019\/09\/banc-de-sang-300x85.png 300w\" sizes=\"auto, (max-width: 358px) 100vw, 358px\" \/><\/a><\/li>\n<\/ul>\n<p>&nbsp;<\/p>\n<ul>\n<li><em>SOS \u00c0FRICA<\/em>. Campanya de recollida de roba i cal\u00e7at.<img loading=\"lazy\" decoding=\"async\" class=\" wp-image-1739 aligncenter\" src=\"https:\/\/agora.xtec.cat\/ceipmaricel\/wp-content\/uploads\/usu1871\/2020\/11\/sos-Africa.jpg\" alt=\"\" width=\"192\" height=\"208\" \/><\/li>\n<li>C\u00c0RITAS. Recollida de roba i cal\u00e7at.<\/li>\n<\/ul>\n<p><img loading=\"lazy\" decoding=\"async\" class=\"aligncenter\" src=\"https:\/\/www.caritascatalunya.cat\/main-files\/uploads\/sites\/27\/2019\/06\/logo_rojo.jpg\" alt=\"C\u00e0ritas Catalunya. Ajuda'ns a estar all\u00e0 on m\u00e9s ens necessiten\" width=\"217\" height=\"217\" \/><\/p>\n<ul>\n<li>Recollida de taps solidaris. FUNDACI\u00d3 SEUR.<\/li>\n<li><img loading=\"lazy\" decoding=\"async\" class=\"aligncenter\" src=\"https:\/\/agora.xtec.cat\/iesehtb\/wp-content\/uploads\/usu88\/2020\/02\/Cartell-taps.jpg\" alt=\"Taps per una nova vida. | INS Escola Hoteleria i Turisme de Barcelona\" width=\"239\" height=\"328\" \/><\/li>\n<\/ul>\n","protected":false},"excerpt":{"rendered":"<p>La nostra escola ha anat participant al llarg dels darrers cursos en diversos projectes solidaris amb la col\u00b7laboraci\u00f3 de l\u2019<a href=\"http:\/\/agora.xtec.cat\/ceipmaricel\/serveis\/\">AFA<\/a>.<\/p>\n<ul>\n<li>La Marat\u00f3\u00a0de TV3, projecte ja consolidat al centre, on tota l\u2019escola s&#8217;implica realitzant diverses activitats.\u00a0 Tot l&#8217;alumnat del centre participa en la gravaci\u00f3 d\u2019un CD.&hellip;  <a href=\"https:\/\/agora.xtec.cat\/ceipmaricel\/som-solidaris-2\/\" title=\"Read Som solidaris!\">Llegeix m\u00e9s\u00bb<\/a><br \/>\n","protected":false},"author":4,"featured_media":0,"parent":0,"menu_order":0,"comment_status":"closed","ping_status":"closed","template":"","meta":{"_bbp_topic_count":0,"_bbp_reply_count":0,"_bbp_total_topic_count":0,"_bbp_total_reply_count":0,"_bbp_voice_count":0,"_bbp_anonymous_reply_count":0,"_bbp_topic_count_hidden":0,"_bbp_reply_count_hidden":0,"_bbp_forum_subforum_count":0,"footnotes":""},"class_list":["post-814","page","type-page","status-publish","hentry"],"post_mailing_queue_ids":[],"_links":{"self":[{"href":"https:\/\/agora.xtec.cat\/ceipmaricel\/wp-json\/wp\/v2\/pages\/814","targetHints":{"allow":["GET"]}}],"collection":[{"href":"https:\/\/agora.xtec.cat\/ceipmaricel\/wp-json\/wp\/v2\/pages"}],"about":[{"href":"https:\/\/agora.xtec.cat\/ceipmaricel\/wp-json\/wp\/v2\/types\/page"}],"author":[{"embeddable":true,"href":"https:\/\/agora.xtec.cat\/ceipmaricel\/wp-json\/wp\/v2\/users\/4"}],"replies":[{"embeddable":true,"href":"https:\/\/agora.xtec.cat\/ceipmaricel\/wp-json\/wp\/v2\/comments?post=814"}],"version-history":[{"count":3,"href":"https:\/\/agora.xtec.cat\/ceipmaricel\/wp-json\/wp\/v2\/pages\/814\/revisions"}],"predecessor-version":[{"id":2267,"href":"https:\/\/agora.xtec.cat\/ceipmaricel\/wp-json\/wp\/v2\/pages\/814\/revisions\/2267"}],"wp:attachment":[{"href":"https:\/\/agora.xtec.cat\/ceipmaricel\/wp-json\/wp\/v2\/media?parent=814"}],"curies":[{"name":"wp","href":"https:\/\/api.w.org\/{rel}","templated":true}]}}