{"id":66,"date":"2014-09-18T12:40:47","date_gmt":"2014-09-18T11:40:47","guid":{"rendered":"http:\/\/agora.xtec.cat\/ceipmaricel\/?page_id=66"},"modified":"2025-11-03T21:51:27","modified_gmt":"2025-11-03T20:51:27","slug":"serveis","status":"publish","type":"page","link":"https:\/\/agora.xtec.cat\/ceipmaricel\/serveis\/","title":{"rendered":"Serveis AFA"},"content":{"rendered":"<h5 style=\"text-align: center;\"><a href=\"http:\/\/agora.xtec.cat\/ceipmaricel\/wp-content\/uploads\/usu1871\/2018\/07\/1549456_644472762331382_2592963698606377996_n.jpg\"><img loading=\"lazy\" decoding=\"async\" class=\"alignnone wp-image-1420\" src=\"https:\/\/agora.xtec.cat\/ceipmaricel\/wp-content\/uploads\/usu1871\/2019\/10\/MASTER-LOGOS-AFA-1.jpg\" alt=\"\" width=\"235\" height=\"236\" srcset=\"https:\/\/agora.xtec.cat\/ceipmaricel\/wp-content\/uploads\/usu1871\/2019\/10\/MASTER-LOGOS-AFA-1.jpg 1004w, https:\/\/agora.xtec.cat\/ceipmaricel\/wp-content\/uploads\/usu1871\/2019\/10\/MASTER-LOGOS-AFA-1-150x150.jpg 150w, https:\/\/agora.xtec.cat\/ceipmaricel\/wp-content\/uploads\/usu1871\/2019\/10\/MASTER-LOGOS-AFA-1-300x300.jpg 300w, https:\/\/agora.xtec.cat\/ceipmaricel\/wp-content\/uploads\/usu1871\/2019\/10\/MASTER-LOGOS-AFA-1-768x768.jpg 768w\" sizes=\"auto, (max-width: 235px) 100vw, 235px\" \/><\/a><\/h5>\n<h5><strong>Associaci\u00f3 de Fam\u00edlies d&#8217;alumnes<\/strong><br \/>\nC\/ Clot del Bass\u00f3, 20-24<br \/>\n08880 Cubelles<br \/>\nNIF: G-64613920<\/h5>\n<table style=\"height: 230px; width: 455px;\" width=\"321\">\n<tbody>\n<tr style=\"height: 41px;\">\n<td style=\"width: 170.885px; height: 41px;\">\n<h6>Presidenta de l&#8217;AFA<\/h6>\n<\/td>\n<td style=\"width: 277.135px; height: 41px;\">Noa Aguilar<\/td>\n<\/tr>\n<tr style=\"height: 41px;\">\n<td style=\"width: 170.885px; height: 41px;\">\n<h6>Secret\u00e0ria<\/h6>\n<\/td>\n<td style=\"width: 277.135px; height: 41px;\">Gemma Garc\u00eda<\/td>\n<\/tr>\n<tr style=\"height: 41px;\">\n<td style=\"width: 170.885px; height: 41px;\">\n<h6>Tresorer<\/h6>\n<\/td>\n<td style=\"width: 277.135px; height: 41px;\">Daniel Castro<\/td>\n<\/tr>\n<tr style=\"height: 107px;\">\n<td style=\"width: 170.885px; height: 107px;\">\n<h6>Vocals<\/h6>\n<\/td>\n<td style=\"width: 277.135px; height: 107px;\">Sara Garc\u00eda<\/p>\n<p>Montserrat Bru\u00f1o<\/p>\n<p>Desiree Rodr\u00edguez<\/p>\n<p>Leticia Jim\u00e9nez<\/p>\n<p>Meritxell Ruiz<\/p>\n<p>Cristina Ibars<\/p>\n<p>Diego Tassara<\/p>\n<p>Isabel Molina<\/p>\n<p>Anna Monreal<\/td>\n<\/tr>\n<\/tbody>\n<\/table>\n<h4><strong>Horari:<\/strong><\/h4>\n<p>Totes les tardes, de dilluns a divendres de 15h a 17:15h.<\/p>\n<h4><strong>Qu\u00e8 \u00e9s l\u2019AFA?<\/strong><\/h4>\n<p style=\"text-align: justify;\">L\u2019AFA \u00e9s una entitat sense \u00e0nim de lucre\u00a0que agrupa a les fam\u00edlies de tot l\u2019alumnat del centre.<\/p>\n<p style=\"text-align: justify;\">L\u2019AFA\u00a0\u00e9s\u00a0el principal interlocutor entre l&#8217;escola i les fam\u00edlies. El seu objectiu fonamental \u00e9s contribuir a la millora de la qualitat de l&#8217;ensenyament a l&#8217;escola a trav\u00e9s del di\u00e0leg i la col\u00b7laboraci\u00f3 entre els diversos sectors de la comunitat educativa.<\/p>\n<h4><strong>Com funciona?<\/strong><\/h4>\n<p>A trav\u00e9s d\u2019una Junta Directiva formada per la presidenta, tresorer, secret\u00e0ria i vocals, que regeix, administra i representa l\u2019associaci\u00f3.<\/p>\n<p>A trav\u00e9s de l\u2019Assemblea General , que \u00e9s l\u2019\u00f2rgan suprem en qual hi tenen dret a participar tots els socis. Es convoca com a m\u00ednim dos cops l\u2019any i \u00e9s qui marca les directrius generals d\u2019actuaci\u00f3.<\/p>\n<h4><strong>Qu\u00e8 ofereix l\u2019AFA?<\/strong><\/h4>\n<p>&#8211; Servei d\u00b4acollida matinal i de tarda.<br \/>\n&#8211; Activitats extraescolars pels infants.<br \/>\n&#8211; Organitzaci\u00f3 de festes.<br \/>\n&#8211; Xerrades-tallers sobre temes de fam\u00edlia.<br \/>\n&#8211; Inversions en material l\u00fadic per l\u00b4escola.<br \/>\n&#8211; Venda de samarretes, carmanyoles, bidons t\u00e9rmics, motxilles, necessers\u2026.<br \/>\n&#8211; Regal d\u00b4agendes de l\u00b4escola a tot l&#8217;alumnat de Prim\u00e0ria.<br \/>\n&#8211; Organitzaci\u00f3 casal d\u00b4estiu a l\u00b4escola.<\/p>\n<h4><strong>Quins s\u00f3n els avantatges de fer-se\u2019n soci?<\/strong><\/h4>\n<div>\n<p dir=\"ltr\">Pel que fa als avantatges per als socis i s\u00f2cies de l\u2019AFA, entre altres, seran:<\/p>\n<ul>\n<li dir=\"ltr\" aria-level=\"1\">\n<p dir=\"ltr\" role=\"presentation\">Servei d\u2019acollida per a assemblees generals de l\u2019AFA.<\/p>\n<\/li>\n<li dir=\"ltr\" aria-level=\"1\">\n<p dir=\"ltr\" role=\"presentation\">Reunions d\u2019inici de curs.<\/p>\n<\/li>\n<li dir=\"ltr\" aria-level=\"1\">\n<p dir=\"ltr\" role=\"presentation\">Entrada gratu\u00efta a totes les festes que organitza l\u2019AFA.<\/p>\n<\/li>\n<li dir=\"ltr\" aria-level=\"1\">\n<p dir=\"ltr\" role=\"presentation\">Descomptes significatius a les extraescolars, acollides-menjador, Casal d\u2019Estiu\u2026<\/p>\n<\/li>\n<\/ul>\n<p dir=\"ltr\">Tots els socis i s\u00f2cies rebran els seg\u00fcents regals:<\/p>\n<ul>\n<li dir=\"ltr\" aria-level=\"1\">\n<p dir=\"ltr\" role=\"presentation\">I3: Pack de benvinguda<\/p>\n<\/li>\n<li dir=\"ltr\" aria-level=\"1\">\n<p dir=\"ltr\" role=\"presentation\">I4: Gorra etapa infantil<\/p>\n<\/li>\n<li dir=\"ltr\" aria-level=\"1\">\n<p dir=\"ltr\" role=\"presentation\">I5: Regalet de fi d\u2019etapa infantil.<\/p>\n<\/li>\n<li dir=\"ltr\" aria-level=\"1\">\n<p dir=\"ltr\" role=\"presentation\">P1: Samarreta AFA i agenda<\/p>\n<\/li>\n<li dir=\"ltr\" aria-level=\"1\">\n<p dir=\"ltr\" role=\"presentation\">P2: Gorra etapa prim\u00e0ria i agenda<\/p>\n<\/li>\n<li dir=\"ltr\" aria-level=\"1\">\n<p dir=\"ltr\" role=\"presentation\">P3: Samarreta AFA i agenda<\/p>\n<\/li>\n<li dir=\"ltr\" aria-level=\"1\">\n<p dir=\"ltr\" role=\"presentation\">P4: Bid\u00f3 t\u00e8rmic i agenda<\/p>\n<\/li>\n<li dir=\"ltr\" aria-level=\"1\">\n<p dir=\"ltr\" role=\"presentation\">P5: Samarreta AFA i agenda<\/p>\n<\/li>\n<li dir=\"ltr\" aria-level=\"1\">\n<p dir=\"ltr\" role=\"presentation\">P6: \u00c0lbum i agenda<\/p>\n<\/li>\n<\/ul>\n<\/div>\n<div><\/div>\n<p><strong>Quota de soci: 35 \u20ac per curs i per fam\u00edlia amb un fill\/a i 45 \u20ac per curs i per fam\u00edlia amb mes d\u2019un fill\/a (no per alumne).<\/strong><\/p>\n<p><strong>Pagament per TPV.<\/strong><\/p>\n<div id=\"gtx-trans\" style=\"position: absolute; left: 434px; top: 237.347px;\">\n<div class=\"gtx-trans-icon\"><\/div>\n<\/div>\n","protected":false},"excerpt":{"rendered":"<p><a href=\"http:\/\/agora.xtec.cat\/ceipmaricel\/wp-content\/uploads\/usu1871\/2018\/07\/1549456_644472762331382_2592963698606377996_n.jpg\"><\/a><br \/>\nAssociaci\u00f3 de Fam\u00edlies d&#8217;alumnes<br \/>\nC\/ Clot del Bass\u00f3, 20-24<br \/>\n08880 Cubelles<br \/>\nNIF: G-64613920<\/p>\n<p>Presidenta de l&#8217;AFA<\/p>\n<p>Noa Aguilar<\/p>\n<p>Secret\u00e0ria<\/p>\n<p>Gemma Garc\u00eda<\/p>\n<p>Tresorer<\/p>\n<p>Daniel Castro<\/p>\n<p>Vocals<\/p>\n<p>Sara Garc\u00eda<br \/>\nMontserrat Bru\u00f1o<br \/>\nDesiree Rodr\u00edguez<br \/>\nLeticia Jim\u00e9nez<br \/>\nMeritxell Ruiz<br \/>\nCristina Ibars<br \/>\nDiego Tassara<br \/>\nIsabel Molina<br \/>\nAnna Monreal<\/p>\n<p>Horari:<br \/>\nTotes les tardes, de dilluns a divendres de 15h a 17:15h.<br \/>\nQu\u00e8 \u00e9s l\u2019AFA?<br \/>\nL\u2019AFA \u00e9s una entitat sense \u00e0nim de lucre\u00a0que agrupa&hellip;  <a href=\"https:\/\/agora.xtec.cat\/ceipmaricel\/serveis\/\" title=\"Read Serveis AFA\">Llegeix m\u00e9s\u00bb<\/a><\/p>\n","protected":false},"author":1,"featured_media":0,"parent":0,"menu_order":0,"comment_status":"closed","ping_status":"closed","template":"page-templates\/side-menu.php","meta":{"_bbp_topic_count":0,"_bbp_reply_count":0,"_bbp_total_topic_count":0,"_bbp_total_reply_count":0,"_bbp_voice_count":0,"_bbp_anonymous_reply_count":0,"_bbp_topic_count_hidden":0,"_bbp_reply_count_hidden":0,"_bbp_forum_subforum_count":0,"footnotes":""},"class_list":["post-66","page","type-page","status-publish","hentry"],"post_mailing_queue_ids":[],"_links":{"self":[{"href":"https:\/\/agora.xtec.cat\/ceipmaricel\/wp-json\/wp\/v2\/pages\/66","targetHints":{"allow":["GET"]}}],"collection":[{"href":"https:\/\/agora.xtec.cat\/ceipmaricel\/wp-json\/wp\/v2\/pages"}],"about":[{"href":"https:\/\/agora.xtec.cat\/ceipmaricel\/wp-json\/wp\/v2\/types\/page"}],"author":[{"embeddable":true,"href":"https:\/\/agora.xtec.cat\/ceipmaricel\/wp-json\/wp\/v2\/users\/1"}],"replies":[{"embeddable":true,"href":"https:\/\/agora.xtec.cat\/ceipmaricel\/wp-json\/wp\/v2\/comments?post=66"}],"version-history":[{"count":7,"href":"https:\/\/agora.xtec.cat\/ceipmaricel\/wp-json\/wp\/v2\/pages\/66\/revisions"}],"predecessor-version":[{"id":2920,"href":"https:\/\/agora.xtec.cat\/ceipmaricel\/wp-json\/wp\/v2\/pages\/66\/revisions\/2920"}],"wp:attachment":[{"href":"https:\/\/agora.xtec.cat\/ceipmaricel\/wp-json\/wp\/v2\/media?parent=66"}],"curies":[{"name":"wp","href":"https:\/\/api.w.org\/{rel}","templated":true}]}}