{"id":593,"date":"2018-07-13T19:40:50","date_gmt":"2018-07-13T17:40:50","guid":{"rendered":"http:\/\/agora.xtec.cat\/ceipmaricel\/?page_id=593"},"modified":"2025-09-04T17:08:35","modified_gmt":"2025-09-04T15:08:35","slug":"equip-docent","status":"publish","type":"page","link":"https:\/\/agora.xtec.cat\/ceipmaricel\/equip-docent\/","title":{"rendered":"Equip docent"},"content":{"rendered":"<header class=\"entry-header\">\n<h1 class=\"entry-title\">EQUIP DOCENT<\/h1>\n<\/header>\n<div class=\"entry-content\">\n<p><strong>EQUIP DIRECTIU:<\/strong><\/p>\n<table>\n<tbody>\n<tr>\n<td><strong>Directora<\/strong><\/td>\n<td>No\u00e8lia Garcia<\/td>\n<\/tr>\n<tr>\n<td><strong>Cap d\u2019estudis<\/strong><\/td>\n<td>Melissa Ib\u00e1\u00f1ez<\/td>\n<\/tr>\n<tr>\n<td><strong>Secret\u00e0ria<\/strong><\/td>\n<td>Ver\u00f2nica Paredes<\/td>\n<\/tr>\n<\/tbody>\n<\/table>\n<p><strong>COMUNITAT DEL MAR:<\/strong><\/p>\n<table style=\"width: 373px;\">\n<tbody>\n<tr style=\"height: 31px;\">\n<td style=\"height: 31px; width: 79px;\"><strong>I3<\/strong><\/td>\n<td style=\"height: 31px; width: 294px;\"><span style=\"background-color: #f9f9f9;\">\u00a0Olivia Molina<\/span><\/td>\n<\/tr>\n<tr style=\"height: 23px;\">\n<td style=\"height: 23px; width: 79px;\"><strong>I4<\/strong><\/td>\n<td style=\"height: 23px; width: 294px;\">Marta L\u00f3pez i Marta Roca (S\u00edlvia Tom\u00e0s)<\/td>\n<\/tr>\n<tr style=\"height: 31px;\">\n<td style=\"height: 31px; width: 79px;\"><strong>I5<\/strong><\/td>\n<td style=\"height: 31px; width: 294px;\">Anna Ruiz i Laura de Bertomeu<\/td>\n<\/tr>\n<tr style=\"height: 33px;\">\n<td style=\"width: 79px; height: 10px;\"><strong>1r<\/strong><\/td>\n<td style=\"width: 294px; height: 10px;\">Blanca Puig<\/td>\n<\/tr>\n<tr style=\"height: 33px;\">\n<td style=\"width: 79px; height: 33px;\"><strong>2n<\/strong><\/td>\n<td style=\"width: 294px; height: 33px;\">Sara Carrero<\/td>\n<\/tr>\n<tr>\n<td style=\"width: 79px;\"><strong>TEI<\/strong><\/td>\n<td style=\"width: 294px;\">Cora Panisello<\/td>\n<\/tr>\n<tr style=\"height: 31px;\">\n<td style=\"height: 31px; width: 79px;\"><strong>SUPORT<\/strong><\/td>\n<td style=\"height: 31px; width: 294px;\">Ver\u00f2nica Paredes, Paula Armengol<\/td>\n<\/tr>\n<\/tbody>\n<\/table>\n<p><strong><br \/>\nCOMUNITAT DEL CEL:\u00a0<\/strong><\/p>\n<table style=\"width: 42.3924%; height: 161px;\">\n<tbody>\n<tr style=\"height: 33px;\">\n<td style=\"width: 45.6869%; height: 33px;\"><strong>3r<\/strong><\/td>\n<td style=\"width: 51.7572%; height: 33px;\"><span style=\"background-color: #f9f9f9;\">Laura Nieto<\/span><\/td>\n<\/tr>\n<tr style=\"height: 27px;\">\n<td style=\"width: 45.6869%; height: 27px;\"><strong>4t<\/strong><\/td>\n<td style=\"width: 51.7572%; height: 27px;\"><span style=\"background-color: #ffffff;\">Carmen Aranda<\/span><\/td>\n<\/tr>\n<tr style=\"height: 39px;\">\n<td style=\"width: 45.6869%; height: 39px;\"><strong>5\u00e8<\/strong><\/td>\n<td style=\"width: 51.7572%; height: 39px;\">Ester Baldom\u00e0<\/td>\n<\/tr>\n<tr style=\"height: 31px;\">\n<td style=\"width: 45.6869%; height: 31px;\"><strong>6\u00e8<\/strong><\/td>\n<td style=\"width: 51.7572%; height: 31px;\"><span style=\"background-color: #f9f9f9;\">Merc\u00e8 Rodr\u00edguez<\/span><\/td>\n<\/tr>\n<\/tbody>\n<\/table>\n<\/div>\n<p><strong>ESPECIALISTES:<\/strong><\/p>\n<div class=\"entry-content\">\n<table style=\"width: 59.9761%; height: 105px;\">\n<tbody>\n<tr style=\"height: 32px;\">\n<td style=\"width: 284.842px; height: 31px;\"><strong>ANGL\u00c8S<\/strong><\/td>\n<td style=\"width: 233.431px; height: 31px;\">H\u00e9ctor Alonso<\/td>\n<\/tr>\n<tr style=\"height: 32px;\">\n<td style=\"width: 284.842px; height: 32px;\"><strong>SUPORT<\/strong><\/td>\n<td style=\"width: 233.431px; height: 32px;\">Cristina Navarrete<\/p>\n<p>No\u00e8lia Garc\u00eda<\/p>\n<p>Melissa Ib\u00e1\u00f1ez<\/p>\n<p>S\u00f2nia Mateo<\/td>\n<\/tr>\n<tr style=\"height: 32px;\">\n<td style=\"width: 284.842px; height: 32px;\"><strong>EDUC. F\u00cdSICA<\/strong><\/td>\n<td style=\"width: 233.431px; height: 32px;\">Ra\u00fal Lim\u00f3n<\/td>\n<\/tr>\n<tr style=\"height: 10px;\">\n<td style=\"width: 284.842px; height: 10px;\"><strong>M\u00daSICA<\/strong><\/td>\n<td style=\"width: 233.431px; height: 10px;\">S\u00f2nia Mateo<\/td>\n<\/tr>\n<\/tbody>\n<\/table>\n<p><strong>SIEI:<\/strong><\/p>\n<table style=\"width: 60.4936%; height: 159px;\">\n<tbody>\n<tr>\n<td style=\"width: 53.9474%;\"><strong>Mestres de suport a l&#8217;inclusi\u00f3 (MESI)<\/strong><\/td>\n<td style=\"width: 44.2105%;\">Maria Cebri\u00e1n<\/p>\n<p>Paula Armengol<\/p>\n<p>Melissa Ib\u00e1\u00f1ez<\/p>\n<p>Cristina Navarrete<\/td>\n<\/tr>\n<tr>\n<td style=\"width: 53.9474%;\"><strong>Educador<\/strong><\/td>\n<td style=\"width: 44.2105%;\">Nicaise Gomis<\/td>\n<\/tr>\n<tr>\n<td style=\"width: 53.9474%;\"><strong>Vetlladora<\/strong><\/td>\n<td style=\"width: 44.2105%;\">Maria Rosario S\u00e1nchez<\/p>\n<p>S\u00edlvia Garc\u00eda<\/td>\n<\/tr>\n<\/tbody>\n<\/table>\n<p><strong>Personal PAS:<\/strong><\/p>\n<table style=\"height: 166px; width: 291px;\">\n<tbody>\n<tr style=\"height: 11px;\">\n<td style=\"width: 124px; height: 11px;\"><strong>Conserge<\/strong><\/td>\n<td style=\"width: 159px; height: 11px;\">Isabel Molina<\/td>\n<\/tr>\n<tr style=\"height: 18px;\">\n<td style=\"width: 124px; height: 18px;\"><strong>Administratiu<\/strong><\/td>\n<td style=\"width: 159px; height: 18px;\">\u00a0Laura Mart\u00ednez<\/td>\n<\/tr>\n<\/tbody>\n<\/table>\n<\/div>\n","protected":false},"excerpt":{"rendered":"<p>EQUIP DOCENT<\/p>\n<p>EQUIP DIRECTIU:<\/p>\n<p>Directora<br \/>\nNo\u00e8lia Garcia<\/p>\n<p>Cap d\u2019estudis<br \/>\nMelissa Ib\u00e1\u00f1ez<\/p>\n<p>Secret\u00e0ria<br \/>\nVer\u00f2nica Paredes<\/p>\n<p>COMUNITAT DEL MAR:<\/p>\n<p>I3<br \/>\n\u00a0Olivia Molina<\/p>\n<p>I4<br \/>\nMarta L\u00f3pez i Marta Roca (S\u00edlvia Tom\u00e0s)<\/p>\n<p>I5<br \/>\nAnna Ruiz i Laura de Bertomeu<\/p>\n<p>1r<br \/>\nBlanca Puig<\/p>\n<p>2n<br \/>\nSara Carrero<\/p>\n<p>TEI<br \/>\nCora Panisello<\/p>\n<p>SUPORT<br \/>\nVer\u00f2nica Paredes, Paula Armengol<\/p>\n<p>COMUNITAT DEL CEL:\u00a0<\/p>\n<p>3r<br \/>\nLaura Nieto<\/p>\n<p>4t<br \/>\nCarmen Aranda<\/p>\n<p>5\u00e8<br \/>\nEster Baldom\u00e0<\/p>\n<p>6\u00e8<br \/>\nMerc\u00e8 Rodr\u00edguez<\/p>\n<p>ESPECIALISTES:<\/p>\n<p>ANGL\u00c8S<br \/>\nH\u00e9ctor Alonso<\/p>\n<p>SUPORT<br \/>\nCristina Navarrete<br \/>\nNo\u00e8lia Garc\u00eda<br \/>\nMelissa Ib\u00e1\u00f1ez<br \/>\nS\u00f2nia Mateo<\/p>\n<p>EDUC. F\u00cdSICA<br \/>\nRa\u00fal Lim\u00f3n<\/p>\n<p>M\u00daSICA<br \/>\nS\u00f2nia Mateo<\/p>\n<p>SIEI:<\/p>\n<p>Mestres de suport a l&#8217;inclusi\u00f3&hellip;  <a href=\"https:\/\/agora.xtec.cat\/ceipmaricel\/equip-docent\/\" title=\"Read Equip docent\">Llegeix m\u00e9s\u00bb<\/a><\/p>\n","protected":false},"author":1,"featured_media":0,"parent":0,"menu_order":0,"comment_status":"closed","ping_status":"closed","template":"","meta":{"_bbp_topic_count":0,"_bbp_reply_count":0,"_bbp_total_topic_count":0,"_bbp_total_reply_count":0,"_bbp_voice_count":0,"_bbp_anonymous_reply_count":0,"_bbp_topic_count_hidden":0,"_bbp_reply_count_hidden":0,"_bbp_forum_subforum_count":0,"footnotes":""},"class_list":["post-593","page","type-page","status-publish","hentry"],"post_mailing_queue_ids":[],"_links":{"self":[{"href":"https:\/\/agora.xtec.cat\/ceipmaricel\/wp-json\/wp\/v2\/pages\/593","targetHints":{"allow":["GET"]}}],"collection":[{"href":"https:\/\/agora.xtec.cat\/ceipmaricel\/wp-json\/wp\/v2\/pages"}],"about":[{"href":"https:\/\/agora.xtec.cat\/ceipmaricel\/wp-json\/wp\/v2\/types\/page"}],"author":[{"embeddable":true,"href":"https:\/\/agora.xtec.cat\/ceipmaricel\/wp-json\/wp\/v2\/users\/1"}],"replies":[{"embeddable":true,"href":"https:\/\/agora.xtec.cat\/ceipmaricel\/wp-json\/wp\/v2\/comments?post=593"}],"version-history":[{"count":6,"href":"https:\/\/agora.xtec.cat\/ceipmaricel\/wp-json\/wp\/v2\/pages\/593\/revisions"}],"predecessor-version":[{"id":2909,"href":"https:\/\/agora.xtec.cat\/ceipmaricel\/wp-json\/wp\/v2\/pages\/593\/revisions\/2909"}],"wp:attachment":[{"href":"https:\/\/agora.xtec.cat\/ceipmaricel\/wp-json\/wp\/v2\/media?parent=593"}],"curies":[{"name":"wp","href":"https:\/\/api.w.org\/{rel}","templated":true}]}}