{"id":512,"date":"2018-07-09T22:55:23","date_gmt":"2018-07-09T20:55:23","guid":{"rendered":"http:\/\/agora.xtec.cat\/ceipmaricel\/?page_id=512"},"modified":"2022-06-28T14:03:41","modified_gmt":"2022-06-28T12:03:41","slug":"projecte-educatiu-2","status":"publish","type":"page","link":"https:\/\/agora.xtec.cat\/ceipmaricel\/documents-de-centre\/projecte-educatiu-2\/","title":{"rendered":"Projecte Educatiu"},"content":{"rendered":"<p>En proc\u00e9s de revisi\u00f3 i actualitzaci\u00f3.<\/p>\n<p><strong><a href=\"https:\/\/agora.xtec.cat\/ceipmaricel\/wp-content\/uploads\/usu1871\/2022\/06\/PEC.pdf\">PEC Escola Mar i Cel (CLIQUEU L&#8217;ENLLA\u00c7)<\/a><\/strong><\/p>\n","protected":false},"excerpt":{"rendered":"<p>En proc\u00e9s de revisi\u00f3 i actualitzaci\u00f3.<br \/>\n<a href=\"https:\/\/agora.xtec.cat\/ceipmaricel\/wp-content\/uploads\/usu1871\/2022\/06\/PEC.pdf\">PEC Escola Mar i Cel (CLIQUEU L&#8217;ENLLA\u00c7)<\/a><\/p>\n","protected":false},"author":1,"featured_media":0,"parent":516,"menu_order":0,"comment_status":"closed","ping_status":"closed","template":"page-templates\/side-menu.php","meta":{"_bbp_topic_count":0,"_bbp_reply_count":0,"_bbp_total_topic_count":0,"_bbp_total_reply_count":0,"_bbp_voice_count":0,"_bbp_anonymous_reply_count":0,"_bbp_topic_count_hidden":0,"_bbp_reply_count_hidden":0,"_bbp_forum_subforum_count":0,"footnotes":""},"class_list":["post-512","page","type-page","status-publish","hentry"],"post_mailing_queue_ids":[],"_links":{"self":[{"href":"https:\/\/agora.xtec.cat\/ceipmaricel\/wp-json\/wp\/v2\/pages\/512","targetHints":{"allow":["GET"]}}],"collection":[{"href":"https:\/\/agora.xtec.cat\/ceipmaricel\/wp-json\/wp\/v2\/pages"}],"about":[{"href":"https:\/\/agora.xtec.cat\/ceipmaricel\/wp-json\/wp\/v2\/types\/page"}],"author":[{"embeddable":true,"href":"https:\/\/agora.xtec.cat\/ceipmaricel\/wp-json\/wp\/v2\/users\/1"}],"replies":[{"embeddable":true,"href":"https:\/\/agora.xtec.cat\/ceipmaricel\/wp-json\/wp\/v2\/comments?post=512"}],"version-history":[{"count":3,"href":"https:\/\/agora.xtec.cat\/ceipmaricel\/wp-json\/wp\/v2\/pages\/512\/revisions"}],"predecessor-version":[{"id":2225,"href":"https:\/\/agora.xtec.cat\/ceipmaricel\/wp-json\/wp\/v2\/pages\/512\/revisions\/2225"}],"up":[{"embeddable":true,"href":"https:\/\/agora.xtec.cat\/ceipmaricel\/wp-json\/wp\/v2\/pages\/516"}],"wp:attachment":[{"href":"https:\/\/agora.xtec.cat\/ceipmaricel\/wp-json\/wp\/v2\/media?parent=512"}],"curies":[{"name":"wp","href":"https:\/\/api.w.org\/{rel}","templated":true}]}}