{"id":509,"date":"2018-07-09T22:55:23","date_gmt":"2018-07-09T20:55:23","guid":{"rendered":"http:\/\/agora.xtec.cat\/ceipmaricel\/?page_id=509"},"modified":"2019-09-17T14:41:39","modified_gmt":"2019-09-17T12:41:39","slug":"administracio","status":"publish","type":"page","link":"https:\/\/agora.xtec.cat\/ceipmaricel\/administracio\/","title":{"rendered":"Administraci\u00f3"},"content":{"rendered":"<p><strong>CLIQUEU ELS ENLLA\u00c7OS QUE SIGUIN DEL VOSTRE INTER\u00c8S<\/strong><\/p>\n<hr \/>\n<p>&nbsp;<\/p>\n<table>\n<tbody>\n<tr>\n<td style=\"text-align: center;\"><strong>AUTORITZACI\u00d3:<\/strong><\/p>\n<p><strong>SORTIDES LOCALS,<\/strong><\/p>\n<p><strong>DRETS D&#8217;IMATGE,<\/strong><\/p>\n<p><strong>PARACETAMOL.<\/strong><\/td>\n<td><a href=\"https:\/\/agora.xtec.cat\/ceipmaricel\/wp-content\/uploads\/usu1871\/2019\/09\/Autoritzacions-en-1-sol-document.pdf\">Autoritzacions en 1 sol document<\/a><\/td>\n<\/tr>\n<tr>\n<td style=\"text-align: center;\"><strong>AUTORITZACI\u00d3<\/strong><\/p>\n<p><strong>RECOLLIDA INFANTS<\/strong><\/td>\n<td><a href=\"https:\/\/drive.google.com\/open?id=17MNiAlh3KSoRFIAt0GkWdDHVoGuGv4kF\">https:\/\/drive.google.com\/open?id=17MNiAlh3KSoRFIAt0GkWdDHVoGuGv4kF<\/a><\/td>\n<\/tr>\n<tr>\n<td style=\"text-align: center;\"><strong>AUTORITZACI\u00d3 MARXAR<\/strong><\/p>\n<p><strong>SOLS A PARTIR DE 3r<\/strong><\/td>\n<td>&nbsp;<\/p>\n<p><a href=\"https:\/\/drive.google.com\/open?id=1n78hh5QYKbnvJlalhNYbFR_7Qr2AnWtA\">https:\/\/drive.google.com\/open?id=1n78hh5QYKbnvJlalhNYbFR_7Qr2AnWtA<\/a><\/td>\n<\/tr>\n<\/tbody>\n<\/table>\n","protected":false},"excerpt":{"rendered":"<p>CLIQUEU ELS ENLLA\u00c7OS QUE SIGUIN DEL VOSTRE INTER\u00c8S<\/p>\n<p>&nbsp;<\/p>\n<p>AUTORITZACI\u00d3:<br \/>\nSORTIDES LOCALS,<br \/>\nDRETS D&#8217;IMATGE,<br \/>\nPARACETAMOL.<br \/>\n<a href=\"https:\/\/agora.xtec.cat\/ceipmaricel\/wp-content\/uploads\/usu1871\/2019\/09\/Autoritzacions-en-1-sol-document.pdf\">Autoritzacions en 1 sol document<\/a><\/p>\n<p>AUTORITZACI\u00d3<br \/>\nRECOLLIDA INFANTS<br \/>\n<a href=\"https:\/\/drive.google.com\/open?id=17MNiAlh3KSoRFIAt0GkWdDHVoGuGv4kF\">https:\/\/drive.google.com\/open?id=17MNiAlh3KSoRFIAt0GkWdDHVoGuGv4kF<\/a><\/p>\n<p>AUTORITZACI\u00d3 MARXAR<br \/>\nSOLS A PARTIR DE 3r<br \/>\n&nbsp;<br \/>\n<a href=\"https:\/\/drive.google.com\/open?id=1n78hh5QYKbnvJlalhNYbFR_7Qr2AnWtA\">https:\/\/drive.google.com\/open?id=1n78hh5QYKbnvJlalhNYbFR_7Qr2AnWtA<\/a><\/p>\n","protected":false},"author":1,"featured_media":0,"parent":0,"menu_order":0,"comment_status":"closed","ping_status":"closed","template":"","meta":{"_bbp_topic_count":0,"_bbp_reply_count":0,"_bbp_total_topic_count":0,"_bbp_total_reply_count":0,"_bbp_voice_count":0,"_bbp_anonymous_reply_count":0,"_bbp_topic_count_hidden":0,"_bbp_reply_count_hidden":0,"_bbp_forum_subforum_count":0,"footnotes":""},"class_list":["post-509","page","type-page","status-publish","hentry"],"post_mailing_queue_ids":[],"_links":{"self":[{"href":"https:\/\/agora.xtec.cat\/ceipmaricel\/wp-json\/wp\/v2\/pages\/509","targetHints":{"allow":["GET"]}}],"collection":[{"href":"https:\/\/agora.xtec.cat\/ceipmaricel\/wp-json\/wp\/v2\/pages"}],"about":[{"href":"https:\/\/agora.xtec.cat\/ceipmaricel\/wp-json\/wp\/v2\/types\/page"}],"author":[{"embeddable":true,"href":"https:\/\/agora.xtec.cat\/ceipmaricel\/wp-json\/wp\/v2\/users\/1"}],"replies":[{"embeddable":true,"href":"https:\/\/agora.xtec.cat\/ceipmaricel\/wp-json\/wp\/v2\/comments?post=509"}],"version-history":[{"count":3,"href":"https:\/\/agora.xtec.cat\/ceipmaricel\/wp-json\/wp\/v2\/pages\/509\/revisions"}],"predecessor-version":[{"id":1393,"href":"https:\/\/agora.xtec.cat\/ceipmaricel\/wp-json\/wp\/v2\/pages\/509\/revisions\/1393"}],"wp:attachment":[{"href":"https:\/\/agora.xtec.cat\/ceipmaricel\/wp-json\/wp\/v2\/media?parent=509"}],"curies":[{"name":"wp","href":"https:\/\/api.w.org\/{rel}","templated":true}]}}