{"id":36,"date":"2014-09-18T12:33:11","date_gmt":"2014-09-18T11:33:11","guid":{"rendered":"http:\/\/agora.xtec.cat\/ceipmaricel\/?page_id=36"},"modified":"2025-07-12T08:09:28","modified_gmt":"2025-07-12T06:09:28","slug":"material-escolar","status":"publish","type":"page","link":"https:\/\/agora.xtec.cat\/ceipmaricel\/lescola\/material-escolar\/","title":{"rendered":"Quotes, material i llibres 25-26"},"content":{"rendered":"<p>&nbsp;<\/p>\n<table style=\"border-color: #0b1eb3; background-color: #f5fafa;\">\n<tbody>\n<tr>\n<td colspan=\"2\" width=\"453\">\n<p style=\"text-align: center;\"><strong>QUOTES DE MATERIAL<\/strong><\/p>\n<\/td>\n<\/tr>\n<tr>\n<td width=\"222\"><strong>Educaci\u00f3 Infantil<\/strong><\/p>\n<p><strong>\u00a01r i 2n de Prim\u00e0ria<\/strong><\/td>\n<td width=\"231\">130\u20ac<\/td>\n<\/tr>\n<tr>\n<td width=\"222\"><strong>3r, 4t, 5\u00e8 i 6\u00e8 de Prim\u00e0ria<\/strong><\/td>\n<td width=\"231\">100\u20ac<\/td>\n<\/tr>\n<\/tbody>\n<\/table>\n<p><a href=\"https:\/\/agora.xtec.cat\/ceipmaricel\/wp-content\/uploads\/usu1871\/2025\/07\/Material_d_educacio_infantil_2025-2026-1.pdf\">MATERIAL INFANTIL<\/a><\/p>\n<p><strong><a href=\"https:\/\/agora.xtec.cat\/ceipmaricel\/wp-content\/uploads\/usu1871\/2025\/07\/MATERIAL__1r_i_2n_2025-2026_1-2.pdf\">MATERIAL1r i 2n 2025-2026<\/a> <\/strong><\/p>\n<p><strong><a href=\"https:\/\/agora.xtec.cat\/ceipmaricel\/wp-content\/uploads\/usu1871\/2025\/07\/Material-Comunitat-de-Cel-3r-4t-5e-i-6e-2025-2026-1-1.pdf\">MATERIAL COMUNITAT CEL\u00a0 3r, 4t, 5\u00e8 i 6\u00e8<\/a><\/strong><\/p>\n<p><strong><a href=\"https:\/\/agora.xtec.cat\/ceipmaricel\/wp-content\/uploads\/usu1871\/2025\/07\/Llistat-de-llibres-Primaria-2025-2026-1.pdf\">LLIBRES PRIM\u00c0RIA 2025-2026 <\/a><\/strong><\/p>\n<p>&nbsp;<\/p>\n<p>&nbsp;<\/p>\n<p>&nbsp;<\/p>\n<p>&nbsp;<\/p>\n","protected":false},"excerpt":{"rendered":"<p>&nbsp;<\/p>\n<p>QUOTES DE MATERIAL<\/p>\n<p>Educaci\u00f3 Infantil<br \/>\n\u00a01r i 2n de Prim\u00e0ria<br \/>\n130\u20ac<\/p>\n<p>3r, 4t, 5\u00e8 i 6\u00e8 de Prim\u00e0ria<br \/>\n100\u20ac<\/p>\n<p><a href=\"https:\/\/agora.xtec.cat\/ceipmaricel\/wp-content\/uploads\/usu1871\/2025\/07\/Material_d_educacio_infantil_2025-2026-1.pdf\">MATERIAL INFANTIL<\/a><br \/>\n<a href=\"https:\/\/agora.xtec.cat\/ceipmaricel\/wp-content\/uploads\/usu1871\/2025\/07\/MATERIAL__1r_i_2n_2025-2026_1-2.pdf\">MATERIAL1r i 2n 2025-2026<\/a><br \/>\n<a href=\"https:\/\/agora.xtec.cat\/ceipmaricel\/wp-content\/uploads\/usu1871\/2025\/07\/Material-Comunitat-de-Cel-3r-4t-5e-i-6e-2025-2026-1-1.pdf\">MATERIAL COMUNITAT CEL\u00a0 3r, 4t, 5\u00e8 i 6\u00e8<\/a><br \/>\n<a href=\"https:\/\/agora.xtec.cat\/ceipmaricel\/wp-content\/uploads\/usu1871\/2025\/07\/Llistat-de-llibres-Primaria-2025-2026-1.pdf\">LLIBRES PRIM\u00c0RIA 2025-2026 <\/a><br \/>\n&nbsp;<br \/>\n&nbsp;<br \/>\n&nbsp;<br \/>\n&nbsp;<\/p>\n","protected":false},"author":1,"featured_media":0,"parent":22,"menu_order":70,"comment_status":"closed","ping_status":"closed","template":"page-templates\/side-menu.php","meta":{"_bbp_topic_count":0,"_bbp_reply_count":0,"_bbp_total_topic_count":0,"_bbp_total_reply_count":0,"_bbp_voice_count":0,"_bbp_anonymous_reply_count":0,"_bbp_topic_count_hidden":0,"_bbp_reply_count_hidden":0,"_bbp_forum_subforum_count":0,"footnotes":""},"class_list":["post-36","page","type-page","status-publish","hentry"],"post_mailing_queue_ids":[],"_links":{"self":[{"href":"https:\/\/agora.xtec.cat\/ceipmaricel\/wp-json\/wp\/v2\/pages\/36","targetHints":{"allow":["GET"]}}],"collection":[{"href":"https:\/\/agora.xtec.cat\/ceipmaricel\/wp-json\/wp\/v2\/pages"}],"about":[{"href":"https:\/\/agora.xtec.cat\/ceipmaricel\/wp-json\/wp\/v2\/types\/page"}],"author":[{"embeddable":true,"href":"https:\/\/agora.xtec.cat\/ceipmaricel\/wp-json\/wp\/v2\/users\/1"}],"replies":[{"embeddable":true,"href":"https:\/\/agora.xtec.cat\/ceipmaricel\/wp-json\/wp\/v2\/comments?post=36"}],"version-history":[{"count":7,"href":"https:\/\/agora.xtec.cat\/ceipmaricel\/wp-json\/wp\/v2\/pages\/36\/revisions"}],"predecessor-version":[{"id":2901,"href":"https:\/\/agora.xtec.cat\/ceipmaricel\/wp-json\/wp\/v2\/pages\/36\/revisions\/2901"}],"up":[{"embeddable":true,"href":"https:\/\/agora.xtec.cat\/ceipmaricel\/wp-json\/wp\/v2\/pages\/22"}],"wp:attachment":[{"href":"https:\/\/agora.xtec.cat\/ceipmaricel\/wp-json\/wp\/v2\/media?parent=36"}],"curies":[{"name":"wp","href":"https:\/\/api.w.org\/{rel}","templated":true}]}}