{"id":34,"date":"2014-09-18T12:32:18","date_gmt":"2014-09-18T11:32:18","guid":{"rendered":"http:\/\/agora.xtec.cat\/ceipmaricel\/?page_id=34"},"modified":"2018-07-09T23:23:07","modified_gmt":"2018-07-09T21:23:07","slug":"oferta-educativa","status":"publish","type":"page","link":"https:\/\/agora.xtec.cat\/ceipmaricel\/lescola\/oferta-educativa\/","title":{"rendered":"Oferta educativa"},"content":{"rendered":"<p>Estudis:(de 3 a 12 anys). Segon cicle d\u2019Educaci\u00f3 Infantil i Educaci\u00f3 Prim\u00e0ria.<\/p>\n<p>Horari Escolar:<\/p>\n<ul>\n<li>Educaci\u00f3 Infantil: de 9h a 12:30 h i de 14:30h a 16 h<\/li>\n<li>Educaci\u00f3 Prim\u00e0ria: de 9h a 12:30 h i de 14:30h a 16 h<\/li>\n<\/ul>\n","protected":false},"excerpt":{"rendered":"<p>Estudis:(de 3 a 12 anys). Segon cicle d\u2019Educaci\u00f3 Infantil i Educaci\u00f3 Prim\u00e0ria.<br \/>\nHorari Escolar:<\/p>\n<ul>\n<li>Educaci\u00f3 Infantil: de 9h a 12:30 h i de 14:30h a 16 h<\/li>\n<li>Educaci\u00f3 Prim\u00e0ria: de 9h a 12:30 h i de 14:30h a 16 h<\/li>\n<\/ul>\n","protected":false},"author":1,"featured_media":0,"parent":22,"menu_order":60,"comment_status":"closed","ping_status":"closed","template":"page-templates\/side-menu.php","meta":{"_bbp_topic_count":0,"_bbp_reply_count":0,"_bbp_total_topic_count":0,"_bbp_total_reply_count":0,"_bbp_voice_count":0,"_bbp_anonymous_reply_count":0,"_bbp_topic_count_hidden":0,"_bbp_reply_count_hidden":0,"_bbp_forum_subforum_count":0,"footnotes":""},"class_list":["post-34","page","type-page","status-publish","hentry"],"post_mailing_queue_ids":[],"_links":{"self":[{"href":"https:\/\/agora.xtec.cat\/ceipmaricel\/wp-json\/wp\/v2\/pages\/34","targetHints":{"allow":["GET"]}}],"collection":[{"href":"https:\/\/agora.xtec.cat\/ceipmaricel\/wp-json\/wp\/v2\/pages"}],"about":[{"href":"https:\/\/agora.xtec.cat\/ceipmaricel\/wp-json\/wp\/v2\/types\/page"}],"author":[{"embeddable":true,"href":"https:\/\/agora.xtec.cat\/ceipmaricel\/wp-json\/wp\/v2\/users\/1"}],"replies":[{"embeddable":true,"href":"https:\/\/agora.xtec.cat\/ceipmaricel\/wp-json\/wp\/v2\/comments?post=34"}],"version-history":[{"count":1,"href":"https:\/\/agora.xtec.cat\/ceipmaricel\/wp-json\/wp\/v2\/pages\/34\/revisions"}],"predecessor-version":[{"id":542,"href":"https:\/\/agora.xtec.cat\/ceipmaricel\/wp-json\/wp\/v2\/pages\/34\/revisions\/542"}],"up":[{"embeddable":true,"href":"https:\/\/agora.xtec.cat\/ceipmaricel\/wp-json\/wp\/v2\/pages\/22"}],"wp:attachment":[{"href":"https:\/\/agora.xtec.cat\/ceipmaricel\/wp-json\/wp\/v2\/media?parent=34"}],"curies":[{"name":"wp","href":"https:\/\/api.w.org\/{rel}","templated":true}]}}