{"id":28,"date":"2014-09-18T12:29:35","date_gmt":"2014-09-18T11:29:35","guid":{"rendered":"http:\/\/agora.xtec.cat\/ceipmaricel\/?page_id=28"},"modified":"2025-12-11T20:20:24","modified_gmt":"2025-12-11T19:20:24","slug":"consell-escolar","status":"publish","type":"page","link":"https:\/\/agora.xtec.cat\/ceipmaricel\/lescola\/consell-escolar\/","title":{"rendered":"Consell escolar"},"content":{"rendered":"<h4 class=\"FW_ancora\"><\/h4>\n<h4 class=\"FW_ancora\">Qui forma el consell escolar?<\/h4>\n<div class=\"FW_sArticleFoto\">\n<div class=\"FW_sEditPro\">\n<p>El formen els representants de tota la comunitat educativa, \u00e9s a dir, direcci\u00f3, professors, alumnes, fam\u00edlies, personal d&#8217;administraci\u00f3 i serveis, representant de l&#8217;administraci\u00f3 local i altres persones que el mateix consell consideri necess\u00e0ries.<\/p>\n<h4 id=\"FW_bloc_951ef9be-5613-11e4-9770-000c29cdf219_4\" class=\"FW_ancora\">Quina \u00e9s la funci\u00f3 del consell escolar als centres p\u00fablics?<\/h4>\n<div class=\"FW_sArticleFoto\">\n<div class=\"FW_sEditPro\">\n<p>La funci\u00f3 principal del consell escolar \u00e9s participar en la presa de decisions en relaci\u00f3 amb aquells temes importants per al funcionament i l&#8217;organitzaci\u00f3 del centre: el projecte educatiu, la programaci\u00f3 general, la gesti\u00f3 econ\u00f2mica, la resoluci\u00f3 dels conflictes, les activitats extraescolars, l&#8217;horari lectiu, etc.<\/p>\n<h4 id=\"FW_bloc_951ef9be-5613-11e4-9770-000c29cdf219_8\" class=\"FW_ancora\">Per qu\u00e8 \u00e9s important que les fam\u00edlies participeu en el consell escolar?<\/h4>\n<div class=\"FW_sArticleFoto\">\n<div class=\"FW_sEditPro\">\n<p>Els professionals dels centres i les fam\u00edlies compartim un objectiu:\u00a0l&#8217;\u00e8xit social i personal dels fills. Les decisions que es prenen al consell escolar s\u00f3n claus\u00a0per al funcionament i la millora del centre i, per tant, tamb\u00e9 per a l&#8217;\u00e8xit educatiu de tots els alumnes. \u00c9s per aquest motiu que la participaci\u00f3 i implicaci\u00f3 dels pares en les eleccions al consell escolar \u00e9s tan important.<\/p>\n<p>Quan les fam\u00edlies participeu en les eleccions, doneu suport al vostre candidat i delegueu en la seva veu i representaci\u00f3. Aix\u00ed feu arribar les seves opinions i aportacions. \u00c9s important que participeu en les eleccions al consell escolar perqu\u00e8:<\/p>\n<ul>\n<li>Sou els responsables de la formaci\u00f3 dels vostres fills i \u00e9s important tenir uns bons representants al consell escolar que us informin i facin arribar la vostra veu.<\/li>\n<li>Les fam\u00edlies i els docents compartim un mateix objectiu. Per aix\u00f2 hem de ser capa\u00e7os de decidir, entre tots, a qu\u00e8 ens comprometem per aconseguir-ho.<\/li>\n<li>Les fam\u00edlies teniu el dret de participar de manera democr\u00e0tica en l\u2019organitzaci\u00f3 del centre. Aquesta \u00e9s una manera de valorar l&#8217;escola i tamb\u00e9 contribu\u00efu que el vostre fill la valori.<\/li>\n<li>L&#8217;\u00e8xit educatiu del vostre fill tamb\u00e9 dep\u00e8n del funcionament i el clima de centre. Implicar-vos en el seguiment i l&#8217;avaluaci\u00f3 d&#8217;aquest funcionament incideix en el desenvolupament i creixement personal dels vostres fills.<\/li>\n<li>\u00c9s la manera de fer arribar la vostra veu en temes que us poden preocupar, com activitats extraescolars o quina \u00e9s l&#8217;alimentaci\u00f3 que han de rebre en el menjador escolar.<\/li>\n<li>\u00c9s important tenir una escola oberta a l&#8217;entorn, que col\u00b7labori amb els altres centres i les diferents entitats i que entre tots pugueu fer del vostre municipi, barri o poble un entorn m\u00e9s educatiu i cohesionat. El consell escolar decideix quines han de ser aquestes relacions.<\/li>\n<\/ul>\n<\/div>\n<\/div>\n<\/div>\n<\/div>\n<\/div>\n<\/div>\n<table>\n<tbody>\n<tr>\n<td colspan=\"2\" width=\"489\">CONSELL ESCOLAR<\/td>\n<\/tr>\n<tr>\n<td width=\"178\">Presidenta<\/td>\n<td width=\"311\">Noelia Garcia Izquierdo<\/td>\n<\/tr>\n<tr>\n<td width=\"178\">Cap d\u2019Estudis<\/td>\n<td width=\"311\">Melissa Ib\u00e1\u00f1ez Da Silva<\/td>\n<\/tr>\n<tr>\n<td width=\"178\">Representants Equip docent<\/td>\n<td width=\"311\">Sara Carrero D\u00edez<\/p>\n<p>Blanca Puig \u00c0vila<\/p>\n<p>Olivia Molina Carbonell<\/td>\n<\/tr>\n<tr>\n<td width=\"178\">Representants Fam\u00edlies<\/td>\n<td width=\"311\">\n<p style=\"font-family: 'Helvetica Neue', Helvetica, Helvetica, Arial, sans-serif; font-size: 14px;\">Salvador C\u00e0rceles Fontdevila<\/p>\n<p>Marta Cuadrado Garc\u00eda<\/p>\n<p>Jordi Miret Gom\u00e0<\/td>\n<\/tr>\n<tr>\n<td width=\"178\">Representant\u00a0 AFA<\/td>\n<td width=\"311\">Noa Aguilar Esquivel<\/td>\n<\/tr>\n<tr>\n<td width=\"178\">Representant PAS<\/td>\n<td width=\"311\">Isabel Molina Calixto<\/td>\n<\/tr>\n<tr>\n<td>Representant PAE<\/td>\n<td>Cora Panisello Quir\u00f3s<\/td>\n<\/tr>\n<tr>\n<td width=\"178\">Representant Ajuntament<\/td>\n<td width=\"311\">Renata Bed\u00f3s Stout<\/td>\n<\/tr>\n<tr>\n<td width=\"178\">Secret\u00e0ria<\/td>\n<td width=\"311\">Ver\u00f3nica Paredes Cuesta de los R\u00edos<\/td>\n<\/tr>\n<\/tbody>\n<\/table>\n<p style=\"text-align: left;\"><strong>CONSELL ECOLAR<\/strong><\/p>\n<p>Acords del Consell Escolar celebrat l&#8217;11 de Desembre de 2025:<\/p>\n<ul>\n<li>Constituci\u00f3 del nou Consell Escolar.<\/li>\n<li>Adscripci\u00f3 dels membres a les diferents Comissions (econ\u00f2mica, conviv\u00e8ncia, permanent)<\/li>\n<li>Tots els membres del Consell Escolar expressen el seu suport al comunicat que el centre far\u00e0 arribar a les fam\u00edlies.<\/li>\n<li>S&#8217;han decidit noves actuacions del Consell Escolar per oferir tot el seu suport al centre.<\/li>\n<\/ul>\n<p>Acords del Consell Escolar celebrat el 9 d&#8217;Octubre de 2025:<\/p>\n<ul>\n<li>Aprovaci\u00f3 de les sortides i activitats del Curs 2025-2026.<\/li>\n<\/ul>\n","protected":false},"excerpt":{"rendered":"<p>Qui forma el consell escolar?<\/p>\n<p>El formen els representants de tota la comunitat educativa, \u00e9s a dir, direcci\u00f3, professors, alumnes, fam\u00edlies, personal d&#8217;administraci\u00f3 i serveis, representant de l&#8217;administraci\u00f3 local i altres persones que el mateix consell consideri necess\u00e0ries.<br \/>\nQuina \u00e9s la funci\u00f3 del consell escolar als centres&hellip;  <a href=\"https:\/\/agora.xtec.cat\/ceipmaricel\/lescola\/consell-escolar\/\" title=\"Read Consell escolar\">Llegeix m\u00e9s\u00bb<\/a><\/p>\n","protected":false},"author":1,"featured_media":0,"parent":22,"menu_order":30,"comment_status":"closed","ping_status":"closed","template":"page-templates\/side-menu.php","meta":{"_bbp_topic_count":0,"_bbp_reply_count":0,"_bbp_total_topic_count":0,"_bbp_total_reply_count":0,"_bbp_voice_count":0,"_bbp_anonymous_reply_count":0,"_bbp_topic_count_hidden":0,"_bbp_reply_count_hidden":0,"_bbp_forum_subforum_count":0,"footnotes":""},"class_list":["post-28","page","type-page","status-publish","hentry"],"post_mailing_queue_ids":[],"_links":{"self":[{"href":"https:\/\/agora.xtec.cat\/ceipmaricel\/wp-json\/wp\/v2\/pages\/28","targetHints":{"allow":["GET"]}}],"collection":[{"href":"https:\/\/agora.xtec.cat\/ceipmaricel\/wp-json\/wp\/v2\/pages"}],"about":[{"href":"https:\/\/agora.xtec.cat\/ceipmaricel\/wp-json\/wp\/v2\/types\/page"}],"author":[{"embeddable":true,"href":"https:\/\/agora.xtec.cat\/ceipmaricel\/wp-json\/wp\/v2\/users\/1"}],"replies":[{"embeddable":true,"href":"https:\/\/agora.xtec.cat\/ceipmaricel\/wp-json\/wp\/v2\/comments?post=28"}],"version-history":[{"count":7,"href":"https:\/\/agora.xtec.cat\/ceipmaricel\/wp-json\/wp\/v2\/pages\/28\/revisions"}],"predecessor-version":[{"id":2942,"href":"https:\/\/agora.xtec.cat\/ceipmaricel\/wp-json\/wp\/v2\/pages\/28\/revisions\/2942"}],"up":[{"embeddable":true,"href":"https:\/\/agora.xtec.cat\/ceipmaricel\/wp-json\/wp\/v2\/pages\/22"}],"wp:attachment":[{"href":"https:\/\/agora.xtec.cat\/ceipmaricel\/wp-json\/wp\/v2\/media?parent=28"}],"curies":[{"name":"wp","href":"https:\/\/api.w.org\/{rel}","templated":true}]}}