{"id":2096,"date":"2022-03-18T20:57:24","date_gmt":"2022-03-18T19:57:24","guid":{"rendered":"https:\/\/agora.xtec.cat\/ceipmaricel\/?page_id=2096"},"modified":"2024-01-27T17:37:34","modified_gmt":"2024-01-27T16:37:34","slug":"concursos","status":"publish","type":"page","link":"https:\/\/agora.xtec.cat\/ceipmaricel\/biblioteca-escola-mar-i-cel\/concursos\/","title":{"rendered":"Concursos"},"content":{"rendered":"<p><a href=\"https:\/\/www.lecturaenveualta.cat\/certamen-de-lectura-en-veu-alta-escolar\/\"><img loading=\"lazy\" decoding=\"async\" class=\"alignnone\" src=\"https:\/\/www.lecturaenveualta.cat\/wp-content\/uploads\/veu-alta-educacio-gencat.png\" alt=\"\" width=\"904\" height=\"156\" \/><\/a><\/p>\n<p>Enguany participar\u00e0 al certamen de lectura en veu alta l&#8217;alumnat de 4t, 5\u00e8 i 6\u00e8.<\/p>\n<p>&nbsp;<\/p>\n<p><a href=\"https:\/\/www.radiocubelles.cat\/ca\/premis-victor-alari.htm\"><img loading=\"lazy\" decoding=\"async\" class=\"alignnone\" src=\"https:\/\/radiolocal.cat\/IMAGES_10\/cartell-26-concurs-victor-alari-2022-co%CC%80pia.png\" alt=\"El Concurs V\u00edctor Alari 2022 arriba a la seva 26a edici\u00f3 - FMCLC\" width=\"278\" height=\"387\" \/><\/a><\/p>\n","protected":false},"excerpt":{"rendered":"<p><a href=\"https:\/\/www.lecturaenveualta.cat\/certamen-de-lectura-en-veu-alta-escolar\/\"><\/a><br \/>\nEnguany participar\u00e0 al certamen de lectura en veu alta l&#8217;alumnat de 4t, 5\u00e8 i 6\u00e8.<br \/>\n&nbsp;<br \/>\n<a href=\"https:\/\/www.radiocubelles.cat\/ca\/premis-victor-alari.htm\"><\/a><\/p>\n","protected":false},"author":4,"featured_media":0,"parent":2006,"menu_order":0,"comment_status":"closed","ping_status":"closed","template":"","meta":{"_bbp_topic_count":0,"_bbp_reply_count":0,"_bbp_total_topic_count":0,"_bbp_total_reply_count":0,"_bbp_voice_count":0,"_bbp_anonymous_reply_count":0,"_bbp_topic_count_hidden":0,"_bbp_reply_count_hidden":0,"_bbp_forum_subforum_count":0,"footnotes":""},"class_list":["post-2096","page","type-page","status-publish","hentry"],"post_mailing_queue_ids":[],"_links":{"self":[{"href":"https:\/\/agora.xtec.cat\/ceipmaricel\/wp-json\/wp\/v2\/pages\/2096","targetHints":{"allow":["GET"]}}],"collection":[{"href":"https:\/\/agora.xtec.cat\/ceipmaricel\/wp-json\/wp\/v2\/pages"}],"about":[{"href":"https:\/\/agora.xtec.cat\/ceipmaricel\/wp-json\/wp\/v2\/types\/page"}],"author":[{"embeddable":true,"href":"https:\/\/agora.xtec.cat\/ceipmaricel\/wp-json\/wp\/v2\/users\/4"}],"replies":[{"embeddable":true,"href":"https:\/\/agora.xtec.cat\/ceipmaricel\/wp-json\/wp\/v2\/comments?post=2096"}],"version-history":[{"count":6,"href":"https:\/\/agora.xtec.cat\/ceipmaricel\/wp-json\/wp\/v2\/pages\/2096\/revisions"}],"predecessor-version":[{"id":2570,"href":"https:\/\/agora.xtec.cat\/ceipmaricel\/wp-json\/wp\/v2\/pages\/2096\/revisions\/2570"}],"up":[{"embeddable":true,"href":"https:\/\/agora.xtec.cat\/ceipmaricel\/wp-json\/wp\/v2\/pages\/2006"}],"wp:attachment":[{"href":"https:\/\/agora.xtec.cat\/ceipmaricel\/wp-json\/wp\/v2\/media?parent=2096"}],"curies":[{"name":"wp","href":"https:\/\/api.w.org\/{rel}","templated":true}]}}