{"id":1425,"date":"2019-10-10T23:51:01","date_gmt":"2019-10-10T21:51:01","guid":{"rendered":"http:\/\/agora.xtec.cat\/ceipmaricel\/?page_id=1425"},"modified":"2020-03-28T20:37:54","modified_gmt":"2020-03-28T19:37:54","slug":"projecte-linguisitic","status":"publish","type":"page","link":"https:\/\/agora.xtec.cat\/ceipmaricel\/documents-de-centre\/projecte-linguisitic\/","title":{"rendered":"Projecte ling\u00fc\u00edsitic"},"content":{"rendered":"<p><a href=\"https:\/\/agora.xtec.cat\/ceipmaricel\/wp-content\/uploads\/usu1871\/2019\/10\/Projecte-Ling\u00fc\u00edstic-de-Centre.pdf\">Projecte Ling\u00fc\u00edstic de Centre (CLIQUEU L&#8217;ENLLA\u00c7)<\/a><\/p>\n","protected":false},"excerpt":{"rendered":"<p><a href=\"https:\/\/agora.xtec.cat\/ceipmaricel\/wp-content\/uploads\/usu1871\/2019\/10\/Projecte-Ling\u00fc\u00edstic-de-Centre.pdf\">Projecte Ling\u00fc\u00edstic de Centre (CLIQUEU L&#8217;ENLLA\u00c7)<\/a><\/p>\n","protected":false},"author":4,"featured_media":0,"parent":516,"menu_order":0,"comment_status":"closed","ping_status":"closed","template":"","meta":{"_bbp_topic_count":0,"_bbp_reply_count":0,"_bbp_total_topic_count":0,"_bbp_total_reply_count":0,"_bbp_voice_count":0,"_bbp_anonymous_reply_count":0,"_bbp_topic_count_hidden":0,"_bbp_reply_count_hidden":0,"_bbp_forum_subforum_count":0,"footnotes":""},"class_list":["post-1425","page","type-page","status-publish","hentry"],"post_mailing_queue_ids":[],"_links":{"self":[{"href":"https:\/\/agora.xtec.cat\/ceipmaricel\/wp-json\/wp\/v2\/pages\/1425","targetHints":{"allow":["GET"]}}],"collection":[{"href":"https:\/\/agora.xtec.cat\/ceipmaricel\/wp-json\/wp\/v2\/pages"}],"about":[{"href":"https:\/\/agora.xtec.cat\/ceipmaricel\/wp-json\/wp\/v2\/types\/page"}],"author":[{"embeddable":true,"href":"https:\/\/agora.xtec.cat\/ceipmaricel\/wp-json\/wp\/v2\/users\/4"}],"replies":[{"embeddable":true,"href":"https:\/\/agora.xtec.cat\/ceipmaricel\/wp-json\/wp\/v2\/comments?post=1425"}],"version-history":[{"count":2,"href":"https:\/\/agora.xtec.cat\/ceipmaricel\/wp-json\/wp\/v2\/pages\/1425\/revisions"}],"predecessor-version":[{"id":1430,"href":"https:\/\/agora.xtec.cat\/ceipmaricel\/wp-json\/wp\/v2\/pages\/1425\/revisions\/1430"}],"up":[{"embeddable":true,"href":"https:\/\/agora.xtec.cat\/ceipmaricel\/wp-json\/wp\/v2\/pages\/516"}],"wp:attachment":[{"href":"https:\/\/agora.xtec.cat\/ceipmaricel\/wp-json\/wp\/v2\/media?parent=1425"}],"curies":[{"name":"wp","href":"https:\/\/api.w.org\/{rel}","templated":true}]}}