{"id":1084,"date":"2018-11-14T19:57:03","date_gmt":"2018-11-14T18:57:03","guid":{"rendered":"http:\/\/agora.xtec.cat\/ceipmaricel\/?page_id=1084"},"modified":"2022-07-16T14:36:56","modified_gmt":"2022-07-16T12:36:56","slug":"pagaments","status":"publish","type":"page","link":"https:\/\/agora.xtec.cat\/ceipmaricel\/pagaments\/","title":{"rendered":"Pagaments"},"content":{"rendered":"<p><span style=\"-webkit-font-kerning: none; font-family: helvetica, arial, sans-serif; font-size: 12pt;\">Benvolgudes fam\u00edlies,<\/span><\/p>\n<p><span style=\"-webkit-font-kerning: none; font-family: helvetica, arial, sans-serif; font-size: 12pt;\">L&#8217;<strong>Escola Mar i Cel<\/strong>, us proporciona a partir d&#8217;ara un sistema \u00e0gil i senzill per realitzar els pagaments del centre de manera segura, amb la vostra targeta de cr\u00e8dit, d\u00e8bit, prepagament o Bizum de qualsevol entitat financera nacional.<\/span><\/p>\n<p><span style=\"-webkit-font-kerning: none; font-family: helvetica, arial, sans-serif; font-size: 12pt;\"><strong>Amb l&#8217;APP de TPVEscola<\/strong>\u00a0per a m\u00f2bils i tauletes o per la web\u00a0<a href=\"http:\/\/www.tpvescola.com\">www.tpvescola.com<\/a>\u00a0podreu tamb\u00e9\u00a0<strong>signar autoritzacions\u00a0<\/strong>i\u00a0<strong>rebre comunicats<\/strong>\u00a0del centre,\u00a0<strong>controlar i gestionar els pagaments\u00a0<\/strong>pendents i els que heu realitzat.<\/span><\/p>\n<p style=\"text-align: left;\"><span style=\"font-family: helvetica, arial, sans-serif; font-size: 12pt;\"><strong>En\u00a0<span style=\"color: #236fa1;\"><a style=\"color: #236fa1;\" href=\"https:\/\/tpvescola.com\/webiframe\/Aterratge.html\" target=\"_blank\" rel=\"noopener\">aquest enlla\u00e7<\/a><\/span>\u00a0hi trobareu m\u00e9s informaci\u00f3 i un v\u00eddeo que us pot ajudar en aquest proc\u00e9s.\u00a0<\/strong><\/span><\/p>\n<p><span style=\"font-size: 12pt; font-family: helvetica, arial, sans-serif;\"><span style=\"color: #ff0000;\"><u><strong>NOTA IMPORTANT<\/strong><\/u>:<\/span>\u00a0Les\u00a0<span style=\"font-weight: bold;\">comunicacions<\/span>\u00a0del centre educatiu es rebran per\u00a0<span style=\"font-weight: bold;\">correu electr\u00f2nic i com av\u00eds a l\u2019app<\/span>\u00a0de TPVEscola. Per tant, \u00e9s important que reviseu si al vostre m\u00f2bil teniu\u00a0<span style=\"font-weight: bold;\">activades les\u00a0notificacions<\/span>\u00a0per l\u2019aplicaci\u00f3 TPVEscola a Configuraci\u00f3 o Ajustaments del m\u00f2bil.<\/span><\/p>\n<p><a href=\"https:\/\/tpvescola.com\/webiframe\/Aterratge.html\" target=\"_blank\" rel=\"noopener\"><img decoding=\"async\" src=\"https:\/\/images.tpvescola.com?getfile=T%2BmlFajNDHgtHnKPHMDnos%2F0SymLf5SrYJMD2xqUwRw%3D\" \/><\/a><\/p>\n<p><span style=\"font-size: 12pt; font-weight: bold; color: #236fa1; font-family: helvetica, arial, sans-serif;\">INSTRUCCIONS<\/span><\/p>\n<ul>\n<li style=\"line-height: 1.5;\"><span style=\"font-size: 12pt; font-family: helvetica, arial, sans-serif;\">Descarregueu l\u2019<strong>APP de TPVEscola<\/strong>\u00a0al Google Play (Android) o App Store (iPhone).<\/span><\/li>\n<li style=\"line-height: 1.5;\"><span style=\"font-size: 12pt; font-family: helvetica, arial, sans-serif;\">Trieu\u00a0<span style=\"font-weight: bold;\">poblaci\u00f3<\/span>\u00a0i\u00a0<span style=\"font-weight: bold;\">centre educatiu<\/span><em>.<\/em><\/span><\/li>\n<li style=\"line-height: 1.5;\"><span style=\"font-size: 12pt; font-family: helvetica, arial, sans-serif;\">Incorporeu\u00a0<span style=\"font-weight: bold;\">usuari i contrasenya\u00a0<\/span>de l\u2019alumne\/a que\u00a0trobareu al final de la comunicaci\u00f3.<\/span><\/li>\n<li style=\"line-height: 1.5;\"><span style=\"font-size: 12pt; font-family: helvetica, arial, sans-serif;\"><strong>Si teniu m\u00e9s d\u2019un\/a fill\/a al centre<\/strong>, un cop introdu\u00eft el primer usuari, aneu a\u00a0<span style=\"text-decoration: underline;\"><em>Usuaris\u00a0<\/em>&gt;\u00a0<em>Nou Usuari<\/em>\u00a0<\/span>i incorporeu les dades. Un cop fet, podeu canviar d\u2019usuari a\u00a0<span style=\"text-decoration: underline;\"><em>Usuaris<\/em>.<\/span><\/span><\/li>\n<li style=\"line-height: 1.5;\"><span style=\"font-size: 12pt; font-family: helvetica, arial, sans-serif;\"><strong>Verifiqueu\/actualitzeu<\/strong>\u00a0els vostres correus electr\u00f2nic a l&#8217;apartat\u00a0<em><span style=\"text-decoration: underline;\">El meu Compte &gt; Email<\/span><\/em><\/span><\/li>\n<li style=\"line-height: 1.5;\"><span style=\"font-size: 12pt; font-family: helvetica, arial, sans-serif;\">Aneu a\u00a0<em><span style=\"text-decoration: underline;\">El Meu Compte<\/span><\/em>\u00a0i\u00a0<strong>registreu una signatura per autoritzacions<\/strong>, per a cada fill que estigui a l&#8217;escola.<\/span><\/li>\n<\/ul>\n<p><em style=\"font-family: helvetica, arial, sans-serif; font-size: 16px;\">Si voleu accedir tamb\u00e9 per la web, trieu municipi i centre a:\u00a0<a href=\"http:\/\/www.tpvescola.com\" target=\"_blank\" rel=\"noopener\">www.tpvescola.com<\/a><\/em><\/p>\n<p><span style=\"font-family: helvetica, arial, sans-serif; font-size: 12pt;\">Ben atentament,<\/span><\/p>\n<p><span style=\"font-weight: bold; font-size: 12pt; font-family: helvetica, arial, sans-serif;\">Equip Directiu del centre<\/span><\/p>\n","protected":false},"excerpt":{"rendered":"<p>Benvolgudes fam\u00edlies,<br \/>\nL&#8217;Escola Mar i Cel, us proporciona a partir d&#8217;ara un sistema \u00e0gil i senzill per realitzar els pagaments del centre de manera segura, amb la vostra targeta de cr\u00e8dit, d\u00e8bit, prepagament o Bizum de qualsevol entitat financera nacional.<br \/>\nAmb l&#8217;APP de TPVEscola\u00a0per a m\u00f2bils i&hellip;  <a href=\"https:\/\/agora.xtec.cat\/ceipmaricel\/pagaments\/\" title=\"Read Pagaments\">Llegeix m\u00e9s\u00bb<\/a><\/p>\n","protected":false},"author":4,"featured_media":0,"parent":0,"menu_order":0,"comment_status":"closed","ping_status":"closed","template":"","meta":{"_bbp_topic_count":0,"_bbp_reply_count":0,"_bbp_total_topic_count":0,"_bbp_total_reply_count":0,"_bbp_voice_count":0,"_bbp_anonymous_reply_count":0,"_bbp_topic_count_hidden":0,"_bbp_reply_count_hidden":0,"_bbp_forum_subforum_count":0,"footnotes":""},"class_list":["post-1084","page","type-page","status-publish","hentry"],"post_mailing_queue_ids":[],"_links":{"self":[{"href":"https:\/\/agora.xtec.cat\/ceipmaricel\/wp-json\/wp\/v2\/pages\/1084","targetHints":{"allow":["GET"]}}],"collection":[{"href":"https:\/\/agora.xtec.cat\/ceipmaricel\/wp-json\/wp\/v2\/pages"}],"about":[{"href":"https:\/\/agora.xtec.cat\/ceipmaricel\/wp-json\/wp\/v2\/types\/page"}],"author":[{"embeddable":true,"href":"https:\/\/agora.xtec.cat\/ceipmaricel\/wp-json\/wp\/v2\/users\/4"}],"replies":[{"embeddable":true,"href":"https:\/\/agora.xtec.cat\/ceipmaricel\/wp-json\/wp\/v2\/comments?post=1084"}],"version-history":[{"count":3,"href":"https:\/\/agora.xtec.cat\/ceipmaricel\/wp-json\/wp\/v2\/pages\/1084\/revisions"}],"predecessor-version":[{"id":2254,"href":"https:\/\/agora.xtec.cat\/ceipmaricel\/wp-json\/wp\/v2\/pages\/1084\/revisions\/2254"}],"wp:attachment":[{"href":"https:\/\/agora.xtec.cat\/ceipmaricel\/wp-json\/wp\/v2\/media?parent=1084"}],"curies":[{"name":"wp","href":"https:\/\/api.w.org\/{rel}","templated":true}]}}