{"id":600,"date":"2016-02-27T16:44:01","date_gmt":"2016-02-27T15:44:01","guid":{"rendered":"http:\/\/agora.xtec.cat\/ceipmarianao\/?page_id=600"},"modified":"2026-02-25T15:22:32","modified_gmt":"2026-02-25T14:22:32","slug":"tecnologies-per-a-laprenentatge-i-el-coneixement","status":"publish","type":"page","link":"https:\/\/agora.xtec.cat\/ceipmarianao\/projecte-educatiu-i\/projectes-descola\/tecnologies-per-a-laprenentatge-i-el-coneixement\/","title":{"rendered":"Cultura Digital"},"content":{"rendered":"<p><a href=\"https:\/\/agora.xtec.cat\/ceipmarianao\/wp-content\/uploads\/usu17\/2023\/02\/IMG_20230112_120812-scaled.jpg\"><img loading=\"lazy\" decoding=\"async\" class=\"alignnone wp-image-4503\" src=\"https:\/\/agora.xtec.cat\/ceipmarianao\/wp-content\/uploads\/usu17\/2023\/02\/IMG_20230112_120812-1024x768.jpg\" alt=\"\" width=\"320\" height=\"240\" srcset=\"https:\/\/agora.xtec.cat\/ceipmarianao\/wp-content\/uploads\/usu17\/2023\/02\/IMG_20230112_120812-1024x768.jpg 1024w, https:\/\/agora.xtec.cat\/ceipmarianao\/wp-content\/uploads\/usu17\/2023\/02\/IMG_20230112_120812-300x225.jpg 300w, https:\/\/agora.xtec.cat\/ceipmarianao\/wp-content\/uploads\/usu17\/2023\/02\/IMG_20230112_120812-768x576.jpg 768w, https:\/\/agora.xtec.cat\/ceipmarianao\/wp-content\/uploads\/usu17\/2023\/02\/IMG_20230112_120812-1536x1152.jpg 1536w, https:\/\/agora.xtec.cat\/ceipmarianao\/wp-content\/uploads\/usu17\/2023\/02\/IMG_20230112_120812-2048x1536.jpg 2048w, https:\/\/agora.xtec.cat\/ceipmarianao\/wp-content\/uploads\/usu17\/2023\/02\/IMG_20230112_120812-200x150.jpg 200w\" sizes=\"auto, (max-width: 320px) 100vw, 320px\" \/>\u00a0 \u00a0 \u00a0 \u00a0 \u00a0 \u00a0\u00a0 <\/a><a href=\"https:\/\/agora.xtec.cat\/ceipmarianao\/wp-content\/uploads\/usu17\/2023\/02\/20220209_120230.jpg\"><img loading=\"lazy\" decoding=\"async\" class=\"alignnone wp-image-4504\" src=\"https:\/\/agora.xtec.cat\/ceipmarianao\/wp-content\/uploads\/usu17\/2023\/02\/20220209_120230.jpg\" alt=\"\" width=\"320\" height=\"240\" srcset=\"https:\/\/agora.xtec.cat\/ceipmarianao\/wp-content\/uploads\/usu17\/2023\/02\/20220209_120230.jpg 628w, https:\/\/agora.xtec.cat\/ceipmarianao\/wp-content\/uploads\/usu17\/2023\/02\/20220209_120230-300x225.jpg 300w, https:\/\/agora.xtec.cat\/ceipmarianao\/wp-content\/uploads\/usu17\/2023\/02\/20220209_120230-200x150.jpg 200w\" sizes=\"auto, (max-width: 320px) 100vw, 320px\" \/>\u00a0\u00a0\u00a0\u00a0\u00a0\u00a0\u00a0<\/a><\/p>\n<p><a href=\"https:\/\/agora.xtec.cat\/ceipmarianao\/wp-content\/uploads\/usu17\/2023\/02\/1.jpg\"><img loading=\"lazy\" decoding=\"async\" class=\"alignnone wp-image-4506\" src=\"https:\/\/agora.xtec.cat\/ceipmarianao\/wp-content\/uploads\/usu17\/2023\/02\/1.jpg\" alt=\"\" width=\"320\" height=\"240\" srcset=\"https:\/\/agora.xtec.cat\/ceipmarianao\/wp-content\/uploads\/usu17\/2023\/02\/1.jpg 632w, https:\/\/agora.xtec.cat\/ceipmarianao\/wp-content\/uploads\/usu17\/2023\/02\/1-300x225.jpg 300w, https:\/\/agora.xtec.cat\/ceipmarianao\/wp-content\/uploads\/usu17\/2023\/02\/1-200x150.jpg 200w\" sizes=\"auto, (max-width: 320px) 100vw, 320px\" \/>\u00a0\u00a0<\/a><a href=\"https:\/\/agora.xtec.cat\/ceipmarianao\/wp-content\/uploads\/usu17\/2023\/02\/20220127_120109.jpg\"> \u00a0 \u00a0\u00a0 \u00a0 \u00a0\u00a0 <\/a><a href=\"https:\/\/agora.xtec.cat\/ceipmarianao\/wp-content\/uploads\/usu17\/2023\/02\/20220127_120109.jpg\"><img loading=\"lazy\" decoding=\"async\" class=\"alignnone wp-image-4505\" src=\"https:\/\/agora.xtec.cat\/ceipmarianao\/wp-content\/uploads\/usu17\/2023\/02\/20220127_120109.jpg\" alt=\"\" width=\"320\" height=\"240\" srcset=\"https:\/\/agora.xtec.cat\/ceipmarianao\/wp-content\/uploads\/usu17\/2023\/02\/20220127_120109.jpg 624w, https:\/\/agora.xtec.cat\/ceipmarianao\/wp-content\/uploads\/usu17\/2023\/02\/20220127_120109-300x225.jpg 300w, https:\/\/agora.xtec.cat\/ceipmarianao\/wp-content\/uploads\/usu17\/2023\/02\/20220127_120109-200x150.jpg 200w\" sizes=\"auto, (max-width: 320px) 100vw, 320px\" \/><\/a><\/p>\n<p style=\"text-align: justify;\"><span style=\"font-family: inherit; font-size: 1em; text-align: justify;\">L\u2019escola, en la seva l\u00ednia innovadora, contempla el treball de les TAC (Tecnologies per a l&#8217;Aprenentatge i el Coneixement) a totes les aules. T\u00e9 integrats tots els recursos audiovisuals i inform\u00e0tics necessaris per a treballar des de les diferents \u00e0rees, en concordan\u00e7a amb la digitalitzaci\u00f3 de la nostra societat: aula d\u2019inform\u00e0tica per a Educaci\u00f3 Prim\u00e0ria, aula d\u2019inform\u00e0tica per a Educaci\u00f3 Infantil, aula d&#8217;audiovisuals, carro d\u2019ordinadors port\u00e0tils, Chromebooks i tauletes, pissarres digitals i\/o panells interactius a totes les aules des d\u2019I3 fins a 6\u00e8 i a totes les aules d\u2019especialitat, aula de ci\u00e8ncies amb ordinadors i retroprojector, dos ordinadors a dins de cada aula&#8230;<\/span><\/p>\n<p>&nbsp;<\/p>\n","protected":false},"excerpt":{"rendered":"<p><a href=\"https:\/\/agora.xtec.cat\/ceipmarianao\/wp-content\/uploads\/usu17\/2023\/02\/IMG_20230112_120812-scaled.jpg\">\u00a0 \u00a0 \u00a0 \u00a0 \u00a0 \u00a0\u00a0 <\/a><a href=\"https:\/\/agora.xtec.cat\/ceipmarianao\/wp-content\/uploads\/usu17\/2023\/02\/20220209_120230.jpg\">\u00a0\u00a0\u00a0\u00a0\u00a0\u00a0\u00a0<\/a><br \/>\n<a href=\"https:\/\/agora.xtec.cat\/ceipmarianao\/wp-content\/uploads\/usu17\/2023\/02\/1.jpg\">\u00a0\u00a0<\/a><a href=\"https:\/\/agora.xtec.cat\/ceipmarianao\/wp-content\/uploads\/usu17\/2023\/02\/20220127_120109.jpg\"> \u00a0 \u00a0\u00a0 \u00a0 \u00a0\u00a0 <\/a><a href=\"https:\/\/agora.xtec.cat\/ceipmarianao\/wp-content\/uploads\/usu17\/2023\/02\/20220127_120109.jpg\"><\/a><br \/>\nL\u2019escola, en la seva l\u00ednia innovadora, contempla el treball de les TAC (Tecnologies per a l&#8217;Aprenentatge i el Coneixement) a totes les aules. T\u00e9 integrats tots els recursos audiovisuals&hellip;  <a href=\"https:\/\/agora.xtec.cat\/ceipmarianao\/projecte-educatiu-i\/projectes-descola\/tecnologies-per-a-laprenentatge-i-el-coneixement\/\" title=\"Read Cultura Digital\">Llegeix m\u00e9s\u00bb<\/a><\/p>\n","protected":false},"author":4,"featured_media":0,"parent":289,"menu_order":0,"comment_status":"closed","ping_status":"closed","template":"page-templates\/side-menu.php","meta":{"_bbp_topic_count":0,"_bbp_reply_count":0,"_bbp_total_topic_count":0,"_bbp_total_reply_count":0,"_bbp_voice_count":0,"_bbp_anonymous_reply_count":0,"_bbp_topic_count_hidden":0,"_bbp_reply_count_hidden":0,"_bbp_forum_subforum_count":0,"footnotes":""},"class_list":["post-600","page","type-page","status-publish","hentry"],"post_mailing_queue_ids":[],"_links":{"self":[{"href":"https:\/\/agora.xtec.cat\/ceipmarianao\/wp-json\/wp\/v2\/pages\/600","targetHints":{"allow":["GET"]}}],"collection":[{"href":"https:\/\/agora.xtec.cat\/ceipmarianao\/wp-json\/wp\/v2\/pages"}],"about":[{"href":"https:\/\/agora.xtec.cat\/ceipmarianao\/wp-json\/wp\/v2\/types\/page"}],"author":[{"embeddable":true,"href":"https:\/\/agora.xtec.cat\/ceipmarianao\/wp-json\/wp\/v2\/users\/4"}],"replies":[{"embeddable":true,"href":"https:\/\/agora.xtec.cat\/ceipmarianao\/wp-json\/wp\/v2\/comments?post=600"}],"version-history":[{"count":5,"href":"https:\/\/agora.xtec.cat\/ceipmarianao\/wp-json\/wp\/v2\/pages\/600\/revisions"}],"predecessor-version":[{"id":5648,"href":"https:\/\/agora.xtec.cat\/ceipmarianao\/wp-json\/wp\/v2\/pages\/600\/revisions\/5648"}],"up":[{"embeddable":true,"href":"https:\/\/agora.xtec.cat\/ceipmarianao\/wp-json\/wp\/v2\/pages\/289"}],"wp:attachment":[{"href":"https:\/\/agora.xtec.cat\/ceipmarianao\/wp-json\/wp\/v2\/media?parent=600"}],"curies":[{"name":"wp","href":"https:\/\/api.w.org\/{rel}","templated":true}]}}