{"id":585,"date":"2016-02-27T16:34:49","date_gmt":"2016-02-27T15:34:49","guid":{"rendered":"http:\/\/agora.xtec.cat\/ceipmarianao\/?page_id=585"},"modified":"2025-11-05T10:02:47","modified_gmt":"2025-11-05T09:02:47","slug":"espais-matematics","status":"publish","type":"page","link":"https:\/\/agora.xtec.cat\/ceipmarianao\/projecte-educatiu-i\/projectes-descola\/espais-matematics\/","title":{"rendered":"Espais"},"content":{"rendered":"<p style=\"text-align: justify;\">Tenim un edifici destinat exclusivament a treballar les capacitats d\u2019Educaci\u00f3 Infantil a trav\u00e9s de cinc espais diferents:<\/p>\n<ul>\n<li style=\"text-align: justify;\">Consulta m\u00e8dica<\/li>\n<li style=\"text-align: justify;\">Jard\u00ed<\/li>\n<li style=\"text-align: justify;\">Cuina<\/li>\n<li style=\"text-align: justify;\">Mercat<\/li>\n<li style=\"text-align: justify;\">Casa<\/li>\n<\/ul>\n<p style=\"text-align: justify;\">Els infants aprenen quan els continguts els s\u00f3n significatius i gaudeixen realment amb el que fan. Nom\u00e9s entenent el per qu\u00e8 ho fan o per a qu\u00e8 els servir\u00e0 i com ho podran aplicar li troben sentit a l\u2019aprenentatge.<\/p>\n<p style=\"text-align: center;\"><a href=\"https:\/\/agora.xtec.cat\/ceipmarianao\/wp-content\/uploads\/usu17\/2025\/11\/1738940657346-scaled.jpg\"><img loading=\"lazy\" decoding=\"async\" class=\"alignnone wp-image-5534\" src=\"https:\/\/agora.xtec.cat\/ceipmarianao\/wp-content\/uploads\/usu17\/2025\/11\/1738940657346-1024x576.jpg\" alt=\"\" width=\"188\" height=\"106\" srcset=\"https:\/\/agora.xtec.cat\/ceipmarianao\/wp-content\/uploads\/usu17\/2025\/11\/1738940657346-1024x576.jpg 1024w, https:\/\/agora.xtec.cat\/ceipmarianao\/wp-content\/uploads\/usu17\/2025\/11\/1738940657346-300x169.jpg 300w, https:\/\/agora.xtec.cat\/ceipmarianao\/wp-content\/uploads\/usu17\/2025\/11\/1738940657346-768x432.jpg 768w, https:\/\/agora.xtec.cat\/ceipmarianao\/wp-content\/uploads\/usu17\/2025\/11\/1738940657346-1536x864.jpg 1536w, https:\/\/agora.xtec.cat\/ceipmarianao\/wp-content\/uploads\/usu17\/2025\/11\/1738940657346-2048x1152.jpg 2048w\" sizes=\"auto, (max-width: 188px) 100vw, 188px\" \/><\/a> <a href=\"https:\/\/agora.xtec.cat\/ceipmarianao\/wp-content\/uploads\/usu17\/2025\/11\/1738940657373-scaled.jpg\"><img loading=\"lazy\" decoding=\"async\" class=\"alignnone wp-image-5535\" src=\"https:\/\/agora.xtec.cat\/ceipmarianao\/wp-content\/uploads\/usu17\/2025\/11\/1738940657373-1024x576.jpg\" alt=\"\" width=\"188\" height=\"106\" srcset=\"https:\/\/agora.xtec.cat\/ceipmarianao\/wp-content\/uploads\/usu17\/2025\/11\/1738940657373-1024x576.jpg 1024w, https:\/\/agora.xtec.cat\/ceipmarianao\/wp-content\/uploads\/usu17\/2025\/11\/1738940657373-300x169.jpg 300w, https:\/\/agora.xtec.cat\/ceipmarianao\/wp-content\/uploads\/usu17\/2025\/11\/1738940657373-768x432.jpg 768w, https:\/\/agora.xtec.cat\/ceipmarianao\/wp-content\/uploads\/usu17\/2025\/11\/1738940657373-1536x864.jpg 1536w, https:\/\/agora.xtec.cat\/ceipmarianao\/wp-content\/uploads\/usu17\/2025\/11\/1738940657373-2048x1152.jpg 2048w\" sizes=\"auto, (max-width: 188px) 100vw, 188px\" \/><\/a> <a href=\"https:\/\/agora.xtec.cat\/ceipmarianao\/wp-content\/uploads\/usu17\/2025\/11\/1738940677561-scaled.jpg\"><img loading=\"lazy\" decoding=\"async\" class=\"alignnone wp-image-5536\" src=\"https:\/\/agora.xtec.cat\/ceipmarianao\/wp-content\/uploads\/usu17\/2025\/11\/1738940677561-1024x576.jpg\" alt=\"\" width=\"187\" height=\"105\" srcset=\"https:\/\/agora.xtec.cat\/ceipmarianao\/wp-content\/uploads\/usu17\/2025\/11\/1738940677561-1024x576.jpg 1024w, https:\/\/agora.xtec.cat\/ceipmarianao\/wp-content\/uploads\/usu17\/2025\/11\/1738940677561-300x169.jpg 300w, https:\/\/agora.xtec.cat\/ceipmarianao\/wp-content\/uploads\/usu17\/2025\/11\/1738940677561-768x432.jpg 768w, https:\/\/agora.xtec.cat\/ceipmarianao\/wp-content\/uploads\/usu17\/2025\/11\/1738940677561-1536x864.jpg 1536w, https:\/\/agora.xtec.cat\/ceipmarianao\/wp-content\/uploads\/usu17\/2025\/11\/1738940677561-2048x1152.jpg 2048w\" sizes=\"auto, (max-width: 187px) 100vw, 187px\" \/><\/a> <a href=\"http:\/\/agora.xtec.cat\/ceipmarianao\/wp-content\/uploads\/usu17\/2016\/02\/DSCN9939.jpg\">\u00a0<\/a><a href=\"http:\/\/agora.xtec.cat\/ceipmarianao\/wp-content\/uploads\/usu17\/2016\/02\/Jard\u00ed.jpg\"><img loading=\"lazy\" decoding=\"async\" class=\"alignnone wp-image-1703\" src=\"http:\/\/agora.xtec.cat\/ceipmarianao\/wp-content\/uploads\/usu17\/2016\/02\/Jard\u00ed-1024x768.jpg\" alt=\"\" width=\"141\" height=\"106\" srcset=\"https:\/\/agora.xtec.cat\/ceipmarianao\/wp-content\/uploads\/usu17\/2016\/02\/Jard\u00ed-1024x768.jpg 1024w, https:\/\/agora.xtec.cat\/ceipmarianao\/wp-content\/uploads\/usu17\/2016\/02\/Jard\u00ed-300x225.jpg 300w, https:\/\/agora.xtec.cat\/ceipmarianao\/wp-content\/uploads\/usu17\/2016\/02\/Jard\u00ed-768x576.jpg 768w, https:\/\/agora.xtec.cat\/ceipmarianao\/wp-content\/uploads\/usu17\/2016\/02\/Jard\u00ed-200x150.jpg 200w\" sizes=\"auto, (max-width: 141px) 100vw, 141px\" \/>\u00a0\u00a0<\/a><a href=\"http:\/\/agora.xtec.cat\/ceipmarianao\/wp-content\/uploads\/usu17\/2016\/10\/Cuina.jpg\"><img loading=\"lazy\" decoding=\"async\" class=\"alignnone wp-image-1240\" src=\"http:\/\/agora.xtec.cat\/ceipmarianao\/wp-content\/uploads\/usu17\/2016\/10\/Cuina.jpg\" alt=\"\" width=\"187\" height=\"105\" \/><\/a> <a href=\"http:\/\/agora.xtec.cat\/ceipmarianao\/wp-content\/uploads\/usu17\/2016\/10\/Mercat.jpg\">\u00a0<\/a><\/p>\n<p style=\"text-align: center;\"><a href=\"https:\/\/agora.xtec.cat\/ceipmarianao\/wp-content\/uploads\/usu17\/2023\/02\/IMG_20230119_095422-scaled.jpg\"><img loading=\"lazy\" decoding=\"async\" class=\"alignnone wp-image-4494\" src=\"https:\/\/agora.xtec.cat\/ceipmarianao\/wp-content\/uploads\/usu17\/2023\/02\/IMG_20230119_095422-1024x768.jpg\" alt=\"\" width=\"229\" height=\"172\" srcset=\"https:\/\/agora.xtec.cat\/ceipmarianao\/wp-content\/uploads\/usu17\/2023\/02\/IMG_20230119_095422-1024x768.jpg 1024w, https:\/\/agora.xtec.cat\/ceipmarianao\/wp-content\/uploads\/usu17\/2023\/02\/IMG_20230119_095422-300x225.jpg 300w, https:\/\/agora.xtec.cat\/ceipmarianao\/wp-content\/uploads\/usu17\/2023\/02\/IMG_20230119_095422-768x576.jpg 768w, https:\/\/agora.xtec.cat\/ceipmarianao\/wp-content\/uploads\/usu17\/2023\/02\/IMG_20230119_095422-1536x1152.jpg 1536w, https:\/\/agora.xtec.cat\/ceipmarianao\/wp-content\/uploads\/usu17\/2023\/02\/IMG_20230119_095422-2048x1536.jpg 2048w, https:\/\/agora.xtec.cat\/ceipmarianao\/wp-content\/uploads\/usu17\/2023\/02\/IMG_20230119_095422-200x150.jpg 200w\" sizes=\"auto, (max-width: 229px) 100vw, 229px\" \/>\u00a0 <\/a><a href=\"https:\/\/agora.xtec.cat\/ceipmarianao\/wp-content\/uploads\/usu17\/2023\/02\/IMG20221104100146_BURST000_COVER-scaled.jpg\"><img loading=\"lazy\" decoding=\"async\" class=\"alignnone wp-image-4497\" src=\"https:\/\/agora.xtec.cat\/ceipmarianao\/wp-content\/uploads\/usu17\/2023\/02\/IMG20221104100146_BURST000_COVER-1024x768.jpg\" alt=\"\" width=\"230\" height=\"173\" srcset=\"https:\/\/agora.xtec.cat\/ceipmarianao\/wp-content\/uploads\/usu17\/2023\/02\/IMG20221104100146_BURST000_COVER-1024x768.jpg 1024w, https:\/\/agora.xtec.cat\/ceipmarianao\/wp-content\/uploads\/usu17\/2023\/02\/IMG20221104100146_BURST000_COVER-300x225.jpg 300w, https:\/\/agora.xtec.cat\/ceipmarianao\/wp-content\/uploads\/usu17\/2023\/02\/IMG20221104100146_BURST000_COVER-768x576.jpg 768w, https:\/\/agora.xtec.cat\/ceipmarianao\/wp-content\/uploads\/usu17\/2023\/02\/IMG20221104100146_BURST000_COVER-1536x1152.jpg 1536w, https:\/\/agora.xtec.cat\/ceipmarianao\/wp-content\/uploads\/usu17\/2023\/02\/IMG20221104100146_BURST000_COVER-2048x1536.jpg 2048w, https:\/\/agora.xtec.cat\/ceipmarianao\/wp-content\/uploads\/usu17\/2023\/02\/IMG20221104100146_BURST000_COVER-200x150.jpg 200w\" sizes=\"auto, (max-width: 230px) 100vw, 230px\" \/>\u00a0 <\/a><a href=\"https:\/\/agora.xtec.cat\/ceipmarianao\/wp-content\/uploads\/usu17\/2023\/02\/27-gener-23-mandala.jpg\"><img loading=\"lazy\" decoding=\"async\" class=\"alignnone wp-image-4498\" src=\"https:\/\/agora.xtec.cat\/ceipmarianao\/wp-content\/uploads\/usu17\/2023\/02\/27-gener-23-mandala.jpg\" alt=\"\" width=\"228\" height=\"171\" srcset=\"https:\/\/agora.xtec.cat\/ceipmarianao\/wp-content\/uploads\/usu17\/2023\/02\/27-gener-23-mandala.jpg 624w, https:\/\/agora.xtec.cat\/ceipmarianao\/wp-content\/uploads\/usu17\/2023\/02\/27-gener-23-mandala-300x225.jpg 300w, https:\/\/agora.xtec.cat\/ceipmarianao\/wp-content\/uploads\/usu17\/2023\/02\/27-gener-23-mandala-200x150.jpg 200w\" sizes=\"auto, (max-width: 228px) 100vw, 228px\" \/>\u00a0 <\/a><a href=\"https:\/\/agora.xtec.cat\/ceipmarianao\/wp-content\/uploads\/usu17\/2023\/02\/IMG20221118093949-scaled.jpg\"><img loading=\"lazy\" decoding=\"async\" class=\"alignnone wp-image-4499\" src=\"https:\/\/agora.xtec.cat\/ceipmarianao\/wp-content\/uploads\/usu17\/2023\/02\/IMG20221118093949-768x1024.jpg\" alt=\"\" width=\"128\" height=\"171\" srcset=\"https:\/\/agora.xtec.cat\/ceipmarianao\/wp-content\/uploads\/usu17\/2023\/02\/IMG20221118093949-768x1024.jpg 768w, https:\/\/agora.xtec.cat\/ceipmarianao\/wp-content\/uploads\/usu17\/2023\/02\/IMG20221118093949-225x300.jpg 225w, https:\/\/agora.xtec.cat\/ceipmarianao\/wp-content\/uploads\/usu17\/2023\/02\/IMG20221118093949-1152x1536.jpg 1152w, https:\/\/agora.xtec.cat\/ceipmarianao\/wp-content\/uploads\/usu17\/2023\/02\/IMG20221118093949-1536x2048.jpg 1536w, https:\/\/agora.xtec.cat\/ceipmarianao\/wp-content\/uploads\/usu17\/2023\/02\/IMG20221118093949-scaled.jpg 1920w\" sizes=\"auto, (max-width: 128px) 100vw, 128px\" \/>\u00a0<\/a><\/p>\n<p><a href=\"https:\/\/agora.xtec.cat\/ceipmarianao\/wp-content\/uploads\/usu17\/2023\/02\/20221125_094607-1.jpg\"><img loading=\"lazy\" decoding=\"async\" class=\"alignnone wp-image-4500 aligncenter\" src=\"https:\/\/agora.xtec.cat\/ceipmarianao\/wp-content\/uploads\/usu17\/2023\/02\/20221125_094607-1.jpg\" alt=\"\" width=\"224\" height=\"168\" srcset=\"https:\/\/agora.xtec.cat\/ceipmarianao\/wp-content\/uploads\/usu17\/2023\/02\/20221125_094607-1.jpg 624w, https:\/\/agora.xtec.cat\/ceipmarianao\/wp-content\/uploads\/usu17\/2023\/02\/20221125_094607-1-300x225.jpg 300w, https:\/\/agora.xtec.cat\/ceipmarianao\/wp-content\/uploads\/usu17\/2023\/02\/20221125_094607-1-200x150.jpg 200w\" sizes=\"auto, (max-width: 224px) 100vw, 224px\" \/><\/a><\/p>\n","protected":false},"excerpt":{"rendered":"<p>Tenim un edifici destinat exclusivament a treballar les capacitats d\u2019Educaci\u00f3 Infantil a trav\u00e9s de cinc espais diferents:<\/p>\n<ul>\n<li style=\"text-align: justify;\">Consulta m\u00e8dica<\/li>\n<li style=\"text-align: justify;\">Jard\u00ed<\/li>\n<li style=\"text-align: justify;\">Cuina<\/li>\n<li style=\"text-align: justify;\">Mercat<\/li>\n<li style=\"text-align: justify;\">Casa<\/li>\n<\/ul>\n<p>Els infants aprenen quan els continguts els s\u00f3n significatius i gaudeixen realment amb el que fan. Nom\u00e9s entenent&hellip;  <a href=\"https:\/\/agora.xtec.cat\/ceipmarianao\/projecte-educatiu-i\/projectes-descola\/espais-matematics\/\" title=\"Read Espais\">Llegeix m\u00e9s\u00bb<\/a><\/p>\n","protected":false},"author":4,"featured_media":0,"parent":289,"menu_order":0,"comment_status":"closed","ping_status":"closed","template":"page-templates\/side-menu.php","meta":{"_bbp_topic_count":0,"_bbp_reply_count":0,"_bbp_total_topic_count":0,"_bbp_total_reply_count":0,"_bbp_voice_count":0,"_bbp_anonymous_reply_count":0,"_bbp_topic_count_hidden":0,"_bbp_reply_count_hidden":0,"_bbp_forum_subforum_count":0,"footnotes":""},"class_list":["post-585","page","type-page","status-publish","hentry"],"post_mailing_queue_ids":[],"_links":{"self":[{"href":"https:\/\/agora.xtec.cat\/ceipmarianao\/wp-json\/wp\/v2\/pages\/585","targetHints":{"allow":["GET"]}}],"collection":[{"href":"https:\/\/agora.xtec.cat\/ceipmarianao\/wp-json\/wp\/v2\/pages"}],"about":[{"href":"https:\/\/agora.xtec.cat\/ceipmarianao\/wp-json\/wp\/v2\/types\/page"}],"author":[{"embeddable":true,"href":"https:\/\/agora.xtec.cat\/ceipmarianao\/wp-json\/wp\/v2\/users\/4"}],"replies":[{"embeddable":true,"href":"https:\/\/agora.xtec.cat\/ceipmarianao\/wp-json\/wp\/v2\/comments?post=585"}],"version-history":[{"count":8,"href":"https:\/\/agora.xtec.cat\/ceipmarianao\/wp-json\/wp\/v2\/pages\/585\/revisions"}],"predecessor-version":[{"id":5541,"href":"https:\/\/agora.xtec.cat\/ceipmarianao\/wp-json\/wp\/v2\/pages\/585\/revisions\/5541"}],"up":[{"embeddable":true,"href":"https:\/\/agora.xtec.cat\/ceipmarianao\/wp-json\/wp\/v2\/pages\/289"}],"wp:attachment":[{"href":"https:\/\/agora.xtec.cat\/ceipmarianao\/wp-json\/wp\/v2\/media?parent=585"}],"curies":[{"name":"wp","href":"https:\/\/api.w.org\/{rel}","templated":true}]}}